{"id":16,"date":"2017-03-30T21:07:07","date_gmt":"2017-03-30T21:07:07","guid":{"rendered":"http:\/\/www.spky.fi\/wopr\/?page_id=16"},"modified":"2026-04-28T17:55:21","modified_gmt":"2026-04-28T17:55:21","slug":"ilmoittautuminen-ja-maksut","status":"publish","type":"page","link":"https:\/\/www.spky.fi\/wopr\/ilmoittautuminen-ja-maksut\/","title":{"rendered":"Ilmoittautuminen ja maksut"},"content":{"rendered":"<h2>LAMMASKILPAILUT<\/h2>\n<h3>Tavalliset kilpailut<\/h3>\n<p>Koira SPKY:n rekisteriss\u00e4 25 e<br \/>\nKoira ei SPKY:n rekisteriss\u00e4 30 e<br \/>\nJos ohjaaja ei ole SPKY:n j\u00e4sen, maksuihin lis\u00e4t\u00e4\u00e4n 10 e<\/p>\n<h3>Maajoukkuekarsintakilpailut<\/h3>\n<p>Koira SPKY:n rekisteriss\u00e4 35 e<br \/>\nKoira ei SPKY:n rekisteriss\u00e4 40 e<br \/>\nJos ohjaaja ei ole SPKY:n j\u00e4sen, maksuihin lis\u00e4t\u00e4\u00e4n 10 e<\/p>\n<h3>SM-kilpailu<\/h3>\n<p>Koira SPKY:n rekisteriss\u00e4 80 e<br \/>\nKoira ei SPKY:n rekisteriss\u00e4 90 e<br \/>\nJos ohjaaja ei ole SPKY:n j\u00e4sen, maksuihin lis\u00e4t\u00e4\u00e4n 30 e<\/p>\n<h3>1- ja 2-luokan mestaruus<\/h3>\n<p>Koira SPKY:n rekisteriss\u00e4 60 e<br \/>\nKoira ei SPKY:n rekisteriss\u00e4 70 e<br \/>\nJos ohjaaja ei ole SPKY:n j\u00e4sen, maksuihin lis\u00e4t\u00e4\u00e4n 10 e<br \/>\n(Jos kilpailussa on vain yksi l\u00e4ht\u00f6, vastaavat maksut ovat 30 e, 35 e ja +10 e)<\/p>\n<h2>NAUTAKILPAILUT<\/h2>\n<h3>Tavalliset kilpailut<\/h3>\n<p>Koira SPKY:n rekisteriss\u00e4 35 e<br \/>\nKoira ei SPKY:n rekisteriss\u00e4 40 e<br \/>\nJos ohjaaja ei ole SPKY:n j\u00e4sen, maksuihin lis\u00e4t\u00e4\u00e4n 10 e<\/p>\n<h3>Nautamestaruus, jossa erillinen finaali<\/h3>\n<p>Koira SPKY:n rekisteriss\u00e4 85 e<br \/>\nKoira ei SPKY:n rekisteriss\u00e4 95 e<br \/>\nJos ohjaaja ei ole SPKY:n j\u00e4sen, maksuihin lis\u00e4t\u00e4\u00e4n 30 e<\/p>\n<p><span data-mce-mark=\"1\"><span style=\"background-color: #ffff99;\"><span style=\"color: #000000;\"><strong>SPKY:n kilpailumaksujen tilinumero on\u00a0<\/strong><\/span><strong><span style=\"color: #000000;\">FI19 5016 0620 0402 70.<\/span><\/strong><\/span><\/span><\/p>\n<h2>Kilpailupaikan varaaminen<\/h2>\n<p>Kilpailupaikka varataan kilpailulle yksil\u00f6idyll\u00e4 linkill\u00e4 ilmoitetulla aikav\u00e4lill\u00e4. Kilpailupaikan varaaminen alkaa klo 21.00.\u00a0<b>Huomioithan<\/b>, ett\u00e4 liian aikaisin l\u00e4hetettyj\u00e4 lomakkeita ei oteta huomioon. Saat paluuviestill\u00e4 kuittauksen l\u00e4hetetyst\u00e4 lomakkeesta, josta voit tarkistaa lomakkeen tarkan l\u00e4hetysajan.<\/p>\n<p>Kilpailupaikan varausajan p\u00e4\u00e4tytty\u00e4, saat n. 1-2 vrk kuluessa s\u00e4hk\u00f6postitse vahvistuksen kilpailuvastaavalta, ett\u00e4 mahduitko mukaan kilpailuun tai varasijalle. Paikat varataan ilmoittautumisj\u00e4rjestyksess\u00e4\u00a0<a href=\"https:\/\/www.spky.fi\/wopr\/hallitus-tiedottaa-kilpailuihin-ilmoittautumisista\/\" target=\"_blank\" rel=\"noopener\">hallituksen tiedotteen (10.6.2025) mukaisesti<\/a>. Kilpailunj\u00e4rjest\u00e4jille ja tuomareille voidaan varata paikkoja max. 2 koiraa\/ohjaaja\/luokka edellytt\u00e4en, ett\u00e4 kilpailupaikka on varattu varausaikana.<\/p>\n<p><a href=\"https:\/\/www.spky.fi\/wopr\/maksut\/\" target=\"_blank\" rel=\"noopener\"><b>Muistakaa maksaa j\u00e4senmaksu<\/b><\/a>\u00a0ennen kilpailuihin ilmoittautumista!<\/p>\n<p>Er\u00e4p\u00e4iv\u00e4n j\u00e4lkeen suoritettu maksu ei oikeuta kilpailupaikkaan, vaan kilpailijan on suoritettava 5 e lis\u00e4maksu j\u00e4lki-ilmoittautuneena, jos kilpailussa on siihen mahdollisuus. Ilmoittautumista ei hyv\u00e4ksyt\u00e4, jos osallistumismaksu on maksettu v\u00e4\u00e4r\u00e4lle tilille tai my\u00f6h\u00e4ss\u00e4.<\/p>\n<p><strong>Kilpailuvastaava:<\/strong> kilpailuvastaava@spky.fi<\/p>\n<p><a href=\"https:\/\/www.spky.fi\/wopr\/lahtolistat-ja-tulokset-2026\/\" target=\"_blank\" rel=\"noopener\"><strong>L\u00e4ht\u00f6listat ja tulokset l\u00f6ytyv\u00e4t t\u00e4\u00e4lt\u00e4.<\/strong><\/a><\/p>\n<h3>1. Kilpailuihin osallistuminen rajatuissa kilpailuissa<\/h3>\n<p>Kun kilpailun osallistujam\u00e4\u00e4r\u00e4\u00e4 on rajattu, voi kukin ohjaaja ilmoittaa enint\u00e4\u00e4n 2 koiraa\/luokka. Mik\u00e4li paikkoja j\u00e4\u00e4, t\u00e4ytet\u00e4\u00e4n kilpailu ohjaajan kolmannella koiralla ilmoittautumisj\u00e4rjestyksen mukaan.<\/p>\n<p>Mik\u00e4li kilpailun koiram\u00e4\u00e4r\u00e4 on rajattu 15 koiraan tai alle, voi ohjaaja ilmoittaa alkuun yhden koiran per kilpailu. Mik\u00e4li paikkoja j\u00e4\u00e4, t\u00e4ytet\u00e4\u00e4n kilpailu ohjaajan toisella koiralla ja mik\u00e4li paikkoja on senkin j\u00e4lkeen vapaana, kolmannella koiralla ilmoittautumisj\u00e4rjestyksen mukaan.<\/p>\n<h3>2. Henkil\u00f6kohtainen varakoira<\/h3>\n<p>Kilpailija voi ilmoittaa omalla p\u00e4\u00e4t\u00f6ksell\u00e4\u00e4n kilpailevansa ilmoitetun koiran sijasta henkil\u00f6kohtaisella varakoiralla. Varakoiran pit\u00e4\u00e4 olla ilmoitettu kilpailuun varakoiraksi ilmoittautumisajan puitteissa.<\/p>\n<p>Koiran vaihto tulee tehd\u00e4 ennen kilpailun alkua ilmoittamalla siit\u00e4 sihteerille tai ratamestarille, viimeist\u00e4\u00e4n tuomarinpuhuttelussa.<\/p>\n<p><span style=\"font-size: revert;\">Kilpailijan on itse varmistettava, ett\u00e4 kilpailusuoritus kirjataan oikealle koiralle.<\/span><\/p>\n<p>Jos varakoiran kilpailumaksu on suurempi kuin kilpailuun ilmoitetun koiran, kilpailijan pit\u00e4\u00e4 maksaa erotus yhdistykselle pankkisiirrolla tai Mobilepaylla ennen kilpailun alkua.<\/p>\n<p>Jos varakoiran kilpailumaksu on pienempi kuin kilpailuun ilmoitetun koiran, maksuerotusta ei palauteta.<\/p>\n<h3>3. Kilpailujen ilmoittamisen aikataulusta<\/h3>\n<p>Kilpailusta tulee tiedottaa mahdollisimman varhaisessa vaiheessa viimeist\u00e4\u00e4n kuitenkin niin, ett\u00e4 ilmoitus on julkaistu yhdistyksen sivuilla nelj\u00e4 p\u00e4iv\u00e4\u00e4 aikaisemmin klo 9:\u00e4\u00e4n menness\u00e4. Sivujen yll\u00e4pit\u00e4j\u00e4ll\u00e4 tulee olla riitt\u00e4v\u00e4sti aikaa julkaista ilmoitus.<\/p>\n<h3><strong>4. Kilpailuihin ilmoittautumisen p\u00e4\u00e4ttyminen<\/strong><\/h3>\n<p>Kilpailukutsussa kerrotaan my\u00f6s viimeinen ilmoittautumisp\u00e4iv\u00e4, joka voi vaihdella kilpailun j\u00e4rjest\u00e4j\u00e4n toiveiden mukaan. Viimeisen ilmoittautumisp\u00e4iv\u00e4n j\u00e4lkeen kilpailun j\u00e4rjest\u00e4j\u00e4 ja tuomari yhdess\u00e4 p\u00e4\u00e4tt\u00e4v\u00e4t, voiko kilpailuun j\u00e4lki-ilmoittautua.<\/p>\n<p>J\u00e4lki-ilmoittautumisesta perit\u00e4\u00e4n normaalin kisamaksun lis\u00e4ksi viiden euron lis\u00e4maksu, joka menee suoraan j\u00e4rjest\u00e4j\u00e4lle.<\/p>\n<h3><strong>Osallistumisoikeus<\/strong><\/h3>\n<p>Normaaleissa kisoissa saa kilpailla kuka vaan vaikka olisi rajoitettu osallistujam\u00e4\u00e4r\u00e4. 1- ja 2-luokan mestaruuskilpailut k\u00e4sitell\u00e4\u00e4n normaalikilpailuina.<\/p>\n<p>1- ja 2-luokan mestaruuskilpailuissa\u00a0koira voi samana vuonna kisata vain yhdess\u00e4 mestaruusluokassa.<\/p>\n<p>1-luokan mestaruuskilpailu on rajattu alle kolmevuotiaille koirille. Koira ei saa ennen kisap\u00e4iv\u00e4\u00e4 olla t\u00e4ytt\u00e4nyt kolmea vuotta.\u00a0Koira ei saa olla kilpaillut SPKY:n\u00a0II-luokassa tai muissa ylemmiss\u00e4 luokissa. Aiempaa kilpailuvaatimusta ei ole. Koiran syntym\u00e4aika annettava ilmoittautumisen yhteydess\u00e4, erityisesti ei SPKY:n rekisteriss\u00e4 olevat koirat.<\/p>\n<p>2-luokan mestaruuskilpailussa koira ei saa olla kilpaillut III-luokan tai vastaavassa kilpailussa. Koiralla ei ole ik\u00e4rajaa.<\/p>\n<p>Ulkomailla asuva henkil\u00f6 voi osallistua karsintakisoihin mik\u00e4li on tilaa (etusijalla Suomessa asuvat henkil\u00f6t), muttei saa karsintapisteit\u00e4 mist\u00e4\u00e4n kisoista. SM-kisoihin voi osallistua vain Suomessa asuva henkil\u00f6.<\/p>\n<h2>Koirien rokotukset<\/h2>\n<p>Osallistuessaan yhdistyksen tapahtumiin koiran tulee olla rokotettu penikkatautia, parvovirusripulia ja tarttuvaa maksatulehdusta sek\u00e4 raivotautia eli rabiesta vastaan.<\/p>\n<p>Koiran rokotuskortti tai passi t\u00e4ytyy olla mukana ja esitett\u00e4viss\u00e4 pyynn\u00f6st\u00e4 tilaisuuden j\u00e4rjest\u00e4j\u00e4lle. Rokotukset voidaan my\u00f6s varmentaa OmaKoira-j\u00e4rjestelm\u00e4st\u00e4, mik\u00e4li ne on sinne tallennettu.<\/p>\n<p>Kannattaa varmuuden vuoksi ottaa kuvat puhelimeen rokotuskortin merkint\u00f6j\u00e4 sis\u00e4lt\u00e4vist\u00e4 sivuista, mik\u00e4li kortti j\u00e4\u00e4 matkasta tai h\u00e4vi\u00e4\u00e4. Jos kyseess\u00e4 on passi, sen numeron tulee n\u00e4ky\u00e4 kussakin kuvassa. Tavalliseen rokotuskorttiin voi kirjoittaa sivun laitaan koiran nimen ja sirunumeron, jotta kuvan voi yksil\u00f6id\u00e4. My\u00f6s kuvat hyv\u00e4ksyt\u00e4\u00e4n mahdollisissa tarkistuksissa.<\/p>\n<p>Vinkki: kun k\u00e4yt\u00e4t koiran rokotuksissa tai tarkistat koirasi rokotuksien voimassaolon, laita saman tien kalenteriin muistutus paria viikkoa ennen sen vanhaksi menemist\u00e4.<\/p>\n","protected":false},"excerpt":{"rendered":"<p>LAMMASKILPAILUT Tavalliset kilpailut Koira SPKY:n rekisteriss\u00e4 25 e Koira ei SPKY:n rekisteriss\u00e4 30 e Jos ohjaaja ei ole SPKY:n j\u00e4sen, maksuihin lis\u00e4t\u00e4\u00e4n 10 e Maajoukkuekarsintakilpailut Koira SPKY:n rekisteriss\u00e4 35 e Koira ei SPKY:n rekisteriss\u00e4 40 e Jos ohjaaja ei ole SPKY:n j\u00e4sen, maksuihin lis\u00e4t\u00e4\u00e4n 10 e SM-kilpailu Koira SPKY:n rekisteriss\u00e4 80 e Koira ei SPKY:n &hellip; <a href=\"https:\/\/www.spky.fi\/wopr\/ilmoittautuminen-ja-maksut\/\" class=\"more-link\">Jatka lukemista <span class=\"screen-reader-text\">Ilmoittautuminen ja maksut<\/span> <span class=\"meta-nav\">&rarr;<\/span><\/a><\/p>\n","protected":false},"author":1,"featured_media":0,"parent":0,"menu_order":0,"comment_status":"closed","ping_status":"closed","template":"","meta":{"jetpack_post_was_ever_published":false,"footnotes":""},"class_list":["post-16","page","type-page","status-publish","hentry"],"yoast_head":"<!-- This site is optimized with the Yoast SEO plugin v27.5 - https:\/\/yoast.com\/product\/yoast-seo-wordpress\/ -->\n<title>Ilmoittautuminen ja maksut - Suomen Paimenkoirayhdistys ry<\/title>\n<meta name=\"description\" content=\"Ilmoittautuminen Suomen Paimenkoirayhdistyksen kilpailuihin\" \/>\n<meta name=\"robots\" content=\"index, follow, max-snippet:-1, max-image-preview:large, max-video-preview:-1\" \/>\n<link rel=\"canonical\" href=\"https:\/\/www.spky.fi\/wopr\/ilmoittautuminen-ja-maksut\/\" \/>\n<meta property=\"og:locale\" content=\"fi_FI\" \/>\n<meta property=\"og:type\" content=\"article\" \/>\n<meta property=\"og:title\" content=\"Ilmoittautuminen ja maksut - Suomen Paimenkoirayhdistys ry\" \/>\n<meta property=\"og:description\" content=\"Ilmoittautuminen Suomen Paimenkoirayhdistyksen kilpailuihin\" \/>\n<meta property=\"og:url\" content=\"https:\/\/www.spky.fi\/wopr\/ilmoittautuminen-ja-maksut\/\" \/>\n<meta property=\"og:site_name\" content=\"Suomen Paimenkoirayhdistys ry\" \/>\n<meta property=\"article:publisher\" content=\"https:\/\/www.facebook.com\/SuomenPaimenkoirayhdistys\" \/>\n<meta property=\"article:modified_time\" content=\"2026-04-28T17:55:21+00:00\" \/>\n<meta name=\"twitter:card\" content=\"summary_large_image\" \/>\n<meta name=\"twitter:label1\" content=\"Arvioitu lukuaika\" \/>\n\t<meta name=\"twitter:data1\" content=\"5 minuuttia\" \/>\n<script type=\"application\/ld+json\" class=\"yoast-schema-graph\">{\"@context\":\"https:\\\/\\\/schema.org\",\"@graph\":[{\"@type\":\"WebPage\",\"@id\":\"https:\\\/\\\/www.spky.fi\\\/wopr\\\/ilmoittautuminen-ja-maksut\\\/\",\"url\":\"https:\\\/\\\/www.spky.fi\\\/wopr\\\/ilmoittautuminen-ja-maksut\\\/\",\"name\":\"Ilmoittautuminen ja maksut - Suomen Paimenkoirayhdistys ry\",\"isPartOf\":{\"@id\":\"https:\\\/\\\/www.spky.fi\\\/wopr\\\/#website\"},\"datePublished\":\"2017-03-30T21:07:07+00:00\",\"dateModified\":\"2026-04-28T17:55:21+00:00\",\"description\":\"Ilmoittautuminen Suomen Paimenkoirayhdistyksen kilpailuihin\",\"breadcrumb\":{\"@id\":\"https:\\\/\\\/www.spky.fi\\\/wopr\\\/ilmoittautuminen-ja-maksut\\\/#breadcrumb\"},\"inLanguage\":\"fi\",\"potentialAction\":[{\"@type\":\"ReadAction\",\"target\":[\"https:\\\/\\\/www.spky.fi\\\/wopr\\\/ilmoittautuminen-ja-maksut\\\/\"]}]},{\"@type\":\"BreadcrumbList\",\"@id\":\"https:\\\/\\\/www.spky.fi\\\/wopr\\\/ilmoittautuminen-ja-maksut\\\/#breadcrumb\",\"itemListElement\":[{\"@type\":\"ListItem\",\"position\":1,\"name\":\"Etusivu\",\"item\":\"https:\\\/\\\/www.spky.fi\\\/wopr\\\/\"},{\"@type\":\"ListItem\",\"position\":2,\"name\":\"Ilmoittautuminen ja maksut\"}]},{\"@type\":\"WebSite\",\"@id\":\"https:\\\/\\\/www.spky.fi\\\/wopr\\\/#website\",\"url\":\"https:\\\/\\\/www.spky.fi\\\/wopr\\\/\",\"name\":\"Suomen Paimenkoirayhdistys ry\",\"description\":\"Suomen Paimenkoirayhdistys edist&auml;&auml; paimenkoirien ty&ouml;k&auml;ytt&ouml;&auml;. Yhdistys auttaa paimenkoirakurssien, harjoitusten, kilpailujen ja n&auml;yt&ouml;sten j&auml;rjest&auml;misess&auml;.\",\"publisher\":{\"@id\":\"https:\\\/\\\/www.spky.fi\\\/wopr\\\/#organization\"},\"potentialAction\":[{\"@type\":\"SearchAction\",\"target\":{\"@type\":\"EntryPoint\",\"urlTemplate\":\"https:\\\/\\\/www.spky.fi\\\/wopr\\\/?s={search_term_string}\"},\"query-input\":{\"@type\":\"PropertyValueSpecification\",\"valueRequired\":true,\"valueName\":\"search_term_string\"}}],\"inLanguage\":\"fi\"},{\"@type\":\"Organization\",\"@id\":\"https:\\\/\\\/www.spky.fi\\\/wopr\\\/#organization\",\"name\":\"Suomen Paimenkoirayhdistys ry\",\"url\":\"https:\\\/\\\/www.spky.fi\\\/wopr\\\/\",\"logo\":{\"@type\":\"ImageObject\",\"inLanguage\":\"fi\",\"@id\":\"https:\\\/\\\/www.spky.fi\\\/wopr\\\/#\\\/schema\\\/logo\\\/image\\\/\",\"url\":\"https:\\\/\\\/www.spky.fi\\\/wopr\\\/wp-content\\\/uploads\\\/2024\\\/06\\\/SPKY_MUVA_PNG.png\",\"contentUrl\":\"https:\\\/\\\/www.spky.fi\\\/wopr\\\/wp-content\\\/uploads\\\/2024\\\/06\\\/SPKY_MUVA_PNG.png\",\"width\":3201,\"height\":3126,\"caption\":\"Suomen Paimenkoirayhdistys ry\"},\"image\":{\"@id\":\"https:\\\/\\\/www.spky.fi\\\/wopr\\\/#\\\/schema\\\/logo\\\/image\\\/\"},\"sameAs\":[\"https:\\\/\\\/www.facebook.com\\\/SuomenPaimenkoirayhdistys\"]}]}<\/script>\n<!-- \/ Yoast SEO plugin. -->","yoast_head_json":{"title":"Ilmoittautuminen ja maksut - Suomen Paimenkoirayhdistys ry","description":"Ilmoittautuminen Suomen Paimenkoirayhdistyksen kilpailuihin","robots":{"index":"index","follow":"follow","max-snippet":"max-snippet:-1","max-image-preview":"max-image-preview:large","max-video-preview":"max-video-preview:-1"},"canonical":"https:\/\/www.spky.fi\/wopr\/ilmoittautuminen-ja-maksut\/","og_locale":"fi_FI","og_type":"article","og_title":"Ilmoittautuminen ja maksut - Suomen Paimenkoirayhdistys ry","og_description":"Ilmoittautuminen Suomen Paimenkoirayhdistyksen kilpailuihin","og_url":"https:\/\/www.spky.fi\/wopr\/ilmoittautuminen-ja-maksut\/","og_site_name":"Suomen Paimenkoirayhdistys ry","article_publisher":"https:\/\/www.facebook.com\/SuomenPaimenkoirayhdistys","article_modified_time":"2026-04-28T17:55:21+00:00","twitter_card":"summary_large_image","twitter_misc":{"Arvioitu lukuaika":"5 minuuttia"},"schema":{"@context":"https:\/\/schema.org","@graph":[{"@type":"WebPage","@id":"https:\/\/www.spky.fi\/wopr\/ilmoittautuminen-ja-maksut\/","url":"https:\/\/www.spky.fi\/wopr\/ilmoittautuminen-ja-maksut\/","name":"Ilmoittautuminen ja maksut - Suomen Paimenkoirayhdistys ry","isPartOf":{"@id":"https:\/\/www.spky.fi\/wopr\/#website"},"datePublished":"2017-03-30T21:07:07+00:00","dateModified":"2026-04-28T17:55:21+00:00","description":"Ilmoittautuminen Suomen Paimenkoirayhdistyksen kilpailuihin","breadcrumb":{"@id":"https:\/\/www.spky.fi\/wopr\/ilmoittautuminen-ja-maksut\/#breadcrumb"},"inLanguage":"fi","potentialAction":[{"@type":"ReadAction","target":["https:\/\/www.spky.fi\/wopr\/ilmoittautuminen-ja-maksut\/"]}]},{"@type":"BreadcrumbList","@id":"https:\/\/www.spky.fi\/wopr\/ilmoittautuminen-ja-maksut\/#breadcrumb","itemListElement":[{"@type":"ListItem","position":1,"name":"Etusivu","item":"https:\/\/www.spky.fi\/wopr\/"},{"@type":"ListItem","position":2,"name":"Ilmoittautuminen ja maksut"}]},{"@type":"WebSite","@id":"https:\/\/www.spky.fi\/wopr\/#website","url":"https:\/\/www.spky.fi\/wopr\/","name":"Suomen Paimenkoirayhdistys ry","description":"Suomen Paimenkoirayhdistys edist&auml;&auml; paimenkoirien ty&ouml;k&auml;ytt&ouml;&auml;. Yhdistys auttaa paimenkoirakurssien, harjoitusten, kilpailujen ja n&auml;yt&ouml;sten j&auml;rjest&auml;misess&auml;.","publisher":{"@id":"https:\/\/www.spky.fi\/wopr\/#organization"},"potentialAction":[{"@type":"SearchAction","target":{"@type":"EntryPoint","urlTemplate":"https:\/\/www.spky.fi\/wopr\/?s={search_term_string}"},"query-input":{"@type":"PropertyValueSpecification","valueRequired":true,"valueName":"search_term_string"}}],"inLanguage":"fi"},{"@type":"Organization","@id":"https:\/\/www.spky.fi\/wopr\/#organization","name":"Suomen Paimenkoirayhdistys ry","url":"https:\/\/www.spky.fi\/wopr\/","logo":{"@type":"ImageObject","inLanguage":"fi","@id":"https:\/\/www.spky.fi\/wopr\/#\/schema\/logo\/image\/","url":"https:\/\/www.spky.fi\/wopr\/wp-content\/uploads\/2024\/06\/SPKY_MUVA_PNG.png","contentUrl":"https:\/\/www.spky.fi\/wopr\/wp-content\/uploads\/2024\/06\/SPKY_MUVA_PNG.png","width":3201,"height":3126,"caption":"Suomen Paimenkoirayhdistys ry"},"image":{"@id":"https:\/\/www.spky.fi\/wopr\/#\/schema\/logo\/image\/"},"sameAs":["https:\/\/www.facebook.com\/SuomenPaimenkoirayhdistys"]}]}},"jetpack_sharing_enabled":true,"jetpack_shortlink":"https:\/\/wp.me\/PaLGv4-g","_links":{"self":[{"href":"https:\/\/www.spky.fi\/wopr\/wp-json\/wp\/v2\/pages\/16","targetHints":{"allow":["GET"]}}],"collection":[{"href":"https:\/\/www.spky.fi\/wopr\/wp-json\/wp\/v2\/pages"}],"about":[{"href":"https:\/\/www.spky.fi\/wopr\/wp-json\/wp\/v2\/types\/page"}],"author":[{"embeddable":true,"href":"https:\/\/www.spky.fi\/wopr\/wp-json\/wp\/v2\/users\/1"}],"replies":[{"embeddable":true,"href":"https:\/\/www.spky.fi\/wopr\/wp-json\/wp\/v2\/comments?post=16"}],"version-history":[{"count":49,"href":"https:\/\/www.spky.fi\/wopr\/wp-json\/wp\/v2\/pages\/16\/revisions"}],"predecessor-version":[{"id":8695,"href":"https:\/\/www.spky.fi\/wopr\/wp-json\/wp\/v2\/pages\/16\/revisions\/8695"}],"wp:attachment":[{"href":"https:\/\/www.spky.fi\/wopr\/wp-json\/wp\/v2\/media?parent=16"}],"curies":[{"name":"wp","href":"https:\/\/api.w.org\/{rel}","templated":true}]}}