{"id":1624,"date":"2019-10-10T17:49:27","date_gmt":"2019-10-10T17:49:27","guid":{"rendered":"http:\/\/www.spky.fi\/wopr\/?page_id=1624"},"modified":"2023-12-03T16:24:32","modified_gmt":"2023-12-03T16:24:32","slug":"suomen-paimenkoirayhdistys-ryn-saannot","status":"publish","type":"page","link":"https:\/\/www.spky.fi\/wopr\/suomen-paimenkoirayhdistys-ryn-saannot\/","title":{"rendered":"SUOMEN PAIMENKOIRAYHDISTYS ry:n S\u00c4\u00c4NN\u00d6T"},"content":{"rendered":"\n<p>1 \u00a7\u00a0\u00a0<br \/>Yhdistyksen nimi on Suomen Paimenkoirayhdistys ja sen kotipaikka on Porin kaupunki.<\/p>\n<p>2\u00a7 <br \/>Yhdistyksen tarkoitus on edist\u00e4\u00e4 paimentavien ty\u00f6koirien k\u00e4ytt\u00f6\u00e4 sek\u00e4 koiranomistajien ja paimenkoirien koulutusta. Tarkoituksensa toteuttamiseksi yhdistys: 1) Toimii yhdyssiteen\u00e4 paimentavien ty\u00f6koirien omistajien v\u00e4lill\u00e4 2) Pit\u00e4\u00e4 luetteloa maassa olevista paimentavista ty\u00f6koirista 3) Huolehtii jalostusneuvonnasta 4) J\u00e4rjest\u00e4\u00e4 koulutustilaisuuksia koirille ja koiranomistajille 5) J\u00e4rjest\u00e4\u00e4 paimennusn\u00e4yt\u00f6ksi\u00e4 ja kilpailuja 6) Solmii yhteyksi\u00e4 muihin paimenkoirayhdistyksiin <br \/><br \/>3\u00a7 <br \/>J\u00e4seneksi voi p\u00e4\u00e4st\u00e4 jokainen paimenkoiran k\u00e4yt\u00f6st\u00e4 kiinnostunut yksityinen henkil\u00f6 tai oikeuskelpoinen yhteis\u00f6, jonka yhdistyksen hallitus j\u00e4seneksi hyv\u00e4ksyy. J\u00e4senen, joka ei noudata n\u00e4it\u00e4 s\u00e4\u00e4nt\u00f6j\u00e4 tai ilmeisesti toimii yhdistyksen tarkoitusperi\u00e4 vastaan, voi yhdistyksen vuosikokous erottaa. Jos j\u00e4sen itse haluaa erota, tehk\u00f6\u00f6n siit\u00e4 ilmoituksen kirjallisesti yhdistyksen hallitukselle tai puheenjohtajalle tai suullisesti yhdistyksen kokouksen p\u00f6yt\u00e4kirjaan. J\u00e4sensuhde lakkaa sen kalenterivuoden lopussa, jonka aikana eroamisilmoitus tehd\u00e4\u00e4n. <br \/><br \/>4\u00a7 <br \/>J\u00e4sen on velvollinen suorittamaan yhdistykselle vuosittain yhdistyksen vuosikokouksen m\u00e4\u00e4r\u00e4\u00e4m\u00e4n j\u00e4senmaksun tai ainaisj\u00e4senmaksuna kulloinkin voimassa olevan j\u00e4senmaksun 10-kertaisena. J\u00e4senmaksu on suoritettava ennen kalenterivuoden loppua. <br \/><br \/>5\u00a7 <br \/>Yhdistyst\u00e4 edustaa ja sen asioita hoitaa hallitus, johon kuuluu yhdeks\u00e4n j\u00e4sent\u00e4, joista 3 pyrit\u00e4\u00e4n valitsemaan yhdistyksess\u00e4 toimivien kerhojen piirist\u00e4. J\u00e4senten toimiaika on kolme vuotta ja vuosittain on erovuorossa kolme. Yhdistyksen vuosikokous valitsee hallituksen j\u00e4senet. Hallitus valitsee keskuudestaan vuodeksi kerrallaan puheenjohtajan ja varapuheenjohtajan sek\u00e4 ottaa tarvittavat toimihenkil\u00f6t. Hallitus on p\u00e4\u00e4t\u00f6svaltainen puheenjohtajan tai varapuheenjohtajan ja v\u00e4hint\u00e4\u00e4n kahden muun j\u00e4senen l\u00e4sn\u00e4ollessa. P\u00e4\u00e4t\u00f6kset tehd\u00e4\u00e4n yksinkertaisella \u00e4\u00e4ntenenemmist\u00f6ll\u00e4. \u00c4\u00e4nten menness\u00e4 tasan ratkaisee puheenjohtajan \u00e4\u00e4ni. Yhdistyksen nimen kirjoittaa puheenjohtaja, varapuheenjohtaja tai sihteeri, joista kaksi yhdess\u00e4. <br \/><br \/>6\u00a7 <br \/>Yhdistyksen tilit p\u00e4\u00e4tet\u00e4\u00e4n kalenterivuosittain ja hallituksen tulee seuraavan vuoden tammikuun viimeiseen p\u00e4iv\u00e4\u00e4n menness\u00e4 j\u00e4tt\u00e4\u00e4 tilit ja laatimansa kertomus yhdistyksen toiminnasta toiminnantarkastajien tarkastettavaksi. Toiminnantarkastajien tulee kaksi (2) viikkoa ennen vuosikokousta antaa hallitukselle yhdistyksen kokoukselle osoitettu kertomus tarkastuksesta. <br \/><br \/>7\u00a7<br \/>Yhdistyksen kokoukseen voidaan osallistua hallituksen tai yhdistyksen kokouksen niin p\u00e4\u00e4tt\u00e4ess\u00e4 my\u00f6s postitse taikka tietoliikenneyhteyden tai muun teknisen apuv\u00e4lineen avulla kokouksen aikana tai ennen kokousta. Yhdistyksen vuosikokous pidet\u00e4\u00e4n vuosittain hallituksen m\u00e4\u00e4r\u00e4\u00e4m\u00e4n\u00e4 p\u00e4iv\u00e4n\u00e4 tammi-toukokuussa. Yhdistyksen kokouksissa on jokaisella j\u00e4senell\u00e4 yksi \u00e4\u00e4ni. Yhdistyksen kokouksen p\u00e4\u00e4t\u00f6kseksi tulee, ellei s\u00e4\u00e4nn\u00f6iss\u00e4 ole toisin m\u00e4\u00e4r\u00e4tty, se mielipide, jota on kannattanut yli puolet annetuista \u00e4\u00e4nist\u00e4. \u00c4\u00e4nten menness\u00e4 tasan ratkaisee kokouksen puheenjohtajan \u00e4\u00e4ni, vaaleissa kuitenkin arpa. Ylim\u00e4\u00e4r\u00e4inen kokous pidet\u00e4\u00e4n, milloin edellinen kokous on niin p\u00e4\u00e4tt\u00e4nyt tai hallitus katsoo sen tarpeelliseksi taikka kun kymmenesosa yhdistyksen j\u00e4senluvusta sit\u00e4 erityisesti ilmoitettua asiaa varten hallitukselta kirjallisesti pyyt\u00e4\u00e4.<\/p>\n<p>8\u00a7 <br \/>Hallituksen on kutsuttava yhdistyksen kokoukset koolle v\u00e4hint\u00e4\u00e4n kymmenen vuorokautta ennen kokousta j\u00e4senille postitetuilla kirjeill\u00e4, j\u00e4senjulkaisussa tai s\u00e4hk\u00f6postitse. Kutsussa on mainittava k\u00e4sitelt\u00e4v\u00e4t asiat.<br \/><br \/>9\u00a7 <br \/>Yhdistyksen vuosikokouksessa k\u00e4sitell\u00e4\u00e4n seuraavat asiat: 1) Esitet\u00e4\u00e4n hallituksen laatima kertomus yhdistyksen toiminnasta kuluneena vuotena. 2) Tarkastetaan yhdistyksen tilit kuluneelta kalenterivuodelta sek\u00e4 toiminnantarkastajien niist\u00e4 antama lausunto ja p\u00e4\u00e4tet\u00e4\u00e4n vastuuvapauden my\u00f6nt\u00e4misest\u00e4 hallitukselle. 3) Laaditaan ty\u00f6ohjelma ja kustannusarvio seuraavaa vuotta varten sek\u00e4 m\u00e4\u00e4r\u00e4t\u00e4\u00e4n j\u00e4senmaksun suuruus. 4) Valitaan tarvittavat j\u00e4senet hallitukseen erovuorossa olevien tilalle. 5) Valitaan kaksi toiminnantarkastajaa ja n\u00e4ille kaksi varatoiminnantarkastajaa. 6) K\u00e4sitell\u00e4\u00e4n muut kokouskutsussa mainitut asiat. 7) Valitaan kaksi p\u00f6yt\u00e4kirjan tarkastajaa. <br \/><br \/>10\u00a7 <br \/>N\u00e4iden s\u00e4\u00e4nt\u00f6jen muuttamiseen tai yhdistyksen purkamiseen vaaditaan, ett\u00e4 muutoksen tai purkamisen puolesta annetut \u00e4\u00e4net vastaavat v\u00e4hint\u00e4\u00e4n 2\/3 kokouksessa saapuvilla olevien j\u00e4senten koko \u00e4\u00e4nim\u00e4\u00e4r\u00e4st\u00e4 ja ett\u00e4 toinen aikaisintaan kahden viikon kuluttua pidett\u00e4v\u00e4 kokous samoin v\u00e4hint\u00e4\u00e4n 2\/3 enemmist\u00f6ll\u00e4 hyv\u00e4ksyy p\u00e4\u00e4t\u00f6ksen. Samalla on p\u00e4\u00e4tett\u00e4v\u00e4, miten yhdistyksen varat k\u00e4ytet\u00e4\u00e4n yhdistyksen tarkoitusta edist\u00e4v\u00e4\u00e4n toimintaan.<\/p>\n","protected":false},"excerpt":{"rendered":"<p>1 \u00a7\u00a0\u00a0Yhdistyksen nimi on Suomen Paimenkoirayhdistys ja sen kotipaikka on Porin kaupunki. 2\u00a7 Yhdistyksen tarkoitus on edist\u00e4\u00e4 paimentavien ty\u00f6koirien k\u00e4ytt\u00f6\u00e4 sek\u00e4 koiranomistajien ja paimenkoirien koulutusta. Tarkoituksensa toteuttamiseksi yhdistys: 1) Toimii yhdyssiteen\u00e4 paimentavien ty\u00f6koirien omistajien v\u00e4lill\u00e4 2) Pit\u00e4\u00e4 luetteloa maassa olevista paimentavista ty\u00f6koirista 3) Huolehtii jalostusneuvonnasta 4) J\u00e4rjest\u00e4\u00e4 koulutustilaisuuksia koirille ja koiranomistajille 5) J\u00e4rjest\u00e4\u00e4 paimennusn\u00e4yt\u00f6ksi\u00e4 ja &hellip; <a href=\"https:\/\/www.spky.fi\/wopr\/suomen-paimenkoirayhdistys-ryn-saannot\/\" class=\"more-link\">Jatka lukemista <span class=\"screen-reader-text\">SUOMEN PAIMENKOIRAYHDISTYS ry:n S\u00c4\u00c4NN\u00d6T<\/span> <span class=\"meta-nav\">&rarr;<\/span><\/a><\/p>\n","protected":false},"author":2,"featured_media":0,"parent":0,"menu_order":0,"comment_status":"closed","ping_status":"closed","template":"","meta":{"jetpack_post_was_ever_published":false,"footnotes":""},"class_list":["post-1624","page","type-page","status-publish","hentry"],"yoast_head":"<!-- This site is optimized with the Yoast SEO plugin v27.5 - https:\/\/yoast.com\/product\/yoast-seo-wordpress\/ -->\n<title>SUOMEN PAIMENKOIRAYHDISTYS ry:n S\u00c4\u00c4NN\u00d6T - Suomen Paimenkoirayhdistys ry<\/title>\n<meta name=\"robots\" content=\"index, follow, max-snippet:-1, max-image-preview:large, max-video-preview:-1\" \/>\n<link rel=\"canonical\" href=\"https:\/\/www.spky.fi\/wopr\/suomen-paimenkoirayhdistys-ryn-saannot\/\" \/>\n<meta property=\"og:locale\" content=\"fi_FI\" \/>\n<meta property=\"og:type\" content=\"article\" \/>\n<meta property=\"og:title\" content=\"SUOMEN PAIMENKOIRAYHDISTYS ry:n S\u00c4\u00c4NN\u00d6T - Suomen Paimenkoirayhdistys ry\" \/>\n<meta property=\"og:description\" content=\"1 \u00a7\u00a0\u00a0Yhdistyksen nimi on Suomen Paimenkoirayhdistys ja sen kotipaikka on Porin kaupunki. 2\u00a7 Yhdistyksen tarkoitus on edist\u00e4\u00e4 paimentavien ty\u00f6koirien k\u00e4ytt\u00f6\u00e4 sek\u00e4 koiranomistajien ja paimenkoirien koulutusta. Tarkoituksensa toteuttamiseksi yhdistys: 1) Toimii yhdyssiteen\u00e4 paimentavien ty\u00f6koirien omistajien v\u00e4lill\u00e4 2) Pit\u00e4\u00e4 luetteloa maassa olevista paimentavista ty\u00f6koirista 3) Huolehtii jalostusneuvonnasta 4) J\u00e4rjest\u00e4\u00e4 koulutustilaisuuksia koirille ja koiranomistajille 5) J\u00e4rjest\u00e4\u00e4 paimennusn\u00e4yt\u00f6ksi\u00e4 ja &hellip; Jatka lukemista SUOMEN PAIMENKOIRAYHDISTYS ry:n S\u00c4\u00c4NN\u00d6T &rarr;\" \/>\n<meta property=\"og:url\" content=\"https:\/\/www.spky.fi\/wopr\/suomen-paimenkoirayhdistys-ryn-saannot\/\" \/>\n<meta property=\"og:site_name\" content=\"Suomen Paimenkoirayhdistys ry\" \/>\n<meta property=\"article:publisher\" content=\"https:\/\/www.facebook.com\/SuomenPaimenkoirayhdistys\" \/>\n<meta property=\"article:modified_time\" content=\"2023-12-03T16:24:32+00:00\" \/>\n<meta name=\"twitter:card\" content=\"summary_large_image\" \/>\n<meta name=\"twitter:label1\" content=\"Arvioitu lukuaika\" \/>\n\t<meta name=\"twitter:data1\" content=\"3 minuuttia\" \/>\n<script type=\"application\/ld+json\" class=\"yoast-schema-graph\">{\"@context\":\"https:\\\/\\\/schema.org\",\"@graph\":[{\"@type\":\"WebPage\",\"@id\":\"https:\\\/\\\/www.spky.fi\\\/wopr\\\/suomen-paimenkoirayhdistys-ryn-saannot\\\/\",\"url\":\"https:\\\/\\\/www.spky.fi\\\/wopr\\\/suomen-paimenkoirayhdistys-ryn-saannot\\\/\",\"name\":\"SUOMEN PAIMENKOIRAYHDISTYS ry:n S\u00c4\u00c4NN\u00d6T - Suomen Paimenkoirayhdistys ry\",\"isPartOf\":{\"@id\":\"https:\\\/\\\/www.spky.fi\\\/wopr\\\/#website\"},\"datePublished\":\"2019-10-10T17:49:27+00:00\",\"dateModified\":\"2023-12-03T16:24:32+00:00\",\"breadcrumb\":{\"@id\":\"https:\\\/\\\/www.spky.fi\\\/wopr\\\/suomen-paimenkoirayhdistys-ryn-saannot\\\/#breadcrumb\"},\"inLanguage\":\"fi\",\"potentialAction\":[{\"@type\":\"ReadAction\",\"target\":[\"https:\\\/\\\/www.spky.fi\\\/wopr\\\/suomen-paimenkoirayhdistys-ryn-saannot\\\/\"]}]},{\"@type\":\"BreadcrumbList\",\"@id\":\"https:\\\/\\\/www.spky.fi\\\/wopr\\\/suomen-paimenkoirayhdistys-ryn-saannot\\\/#breadcrumb\",\"itemListElement\":[{\"@type\":\"ListItem\",\"position\":1,\"name\":\"Etusivu\",\"item\":\"https:\\\/\\\/www.spky.fi\\\/wopr\\\/\"},{\"@type\":\"ListItem\",\"position\":2,\"name\":\"SUOMEN PAIMENKOIRAYHDISTYS ry:n S\u00c4\u00c4NN\u00d6T\"}]},{\"@type\":\"WebSite\",\"@id\":\"https:\\\/\\\/www.spky.fi\\\/wopr\\\/#website\",\"url\":\"https:\\\/\\\/www.spky.fi\\\/wopr\\\/\",\"name\":\"Suomen Paimenkoirayhdistys ry\",\"description\":\"Suomen Paimenkoirayhdistys edist&auml;&auml; paimenkoirien ty&ouml;k&auml;ytt&ouml;&auml;. Yhdistys auttaa paimenkoirakurssien, harjoitusten, kilpailujen ja n&auml;yt&ouml;sten j&auml;rjest&auml;misess&auml;.\",\"publisher\":{\"@id\":\"https:\\\/\\\/www.spky.fi\\\/wopr\\\/#organization\"},\"potentialAction\":[{\"@type\":\"SearchAction\",\"target\":{\"@type\":\"EntryPoint\",\"urlTemplate\":\"https:\\\/\\\/www.spky.fi\\\/wopr\\\/?s={search_term_string}\"},\"query-input\":{\"@type\":\"PropertyValueSpecification\",\"valueRequired\":true,\"valueName\":\"search_term_string\"}}],\"inLanguage\":\"fi\"},{\"@type\":\"Organization\",\"@id\":\"https:\\\/\\\/www.spky.fi\\\/wopr\\\/#organization\",\"name\":\"Suomen Paimenkoirayhdistys ry\",\"url\":\"https:\\\/\\\/www.spky.fi\\\/wopr\\\/\",\"logo\":{\"@type\":\"ImageObject\",\"inLanguage\":\"fi\",\"@id\":\"https:\\\/\\\/www.spky.fi\\\/wopr\\\/#\\\/schema\\\/logo\\\/image\\\/\",\"url\":\"https:\\\/\\\/www.spky.fi\\\/wopr\\\/wp-content\\\/uploads\\\/2024\\\/06\\\/SPKY_MUVA_PNG.png\",\"contentUrl\":\"https:\\\/\\\/www.spky.fi\\\/wopr\\\/wp-content\\\/uploads\\\/2024\\\/06\\\/SPKY_MUVA_PNG.png\",\"width\":3201,\"height\":3126,\"caption\":\"Suomen Paimenkoirayhdistys ry\"},\"image\":{\"@id\":\"https:\\\/\\\/www.spky.fi\\\/wopr\\\/#\\\/schema\\\/logo\\\/image\\\/\"},\"sameAs\":[\"https:\\\/\\\/www.facebook.com\\\/SuomenPaimenkoirayhdistys\"]}]}<\/script>\n<!-- \/ Yoast SEO plugin. -->","yoast_head_json":{"title":"SUOMEN PAIMENKOIRAYHDISTYS ry:n S\u00c4\u00c4NN\u00d6T - Suomen Paimenkoirayhdistys ry","robots":{"index":"index","follow":"follow","max-snippet":"max-snippet:-1","max-image-preview":"max-image-preview:large","max-video-preview":"max-video-preview:-1"},"canonical":"https:\/\/www.spky.fi\/wopr\/suomen-paimenkoirayhdistys-ryn-saannot\/","og_locale":"fi_FI","og_type":"article","og_title":"SUOMEN PAIMENKOIRAYHDISTYS ry:n S\u00c4\u00c4NN\u00d6T - Suomen Paimenkoirayhdistys ry","og_description":"1 \u00a7\u00a0\u00a0Yhdistyksen nimi on Suomen Paimenkoirayhdistys ja sen kotipaikka on Porin kaupunki. 2\u00a7 Yhdistyksen tarkoitus on edist\u00e4\u00e4 paimentavien ty\u00f6koirien k\u00e4ytt\u00f6\u00e4 sek\u00e4 koiranomistajien ja paimenkoirien koulutusta. Tarkoituksensa toteuttamiseksi yhdistys: 1) Toimii yhdyssiteen\u00e4 paimentavien ty\u00f6koirien omistajien v\u00e4lill\u00e4 2) Pit\u00e4\u00e4 luetteloa maassa olevista paimentavista ty\u00f6koirista 3) Huolehtii jalostusneuvonnasta 4) J\u00e4rjest\u00e4\u00e4 koulutustilaisuuksia koirille ja koiranomistajille 5) J\u00e4rjest\u00e4\u00e4 paimennusn\u00e4yt\u00f6ksi\u00e4 ja &hellip; Jatka lukemista SUOMEN PAIMENKOIRAYHDISTYS ry:n S\u00c4\u00c4NN\u00d6T &rarr;","og_url":"https:\/\/www.spky.fi\/wopr\/suomen-paimenkoirayhdistys-ryn-saannot\/","og_site_name":"Suomen Paimenkoirayhdistys ry","article_publisher":"https:\/\/www.facebook.com\/SuomenPaimenkoirayhdistys","article_modified_time":"2023-12-03T16:24:32+00:00","twitter_card":"summary_large_image","twitter_misc":{"Arvioitu lukuaika":"3 minuuttia"},"schema":{"@context":"https:\/\/schema.org","@graph":[{"@type":"WebPage","@id":"https:\/\/www.spky.fi\/wopr\/suomen-paimenkoirayhdistys-ryn-saannot\/","url":"https:\/\/www.spky.fi\/wopr\/suomen-paimenkoirayhdistys-ryn-saannot\/","name":"SUOMEN PAIMENKOIRAYHDISTYS ry:n S\u00c4\u00c4NN\u00d6T - Suomen Paimenkoirayhdistys ry","isPartOf":{"@id":"https:\/\/www.spky.fi\/wopr\/#website"},"datePublished":"2019-10-10T17:49:27+00:00","dateModified":"2023-12-03T16:24:32+00:00","breadcrumb":{"@id":"https:\/\/www.spky.fi\/wopr\/suomen-paimenkoirayhdistys-ryn-saannot\/#breadcrumb"},"inLanguage":"fi","potentialAction":[{"@type":"ReadAction","target":["https:\/\/www.spky.fi\/wopr\/suomen-paimenkoirayhdistys-ryn-saannot\/"]}]},{"@type":"BreadcrumbList","@id":"https:\/\/www.spky.fi\/wopr\/suomen-paimenkoirayhdistys-ryn-saannot\/#breadcrumb","itemListElement":[{"@type":"ListItem","position":1,"name":"Etusivu","item":"https:\/\/www.spky.fi\/wopr\/"},{"@type":"ListItem","position":2,"name":"SUOMEN PAIMENKOIRAYHDISTYS ry:n S\u00c4\u00c4NN\u00d6T"}]},{"@type":"WebSite","@id":"https:\/\/www.spky.fi\/wopr\/#website","url":"https:\/\/www.spky.fi\/wopr\/","name":"Suomen Paimenkoirayhdistys ry","description":"Suomen Paimenkoirayhdistys edist&auml;&auml; paimenkoirien ty&ouml;k&auml;ytt&ouml;&auml;. Yhdistys auttaa paimenkoirakurssien, harjoitusten, kilpailujen ja n&auml;yt&ouml;sten j&auml;rjest&auml;misess&auml;.","publisher":{"@id":"https:\/\/www.spky.fi\/wopr\/#organization"},"potentialAction":[{"@type":"SearchAction","target":{"@type":"EntryPoint","urlTemplate":"https:\/\/www.spky.fi\/wopr\/?s={search_term_string}"},"query-input":{"@type":"PropertyValueSpecification","valueRequired":true,"valueName":"search_term_string"}}],"inLanguage":"fi"},{"@type":"Organization","@id":"https:\/\/www.spky.fi\/wopr\/#organization","name":"Suomen Paimenkoirayhdistys ry","url":"https:\/\/www.spky.fi\/wopr\/","logo":{"@type":"ImageObject","inLanguage":"fi","@id":"https:\/\/www.spky.fi\/wopr\/#\/schema\/logo\/image\/","url":"https:\/\/www.spky.fi\/wopr\/wp-content\/uploads\/2024\/06\/SPKY_MUVA_PNG.png","contentUrl":"https:\/\/www.spky.fi\/wopr\/wp-content\/uploads\/2024\/06\/SPKY_MUVA_PNG.png","width":3201,"height":3126,"caption":"Suomen Paimenkoirayhdistys ry"},"image":{"@id":"https:\/\/www.spky.fi\/wopr\/#\/schema\/logo\/image\/"},"sameAs":["https:\/\/www.facebook.com\/SuomenPaimenkoirayhdistys"]}]}},"jetpack_sharing_enabled":true,"jetpack_shortlink":"https:\/\/wp.me\/PaLGv4-qc","_links":{"self":[{"href":"https:\/\/www.spky.fi\/wopr\/wp-json\/wp\/v2\/pages\/1624","targetHints":{"allow":["GET"]}}],"collection":[{"href":"https:\/\/www.spky.fi\/wopr\/wp-json\/wp\/v2\/pages"}],"about":[{"href":"https:\/\/www.spky.fi\/wopr\/wp-json\/wp\/v2\/types\/page"}],"author":[{"embeddable":true,"href":"https:\/\/www.spky.fi\/wopr\/wp-json\/wp\/v2\/users\/2"}],"replies":[{"embeddable":true,"href":"https:\/\/www.spky.fi\/wopr\/wp-json\/wp\/v2\/comments?post=1624"}],"version-history":[{"count":5,"href":"https:\/\/www.spky.fi\/wopr\/wp-json\/wp\/v2\/pages\/1624\/revisions"}],"predecessor-version":[{"id":5746,"href":"https:\/\/www.spky.fi\/wopr\/wp-json\/wp\/v2\/pages\/1624\/revisions\/5746"}],"wp:attachment":[{"href":"https:\/\/www.spky.fi\/wopr\/wp-json\/wp\/v2\/media?parent=1624"}],"curies":[{"name":"wp","href":"https:\/\/api.w.org\/{rel}","templated":true}]}}