{"id":171,"date":"2018-01-09T21:12:50","date_gmt":"2018-01-09T21:12:50","guid":{"rendered":"http:\/\/www.spky.fi\/wopr\/?page_id=171"},"modified":"2024-02-10T11:46:56","modified_gmt":"2024-02-10T11:46:56","slug":"jalostus-yleista","status":"publish","type":"page","link":"https:\/\/www.spky.fi\/wopr\/jalostus-yleista\/","title":{"rendered":"Yleist\u00e4 roduista"},"content":{"rendered":"<h3>Bordercollie<\/h3>\n<p><img loading=\"lazy\" decoding=\"async\" class=\"alignright\" style=\"float: right; margin: 4px 8px;\" src=\"http:\/\/www.spky.fi\/cmsms\/uploads\/images\/Faith300.jpg\" alt=\"\" width=\"300\" height=\"200\" \/>Mittasuhteiltaan sopusuhtainen ja terverakenteinen koira, joka on luonteeltaan herkk\u00e4, eritt\u00e4in \u00e4lyk\u00e4s ja aktiivinen. Paimenkoirayhdistyksen rekister\u00f6imill\u00e4 lis\u00e4ksi vahva luontainen paimenvaisto. Bordercollie on kuuliainen ja helppo oppimaan.<\/p>\n<p>V\u00e4rilt\u00e4\u00e4n ne ovat yleens\u00e4 mustia valkoisin merkein, mutta kaikki muutkin v\u00e4rit ovat paimenkoirarekisteriss\u00e4 hyv\u00e4ksyttyj\u00e4. Korvat ovat yleens\u00e4 pystyt tai puolipystyt. Silm\u00e4t normaalisti ruskeat, sinisi\u00e4 silmi\u00e4 on joskus valkonaamaisilla koirilla.<\/p>\n<p>Bordercollien runko on hieman korkeutta pidempi ja kulmaukset raajoissa tulee olla riitt\u00e4v\u00e4t. Raajat tulisi olla my\u00f6s suorat edest\u00e4 ja takaa katsottuna. Paimentaessa koira n\u00e4ytt\u00e4\u00e4 usein takakorkealta. H\u00e4nt\u00e4\u00e4ns\u00e4 paimentava bordercollie pit\u00e4\u00e4 selk\u00e4linjan alapuolella.<\/p>\n<p><img loading=\"lazy\" decoding=\"async\" class=\"alignright\" style=\"float: right; margin: 4px 8px;\" src=\"http:\/\/www.spky.fi\/cmsms\/uploads\/images\/Jen300.jpg\" alt=\"\" width=\"300\" height=\"232\" \/>Turkki on yleens\u00e4 puolipitk\u00e4 tai lyhyt. Nykyisin ovat yleistym\u00e4ss\u00e4 lyhytkarvaiset paimenet, koska turkin puhtaanapito on yksinkertaisempaa. Molemmissa tapauksissa turkki on vett\u00e4 ja likaa hylkiv\u00e4 sek\u00e4 erist\u00e4v\u00e4. Puolipitk\u00e4karvainen p\u00e4rj\u00e4\u00e4 talvella tarvittaessa ulkona, kunhan tarjolla on l\u00e4mp\u00f6eristetty koppi.<\/p>\n<p>Perinn\u00f6llisist\u00e4 sairauksista merkitt\u00e4vin on lonkkaniveldysplasia (&#8221;lonkkavika&#8221;), jonka torjumiseksi jalostuskoirat on oltava lonkkakuvattuja. Rodussa esiintyy my\u00f6s muutamia perinn\u00f6llisi\u00e4 silm\u00e4sairauksia, mutta Suomessa tilanne on hyv\u00e4. Jalostukseen k\u00e4ytett\u00e4vilt\u00e4 koirilta vaaditaan voimassaoleva silm\u00e4peilauslausunto.\u00a0Lis\u00e4ksi parituskumppaneista toisen on oltava CEA dna -normaali geenitestauksen tai vanhempien perusteella.<\/p>\n<h3>Working kelpie<\/h3>\n<p><img loading=\"lazy\" decoding=\"async\" class=\"alignright\" style=\"float: right; margin: 4px 8px;\" src=\"http:\/\/www.spky.fi\/cmsms\/uploads\/images\/KopiJuvalla300.JPG\" alt=\"\" width=\"300\" height=\"241\" \/>Paimentava kelpie on keskikokoinen, verrattain kevytrakenteinen, sulavalinjainen ja lihaksikas koira, joka vaikuttaa v\u00e4sym\u00e4tt\u00f6m\u00e4lt\u00e4. Luonteeltaan se on eritt\u00e4in valpas, palvelualtis, \u00e4lyk\u00e4s ja sopeutuvainen. Ty\u00f6k\u00e4yt\u00f6ss\u00e4 omatoimisuutta on usein bordercollieta enemm\u00e4n. My\u00f6s working kelpiell\u00e4 on vahva luontainen paimenvaisto. Se kykenee ty\u00f6skentelem\u00e4\u00e4n niin laitumilla kuin ahtaissa sis\u00e4tiloissa.<\/p>\n<p>Kelpien korvat ovat keskikokoiset ja pystyt. Raajojen tulisi olla riitt\u00e4v\u00e4sti kulmautuneet ja edest\u00e4 sek\u00e4 takaa katsoen suorat. Runko ja raajat ovat kuivat ja lihaksikkaat. Rintakeh\u00e4 on syv\u00e4.<\/p>\n<p>Karvapeite kelpeill\u00e4 on aina lyhyt ja s\u00e4\u00e4nkest\u00e4v\u00e4. Aluskarva on tihe\u00e4\u00e4. V\u00e4rilt\u00e4\u00e4n ne ovat mustia, punaisia, harmaan eri s\u00e4vyj\u00e4 tai fawneja. Useimmilla paimentavilla kelpeill\u00e4 on lis\u00e4ksi tan-merkit, mutta ne voivat olla my\u00f6s yksiv\u00e4risi\u00e4. Valkoiset merkit eiv\u00e4t ole toivottuja.<\/p>\n<p>Kelpeill\u00e4 esiintyy jonkin verran &#8221;lonkkavikaa&#8221;, jonka johdosta kaikki jalostuskoirat kuvataan. Perinnollisi\u00e4 silm\u00e4sairauksia kelpeill\u00e4 ei esiinny.<\/p>\n<p>(Esittelyt lyhennetty Paimennuksen ABC -kirjasta. kirj. L. War\u00e8n ja K. Tamminen)<\/p>\n","protected":false},"excerpt":{"rendered":"<p>Bordercollie Mittasuhteiltaan sopusuhtainen ja terverakenteinen koira, joka on luonteeltaan herkk\u00e4, eritt\u00e4in \u00e4lyk\u00e4s ja aktiivinen. Paimenkoirayhdistyksen rekister\u00f6imill\u00e4 lis\u00e4ksi vahva luontainen paimenvaisto. Bordercollie on kuuliainen ja helppo oppimaan. V\u00e4rilt\u00e4\u00e4n ne ovat yleens\u00e4 mustia valkoisin merkein, mutta kaikki muutkin v\u00e4rit ovat paimenkoirarekisteriss\u00e4 hyv\u00e4ksyttyj\u00e4. Korvat ovat yleens\u00e4 pystyt tai puolipystyt. Silm\u00e4t normaalisti ruskeat, sinisi\u00e4 silmi\u00e4 on joskus valkonaamaisilla koirilla. &hellip; <a href=\"https:\/\/www.spky.fi\/wopr\/jalostus-yleista\/\" class=\"more-link\">Jatka lukemista <span class=\"screen-reader-text\">Yleist\u00e4 roduista<\/span> <span class=\"meta-nav\">&rarr;<\/span><\/a><\/p>\n","protected":false},"author":1,"featured_media":0,"parent":0,"menu_order":0,"comment_status":"closed","ping_status":"closed","template":"","meta":{"jetpack_post_was_ever_published":false,"footnotes":""},"class_list":["post-171","page","type-page","status-publish","hentry"],"yoast_head":"<!-- This site is optimized with the Yoast SEO plugin v27.5 - https:\/\/yoast.com\/product\/yoast-seo-wordpress\/ -->\n<title>Yleist\u00e4 roduista - Suomen Paimenkoirayhdistys ry<\/title>\n<meta name=\"robots\" content=\"index, follow, max-snippet:-1, max-image-preview:large, max-video-preview:-1\" \/>\n<link rel=\"canonical\" href=\"https:\/\/www.spky.fi\/wopr\/jalostus-yleista\/\" \/>\n<meta property=\"og:locale\" content=\"fi_FI\" \/>\n<meta property=\"og:type\" content=\"article\" \/>\n<meta property=\"og:title\" content=\"Yleist\u00e4 roduista - Suomen Paimenkoirayhdistys ry\" \/>\n<meta property=\"og:description\" content=\"Bordercollie Mittasuhteiltaan sopusuhtainen ja terverakenteinen koira, joka on luonteeltaan herkk\u00e4, eritt\u00e4in \u00e4lyk\u00e4s ja aktiivinen. Paimenkoirayhdistyksen rekister\u00f6imill\u00e4 lis\u00e4ksi vahva luontainen paimenvaisto. Bordercollie on kuuliainen ja helppo oppimaan. V\u00e4rilt\u00e4\u00e4n ne ovat yleens\u00e4 mustia valkoisin merkein, mutta kaikki muutkin v\u00e4rit ovat paimenkoirarekisteriss\u00e4 hyv\u00e4ksyttyj\u00e4. Korvat ovat yleens\u00e4 pystyt tai puolipystyt. Silm\u00e4t normaalisti ruskeat, sinisi\u00e4 silmi\u00e4 on joskus valkonaamaisilla koirilla. &hellip; Jatka lukemista Yleist\u00e4 roduista &rarr;\" \/>\n<meta property=\"og:url\" content=\"https:\/\/www.spky.fi\/wopr\/jalostus-yleista\/\" \/>\n<meta property=\"og:site_name\" content=\"Suomen Paimenkoirayhdistys ry\" \/>\n<meta property=\"article:publisher\" content=\"https:\/\/www.facebook.com\/SuomenPaimenkoirayhdistys\" \/>\n<meta property=\"article:modified_time\" content=\"2024-02-10T11:46:56+00:00\" \/>\n<meta property=\"og:image\" content=\"http:\/\/www.spky.fi\/cmsms\/uploads\/images\/Faith300.jpg\" \/>\n<meta name=\"twitter:card\" content=\"summary_large_image\" \/>\n<meta name=\"twitter:label1\" content=\"Arvioitu lukuaika\" \/>\n\t<meta name=\"twitter:data1\" content=\"2 minuuttia\" \/>\n<script type=\"application\/ld+json\" class=\"yoast-schema-graph\">{\"@context\":\"https:\\\/\\\/schema.org\",\"@graph\":[{\"@type\":\"WebPage\",\"@id\":\"https:\\\/\\\/www.spky.fi\\\/wopr\\\/jalostus-yleista\\\/\",\"url\":\"https:\\\/\\\/www.spky.fi\\\/wopr\\\/jalostus-yleista\\\/\",\"name\":\"Yleist\u00e4 roduista - Suomen Paimenkoirayhdistys ry\",\"isPartOf\":{\"@id\":\"https:\\\/\\\/www.spky.fi\\\/wopr\\\/#website\"},\"primaryImageOfPage\":{\"@id\":\"https:\\\/\\\/www.spky.fi\\\/wopr\\\/jalostus-yleista\\\/#primaryimage\"},\"image\":{\"@id\":\"https:\\\/\\\/www.spky.fi\\\/wopr\\\/jalostus-yleista\\\/#primaryimage\"},\"thumbnailUrl\":\"http:\\\/\\\/www.spky.fi\\\/cmsms\\\/uploads\\\/images\\\/Faith300.jpg\",\"datePublished\":\"2018-01-09T21:12:50+00:00\",\"dateModified\":\"2024-02-10T11:46:56+00:00\",\"breadcrumb\":{\"@id\":\"https:\\\/\\\/www.spky.fi\\\/wopr\\\/jalostus-yleista\\\/#breadcrumb\"},\"inLanguage\":\"fi\",\"potentialAction\":[{\"@type\":\"ReadAction\",\"target\":[\"https:\\\/\\\/www.spky.fi\\\/wopr\\\/jalostus-yleista\\\/\"]}]},{\"@type\":\"ImageObject\",\"inLanguage\":\"fi\",\"@id\":\"https:\\\/\\\/www.spky.fi\\\/wopr\\\/jalostus-yleista\\\/#primaryimage\",\"url\":\"http:\\\/\\\/www.spky.fi\\\/cmsms\\\/uploads\\\/images\\\/Faith300.jpg\",\"contentUrl\":\"http:\\\/\\\/www.spky.fi\\\/cmsms\\\/uploads\\\/images\\\/Faith300.jpg\"},{\"@type\":\"BreadcrumbList\",\"@id\":\"https:\\\/\\\/www.spky.fi\\\/wopr\\\/jalostus-yleista\\\/#breadcrumb\",\"itemListElement\":[{\"@type\":\"ListItem\",\"position\":1,\"name\":\"Etusivu\",\"item\":\"https:\\\/\\\/www.spky.fi\\\/wopr\\\/\"},{\"@type\":\"ListItem\",\"position\":2,\"name\":\"Yleist\u00e4 roduista\"}]},{\"@type\":\"WebSite\",\"@id\":\"https:\\\/\\\/www.spky.fi\\\/wopr\\\/#website\",\"url\":\"https:\\\/\\\/www.spky.fi\\\/wopr\\\/\",\"name\":\"Suomen Paimenkoirayhdistys ry\",\"description\":\"Suomen Paimenkoirayhdistys edist&auml;&auml; paimenkoirien ty&ouml;k&auml;ytt&ouml;&auml;. Yhdistys auttaa paimenkoirakurssien, harjoitusten, kilpailujen ja n&auml;yt&ouml;sten j&auml;rjest&auml;misess&auml;.\",\"publisher\":{\"@id\":\"https:\\\/\\\/www.spky.fi\\\/wopr\\\/#organization\"},\"potentialAction\":[{\"@type\":\"SearchAction\",\"target\":{\"@type\":\"EntryPoint\",\"urlTemplate\":\"https:\\\/\\\/www.spky.fi\\\/wopr\\\/?s={search_term_string}\"},\"query-input\":{\"@type\":\"PropertyValueSpecification\",\"valueRequired\":true,\"valueName\":\"search_term_string\"}}],\"inLanguage\":\"fi\"},{\"@type\":\"Organization\",\"@id\":\"https:\\\/\\\/www.spky.fi\\\/wopr\\\/#organization\",\"name\":\"Suomen Paimenkoirayhdistys ry\",\"url\":\"https:\\\/\\\/www.spky.fi\\\/wopr\\\/\",\"logo\":{\"@type\":\"ImageObject\",\"inLanguage\":\"fi\",\"@id\":\"https:\\\/\\\/www.spky.fi\\\/wopr\\\/#\\\/schema\\\/logo\\\/image\\\/\",\"url\":\"https:\\\/\\\/www.spky.fi\\\/wopr\\\/wp-content\\\/uploads\\\/2024\\\/06\\\/SPKY_MUVA_PNG.png\",\"contentUrl\":\"https:\\\/\\\/www.spky.fi\\\/wopr\\\/wp-content\\\/uploads\\\/2024\\\/06\\\/SPKY_MUVA_PNG.png\",\"width\":3201,\"height\":3126,\"caption\":\"Suomen Paimenkoirayhdistys ry\"},\"image\":{\"@id\":\"https:\\\/\\\/www.spky.fi\\\/wopr\\\/#\\\/schema\\\/logo\\\/image\\\/\"},\"sameAs\":[\"https:\\\/\\\/www.facebook.com\\\/SuomenPaimenkoirayhdistys\"]}]}<\/script>\n<!-- \/ Yoast SEO plugin. -->","yoast_head_json":{"title":"Yleist\u00e4 roduista - Suomen Paimenkoirayhdistys ry","robots":{"index":"index","follow":"follow","max-snippet":"max-snippet:-1","max-image-preview":"max-image-preview:large","max-video-preview":"max-video-preview:-1"},"canonical":"https:\/\/www.spky.fi\/wopr\/jalostus-yleista\/","og_locale":"fi_FI","og_type":"article","og_title":"Yleist\u00e4 roduista - Suomen Paimenkoirayhdistys ry","og_description":"Bordercollie Mittasuhteiltaan sopusuhtainen ja terverakenteinen koira, joka on luonteeltaan herkk\u00e4, eritt\u00e4in \u00e4lyk\u00e4s ja aktiivinen. Paimenkoirayhdistyksen rekister\u00f6imill\u00e4 lis\u00e4ksi vahva luontainen paimenvaisto. Bordercollie on kuuliainen ja helppo oppimaan. V\u00e4rilt\u00e4\u00e4n ne ovat yleens\u00e4 mustia valkoisin merkein, mutta kaikki muutkin v\u00e4rit ovat paimenkoirarekisteriss\u00e4 hyv\u00e4ksyttyj\u00e4. Korvat ovat yleens\u00e4 pystyt tai puolipystyt. Silm\u00e4t normaalisti ruskeat, sinisi\u00e4 silmi\u00e4 on joskus valkonaamaisilla koirilla. &hellip; Jatka lukemista Yleist\u00e4 roduista &rarr;","og_url":"https:\/\/www.spky.fi\/wopr\/jalostus-yleista\/","og_site_name":"Suomen Paimenkoirayhdistys ry","article_publisher":"https:\/\/www.facebook.com\/SuomenPaimenkoirayhdistys","article_modified_time":"2024-02-10T11:46:56+00:00","og_image":[{"url":"http:\/\/www.spky.fi\/cmsms\/uploads\/images\/Faith300.jpg","type":"","width":"","height":""}],"twitter_card":"summary_large_image","twitter_misc":{"Arvioitu lukuaika":"2 minuuttia"},"schema":{"@context":"https:\/\/schema.org","@graph":[{"@type":"WebPage","@id":"https:\/\/www.spky.fi\/wopr\/jalostus-yleista\/","url":"https:\/\/www.spky.fi\/wopr\/jalostus-yleista\/","name":"Yleist\u00e4 roduista - Suomen Paimenkoirayhdistys ry","isPartOf":{"@id":"https:\/\/www.spky.fi\/wopr\/#website"},"primaryImageOfPage":{"@id":"https:\/\/www.spky.fi\/wopr\/jalostus-yleista\/#primaryimage"},"image":{"@id":"https:\/\/www.spky.fi\/wopr\/jalostus-yleista\/#primaryimage"},"thumbnailUrl":"http:\/\/www.spky.fi\/cmsms\/uploads\/images\/Faith300.jpg","datePublished":"2018-01-09T21:12:50+00:00","dateModified":"2024-02-10T11:46:56+00:00","breadcrumb":{"@id":"https:\/\/www.spky.fi\/wopr\/jalostus-yleista\/#breadcrumb"},"inLanguage":"fi","potentialAction":[{"@type":"ReadAction","target":["https:\/\/www.spky.fi\/wopr\/jalostus-yleista\/"]}]},{"@type":"ImageObject","inLanguage":"fi","@id":"https:\/\/www.spky.fi\/wopr\/jalostus-yleista\/#primaryimage","url":"http:\/\/www.spky.fi\/cmsms\/uploads\/images\/Faith300.jpg","contentUrl":"http:\/\/www.spky.fi\/cmsms\/uploads\/images\/Faith300.jpg"},{"@type":"BreadcrumbList","@id":"https:\/\/www.spky.fi\/wopr\/jalostus-yleista\/#breadcrumb","itemListElement":[{"@type":"ListItem","position":1,"name":"Etusivu","item":"https:\/\/www.spky.fi\/wopr\/"},{"@type":"ListItem","position":2,"name":"Yleist\u00e4 roduista"}]},{"@type":"WebSite","@id":"https:\/\/www.spky.fi\/wopr\/#website","url":"https:\/\/www.spky.fi\/wopr\/","name":"Suomen Paimenkoirayhdistys ry","description":"Suomen Paimenkoirayhdistys edist&auml;&auml; paimenkoirien ty&ouml;k&auml;ytt&ouml;&auml;. Yhdistys auttaa paimenkoirakurssien, harjoitusten, kilpailujen ja n&auml;yt&ouml;sten j&auml;rjest&auml;misess&auml;.","publisher":{"@id":"https:\/\/www.spky.fi\/wopr\/#organization"},"potentialAction":[{"@type":"SearchAction","target":{"@type":"EntryPoint","urlTemplate":"https:\/\/www.spky.fi\/wopr\/?s={search_term_string}"},"query-input":{"@type":"PropertyValueSpecification","valueRequired":true,"valueName":"search_term_string"}}],"inLanguage":"fi"},{"@type":"Organization","@id":"https:\/\/www.spky.fi\/wopr\/#organization","name":"Suomen Paimenkoirayhdistys ry","url":"https:\/\/www.spky.fi\/wopr\/","logo":{"@type":"ImageObject","inLanguage":"fi","@id":"https:\/\/www.spky.fi\/wopr\/#\/schema\/logo\/image\/","url":"https:\/\/www.spky.fi\/wopr\/wp-content\/uploads\/2024\/06\/SPKY_MUVA_PNG.png","contentUrl":"https:\/\/www.spky.fi\/wopr\/wp-content\/uploads\/2024\/06\/SPKY_MUVA_PNG.png","width":3201,"height":3126,"caption":"Suomen Paimenkoirayhdistys ry"},"image":{"@id":"https:\/\/www.spky.fi\/wopr\/#\/schema\/logo\/image\/"},"sameAs":["https:\/\/www.facebook.com\/SuomenPaimenkoirayhdistys"]}]}},"jetpack_sharing_enabled":true,"jetpack_shortlink":"https:\/\/wp.me\/PaLGv4-2L","_links":{"self":[{"href":"https:\/\/www.spky.fi\/wopr\/wp-json\/wp\/v2\/pages\/171","targetHints":{"allow":["GET"]}}],"collection":[{"href":"https:\/\/www.spky.fi\/wopr\/wp-json\/wp\/v2\/pages"}],"about":[{"href":"https:\/\/www.spky.fi\/wopr\/wp-json\/wp\/v2\/types\/page"}],"author":[{"embeddable":true,"href":"https:\/\/www.spky.fi\/wopr\/wp-json\/wp\/v2\/users\/1"}],"replies":[{"embeddable":true,"href":"https:\/\/www.spky.fi\/wopr\/wp-json\/wp\/v2\/comments?post=171"}],"version-history":[{"count":11,"href":"https:\/\/www.spky.fi\/wopr\/wp-json\/wp\/v2\/pages\/171\/revisions"}],"predecessor-version":[{"id":5936,"href":"https:\/\/www.spky.fi\/wopr\/wp-json\/wp\/v2\/pages\/171\/revisions\/5936"}],"wp:attachment":[{"href":"https:\/\/www.spky.fi\/wopr\/wp-json\/wp\/v2\/media?parent=171"}],"curies":[{"name":"wp","href":"https:\/\/api.w.org\/{rel}","templated":true}]}}