{"id":201,"date":"2018-01-09T21:43:41","date_gmt":"2018-01-09T21:43:41","guid":{"rendered":"http:\/\/www.spky.fi\/wopr\/?page_id=201"},"modified":"2026-04-13T18:11:47","modified_gmt":"2026-04-13T18:11:47","slug":"pentueet-ja-aikuiset-koirat","status":"publish","type":"page","link":"https:\/\/www.spky.fi\/wopr\/pentuvalitys\/pentueet-ja-aikuiset-koirat\/","title":{"rendered":"Pentueet ja aikuiset koirat"},"content":{"rendered":"<p>V\u00e4lityksess\u00e4 olevat pentueet ovat SPKY:n rekisteriin rekister\u00f6ityj\u00e4.<\/p>\r\n<h3 data-tadv-p=\"keep\">V\u00e4lityksess\u00e4 olevat syntyneet pentueet<\/h3>\r\n<p><strong>Bordercollie pentueet:\u00a0<\/strong><\/p>\r\n<ul>\r\n\t<li>ei t\u00e4ll\u00e4 hetkell\u00e4<\/li>\r\n<\/ul>\r\n<p><strong style=\"font-size: inherit;\">Working kelpie pentueet<\/strong><span style=\"font-size: inherit;\">:<\/span><\/p>\r\n<ul>\r\n\t<li><span style=\"text-align: right;\">ei t\u00e4ll\u00e4 hetkell\u00e4<br \/>\r\n<\/span><\/li>\r\n<\/ul>\r\n<h3 data-tadv-p=\"keep\">V\u00e4lityksess\u00e4 olevat suunnitellut pentueet<\/h3>\r\n<p><strong>Bordercollie:<\/strong><\/p>\r\n<ul>\r\n\t<li>Od. synt. hein\u00e4kuussa 2026 <a href=\"https:\/\/www.spky.fi\/wopr\/wp-content\/uploads\/2026\/04\/Upload-from-mobile-1776103807pentue-Umu-x-Gannon.pdf\">Umu x Gannon<\/a>. Lis\u00e4tietoja. Pirjo Vanhala, Kouvola, p. 0500 358708<\/li>\r\n<\/ul>\r\n<p><strong style=\"font-size: revert;\">Working<\/strong> <strong>kelpie<\/strong><\/p>\r\n<ol>\r\n\t<li style=\"list-style-type: none;\">\r\n<ol>\r\n\t<li style=\"list-style-type: none;\">\u00a0<\/li>\r\n<\/ol>\r\n<\/li>\r\n<\/ol>\r\n<ul>\r\n\t<li data-tadv-p=\"keep\">Ei t\u00e4ll\u00e4 hetkell\u00e4<\/li>\r\n<\/ul>\r\n<p><strong>Myyt\u00e4vi\u00e4 aikuisia koiria:\u00a0<\/strong><\/p>\r\n<ul>\r\n\t<li data-tadv-p=\"keep\">Ei t\u00e4ll\u00e4 hetkell\u00e4<\/li>\r\n<\/ul>\r\n<p><strong>Ostetaan aikuinen paimenkoira:<\/strong><\/p>\r\n<ul>\r\n\t<li>ei t\u00e4ll\u00e4 hetkell\u00e4<\/li>\r\n<\/ul>\r\n","protected":false},"excerpt":{"rendered":"<p>V\u00e4lityksess\u00e4 olevat pentueet ovat SPKY:n rekisteriin rekister\u00f6ityj\u00e4. V\u00e4lityksess\u00e4 olevat syntyneet pentueet Bordercollie pentueet:\u00a0 ei t\u00e4ll\u00e4 hetkell\u00e4 Working kelpie pentueet: ei t\u00e4ll\u00e4 hetkell\u00e4 V\u00e4lityksess\u00e4 olevat suunnitellut pentueet Bordercollie: Od. synt. hein\u00e4kuussa 2026 Umu x Gannon. Lis\u00e4tietoja. Pirjo Vanhala, Kouvola, p. 0500 358708 Working kelpie \u00a0 Ei t\u00e4ll\u00e4 hetkell\u00e4 Myyt\u00e4vi\u00e4 aikuisia koiria:\u00a0 Ei t\u00e4ll\u00e4 hetkell\u00e4 Ostetaan aikuinen &hellip; <a href=\"https:\/\/www.spky.fi\/wopr\/pentuvalitys\/pentueet-ja-aikuiset-koirat\/\" class=\"more-link\">Jatka lukemista <span class=\"screen-reader-text\">Pentueet ja aikuiset koirat<\/span> <span class=\"meta-nav\">&rarr;<\/span><\/a><\/p>\n","protected":false},"author":1,"featured_media":0,"parent":199,"menu_order":0,"comment_status":"closed","ping_status":"closed","template":"","meta":{"jetpack_post_was_ever_published":false,"footnotes":""},"class_list":["post-201","page","type-page","status-publish","hentry"],"yoast_head":"<!-- This site is optimized with the Yoast SEO plugin v27.4 - https:\/\/yoast.com\/product\/yoast-seo-wordpress\/ -->\n<title>Pentueet ja aikuiset koirat - Suomen Paimenkoirayhdistys ry<\/title>\n<meta name=\"robots\" content=\"index, follow, max-snippet:-1, max-image-preview:large, max-video-preview:-1\" \/>\n<link rel=\"canonical\" href=\"https:\/\/www.spky.fi\/wopr\/pentuvalitys\/pentueet-ja-aikuiset-koirat\/\" \/>\n<meta property=\"og:locale\" content=\"fi_FI\" \/>\n<meta property=\"og:type\" content=\"article\" \/>\n<meta property=\"og:title\" content=\"Pentueet ja aikuiset koirat - Suomen Paimenkoirayhdistys ry\" \/>\n<meta property=\"og:description\" content=\"V\u00e4lityksess\u00e4 olevat pentueet ovat SPKY:n rekisteriin rekister\u00f6ityj\u00e4. V\u00e4lityksess\u00e4 olevat syntyneet pentueet Bordercollie pentueet:\u00a0 ei t\u00e4ll\u00e4 hetkell\u00e4 Working kelpie pentueet: ei t\u00e4ll\u00e4 hetkell\u00e4 V\u00e4lityksess\u00e4 olevat suunnitellut pentueet Bordercollie: Od. synt. hein\u00e4kuussa 2026 Umu x Gannon. Lis\u00e4tietoja. Pirjo Vanhala, Kouvola, p. 0500 358708 Working kelpie \u00a0 Ei t\u00e4ll\u00e4 hetkell\u00e4 Myyt\u00e4vi\u00e4 aikuisia koiria:\u00a0 Ei t\u00e4ll\u00e4 hetkell\u00e4 Ostetaan aikuinen &hellip; Jatka lukemista Pentueet ja aikuiset koirat &rarr;\" \/>\n<meta property=\"og:url\" content=\"https:\/\/www.spky.fi\/wopr\/pentuvalitys\/pentueet-ja-aikuiset-koirat\/\" \/>\n<meta property=\"og:site_name\" content=\"Suomen Paimenkoirayhdistys ry\" \/>\n<meta property=\"article:publisher\" content=\"https:\/\/www.facebook.com\/SuomenPaimenkoirayhdistys\" \/>\n<meta property=\"article:modified_time\" content=\"2026-04-13T18:11:47+00:00\" \/>\n<meta name=\"twitter:card\" content=\"summary_large_image\" \/>\n<meta name=\"twitter:label1\" content=\"Arvioitu lukuaika\" \/>\n\t<meta name=\"twitter:data1\" content=\"1 minuutti\" \/>\n<script type=\"application\/ld+json\" class=\"yoast-schema-graph\">{\"@context\":\"https:\\\/\\\/schema.org\",\"@graph\":[{\"@type\":\"WebPage\",\"@id\":\"https:\\\/\\\/www.spky.fi\\\/wopr\\\/pentuvalitys\\\/pentueet-ja-aikuiset-koirat\\\/\",\"url\":\"https:\\\/\\\/www.spky.fi\\\/wopr\\\/pentuvalitys\\\/pentueet-ja-aikuiset-koirat\\\/\",\"name\":\"Pentueet ja aikuiset koirat - Suomen Paimenkoirayhdistys ry\",\"isPartOf\":{\"@id\":\"https:\\\/\\\/www.spky.fi\\\/wopr\\\/#website\"},\"datePublished\":\"2018-01-09T21:43:41+00:00\",\"dateModified\":\"2026-04-13T18:11:47+00:00\",\"breadcrumb\":{\"@id\":\"https:\\\/\\\/www.spky.fi\\\/wopr\\\/pentuvalitys\\\/pentueet-ja-aikuiset-koirat\\\/#breadcrumb\"},\"inLanguage\":\"fi\",\"potentialAction\":[{\"@type\":\"ReadAction\",\"target\":[\"https:\\\/\\\/www.spky.fi\\\/wopr\\\/pentuvalitys\\\/pentueet-ja-aikuiset-koirat\\\/\"]}]},{\"@type\":\"BreadcrumbList\",\"@id\":\"https:\\\/\\\/www.spky.fi\\\/wopr\\\/pentuvalitys\\\/pentueet-ja-aikuiset-koirat\\\/#breadcrumb\",\"itemListElement\":[{\"@type\":\"ListItem\",\"position\":1,\"name\":\"Etusivu\",\"item\":\"https:\\\/\\\/www.spky.fi\\\/wopr\\\/\"},{\"@type\":\"ListItem\",\"position\":2,\"name\":\"Pentuv\u00e4litys\",\"item\":\"https:\\\/\\\/www.spky.fi\\\/wopr\\\/pentuvalitys\\\/\"},{\"@type\":\"ListItem\",\"position\":3,\"name\":\"Pentueet ja aikuiset koirat\"}]},{\"@type\":\"WebSite\",\"@id\":\"https:\\\/\\\/www.spky.fi\\\/wopr\\\/#website\",\"url\":\"https:\\\/\\\/www.spky.fi\\\/wopr\\\/\",\"name\":\"Suomen Paimenkoirayhdistys ry\",\"description\":\"Suomen Paimenkoirayhdistys edist&auml;&auml; paimenkoirien ty&ouml;k&auml;ytt&ouml;&auml;. Yhdistys auttaa paimenkoirakurssien, harjoitusten, kilpailujen ja n&auml;yt&ouml;sten j&auml;rjest&auml;misess&auml;.\",\"publisher\":{\"@id\":\"https:\\\/\\\/www.spky.fi\\\/wopr\\\/#organization\"},\"potentialAction\":[{\"@type\":\"SearchAction\",\"target\":{\"@type\":\"EntryPoint\",\"urlTemplate\":\"https:\\\/\\\/www.spky.fi\\\/wopr\\\/?s={search_term_string}\"},\"query-input\":{\"@type\":\"PropertyValueSpecification\",\"valueRequired\":true,\"valueName\":\"search_term_string\"}}],\"inLanguage\":\"fi\"},{\"@type\":\"Organization\",\"@id\":\"https:\\\/\\\/www.spky.fi\\\/wopr\\\/#organization\",\"name\":\"Suomen Paimenkoirayhdistys ry\",\"url\":\"https:\\\/\\\/www.spky.fi\\\/wopr\\\/\",\"logo\":{\"@type\":\"ImageObject\",\"inLanguage\":\"fi\",\"@id\":\"https:\\\/\\\/www.spky.fi\\\/wopr\\\/#\\\/schema\\\/logo\\\/image\\\/\",\"url\":\"https:\\\/\\\/www.spky.fi\\\/wopr\\\/wp-content\\\/uploads\\\/2024\\\/06\\\/SPKY_MUVA_PNG.png\",\"contentUrl\":\"https:\\\/\\\/www.spky.fi\\\/wopr\\\/wp-content\\\/uploads\\\/2024\\\/06\\\/SPKY_MUVA_PNG.png\",\"width\":3201,\"height\":3126,\"caption\":\"Suomen Paimenkoirayhdistys ry\"},\"image\":{\"@id\":\"https:\\\/\\\/www.spky.fi\\\/wopr\\\/#\\\/schema\\\/logo\\\/image\\\/\"},\"sameAs\":[\"https:\\\/\\\/www.facebook.com\\\/SuomenPaimenkoirayhdistys\"]}]}<\/script>\n<!-- \/ Yoast SEO plugin. -->","yoast_head_json":{"title":"Pentueet ja aikuiset koirat - Suomen Paimenkoirayhdistys ry","robots":{"index":"index","follow":"follow","max-snippet":"max-snippet:-1","max-image-preview":"max-image-preview:large","max-video-preview":"max-video-preview:-1"},"canonical":"https:\/\/www.spky.fi\/wopr\/pentuvalitys\/pentueet-ja-aikuiset-koirat\/","og_locale":"fi_FI","og_type":"article","og_title":"Pentueet ja aikuiset koirat - Suomen Paimenkoirayhdistys ry","og_description":"V\u00e4lityksess\u00e4 olevat pentueet ovat SPKY:n rekisteriin rekister\u00f6ityj\u00e4. V\u00e4lityksess\u00e4 olevat syntyneet pentueet Bordercollie pentueet:\u00a0 ei t\u00e4ll\u00e4 hetkell\u00e4 Working kelpie pentueet: ei t\u00e4ll\u00e4 hetkell\u00e4 V\u00e4lityksess\u00e4 olevat suunnitellut pentueet Bordercollie: Od. synt. hein\u00e4kuussa 2026 Umu x Gannon. Lis\u00e4tietoja. Pirjo Vanhala, Kouvola, p. 0500 358708 Working kelpie \u00a0 Ei t\u00e4ll\u00e4 hetkell\u00e4 Myyt\u00e4vi\u00e4 aikuisia koiria:\u00a0 Ei t\u00e4ll\u00e4 hetkell\u00e4 Ostetaan aikuinen &hellip; Jatka lukemista Pentueet ja aikuiset koirat &rarr;","og_url":"https:\/\/www.spky.fi\/wopr\/pentuvalitys\/pentueet-ja-aikuiset-koirat\/","og_site_name":"Suomen Paimenkoirayhdistys ry","article_publisher":"https:\/\/www.facebook.com\/SuomenPaimenkoirayhdistys","article_modified_time":"2026-04-13T18:11:47+00:00","twitter_card":"summary_large_image","twitter_misc":{"Arvioitu lukuaika":"1 minuutti"},"schema":{"@context":"https:\/\/schema.org","@graph":[{"@type":"WebPage","@id":"https:\/\/www.spky.fi\/wopr\/pentuvalitys\/pentueet-ja-aikuiset-koirat\/","url":"https:\/\/www.spky.fi\/wopr\/pentuvalitys\/pentueet-ja-aikuiset-koirat\/","name":"Pentueet ja aikuiset koirat - Suomen Paimenkoirayhdistys ry","isPartOf":{"@id":"https:\/\/www.spky.fi\/wopr\/#website"},"datePublished":"2018-01-09T21:43:41+00:00","dateModified":"2026-04-13T18:11:47+00:00","breadcrumb":{"@id":"https:\/\/www.spky.fi\/wopr\/pentuvalitys\/pentueet-ja-aikuiset-koirat\/#breadcrumb"},"inLanguage":"fi","potentialAction":[{"@type":"ReadAction","target":["https:\/\/www.spky.fi\/wopr\/pentuvalitys\/pentueet-ja-aikuiset-koirat\/"]}]},{"@type":"BreadcrumbList","@id":"https:\/\/www.spky.fi\/wopr\/pentuvalitys\/pentueet-ja-aikuiset-koirat\/#breadcrumb","itemListElement":[{"@type":"ListItem","position":1,"name":"Etusivu","item":"https:\/\/www.spky.fi\/wopr\/"},{"@type":"ListItem","position":2,"name":"Pentuv\u00e4litys","item":"https:\/\/www.spky.fi\/wopr\/pentuvalitys\/"},{"@type":"ListItem","position":3,"name":"Pentueet ja aikuiset koirat"}]},{"@type":"WebSite","@id":"https:\/\/www.spky.fi\/wopr\/#website","url":"https:\/\/www.spky.fi\/wopr\/","name":"Suomen Paimenkoirayhdistys ry","description":"Suomen Paimenkoirayhdistys edist&auml;&auml; paimenkoirien ty&ouml;k&auml;ytt&ouml;&auml;. Yhdistys auttaa paimenkoirakurssien, harjoitusten, kilpailujen ja n&auml;yt&ouml;sten j&auml;rjest&auml;misess&auml;.","publisher":{"@id":"https:\/\/www.spky.fi\/wopr\/#organization"},"potentialAction":[{"@type":"SearchAction","target":{"@type":"EntryPoint","urlTemplate":"https:\/\/www.spky.fi\/wopr\/?s={search_term_string}"},"query-input":{"@type":"PropertyValueSpecification","valueRequired":true,"valueName":"search_term_string"}}],"inLanguage":"fi"},{"@type":"Organization","@id":"https:\/\/www.spky.fi\/wopr\/#organization","name":"Suomen Paimenkoirayhdistys ry","url":"https:\/\/www.spky.fi\/wopr\/","logo":{"@type":"ImageObject","inLanguage":"fi","@id":"https:\/\/www.spky.fi\/wopr\/#\/schema\/logo\/image\/","url":"https:\/\/www.spky.fi\/wopr\/wp-content\/uploads\/2024\/06\/SPKY_MUVA_PNG.png","contentUrl":"https:\/\/www.spky.fi\/wopr\/wp-content\/uploads\/2024\/06\/SPKY_MUVA_PNG.png","width":3201,"height":3126,"caption":"Suomen Paimenkoirayhdistys ry"},"image":{"@id":"https:\/\/www.spky.fi\/wopr\/#\/schema\/logo\/image\/"},"sameAs":["https:\/\/www.facebook.com\/SuomenPaimenkoirayhdistys"]}]}},"jetpack_sharing_enabled":true,"jetpack_shortlink":"https:\/\/wp.me\/PaLGv4-3f","_links":{"self":[{"href":"https:\/\/www.spky.fi\/wopr\/wp-json\/wp\/v2\/pages\/201","targetHints":{"allow":["GET"]}}],"collection":[{"href":"https:\/\/www.spky.fi\/wopr\/wp-json\/wp\/v2\/pages"}],"about":[{"href":"https:\/\/www.spky.fi\/wopr\/wp-json\/wp\/v2\/types\/page"}],"author":[{"embeddable":true,"href":"https:\/\/www.spky.fi\/wopr\/wp-json\/wp\/v2\/users\/1"}],"replies":[{"embeddable":true,"href":"https:\/\/www.spky.fi\/wopr\/wp-json\/wp\/v2\/comments?post=201"}],"version-history":[{"count":230,"href":"https:\/\/www.spky.fi\/wopr\/wp-json\/wp\/v2\/pages\/201\/revisions"}],"predecessor-version":[{"id":8561,"href":"https:\/\/www.spky.fi\/wopr\/wp-json\/wp\/v2\/pages\/201\/revisions\/8561"}],"up":[{"embeddable":true,"href":"https:\/\/www.spky.fi\/wopr\/wp-json\/wp\/v2\/pages\/199"}],"wp:attachment":[{"href":"https:\/\/www.spky.fi\/wopr\/wp-json\/wp\/v2\/media?parent=201"}],"curies":[{"name":"wp","href":"https:\/\/api.w.org\/{rel}","templated":true}]}}