{"id":2656,"date":"2021-04-30T11:52:11","date_gmt":"2021-04-30T11:52:11","guid":{"rendered":"https:\/\/www.spky.fi\/wopr\/?page_id=2656"},"modified":"2024-01-11T20:04:54","modified_gmt":"2024-01-11T20:04:54","slug":"lahtolistat-ja-tulokset-2021","status":"publish","type":"page","link":"https:\/\/www.spky.fi\/wopr\/kilpailu_asiat\/lahtolistat-ja-tulokset-2021\/","title":{"rendered":"L\u00e4ht\u00f6listat 2021"},"content":{"rendered":"\n<h2>L\u00e4ht\u00f6listat<\/h2>\n<p><a href=\"https:\/\/www.spky.fi\/wopr\/wp-content\/uploads\/2021\/10\/Lahtolistat-Pertteli-29.-31.10_perjantai.pdf\" target=\"_blank\" rel=\"noopener\">Pe 29.10. Pertteli, Minna Pukkila. 3-luokka Suomi Nursery<\/a>\u00a0<br \/><a href=\"https:\/\/www.spky.fi\/wopr\/wp-content\/uploads\/2021\/10\/Lahtolistat-Pertteli-29.-31.10_lauantai.pdf\" target=\"_blank\" rel=\"noopener\">La 30.10. Pertteli, Minna Pukkila. 3-luokka Suomi Nursery <br \/>sek\u00e4 3 lk t\u00e4ydennyskisa.<\/a><br \/><a href=\"https:\/\/www.spky.fi\/wopr\/wp-content\/uploads\/2021\/10\/Lahtolistat-Pertteli-29.-31.10_sunnuntai.pdf\" target=\"_blank\" rel=\"noopener\">Su 31.10. Pertteli, Minna Pukkila. 1-ja 2-luokka.<\/a><\/p>\n<p><a href=\"https:\/\/www.spky.fi\/wopr\/wp-content\/uploads\/2021\/10\/Kisaajatiedote-nautakisat-21.pdf\" target=\"_blank\" rel=\"noopener\">16.-17.10. 2-luokka, Vuoden nautamestaruus, lue kisaajatiedote t\u00e4st\u00e4!<\/a><br \/><a href=\"https:\/\/www.spky.fi\/wopr\/wp-content\/uploads\/2021\/10\/Ajo-ohje-nautakisat.pdf\" target=\"_blank\" rel=\"noopener\">Ajo-ohje kisapaikoille t\u00e4\u00e4ll\u00e4!<\/a><br \/>Huomaa, ett\u00e4 la-su l\u00e4ht\u00f6listoissa alkup\u00e4\u00e4n numerot kisaavat kyseisell\u00e4 tilalla lauantaina ja loppup\u00e4\u00e4n numerot sunnuntaina!<br \/><a href=\"https:\/\/www.spky.fi\/wopr\/wp-content\/uploads\/2021\/10\/Lahtolista-Nautakisat-Juva-16.-17.10.2021.pdf\" target=\"_blank\" rel=\"noopener\">La 16.10. aamup\u00e4iv\u00e4 Juva, Muumaa Heikki Teittinen<\/a><br \/><a href=\"https:\/\/www.spky.fi\/wopr\/wp-content\/uploads\/2021\/10\/Lahtolista-Nautakisat-Mikkeli-16.-17.10.2021.pdf\" target=\"_blank\" rel=\"noopener\">La 16.10. iltap\u00e4iv\u00e4 Mikkeli, Matti Tuhkalainen<\/a>\u00a0<br \/>Su 17.10. aamup\u00e4iv\u00e4 yht\u00e4 aikaa 12 Juva + 12 Mikkeli (kts. l\u00e4ht\u00f6lista lauantain kohdalla!)<br \/><a href=\"https:\/\/www.spky.fi\/wopr\/wp-content\/uploads\/2021\/10\/Lahtolista-Nautakisat-Juva-18.10.2021.pdf\" target=\"_blank\" rel=\"noopener\">Ma 18.10. Nauta 1-luokka, aamup\u00e4iv\u00e4 max 10 koiraa Juva.<\/a><br \/><a href=\"https:\/\/www.spky.fi\/wopr\/wp-content\/uploads\/2021\/10\/Lahtolista-Nautakisat-Mikkeli-18.10.2021.pdf\" target=\"_blank\" rel=\"noopener\">Ma 18.10. Nauta 1-luokka, iltap\u00e4iv\u00e4 max 10 koiraa Mikkeli.<\/a><\/p>\n<p><a href=\"https:\/\/www.spky.fi\/wopr\/wp-content\/uploads\/2021\/10\/Lahtolista-Rantasalmi-Maajoukkuekarsinta-9.-10.10.2021Lauantai.pdf\" target=\"_blank\" rel=\"noopener\">La 9.10. maajoukkueen karsintakisat Rantasalmi<\/a><br \/><a href=\"https:\/\/www.spky.fi\/wopr\/wp-content\/uploads\/2021\/10\/Lahtolista-Rantasalmi-Maajoukkuekarsinta-9.-10.10.2021sunnuntai.pdf\" target=\"_blank\" rel=\"noopener\">Su 10.10. maajoukkueen karsintakisat Rantasalmi<\/a><br \/><a href=\"https:\/\/www.spky.fi\/wopr\/wp-content\/uploads\/2021\/10\/Lahtolista-Taydennyskisa-Rantasalmi-9.-10.10_.pdf\" target=\"_blank\" rel=\"noopener\">La-su 9.-10.10. Rantasalmi, t\u00e4ydennyskisa<\/a><\/p>\n<p><a href=\"https:\/\/www.spky.fi\/wopr\/wp-content\/uploads\/2021\/09\/Lahtolista-Lempaala-18.-19.9.2021_lauantai.pdf\" target=\"_blank\" rel=\"noopener\">La 18.9. Lemp\u00e4\u00e4l\u00e4 1- ja 2-luokka<\/a><br \/><a href=\"https:\/\/www.spky.fi\/wopr\/wp-content\/uploads\/2021\/09\/Lahtolista-Lempaala-18.-19.9.2021_sunnuntai.pdf\" target=\"_blank\" rel=\"noopener\">Su 19.9. Lemp\u00e4\u00e4l\u00e4 1- ja 2-luokka<\/a><\/p>\n<p><a href=\"https:\/\/www.spky.fi\/wopr\/wp-content\/uploads\/2021\/09\/Lahtolista-SM-2021-Somero-10.-12.9_perjantai2.pdf\" target=\"_blank\" rel=\"noopener\">SM-2021 Somero 10.9. perjantai<\/a><br \/><a href=\"https:\/\/www.spky.fi\/wopr\/wp-content\/uploads\/2021\/09\/Lahtolista-SM-2021-Somero-10.-12.9_lauantai3.pdf\" target=\"_blank\" rel=\"noopener\">SM-2021 Somero 11.9. lauantai<\/a><br \/><a href=\"https:\/\/www.spky.fi\/wopr\/wp-content\/uploads\/2021\/09\/Lahtolista-SM-2021-Somero-10.-12.9_finaali-1.pdf\" target=\"_blank\" rel=\"noopener\">SM-2021 Somero 12.9. sunnuntai, finaali<\/a><\/p>\n<p><a href=\"https:\/\/www.spky.fi\/wopr\/wp-content\/uploads\/2021\/08\/Lahtolista-Tammisaari-28.-29.8.-2021_lauantai.pdf\" target=\"_blank\" rel=\"noopener\">La 28.8. Maajoukkueen karsintakisat Tammisaari, Annika Paarvio<\/a><br \/><a href=\"https:\/\/www.spky.fi\/wopr\/wp-content\/uploads\/2021\/08\/Lahtolista-Tammisaari-28.-29.8.-2021_sunnuntai.pdf\" target=\"_blank\" rel=\"noopener\">Su 29.8. Maajoukkueen karsintakisat Tammisaari, Annika Paarvio<\/a><\/p>\n<p><a href=\"https:\/\/www.spky.fi\/wopr\/wp-content\/uploads\/2021\/08\/Lahtolista-Halikko-21.8.2021_lauantai.pdf\" target=\"_blank\" rel=\"noopener\">La 21.8. Halikko, Peppi Laine 2lk kisat<\/a><\/p>\n<p><a href=\"https:\/\/www.spky.fi\/wopr\/wp-content\/uploads\/2021\/08\/Lahtolista-Halikko-15.-16.8.2021-sunnuntai.pdf\" target=\"_blank\" rel=\"noopener\">Su 15.8. Halikko, Peppi Laine<\/a><br \/><a href=\"https:\/\/www.spky.fi\/wopr\/wp-content\/uploads\/2021\/08\/Lahtolista-Halikko-15.-16.8.2021.pdf\" target=\"_blank\" rel=\"noopener\">Ma 16.8. Halikko, Peppi Laine<\/a><\/p>\n<p><a href=\"https:\/\/www.spky.fi\/wopr\/wp-content\/uploads\/2021\/08\/Lahtolista-Simpele-13.-14.8_perjantai_2.pdf\" target=\"_blank\" rel=\"noopener\">Pe 13.8. Simpele, Helena Pesonen<\/a><br \/><a href=\"https:\/\/www.spky.fi\/wopr\/wp-content\/uploads\/2021\/08\/Lahtolista-Simpele-13.-14.8_lauantai_2.pdf\" target=\"_blank\" rel=\"noopener\">La 14.8. Simpele, Helena Pesonen<\/a><br \/><a href=\"https:\/\/www.spky.fi\/wopr\/wp-content\/uploads\/2021\/08\/Lahtolista-Simpele-15.-16.8_sunnuntai.pdf\" target=\"_blank\" rel=\"noopener\">Su 15.8. Simpele, Hanna Repo 1- ja 2-luokka<\/a><br \/><a href=\"https:\/\/www.spky.fi\/wopr\/wp-content\/uploads\/2021\/08\/Lahtolista-Simpele-15.-16.8_maanantai.pdf\" target=\"_blank\" rel=\"noopener\">Ma 16.8. Simpele, Hanna Repo 1- ja 2-luokka<\/a><\/p>\n<p><a href=\"https:\/\/www.spky.fi\/wopr\/wp-content\/uploads\/2021\/07\/Lahtolista-lauantai-7.-8.8.-1-ja-2-luokan-mestaruudet-Kitee.pdf\" target=\"_blank\" rel=\"noopener\">La 7.8. 1- ja 2-luokan mestaruuskisat, Kitee, Minna Eronen<\/a><br \/><a href=\"https:\/\/www.spky.fi\/wopr\/wp-content\/uploads\/2021\/07\/Lahtolista-sunnuntai-7.-8.8.-1-ja-2-luokan-mestaruudet-Kitee.pdf\" target=\"_blank\" rel=\"noopener\">Su 8.8. 1- ja 2-luokan mestaruuskisat, Kitee, Minna Eronen<\/a><br \/><br \/><a href=\"https:\/\/www.spky.fi\/wopr\/wp-content\/uploads\/2021\/07\/Lahtolista-lauantai-31.7.-1.8.-Somero.pdf\" target=\"_blank\" rel=\"noopener\">La 31.7. Somero, Kotikosket luokat 2 ja 3<\/a><br \/><a href=\"https:\/\/www.spky.fi\/wopr\/wp-content\/uploads\/2021\/07\/Lahtolista-sunnuntai-31.7.-1.8.-Somero.pdf\" target=\"_blank\" rel=\"noopener\">Su 1.8. Somero, Kotikosket luokat 2 ja 3<\/a><\/p>\n<p><a href=\"https:\/\/www.spky.fi\/wopr\/wp-content\/uploads\/2021\/07\/Lahtolista-lauantai-24.-25.7.2021-Hankasalmi.pdf\" target=\"_blank\" rel=\"noopener\">La 24.7. Hankasalmi, Erik K\u00fchn ja Anniina Holopainen<\/a><br \/><a href=\"https:\/\/www.spky.fi\/wopr\/wp-content\/uploads\/2021\/07\/Lahtolista-sunnuntai-24.-25.7.2021-Hankasalmi.pdf\" target=\"_blank\" rel=\"noopener\">Su 25.7. Hankasalmi, Erik K\u00fchn ja Anniina Holopainen<\/a><\/p>\n<p><a href=\"https:\/\/www.spky.fi\/wopr\/wp-content\/uploads\/2021\/07\/Lahtolista-23.-25.7.-Oulainen_perjantai.pdf\" target=\"_blank\" rel=\"noopener\">Pe 23.7. Pohojanmaan Ouppen, Oulainen, Terhi K\u00e4lk\u00e4j\u00e4.\u00a0<\/a><br \/><a href=\"https:\/\/www.spky.fi\/wopr\/wp-content\/uploads\/2021\/07\/Lahtolista-23.-25.7.-Oulainen_lauantai.pdf\" target=\"_blank\" rel=\"noopener\">La 24.7. Pohojanmaan Ouppen, Oulainen, Terhi K\u00e4lk\u00e4j\u00e4<\/a><br \/><a href=\"https:\/\/www.spky.fi\/wopr\/wp-content\/uploads\/2021\/07\/Lahtolista-23.-25.7.-Oulainen_tilakoiraluokka.pdf\" target=\"_blank\" rel=\"noopener\">La 24.7. Pohojanmaan Ouppen, tilakoiraluokat<\/a><br \/><a href=\"https:\/\/www.spky.fi\/wopr\/wp-content\/uploads\/2021\/07\/Lahtolista-23.-25.7.-Oulainen_sunnuntai.pdf\" target=\"_blank\" rel=\"noopener\">Su 25.7. Pohojanmaan Ouppen, Oulainen, Terhi K\u00e4lk\u00e4j\u00e4<\/a><br \/><a href=\"https:\/\/www.spky.fi\/wopr\/wp-content\/uploads\/2021\/07\/Lahtolista-23.-25.7.-Oulainen-yhteistulokset-Pohojanmaa-Open.pdf\" target=\"_blank\" rel=\"noopener\">Pe-su 23.-25.7. Pohojanmaan Ouppen,\u00a0 yhteistulostaulukko<\/a><\/p>\n<p><a href=\"https:\/\/www.spky.fi\/wopr\/wp-content\/uploads\/2021\/07\/Lahtolista-Salo-10.-11.7_.pdf\" target=\"_blank\" rel=\"noopener\">La 10.7. Salo, Katja Suominen, 3-luokka<\/a><br \/><a href=\"https:\/\/www.spky.fi\/wopr\/wp-content\/uploads\/2021\/07\/Lahtolista-Salo-10.-11.7.-su-11.7..pdf\" target=\"_blank\" rel=\"noopener\">Su 11.7. Salo, Katja Suominen, 3-luokka<\/a><\/p>\n<p><a href=\"https:\/\/www.spky.fi\/wopr\/wp-content\/uploads\/2021\/06\/Lahtolista-Somero-3.-4.7_lauantai.pdf\" target=\"_blank\" rel=\"noopener\">La 3.7. Somero, Elisa ja Kari Kotikoski, 3-luokka<\/a><br \/><a href=\"https:\/\/www.spky.fi\/wopr\/wp-content\/uploads\/2021\/06\/Lahtolista-Somero-3.-4.7_sunnuntai.pdf\" target=\"_blank\" rel=\"noopener\">Su 4.7. Somero, Elisa ja Kari Kotikoski, 3-luokka<\/a><\/p>\n<p><a href=\"https:\/\/www.spky.fi\/wopr\/wp-content\/uploads\/2021\/06\/Lahtolista-Kitee-16.6.-3-luokka.pdf\" target=\"_blank\" rel=\"noopener\">Ke 16.6. Kitee, Minna Eronen, luokka 3<\/a>\u00a0<br \/><br \/><a href=\"https:\/\/www.spky.fi\/wopr\/wp-content\/uploads\/2021\/06\/Lahtolista-Somero-19.-20.6.-3-luokka-Lauantai.pdf\" target=\"_blank\" rel=\"noopener\">La 19.6. Somero, Elisa ja Kari Kotikoski, 3-luokka<\/a><br \/><a href=\"https:\/\/www.spky.fi\/wopr\/wp-content\/uploads\/2021\/06\/Lahtolista-Somero-19.-20.6.-3-luokka-sunnuntai.pdf\" target=\"_blank\" rel=\"noopener\">Su 20.6. Somero, Elisa ja Kari Kotikoski, 3-luokka<\/a><\/p>\n<p><a href=\"https:\/\/www.spky.fi\/wopr\/wp-content\/uploads\/2021\/06\/Lahtolista-9.6.-Kitee-3-ja-2-luokka.pdf\" target=\"_blank\" rel=\"noopener\">Ke 9.6. Kitee, Minna Eronen, luokat 3 ja 2<\/a><br \/><a href=\"https:\/\/www.spky.fi\/wopr\/wp-content\/uploads\/2021\/05\/Lahtolista-Kitee-2.6_.pdf\" target=\"_blank\" rel=\"noopener\">Ke 2.6. Kitee, Minna Eronen, luokat 1 ja 2<\/a><\/p>\n<p><a href=\"https:\/\/www.spky.fi\/wopr\/wp-content\/uploads\/2021\/05\/Lahtolista-Halikko-28.-29.5.2021-perjantai.pdf\" target=\"_blank\" rel=\"noopener\">Pe\u00a0 28.5.2021 Halikko, j\u00e4rj. Peppi Laine<\/a><br \/><a href=\"https:\/\/www.spky.fi\/wopr\/wp-content\/uploads\/2021\/05\/Lahtolista-Halikko-28.-29.5.2021-Lauantai-29.5.-1.pdf\" target=\"_blank\" rel=\"noopener\">La 29.5.2021 Halikko, j\u00e4rj. Peppi Laine<\/a><\/p>\n<p><a href=\"https:\/\/www.spky.fi\/wopr\/wp-content\/uploads\/2021\/05\/Lahtolista-Kitee-26.5.-26.5.2021.pdf\" target=\"_blank\" rel=\"noopener\">Ke 26.5.2021 Kitee, j\u00e4rj. Minna Eronen<\/a><\/p>\n<p><a href=\"https:\/\/www.spky.fi\/wopr\/wp-content\/uploads\/2021\/05\/Lahtolista-22.-23.5.-2021-Tammisaari-lauantai-22.5..pdf\" target=\"_blank\" rel=\"noopener\">La\u00a0 22.5. Tammisaari, j\u00e4rj. Annika Paarvio, 3-luokka<\/a><br \/><a href=\"https:\/\/www.spky.fi\/wopr\/wp-content\/uploads\/2021\/05\/Lahtolista-22.-23.5.-2021-Tammisaari.pdf\" target=\"_blank\" rel=\"noopener\">Su\u00a0 23.5. Tammisaari, j\u00e4rj. Annika Paarvio, 3-luokka<\/a><\/p>\n<p><a href=\"https:\/\/www.spky.fi\/wopr\/wp-content\/uploads\/2021\/05\/Lahtolista-19.5.-Kitee-1-ja-2-luokka.pdf\" target=\"_blank\" rel=\"noopener\">Ke 19.5. Kitee, Minna Eronen, luokat 1 ja 2<\/a><\/p>\n<p><a href=\"https:\/\/www.spky.fi\/wopr\/wp-content\/uploads\/2021\/05\/Lahtolistat-13.-14.5.-Minna-Eronen-Kitee-Torstai-13.5..pdf\" target=\"_blank\" rel=\"noopener\">To 13.5. Kitee,\u00a0Minna Eronen, luokat 2 ja 3<\/a>\u00a0<br \/><a href=\"https:\/\/www.spky.fi\/wopr\/wp-content\/uploads\/2021\/05\/Lahtolistat-13.-14.5.-Minna-Eronen-Kitee-Perjantai-14.5.-.pdf\" target=\"_blank\" rel=\"noopener\">Pe 14.5. Kitee, Minna Eronen, luokat 2 ja 3<\/a><\/p>\n<p><a href=\"https:\/\/www.spky.fi\/wopr\/wp-content\/uploads\/2021\/05\/Lahtolistat-11.-12.5.-Putkisalo-tiistai-11.5.-2.pdf\" target=\"_blank\" rel=\"noopener\">Ti 11.5. Rantasalmi, Putkisalo, j\u00e4rj. Anja Lehti\u00f6, 3-luokka.<\/a><br \/><a href=\"https:\/\/www.spky.fi\/wopr\/wp-content\/uploads\/2021\/05\/Lahtolistat-11.-12.5.-Putkisalo-keskiviikko-12.5.-2.pdf\" target=\"_blank\" rel=\"noopener\">Ke 12.5. Rantasalmi, Putkisalo, j\u00e4rj. Anja Lehti\u00f6, 3-luokka.\u00a0\u00a0<\/a><\/p>\n<p><a href=\"https:\/\/www.spky.fi\/wopr\/wp-content\/uploads\/2021\/05\/Lahtolista-2-luokka-Putkisalo-11.-12.5_tiistai.pdf\" target=\"_blank\" rel=\"noopener\">Ti 11.5. Rantasalmi, Putkisalo, j\u00e4rj. Anja Lehti\u00f6, 2-luokka<\/a><br \/><a href=\"https:\/\/www.spky.fi\/wopr\/wp-content\/uploads\/2021\/05\/Lahtolista-2-luokka-Putkisalo-11.-12.5.-lahtolista-2-luokka-12.5.-keskiviikko.pdf\" target=\"_blank\" rel=\"noopener\">Ke 12.5. Rantasalmi, Putkisalo, j\u00e4rj. Anja Lehti\u00f6, 2-luokka\u00a0<\/a><br \/><br \/><a href=\"https:\/\/www.spky.fi\/wopr\/wp-content\/uploads\/2021\/05\/Lahtolista-Halikko-2.-3.5.-sunnuntai-2.5.-Halikko-1.pdf\" target=\"_blank\" rel=\"noopener\">Su 2.5. Salo, Mikkolan tila, Peppi Laine. 3-luokka<\/a><br \/><a href=\"https:\/\/www.spky.fi\/wopr\/wp-content\/uploads\/2021\/05\/Lahtolista-Halikko-2.-3.5.-maanantai-3.5.-Halikko-1.pdf\" target=\"_blank\" rel=\"noopener\">Ma 3.5. Salo, Mikkolan tila, Peppi Laine. 3-luokka\u00a0<\/a><\/p>\n<h2>Tulokset<\/h2>\n<p>Uuden kilpailuj\u00e4rjestelm\u00e4n valmistumista odotellessa tulokset julkaistaan kilpailun j\u00e4lkeen kuvana SPKY:n Facebook-sivulla osoitteessa:<br \/><a href=\"https:\/\/www.facebook.com\/SuomenPaimenkoirayhdistys\" target=\"_blank\" rel=\"noopener\">https:\/\/www.facebook.com\/SuomenPaimenkoirayhdistys<\/a><br \/>tai SPKY:n Facebook-ryhm\u00e4ss\u00e4 osoitteessa:<br \/><a href=\"https:\/\/www.facebook.com\/groups\/250780659345021\" target=\"_blank\" rel=\"noopener\">https:\/\/www.facebook.com\/groups\/250780659345021<\/a><\/p>\n<h2>Tulokset 2020 ja vanhemmat<\/h2>\n<p>Vanhat tulokset <a href=\"https:\/\/www.spky.fi\/kannantestaus\/kisat\/\" target=\"_blank\" rel=\"noopener\">l\u00f6ytyv\u00e4t vanhasta tietokannasta.<\/a><\/p>\n","protected":false},"excerpt":{"rendered":"<p>L\u00e4ht\u00f6listat Pe 29.10. Pertteli, Minna Pukkila. 3-luokka Suomi Nursery\u00a0La 30.10. Pertteli, Minna Pukkila. 3-luokka Suomi Nursery sek\u00e4 3 lk t\u00e4ydennyskisa.Su 31.10. Pertteli, Minna Pukkila. 1-ja 2-luokka. 16.-17.10. 2-luokka, Vuoden nautamestaruus, lue kisaajatiedote t\u00e4st\u00e4!Ajo-ohje kisapaikoille t\u00e4\u00e4ll\u00e4!Huomaa, ett\u00e4 la-su l\u00e4ht\u00f6listoissa alkup\u00e4\u00e4n numerot kisaavat kyseisell\u00e4 tilalla lauantaina ja loppup\u00e4\u00e4n numerot sunnuntaina!La 16.10. aamup\u00e4iv\u00e4 Juva, Muumaa Heikki TeittinenLa 16.10. &hellip; <a href=\"https:\/\/www.spky.fi\/wopr\/kilpailu_asiat\/lahtolistat-ja-tulokset-2021\/\" class=\"more-link\">Jatka lukemista <span class=\"screen-reader-text\">L\u00e4ht\u00f6listat 2021<\/span> <span class=\"meta-nav\">&rarr;<\/span><\/a><\/p>\n","protected":false},"author":2,"featured_media":0,"parent":196,"menu_order":0,"comment_status":"closed","ping_status":"closed","template":"","meta":{"jetpack_post_was_ever_published":false,"footnotes":""},"class_list":["post-2656","page","type-page","status-publish","hentry"],"yoast_head":"<!-- This site is optimized with the Yoast SEO plugin v27.5 - https:\/\/yoast.com\/product\/yoast-seo-wordpress\/ -->\n<title>L\u00e4ht\u00f6listat 2021 - Suomen Paimenkoirayhdistys ry<\/title>\n<meta name=\"robots\" content=\"index, follow, max-snippet:-1, max-image-preview:large, max-video-preview:-1\" \/>\n<link rel=\"canonical\" href=\"https:\/\/www.spky.fi\/wopr\/kilpailu_asiat\/lahtolistat-ja-tulokset-2021\/\" \/>\n<meta property=\"og:locale\" content=\"fi_FI\" \/>\n<meta property=\"og:type\" content=\"article\" \/>\n<meta property=\"og:title\" content=\"L\u00e4ht\u00f6listat 2021 - Suomen Paimenkoirayhdistys ry\" \/>\n<meta property=\"og:description\" content=\"L\u00e4ht\u00f6listat Pe 29.10. Pertteli, Minna Pukkila. 3-luokka Suomi Nursery\u00a0La 30.10. Pertteli, Minna Pukkila. 3-luokka Suomi Nursery sek\u00e4 3 lk t\u00e4ydennyskisa.Su 31.10. Pertteli, Minna Pukkila. 1-ja 2-luokka. 16.-17.10. 2-luokka, Vuoden nautamestaruus, lue kisaajatiedote t\u00e4st\u00e4!Ajo-ohje kisapaikoille t\u00e4\u00e4ll\u00e4!Huomaa, ett\u00e4 la-su l\u00e4ht\u00f6listoissa alkup\u00e4\u00e4n numerot kisaavat kyseisell\u00e4 tilalla lauantaina ja loppup\u00e4\u00e4n numerot sunnuntaina!La 16.10. aamup\u00e4iv\u00e4 Juva, Muumaa Heikki TeittinenLa 16.10. &hellip; Jatka lukemista L\u00e4ht\u00f6listat 2021 &rarr;\" \/>\n<meta property=\"og:url\" content=\"https:\/\/www.spky.fi\/wopr\/kilpailu_asiat\/lahtolistat-ja-tulokset-2021\/\" \/>\n<meta property=\"og:site_name\" content=\"Suomen Paimenkoirayhdistys ry\" \/>\n<meta property=\"article:publisher\" content=\"https:\/\/www.facebook.com\/SuomenPaimenkoirayhdistys\" \/>\n<meta property=\"article:modified_time\" content=\"2024-01-11T20:04:54+00:00\" \/>\n<meta name=\"twitter:card\" content=\"summary_large_image\" \/>\n<meta name=\"twitter:label1\" content=\"Arvioitu lukuaika\" \/>\n\t<meta name=\"twitter:data1\" content=\"2 minuuttia\" \/>\n<script type=\"application\/ld+json\" class=\"yoast-schema-graph\">{\"@context\":\"https:\\\/\\\/schema.org\",\"@graph\":[{\"@type\":\"WebPage\",\"@id\":\"https:\\\/\\\/www.spky.fi\\\/wopr\\\/kilpailu_asiat\\\/lahtolistat-ja-tulokset-2021\\\/\",\"url\":\"https:\\\/\\\/www.spky.fi\\\/wopr\\\/kilpailu_asiat\\\/lahtolistat-ja-tulokset-2021\\\/\",\"name\":\"L\u00e4ht\u00f6listat 2021 - Suomen Paimenkoirayhdistys ry\",\"isPartOf\":{\"@id\":\"https:\\\/\\\/www.spky.fi\\\/wopr\\\/#website\"},\"datePublished\":\"2021-04-30T11:52:11+00:00\",\"dateModified\":\"2024-01-11T20:04:54+00:00\",\"breadcrumb\":{\"@id\":\"https:\\\/\\\/www.spky.fi\\\/wopr\\\/kilpailu_asiat\\\/lahtolistat-ja-tulokset-2021\\\/#breadcrumb\"},\"inLanguage\":\"fi\",\"potentialAction\":[{\"@type\":\"ReadAction\",\"target\":[\"https:\\\/\\\/www.spky.fi\\\/wopr\\\/kilpailu_asiat\\\/lahtolistat-ja-tulokset-2021\\\/\"]}]},{\"@type\":\"BreadcrumbList\",\"@id\":\"https:\\\/\\\/www.spky.fi\\\/wopr\\\/kilpailu_asiat\\\/lahtolistat-ja-tulokset-2021\\\/#breadcrumb\",\"itemListElement\":[{\"@type\":\"ListItem\",\"position\":1,\"name\":\"Etusivu\",\"item\":\"https:\\\/\\\/www.spky.fi\\\/wopr\\\/\"},{\"@type\":\"ListItem\",\"position\":2,\"name\":\"kilpailuasiat\",\"item\":\"https:\\\/\\\/www.spky.fi\\\/wopr\\\/kilpailu_asiat\\\/\"},{\"@type\":\"ListItem\",\"position\":3,\"name\":\"L\u00e4ht\u00f6listat 2021\"}]},{\"@type\":\"WebSite\",\"@id\":\"https:\\\/\\\/www.spky.fi\\\/wopr\\\/#website\",\"url\":\"https:\\\/\\\/www.spky.fi\\\/wopr\\\/\",\"name\":\"Suomen Paimenkoirayhdistys ry\",\"description\":\"Suomen Paimenkoirayhdistys edist&auml;&auml; paimenkoirien ty&ouml;k&auml;ytt&ouml;&auml;. Yhdistys auttaa paimenkoirakurssien, harjoitusten, kilpailujen ja n&auml;yt&ouml;sten j&auml;rjest&auml;misess&auml;.\",\"publisher\":{\"@id\":\"https:\\\/\\\/www.spky.fi\\\/wopr\\\/#organization\"},\"potentialAction\":[{\"@type\":\"SearchAction\",\"target\":{\"@type\":\"EntryPoint\",\"urlTemplate\":\"https:\\\/\\\/www.spky.fi\\\/wopr\\\/?s={search_term_string}\"},\"query-input\":{\"@type\":\"PropertyValueSpecification\",\"valueRequired\":true,\"valueName\":\"search_term_string\"}}],\"inLanguage\":\"fi\"},{\"@type\":\"Organization\",\"@id\":\"https:\\\/\\\/www.spky.fi\\\/wopr\\\/#organization\",\"name\":\"Suomen Paimenkoirayhdistys ry\",\"url\":\"https:\\\/\\\/www.spky.fi\\\/wopr\\\/\",\"logo\":{\"@type\":\"ImageObject\",\"inLanguage\":\"fi\",\"@id\":\"https:\\\/\\\/www.spky.fi\\\/wopr\\\/#\\\/schema\\\/logo\\\/image\\\/\",\"url\":\"https:\\\/\\\/www.spky.fi\\\/wopr\\\/wp-content\\\/uploads\\\/2024\\\/06\\\/SPKY_MUVA_PNG.png\",\"contentUrl\":\"https:\\\/\\\/www.spky.fi\\\/wopr\\\/wp-content\\\/uploads\\\/2024\\\/06\\\/SPKY_MUVA_PNG.png\",\"width\":3201,\"height\":3126,\"caption\":\"Suomen Paimenkoirayhdistys ry\"},\"image\":{\"@id\":\"https:\\\/\\\/www.spky.fi\\\/wopr\\\/#\\\/schema\\\/logo\\\/image\\\/\"},\"sameAs\":[\"https:\\\/\\\/www.facebook.com\\\/SuomenPaimenkoirayhdistys\"]}]}<\/script>\n<!-- \/ Yoast SEO plugin. -->","yoast_head_json":{"title":"L\u00e4ht\u00f6listat 2021 - Suomen Paimenkoirayhdistys ry","robots":{"index":"index","follow":"follow","max-snippet":"max-snippet:-1","max-image-preview":"max-image-preview:large","max-video-preview":"max-video-preview:-1"},"canonical":"https:\/\/www.spky.fi\/wopr\/kilpailu_asiat\/lahtolistat-ja-tulokset-2021\/","og_locale":"fi_FI","og_type":"article","og_title":"L\u00e4ht\u00f6listat 2021 - Suomen Paimenkoirayhdistys ry","og_description":"L\u00e4ht\u00f6listat Pe 29.10. Pertteli, Minna Pukkila. 3-luokka Suomi Nursery\u00a0La 30.10. Pertteli, Minna Pukkila. 3-luokka Suomi Nursery sek\u00e4 3 lk t\u00e4ydennyskisa.Su 31.10. Pertteli, Minna Pukkila. 1-ja 2-luokka. 16.-17.10. 2-luokka, Vuoden nautamestaruus, lue kisaajatiedote t\u00e4st\u00e4!Ajo-ohje kisapaikoille t\u00e4\u00e4ll\u00e4!Huomaa, ett\u00e4 la-su l\u00e4ht\u00f6listoissa alkup\u00e4\u00e4n numerot kisaavat kyseisell\u00e4 tilalla lauantaina ja loppup\u00e4\u00e4n numerot sunnuntaina!La 16.10. aamup\u00e4iv\u00e4 Juva, Muumaa Heikki TeittinenLa 16.10. &hellip; Jatka lukemista L\u00e4ht\u00f6listat 2021 &rarr;","og_url":"https:\/\/www.spky.fi\/wopr\/kilpailu_asiat\/lahtolistat-ja-tulokset-2021\/","og_site_name":"Suomen Paimenkoirayhdistys ry","article_publisher":"https:\/\/www.facebook.com\/SuomenPaimenkoirayhdistys","article_modified_time":"2024-01-11T20:04:54+00:00","twitter_card":"summary_large_image","twitter_misc":{"Arvioitu lukuaika":"2 minuuttia"},"schema":{"@context":"https:\/\/schema.org","@graph":[{"@type":"WebPage","@id":"https:\/\/www.spky.fi\/wopr\/kilpailu_asiat\/lahtolistat-ja-tulokset-2021\/","url":"https:\/\/www.spky.fi\/wopr\/kilpailu_asiat\/lahtolistat-ja-tulokset-2021\/","name":"L\u00e4ht\u00f6listat 2021 - Suomen Paimenkoirayhdistys ry","isPartOf":{"@id":"https:\/\/www.spky.fi\/wopr\/#website"},"datePublished":"2021-04-30T11:52:11+00:00","dateModified":"2024-01-11T20:04:54+00:00","breadcrumb":{"@id":"https:\/\/www.spky.fi\/wopr\/kilpailu_asiat\/lahtolistat-ja-tulokset-2021\/#breadcrumb"},"inLanguage":"fi","potentialAction":[{"@type":"ReadAction","target":["https:\/\/www.spky.fi\/wopr\/kilpailu_asiat\/lahtolistat-ja-tulokset-2021\/"]}]},{"@type":"BreadcrumbList","@id":"https:\/\/www.spky.fi\/wopr\/kilpailu_asiat\/lahtolistat-ja-tulokset-2021\/#breadcrumb","itemListElement":[{"@type":"ListItem","position":1,"name":"Etusivu","item":"https:\/\/www.spky.fi\/wopr\/"},{"@type":"ListItem","position":2,"name":"kilpailuasiat","item":"https:\/\/www.spky.fi\/wopr\/kilpailu_asiat\/"},{"@type":"ListItem","position":3,"name":"L\u00e4ht\u00f6listat 2021"}]},{"@type":"WebSite","@id":"https:\/\/www.spky.fi\/wopr\/#website","url":"https:\/\/www.spky.fi\/wopr\/","name":"Suomen Paimenkoirayhdistys ry","description":"Suomen Paimenkoirayhdistys edist&auml;&auml; paimenkoirien ty&ouml;k&auml;ytt&ouml;&auml;. Yhdistys auttaa paimenkoirakurssien, harjoitusten, kilpailujen ja n&auml;yt&ouml;sten j&auml;rjest&auml;misess&auml;.","publisher":{"@id":"https:\/\/www.spky.fi\/wopr\/#organization"},"potentialAction":[{"@type":"SearchAction","target":{"@type":"EntryPoint","urlTemplate":"https:\/\/www.spky.fi\/wopr\/?s={search_term_string}"},"query-input":{"@type":"PropertyValueSpecification","valueRequired":true,"valueName":"search_term_string"}}],"inLanguage":"fi"},{"@type":"Organization","@id":"https:\/\/www.spky.fi\/wopr\/#organization","name":"Suomen Paimenkoirayhdistys ry","url":"https:\/\/www.spky.fi\/wopr\/","logo":{"@type":"ImageObject","inLanguage":"fi","@id":"https:\/\/www.spky.fi\/wopr\/#\/schema\/logo\/image\/","url":"https:\/\/www.spky.fi\/wopr\/wp-content\/uploads\/2024\/06\/SPKY_MUVA_PNG.png","contentUrl":"https:\/\/www.spky.fi\/wopr\/wp-content\/uploads\/2024\/06\/SPKY_MUVA_PNG.png","width":3201,"height":3126,"caption":"Suomen Paimenkoirayhdistys ry"},"image":{"@id":"https:\/\/www.spky.fi\/wopr\/#\/schema\/logo\/image\/"},"sameAs":["https:\/\/www.facebook.com\/SuomenPaimenkoirayhdistys"]}]}},"jetpack_sharing_enabled":true,"jetpack_shortlink":"https:\/\/wp.me\/PaLGv4-GQ","_links":{"self":[{"href":"https:\/\/www.spky.fi\/wopr\/wp-json\/wp\/v2\/pages\/2656","targetHints":{"allow":["GET"]}}],"collection":[{"href":"https:\/\/www.spky.fi\/wopr\/wp-json\/wp\/v2\/pages"}],"about":[{"href":"https:\/\/www.spky.fi\/wopr\/wp-json\/wp\/v2\/types\/page"}],"author":[{"embeddable":true,"href":"https:\/\/www.spky.fi\/wopr\/wp-json\/wp\/v2\/users\/2"}],"replies":[{"embeddable":true,"href":"https:\/\/www.spky.fi\/wopr\/wp-json\/wp\/v2\/comments?post=2656"}],"version-history":[{"count":72,"href":"https:\/\/www.spky.fi\/wopr\/wp-json\/wp\/v2\/pages\/2656\/revisions"}],"predecessor-version":[{"id":5831,"href":"https:\/\/www.spky.fi\/wopr\/wp-json\/wp\/v2\/pages\/2656\/revisions\/5831"}],"up":[{"embeddable":true,"href":"https:\/\/www.spky.fi\/wopr\/wp-json\/wp\/v2\/pages\/196"}],"wp:attachment":[{"href":"https:\/\/www.spky.fi\/wopr\/wp-json\/wp\/v2\/media?parent=2656"}],"curies":[{"name":"wp","href":"https:\/\/api.w.org\/{rel}","templated":true}]}}