{"id":268,"date":"2018-02-28T09:25:54","date_gmt":"2018-02-28T09:25:54","guid":{"rendered":"http:\/\/www.spky.fi\/wopr\/?page_id=268"},"modified":"2026-04-19T10:21:06","modified_gmt":"2026-04-19T10:21:06","slug":"jasenlehti","status":"publish","type":"page","link":"https:\/\/www.spky.fi\/wopr\/jasenlehti\/","title":{"rendered":"J\u00e4senlehti"},"content":{"rendered":"<p>Suomen Paimenkoirayhdistys julkaisee nelj\u00e4 kertaa vuodessa ilmestyv\u00e4\u00e4 Paimenposti-j\u00e4senlehte\u00e4. Paimenposti ilmestyy seuraavasti:<\/p>\n<table border=\"0\">\n<tbody>\n<tr>\n<td align=\"center\"><strong>Numero<br \/>\n<\/strong><\/td>\n<td align=\"left\"><strong>Ilmestymisaika<\/strong><\/td>\n<td align=\"center\"><strong>Aineistot toimitukselle viimeist\u00e4\u00e4n<\/strong><\/td>\n<\/tr>\n<tr>\n<td style=\"text-align: center;\" align=\"center\">1<\/td>\n<td align=\"left\">maaliskuun puoliv\u00e4liss\u00e4<\/td>\n<td style=\"text-align: center;\" align=\"center\">15.2.<\/td>\n<\/tr>\n<tr>\n<td style=\"text-align: center;\" align=\"center\">2<\/td>\n<td align=\"left\">kes\u00e4kuun puoliv\u00e4liss\u00e4<\/td>\n<td style=\"text-align: center;\" align=\"center\">15.5.<\/td>\n<\/tr>\n<tr>\n<td style=\"text-align: center;\" align=\"center\">3<\/td>\n<td align=\"left\">syyskuun puoliv\u00e4liss\u00e4<\/td>\n<td style=\"text-align: center;\" align=\"center\">15.8.<\/td>\n<\/tr>\n<tr>\n<td style=\"text-align: center;\">4<\/td>\n<td>joulukuun puoliv\u00e4liss\u00e4<\/td>\n<td style=\"text-align: center;\">15.11.<\/td>\n<\/tr>\n<\/tbody>\n<\/table>\n<p>Lehti postitetaan vain j\u00e4senmaksun maksaneille j\u00e4senille. J\u00e4senmaksuasioissa ja osoitteenmuutoksissa ota yhteytt\u00e4 j\u00e4sensihteeriin, jonka yhteystiedot l\u00f6ytyv\u00e4t\u00a0<a href=\"https:\/\/www.spky.fi\/wopr\/yhteystiedot\/\">yhteystietosivulta.<\/a><\/p>\n<p>Lehteen tarkoitettu juttu- ja kuvamateriaali toimitetaan toimituksen s\u00e4hk\u00f6postiosoitteeseen paimenposti(at)gmail.com.<\/p>\n<p><strong>Mainokset ja ilmoitukset<\/strong><\/p>\n<div>Paimenpostin mainoshinnat (kaikilla sivuilla v\u00e4ri) ovat seuraavat:<\/div>\n<div>\u00a0<\/div>\n<div>J\u00e4sen 1\/4 50 euroa, 1\/2 100 euroa ja 1\/1 sivu 200 euroa<\/div>\n<div>Ei-j\u00e4sen 1\/4 80 euroa, 1\/2 150 euroa ja 1\/1 sivu 300 euroa<\/div>\n<div>\u00a0<\/div>\n<div><a href=\"https:\/\/www.spky.fi\/wopr\/wp-content\/uploads\/2024\/06\/Ilmoituskoot-PP-2024.pdf\" target=\"_blank\" rel=\"noopener\">Paimenpostin ilmoituskoot (pdf).<\/a><\/div>\n<div>\u00a0<\/div>\n","protected":false},"excerpt":{"rendered":"<p>Suomen Paimenkoirayhdistys julkaisee nelj\u00e4 kertaa vuodessa ilmestyv\u00e4\u00e4 Paimenposti-j\u00e4senlehte\u00e4. Paimenposti ilmestyy seuraavasti: Numero Ilmestymisaika Aineistot toimitukselle viimeist\u00e4\u00e4n 1 maaliskuun puoliv\u00e4liss\u00e4 15.2. 2 kes\u00e4kuun puoliv\u00e4liss\u00e4 15.5. 3 syyskuun puoliv\u00e4liss\u00e4 15.8. 4 joulukuun puoliv\u00e4liss\u00e4 15.11. Lehti postitetaan vain j\u00e4senmaksun maksaneille j\u00e4senille. J\u00e4senmaksuasioissa ja osoitteenmuutoksissa ota yhteytt\u00e4 j\u00e4sensihteeriin, jonka yhteystiedot l\u00f6ytyv\u00e4t\u00a0yhteystietosivulta. Lehteen tarkoitettu juttu- ja kuvamateriaali toimitetaan toimituksen s\u00e4hk\u00f6postiosoitteeseen &hellip; <a href=\"https:\/\/www.spky.fi\/wopr\/jasenlehti\/\" class=\"more-link\">Jatka lukemista <span class=\"screen-reader-text\">J\u00e4senlehti<\/span> <span class=\"meta-nav\">&rarr;<\/span><\/a><\/p>\n","protected":false},"author":1,"featured_media":0,"parent":0,"menu_order":0,"comment_status":"closed","ping_status":"closed","template":"","meta":{"jetpack_post_was_ever_published":false,"footnotes":""},"class_list":["post-268","page","type-page","status-publish","hentry"],"yoast_head":"<!-- This site is optimized with the Yoast SEO plugin v27.5 - https:\/\/yoast.com\/product\/yoast-seo-wordpress\/ -->\n<title>J\u00e4senlehti - Suomen Paimenkoirayhdistys ry<\/title>\n<meta name=\"robots\" content=\"index, follow, max-snippet:-1, max-image-preview:large, max-video-preview:-1\" \/>\n<link rel=\"canonical\" href=\"https:\/\/www.spky.fi\/wopr\/jasenlehti\/\" \/>\n<meta property=\"og:locale\" content=\"fi_FI\" \/>\n<meta property=\"og:type\" content=\"article\" \/>\n<meta property=\"og:title\" content=\"J\u00e4senlehti - Suomen Paimenkoirayhdistys ry\" \/>\n<meta property=\"og:description\" content=\"Suomen Paimenkoirayhdistys julkaisee nelj\u00e4 kertaa vuodessa ilmestyv\u00e4\u00e4 Paimenposti-j\u00e4senlehte\u00e4. Paimenposti ilmestyy seuraavasti: Numero Ilmestymisaika Aineistot toimitukselle viimeist\u00e4\u00e4n 1 maaliskuun puoliv\u00e4liss\u00e4 15.2. 2 kes\u00e4kuun puoliv\u00e4liss\u00e4 15.5. 3 syyskuun puoliv\u00e4liss\u00e4 15.8. 4 joulukuun puoliv\u00e4liss\u00e4 15.11. Lehti postitetaan vain j\u00e4senmaksun maksaneille j\u00e4senille. J\u00e4senmaksuasioissa ja osoitteenmuutoksissa ota yhteytt\u00e4 j\u00e4sensihteeriin, jonka yhteystiedot l\u00f6ytyv\u00e4t\u00a0yhteystietosivulta. Lehteen tarkoitettu juttu- ja kuvamateriaali toimitetaan toimituksen s\u00e4hk\u00f6postiosoitteeseen &hellip; Jatka lukemista J\u00e4senlehti &rarr;\" \/>\n<meta property=\"og:url\" content=\"https:\/\/www.spky.fi\/wopr\/jasenlehti\/\" \/>\n<meta property=\"og:site_name\" content=\"Suomen Paimenkoirayhdistys ry\" \/>\n<meta property=\"article:publisher\" content=\"https:\/\/www.facebook.com\/SuomenPaimenkoirayhdistys\" \/>\n<meta property=\"article:modified_time\" content=\"2026-04-19T10:21:06+00:00\" \/>\n<meta name=\"twitter:card\" content=\"summary_large_image\" \/>\n<meta name=\"twitter:label1\" content=\"Arvioitu lukuaika\" \/>\n\t<meta name=\"twitter:data1\" content=\"1 minuutti\" \/>\n<script type=\"application\/ld+json\" class=\"yoast-schema-graph\">{\"@context\":\"https:\\\/\\\/schema.org\",\"@graph\":[{\"@type\":\"WebPage\",\"@id\":\"https:\\\/\\\/www.spky.fi\\\/wopr\\\/jasenlehti\\\/\",\"url\":\"https:\\\/\\\/www.spky.fi\\\/wopr\\\/jasenlehti\\\/\",\"name\":\"J\u00e4senlehti - Suomen Paimenkoirayhdistys ry\",\"isPartOf\":{\"@id\":\"https:\\\/\\\/www.spky.fi\\\/wopr\\\/#website\"},\"datePublished\":\"2018-02-28T09:25:54+00:00\",\"dateModified\":\"2026-04-19T10:21:06+00:00\",\"breadcrumb\":{\"@id\":\"https:\\\/\\\/www.spky.fi\\\/wopr\\\/jasenlehti\\\/#breadcrumb\"},\"inLanguage\":\"fi\",\"potentialAction\":[{\"@type\":\"ReadAction\",\"target\":[\"https:\\\/\\\/www.spky.fi\\\/wopr\\\/jasenlehti\\\/\"]}]},{\"@type\":\"BreadcrumbList\",\"@id\":\"https:\\\/\\\/www.spky.fi\\\/wopr\\\/jasenlehti\\\/#breadcrumb\",\"itemListElement\":[{\"@type\":\"ListItem\",\"position\":1,\"name\":\"Etusivu\",\"item\":\"https:\\\/\\\/www.spky.fi\\\/wopr\\\/\"},{\"@type\":\"ListItem\",\"position\":2,\"name\":\"J\u00e4senlehti\"}]},{\"@type\":\"WebSite\",\"@id\":\"https:\\\/\\\/www.spky.fi\\\/wopr\\\/#website\",\"url\":\"https:\\\/\\\/www.spky.fi\\\/wopr\\\/\",\"name\":\"Suomen Paimenkoirayhdistys ry\",\"description\":\"Suomen Paimenkoirayhdistys edist&auml;&auml; paimenkoirien ty&ouml;k&auml;ytt&ouml;&auml;. Yhdistys auttaa paimenkoirakurssien, harjoitusten, kilpailujen ja n&auml;yt&ouml;sten j&auml;rjest&auml;misess&auml;.\",\"publisher\":{\"@id\":\"https:\\\/\\\/www.spky.fi\\\/wopr\\\/#organization\"},\"potentialAction\":[{\"@type\":\"SearchAction\",\"target\":{\"@type\":\"EntryPoint\",\"urlTemplate\":\"https:\\\/\\\/www.spky.fi\\\/wopr\\\/?s={search_term_string}\"},\"query-input\":{\"@type\":\"PropertyValueSpecification\",\"valueRequired\":true,\"valueName\":\"search_term_string\"}}],\"inLanguage\":\"fi\"},{\"@type\":\"Organization\",\"@id\":\"https:\\\/\\\/www.spky.fi\\\/wopr\\\/#organization\",\"name\":\"Suomen Paimenkoirayhdistys ry\",\"url\":\"https:\\\/\\\/www.spky.fi\\\/wopr\\\/\",\"logo\":{\"@type\":\"ImageObject\",\"inLanguage\":\"fi\",\"@id\":\"https:\\\/\\\/www.spky.fi\\\/wopr\\\/#\\\/schema\\\/logo\\\/image\\\/\",\"url\":\"https:\\\/\\\/www.spky.fi\\\/wopr\\\/wp-content\\\/uploads\\\/2024\\\/06\\\/SPKY_MUVA_PNG.png\",\"contentUrl\":\"https:\\\/\\\/www.spky.fi\\\/wopr\\\/wp-content\\\/uploads\\\/2024\\\/06\\\/SPKY_MUVA_PNG.png\",\"width\":3201,\"height\":3126,\"caption\":\"Suomen Paimenkoirayhdistys ry\"},\"image\":{\"@id\":\"https:\\\/\\\/www.spky.fi\\\/wopr\\\/#\\\/schema\\\/logo\\\/image\\\/\"},\"sameAs\":[\"https:\\\/\\\/www.facebook.com\\\/SuomenPaimenkoirayhdistys\"]}]}<\/script>\n<!-- \/ Yoast SEO plugin. -->","yoast_head_json":{"title":"J\u00e4senlehti - Suomen Paimenkoirayhdistys ry","robots":{"index":"index","follow":"follow","max-snippet":"max-snippet:-1","max-image-preview":"max-image-preview:large","max-video-preview":"max-video-preview:-1"},"canonical":"https:\/\/www.spky.fi\/wopr\/jasenlehti\/","og_locale":"fi_FI","og_type":"article","og_title":"J\u00e4senlehti - Suomen Paimenkoirayhdistys ry","og_description":"Suomen Paimenkoirayhdistys julkaisee nelj\u00e4 kertaa vuodessa ilmestyv\u00e4\u00e4 Paimenposti-j\u00e4senlehte\u00e4. Paimenposti ilmestyy seuraavasti: Numero Ilmestymisaika Aineistot toimitukselle viimeist\u00e4\u00e4n 1 maaliskuun puoliv\u00e4liss\u00e4 15.2. 2 kes\u00e4kuun puoliv\u00e4liss\u00e4 15.5. 3 syyskuun puoliv\u00e4liss\u00e4 15.8. 4 joulukuun puoliv\u00e4liss\u00e4 15.11. Lehti postitetaan vain j\u00e4senmaksun maksaneille j\u00e4senille. J\u00e4senmaksuasioissa ja osoitteenmuutoksissa ota yhteytt\u00e4 j\u00e4sensihteeriin, jonka yhteystiedot l\u00f6ytyv\u00e4t\u00a0yhteystietosivulta. Lehteen tarkoitettu juttu- ja kuvamateriaali toimitetaan toimituksen s\u00e4hk\u00f6postiosoitteeseen &hellip; Jatka lukemista J\u00e4senlehti &rarr;","og_url":"https:\/\/www.spky.fi\/wopr\/jasenlehti\/","og_site_name":"Suomen Paimenkoirayhdistys ry","article_publisher":"https:\/\/www.facebook.com\/SuomenPaimenkoirayhdistys","article_modified_time":"2026-04-19T10:21:06+00:00","twitter_card":"summary_large_image","twitter_misc":{"Arvioitu lukuaika":"1 minuutti"},"schema":{"@context":"https:\/\/schema.org","@graph":[{"@type":"WebPage","@id":"https:\/\/www.spky.fi\/wopr\/jasenlehti\/","url":"https:\/\/www.spky.fi\/wopr\/jasenlehti\/","name":"J\u00e4senlehti - Suomen Paimenkoirayhdistys ry","isPartOf":{"@id":"https:\/\/www.spky.fi\/wopr\/#website"},"datePublished":"2018-02-28T09:25:54+00:00","dateModified":"2026-04-19T10:21:06+00:00","breadcrumb":{"@id":"https:\/\/www.spky.fi\/wopr\/jasenlehti\/#breadcrumb"},"inLanguage":"fi","potentialAction":[{"@type":"ReadAction","target":["https:\/\/www.spky.fi\/wopr\/jasenlehti\/"]}]},{"@type":"BreadcrumbList","@id":"https:\/\/www.spky.fi\/wopr\/jasenlehti\/#breadcrumb","itemListElement":[{"@type":"ListItem","position":1,"name":"Etusivu","item":"https:\/\/www.spky.fi\/wopr\/"},{"@type":"ListItem","position":2,"name":"J\u00e4senlehti"}]},{"@type":"WebSite","@id":"https:\/\/www.spky.fi\/wopr\/#website","url":"https:\/\/www.spky.fi\/wopr\/","name":"Suomen Paimenkoirayhdistys ry","description":"Suomen Paimenkoirayhdistys edist&auml;&auml; paimenkoirien ty&ouml;k&auml;ytt&ouml;&auml;. Yhdistys auttaa paimenkoirakurssien, harjoitusten, kilpailujen ja n&auml;yt&ouml;sten j&auml;rjest&auml;misess&auml;.","publisher":{"@id":"https:\/\/www.spky.fi\/wopr\/#organization"},"potentialAction":[{"@type":"SearchAction","target":{"@type":"EntryPoint","urlTemplate":"https:\/\/www.spky.fi\/wopr\/?s={search_term_string}"},"query-input":{"@type":"PropertyValueSpecification","valueRequired":true,"valueName":"search_term_string"}}],"inLanguage":"fi"},{"@type":"Organization","@id":"https:\/\/www.spky.fi\/wopr\/#organization","name":"Suomen Paimenkoirayhdistys ry","url":"https:\/\/www.spky.fi\/wopr\/","logo":{"@type":"ImageObject","inLanguage":"fi","@id":"https:\/\/www.spky.fi\/wopr\/#\/schema\/logo\/image\/","url":"https:\/\/www.spky.fi\/wopr\/wp-content\/uploads\/2024\/06\/SPKY_MUVA_PNG.png","contentUrl":"https:\/\/www.spky.fi\/wopr\/wp-content\/uploads\/2024\/06\/SPKY_MUVA_PNG.png","width":3201,"height":3126,"caption":"Suomen Paimenkoirayhdistys ry"},"image":{"@id":"https:\/\/www.spky.fi\/wopr\/#\/schema\/logo\/image\/"},"sameAs":["https:\/\/www.facebook.com\/SuomenPaimenkoirayhdistys"]}]}},"jetpack_sharing_enabled":true,"jetpack_shortlink":"https:\/\/wp.me\/PaLGv4-4k","_links":{"self":[{"href":"https:\/\/www.spky.fi\/wopr\/wp-json\/wp\/v2\/pages\/268","targetHints":{"allow":["GET"]}}],"collection":[{"href":"https:\/\/www.spky.fi\/wopr\/wp-json\/wp\/v2\/pages"}],"about":[{"href":"https:\/\/www.spky.fi\/wopr\/wp-json\/wp\/v2\/types\/page"}],"author":[{"embeddable":true,"href":"https:\/\/www.spky.fi\/wopr\/wp-json\/wp\/v2\/users\/1"}],"replies":[{"embeddable":true,"href":"https:\/\/www.spky.fi\/wopr\/wp-json\/wp\/v2\/comments?post=268"}],"version-history":[{"count":12,"href":"https:\/\/www.spky.fi\/wopr\/wp-json\/wp\/v2\/pages\/268\/revisions"}],"predecessor-version":[{"id":8595,"href":"https:\/\/www.spky.fi\/wopr\/wp-json\/wp\/v2\/pages\/268\/revisions\/8595"}],"wp:attachment":[{"href":"https:\/\/www.spky.fi\/wopr\/wp-json\/wp\/v2\/media?parent=268"}],"curies":[{"name":"wp","href":"https:\/\/api.w.org\/{rel}","templated":true}]}}