{"id":276,"date":"2018-02-28T09:31:22","date_gmt":"2018-02-28T09:31:22","guid":{"rendered":"http:\/\/www.spky.fi\/wopr\/?page_id=276"},"modified":"2024-08-03T08:10:25","modified_gmt":"2024-08-03T08:10:25","slug":"linkkeja","status":"publish","type":"page","link":"https:\/\/www.spky.fi\/wopr\/linkkeja\/","title":{"rendered":"Linkkej\u00e4"},"content":{"rendered":"<p><strong>ISDS JA MUITA YHDISTYKSI\u00c4<br \/>\n<\/strong><br \/>\n<a href=\"http:\/\/www.isds.org.uk\/\" target=\"_blank\" rel=\"noopener\">International Sheep Dog Society, ISDS\u00a0<\/a>(Brittein Saaret)<br \/>\n<a href=\"http:\/\/www.americanbordercollie.org\/\" target=\"_blank\" rel=\"noopener\">American Border Collie Association<\/a>\u00a0(USA)<br \/>\n<a href=\"http:\/\/www.svak.se\/\" target=\"_blank\" rel=\"noopener\">Svenska Vallhundsklubben<\/a>\u00a0(Ruotsi)<br \/>\n<a href=\"http:\/\/www.nsg.no\/gjeterhund\/\" target=\"_blank\" rel=\"noopener\">NSG &#8211; Norsk Sau og Geit<\/a>\u00a0(Norja)<br \/>\n<a href=\"http:\/\/hyrdehundeklubben.dk\/\" target=\"_blank\" rel=\"noopener\">Dansk Hyrdehunde Klub<\/a>\u00a0(Tanska)<br \/>\n<a href=\"http:\/\/www.abcdev.de\/\" target=\"_blank\" rel=\"noopener\">Arbeitsgemeinschaft Border Collie Deutschland<\/a>(Saksa)<br \/>\n<a href=\"http:\/\/www.dutchsheepdogsociety.nl\/\" target=\"_blank\" rel=\"noopener\">Dutch Sheep Dog Society<\/a>\u00a0(Alankomaat)<br \/>\n<a href=\"http:\/\/www.asds.at\/\" target=\"_blank\" rel=\"noopener\">Austrian Sheep Dog Society<\/a>\u00a0(It\u00e4valta)<\/p>\n<p><strong>KANSAINV\u00c4LISI\u00c4 KILPAILUJA<\/strong><\/p>\n<p><a href=\"https:\/\/www.cscweb.site\/home\" target=\"_blank\" rel=\"noopener\">Continental Sheepdog Championship<\/a>\u00a0 (EM-kilpailut)<br \/>\n<a href=\"https:\/\/www.isds.org.uk\/trials\/\" target=\"_blank\" rel=\"noopener\">International Sheepdog Trials<\/a>\u00a0(Brittein Saaret)<br \/>\n<a href=\"http:\/\/dutchopensheepdogtrial.nl\/\" target=\"_blank\" rel=\"noopener\">Dutch Open<\/a>\u00a0(Alankomaat)<br \/>\n<a href=\"http:\/\/www.soldierhollowclassic.com\/index.php\" target=\"_blank\" rel=\"noopener\">Soldier Hollow<\/a>\u00a0(USA)<\/p>\n<p><strong>ISDS REKISTERITIETOKANTA<\/strong><\/p>\n<p><a href=\"http:\/\/www.bcdb.info\/index.htm\" target=\"_blank\" rel=\"noopener\">ISDS Border Collie database<\/a><\/p>\n","protected":false},"excerpt":{"rendered":"<p>ISDS JA MUITA YHDISTYKSI\u00c4 International Sheep Dog Society, ISDS\u00a0(Brittein Saaret) American Border Collie Association\u00a0(USA) Svenska Vallhundsklubben\u00a0(Ruotsi) NSG &#8211; Norsk Sau og Geit\u00a0(Norja) Dansk Hyrdehunde Klub\u00a0(Tanska) Arbeitsgemeinschaft Border Collie Deutschland(Saksa) Dutch Sheep Dog Society\u00a0(Alankomaat) Austrian Sheep Dog Society\u00a0(It\u00e4valta) KANSAINV\u00c4LISI\u00c4 KILPAILUJA Continental Sheepdog Championship\u00a0 (EM-kilpailut) International Sheepdog Trials\u00a0(Brittein Saaret) Dutch Open\u00a0(Alankomaat) Soldier Hollow\u00a0(USA) ISDS REKISTERITIETOKANTA ISDS Border &hellip; <a href=\"https:\/\/www.spky.fi\/wopr\/linkkeja\/\" class=\"more-link\">Jatka lukemista <span class=\"screen-reader-text\">Linkkej\u00e4<\/span> <span class=\"meta-nav\">&rarr;<\/span><\/a><\/p>\n","protected":false},"author":1,"featured_media":0,"parent":0,"menu_order":0,"comment_status":"closed","ping_status":"closed","template":"","meta":{"jetpack_post_was_ever_published":false,"footnotes":""},"class_list":["post-276","page","type-page","status-publish","hentry"],"yoast_head":"<!-- This site is optimized with the Yoast SEO plugin v27.5 - https:\/\/yoast.com\/product\/yoast-seo-wordpress\/ -->\n<title>Linkkej\u00e4 - Suomen Paimenkoirayhdistys ry<\/title>\n<meta name=\"robots\" content=\"index, follow, max-snippet:-1, max-image-preview:large, max-video-preview:-1\" \/>\n<link rel=\"canonical\" href=\"https:\/\/www.spky.fi\/wopr\/linkkeja\/\" \/>\n<meta property=\"og:locale\" content=\"fi_FI\" \/>\n<meta property=\"og:type\" content=\"article\" \/>\n<meta property=\"og:title\" content=\"Linkkej\u00e4 - Suomen Paimenkoirayhdistys ry\" \/>\n<meta property=\"og:description\" content=\"ISDS JA MUITA YHDISTYKSI\u00c4 International Sheep Dog Society, ISDS\u00a0(Brittein Saaret) American Border Collie Association\u00a0(USA) Svenska Vallhundsklubben\u00a0(Ruotsi) NSG &#8211; Norsk Sau og Geit\u00a0(Norja) Dansk Hyrdehunde Klub\u00a0(Tanska) Arbeitsgemeinschaft Border Collie Deutschland(Saksa) Dutch Sheep Dog Society\u00a0(Alankomaat) Austrian Sheep Dog Society\u00a0(It\u00e4valta) KANSAINV\u00c4LISI\u00c4 KILPAILUJA Continental Sheepdog Championship\u00a0 (EM-kilpailut) International Sheepdog Trials\u00a0(Brittein Saaret) Dutch Open\u00a0(Alankomaat) Soldier Hollow\u00a0(USA) ISDS REKISTERITIETOKANTA ISDS Border &hellip; Jatka lukemista Linkkej\u00e4 &rarr;\" \/>\n<meta property=\"og:url\" content=\"https:\/\/www.spky.fi\/wopr\/linkkeja\/\" \/>\n<meta property=\"og:site_name\" content=\"Suomen Paimenkoirayhdistys ry\" \/>\n<meta property=\"article:publisher\" content=\"https:\/\/www.facebook.com\/SuomenPaimenkoirayhdistys\" \/>\n<meta property=\"article:modified_time\" content=\"2024-08-03T08:10:25+00:00\" \/>\n<meta name=\"twitter:card\" content=\"summary_large_image\" \/>\n<meta name=\"twitter:label1\" content=\"Arvioitu lukuaika\" \/>\n\t<meta name=\"twitter:data1\" content=\"1 minuutti\" \/>\n<script type=\"application\/ld+json\" class=\"yoast-schema-graph\">{\"@context\":\"https:\\\/\\\/schema.org\",\"@graph\":[{\"@type\":\"WebPage\",\"@id\":\"https:\\\/\\\/www.spky.fi\\\/wopr\\\/linkkeja\\\/\",\"url\":\"https:\\\/\\\/www.spky.fi\\\/wopr\\\/linkkeja\\\/\",\"name\":\"Linkkej\u00e4 - Suomen Paimenkoirayhdistys ry\",\"isPartOf\":{\"@id\":\"https:\\\/\\\/www.spky.fi\\\/wopr\\\/#website\"},\"datePublished\":\"2018-02-28T09:31:22+00:00\",\"dateModified\":\"2024-08-03T08:10:25+00:00\",\"breadcrumb\":{\"@id\":\"https:\\\/\\\/www.spky.fi\\\/wopr\\\/linkkeja\\\/#breadcrumb\"},\"inLanguage\":\"fi\",\"potentialAction\":[{\"@type\":\"ReadAction\",\"target\":[\"https:\\\/\\\/www.spky.fi\\\/wopr\\\/linkkeja\\\/\"]}]},{\"@type\":\"BreadcrumbList\",\"@id\":\"https:\\\/\\\/www.spky.fi\\\/wopr\\\/linkkeja\\\/#breadcrumb\",\"itemListElement\":[{\"@type\":\"ListItem\",\"position\":1,\"name\":\"Etusivu\",\"item\":\"https:\\\/\\\/www.spky.fi\\\/wopr\\\/\"},{\"@type\":\"ListItem\",\"position\":2,\"name\":\"Linkkej\u00e4\"}]},{\"@type\":\"WebSite\",\"@id\":\"https:\\\/\\\/www.spky.fi\\\/wopr\\\/#website\",\"url\":\"https:\\\/\\\/www.spky.fi\\\/wopr\\\/\",\"name\":\"Suomen Paimenkoirayhdistys ry\",\"description\":\"Suomen Paimenkoirayhdistys edist&auml;&auml; paimenkoirien ty&ouml;k&auml;ytt&ouml;&auml;. Yhdistys auttaa paimenkoirakurssien, harjoitusten, kilpailujen ja n&auml;yt&ouml;sten j&auml;rjest&auml;misess&auml;.\",\"publisher\":{\"@id\":\"https:\\\/\\\/www.spky.fi\\\/wopr\\\/#organization\"},\"potentialAction\":[{\"@type\":\"SearchAction\",\"target\":{\"@type\":\"EntryPoint\",\"urlTemplate\":\"https:\\\/\\\/www.spky.fi\\\/wopr\\\/?s={search_term_string}\"},\"query-input\":{\"@type\":\"PropertyValueSpecification\",\"valueRequired\":true,\"valueName\":\"search_term_string\"}}],\"inLanguage\":\"fi\"},{\"@type\":\"Organization\",\"@id\":\"https:\\\/\\\/www.spky.fi\\\/wopr\\\/#organization\",\"name\":\"Suomen Paimenkoirayhdistys ry\",\"url\":\"https:\\\/\\\/www.spky.fi\\\/wopr\\\/\",\"logo\":{\"@type\":\"ImageObject\",\"inLanguage\":\"fi\",\"@id\":\"https:\\\/\\\/www.spky.fi\\\/wopr\\\/#\\\/schema\\\/logo\\\/image\\\/\",\"url\":\"https:\\\/\\\/www.spky.fi\\\/wopr\\\/wp-content\\\/uploads\\\/2024\\\/06\\\/SPKY_MUVA_PNG.png\",\"contentUrl\":\"https:\\\/\\\/www.spky.fi\\\/wopr\\\/wp-content\\\/uploads\\\/2024\\\/06\\\/SPKY_MUVA_PNG.png\",\"width\":3201,\"height\":3126,\"caption\":\"Suomen Paimenkoirayhdistys ry\"},\"image\":{\"@id\":\"https:\\\/\\\/www.spky.fi\\\/wopr\\\/#\\\/schema\\\/logo\\\/image\\\/\"},\"sameAs\":[\"https:\\\/\\\/www.facebook.com\\\/SuomenPaimenkoirayhdistys\"]}]}<\/script>\n<!-- \/ Yoast SEO plugin. -->","yoast_head_json":{"title":"Linkkej\u00e4 - Suomen Paimenkoirayhdistys ry","robots":{"index":"index","follow":"follow","max-snippet":"max-snippet:-1","max-image-preview":"max-image-preview:large","max-video-preview":"max-video-preview:-1"},"canonical":"https:\/\/www.spky.fi\/wopr\/linkkeja\/","og_locale":"fi_FI","og_type":"article","og_title":"Linkkej\u00e4 - Suomen Paimenkoirayhdistys ry","og_description":"ISDS JA MUITA YHDISTYKSI\u00c4 International Sheep Dog Society, ISDS\u00a0(Brittein Saaret) American Border Collie Association\u00a0(USA) Svenska Vallhundsklubben\u00a0(Ruotsi) NSG &#8211; Norsk Sau og Geit\u00a0(Norja) Dansk Hyrdehunde Klub\u00a0(Tanska) Arbeitsgemeinschaft Border Collie Deutschland(Saksa) Dutch Sheep Dog Society\u00a0(Alankomaat) Austrian Sheep Dog Society\u00a0(It\u00e4valta) KANSAINV\u00c4LISI\u00c4 KILPAILUJA Continental Sheepdog Championship\u00a0 (EM-kilpailut) International Sheepdog Trials\u00a0(Brittein Saaret) Dutch Open\u00a0(Alankomaat) Soldier Hollow\u00a0(USA) ISDS REKISTERITIETOKANTA ISDS Border &hellip; Jatka lukemista Linkkej\u00e4 &rarr;","og_url":"https:\/\/www.spky.fi\/wopr\/linkkeja\/","og_site_name":"Suomen Paimenkoirayhdistys ry","article_publisher":"https:\/\/www.facebook.com\/SuomenPaimenkoirayhdistys","article_modified_time":"2024-08-03T08:10:25+00:00","twitter_card":"summary_large_image","twitter_misc":{"Arvioitu lukuaika":"1 minuutti"},"schema":{"@context":"https:\/\/schema.org","@graph":[{"@type":"WebPage","@id":"https:\/\/www.spky.fi\/wopr\/linkkeja\/","url":"https:\/\/www.spky.fi\/wopr\/linkkeja\/","name":"Linkkej\u00e4 - Suomen Paimenkoirayhdistys ry","isPartOf":{"@id":"https:\/\/www.spky.fi\/wopr\/#website"},"datePublished":"2018-02-28T09:31:22+00:00","dateModified":"2024-08-03T08:10:25+00:00","breadcrumb":{"@id":"https:\/\/www.spky.fi\/wopr\/linkkeja\/#breadcrumb"},"inLanguage":"fi","potentialAction":[{"@type":"ReadAction","target":["https:\/\/www.spky.fi\/wopr\/linkkeja\/"]}]},{"@type":"BreadcrumbList","@id":"https:\/\/www.spky.fi\/wopr\/linkkeja\/#breadcrumb","itemListElement":[{"@type":"ListItem","position":1,"name":"Etusivu","item":"https:\/\/www.spky.fi\/wopr\/"},{"@type":"ListItem","position":2,"name":"Linkkej\u00e4"}]},{"@type":"WebSite","@id":"https:\/\/www.spky.fi\/wopr\/#website","url":"https:\/\/www.spky.fi\/wopr\/","name":"Suomen Paimenkoirayhdistys ry","description":"Suomen Paimenkoirayhdistys edist&auml;&auml; paimenkoirien ty&ouml;k&auml;ytt&ouml;&auml;. Yhdistys auttaa paimenkoirakurssien, harjoitusten, kilpailujen ja n&auml;yt&ouml;sten j&auml;rjest&auml;misess&auml;.","publisher":{"@id":"https:\/\/www.spky.fi\/wopr\/#organization"},"potentialAction":[{"@type":"SearchAction","target":{"@type":"EntryPoint","urlTemplate":"https:\/\/www.spky.fi\/wopr\/?s={search_term_string}"},"query-input":{"@type":"PropertyValueSpecification","valueRequired":true,"valueName":"search_term_string"}}],"inLanguage":"fi"},{"@type":"Organization","@id":"https:\/\/www.spky.fi\/wopr\/#organization","name":"Suomen Paimenkoirayhdistys ry","url":"https:\/\/www.spky.fi\/wopr\/","logo":{"@type":"ImageObject","inLanguage":"fi","@id":"https:\/\/www.spky.fi\/wopr\/#\/schema\/logo\/image\/","url":"https:\/\/www.spky.fi\/wopr\/wp-content\/uploads\/2024\/06\/SPKY_MUVA_PNG.png","contentUrl":"https:\/\/www.spky.fi\/wopr\/wp-content\/uploads\/2024\/06\/SPKY_MUVA_PNG.png","width":3201,"height":3126,"caption":"Suomen Paimenkoirayhdistys ry"},"image":{"@id":"https:\/\/www.spky.fi\/wopr\/#\/schema\/logo\/image\/"},"sameAs":["https:\/\/www.facebook.com\/SuomenPaimenkoirayhdistys"]}]}},"jetpack_sharing_enabled":true,"jetpack_shortlink":"https:\/\/wp.me\/PaLGv4-4s","_links":{"self":[{"href":"https:\/\/www.spky.fi\/wopr\/wp-json\/wp\/v2\/pages\/276","targetHints":{"allow":["GET"]}}],"collection":[{"href":"https:\/\/www.spky.fi\/wopr\/wp-json\/wp\/v2\/pages"}],"about":[{"href":"https:\/\/www.spky.fi\/wopr\/wp-json\/wp\/v2\/types\/page"}],"author":[{"embeddable":true,"href":"https:\/\/www.spky.fi\/wopr\/wp-json\/wp\/v2\/users\/1"}],"replies":[{"embeddable":true,"href":"https:\/\/www.spky.fi\/wopr\/wp-json\/wp\/v2\/comments?post=276"}],"version-history":[{"count":8,"href":"https:\/\/www.spky.fi\/wopr\/wp-json\/wp\/v2\/pages\/276\/revisions"}],"predecessor-version":[{"id":6756,"href":"https:\/\/www.spky.fi\/wopr\/wp-json\/wp\/v2\/pages\/276\/revisions\/6756"}],"wp:attachment":[{"href":"https:\/\/www.spky.fi\/wopr\/wp-json\/wp\/v2\/media?parent=276"}],"curies":[{"name":"wp","href":"https:\/\/api.w.org\/{rel}","templated":true}]}}