{"id":38,"date":"2017-03-30T21:49:08","date_gmt":"2017-03-30T21:49:08","guid":{"rendered":"http:\/\/www.spky.fi\/wopr\/?page_id=38"},"modified":"2026-04-25T10:28:20","modified_gmt":"2026-04-25T10:28:20","slug":"etusivu","status":"publish","type":"page","link":"https:\/\/www.spky.fi\/wopr\/","title":{"rendered":"Suomen Paimenkoirayhdistys ry"},"content":{"rendered":"<p><a href=\"https:\/\/www.spky.fi\/wopr\/wp-content\/uploads\/2025\/02\/SPKY_MUVA_PNG.png\"><img loading=\"lazy\" decoding=\"async\" class=\"wp-image-7346 alignleft\" src=\"https:\/\/www.spky.fi\/wopr\/wp-content\/uploads\/2025\/02\/SPKY_MUVA_PNG.png\" alt=\"\" width=\"251\" height=\"245\" srcset=\"https:\/\/www.spky.fi\/wopr\/wp-content\/uploads\/2025\/02\/SPKY_MUVA_PNG.png 3201w, https:\/\/www.spky.fi\/wopr\/wp-content\/uploads\/2025\/02\/SPKY_MUVA_PNG-300x293.png 300w, https:\/\/www.spky.fi\/wopr\/wp-content\/uploads\/2025\/02\/SPKY_MUVA_PNG-1024x1000.png 1024w, https:\/\/www.spky.fi\/wopr\/wp-content\/uploads\/2025\/02\/SPKY_MUVA_PNG-768x750.png 768w, https:\/\/www.spky.fi\/wopr\/wp-content\/uploads\/2025\/02\/SPKY_MUVA_PNG-1536x1500.png 1536w, https:\/\/www.spky.fi\/wopr\/wp-content\/uploads\/2025\/02\/SPKY_MUVA_PNG-2048x2000.png 2048w\" sizes=\"auto, (max-width: 251px) 100vw, 251px\" \/><\/a>Jos sinulla on laidunnettavia lampaita, lypsykarjaa, lihakarjaa tai lintuja, ja olet valmis n\u00e4kem\u00e4\u00e4n vaivaa kouluttaaksesi itsellesi ty\u00f6kaverin, sinun kannattaa hankkia paimenkoira. Paimentavaa ty\u00f6koiraa ei koskaan pid\u00e4 hankkia vain seurakoiraksi. Se on energinen el\u00e4in, jolla on pakonomainen tarve saada tehd\u00e4 t\u00f6it\u00e4.<\/p>\n<h2>Paimenkoira ty\u00f6k\u00e4ytt\u00f6\u00f6n<\/h2>\n<p>Suomen Paimenkoirayhdistyksen rekister\u00f6im\u00e4 <a href=\"https:\/\/www.spky.fi\/wopr\/wp-content\/uploads\/2026\/02\/Koiran-kulut-verotuksessa.pdf\" target=\"_blank\" rel=\"noopener\">paimenkoira on v\u00e4hennyskelpoinen maatalousverotuksessa tiloilla, joilla pidet\u00e4\u00e4n laidunnettavaa karjaa.<\/a> Yhdistyksen omaan ty\u00f6koirarekisteriin on merkitty 3272 koiraa (bordercollie 2925 kpl, working kelpie 347 kpl, australianpaimenkoira 1 kpl). J\u00e4seni\u00e4 yhdistyksess\u00e4 on 497.<\/p>\n<p>Suomen Paimenkoirayhdistys edist\u00e4\u00e4 paimenkoirien ty\u00f6k\u00e4ytt\u00f6\u00e4. Suomen Paimenkoirayhdistys avustaa ja tukee paimenkoirakurssien, harjoitusten, kilpailujen ja n\u00e4yt\u00f6sten j\u00e4rjest\u00e4mist\u00e4. Voit tutustua paimennukseen esimerkiksi \u00a0<strong><a href=\"https:\/\/www.farmari.net\/?q=sv\" target=\"_blank\" rel=\"noopener noreferrer\">FARMARI<\/a><\/strong> maaseutumessuilla.<\/p>\n<p>Yhdistys j\u00e4rjest\u00e4\u00e4 paimenkoirien SM-kilpailut sek\u00e4 opastaa ja neuvoo j\u00e4seni\u00e4\u00e4n paimenkoira-asioissa, kuten koirien koulutuksessa, k\u00e4yt\u00f6ss\u00e4 ja jalostuksessa. Lue t\u00e4\u00e4lt\u00e4 <a href=\"https:\/\/www.spky.fi\/wopr\/historiaa\/\">SPKY:n historiasta.<\/a><\/p>\n<h2>Sponsorimme SertiLife<\/h2>\n<p>Suomen paimenkoirayhdistyksen kilpailuja sponsoroi vuonna 2026 uusi yhteisty\u00f6kumppani, <strong>kotimainen koiranruokavalmistaja\u00a0<\/strong><span style=\"font-size: 14pt;\"><strong><a href=\"https:\/\/sertilife.fi\/\" target=\"_blank\" rel=\"noopener\">SertiLife<\/a><\/strong><\/span><\/p>\n<figure id=\"attachment_8633\" aria-describedby=\"caption-attachment-8633\" style=\"width: 2560px\" class=\"wp-caption aligncenter\"><a href=\"https:\/\/www.spky.fi\/wopr\/wp-content\/uploads\/2026\/04\/SertiLife_Irmeli_Nurminen-scaled.jpg\"><img loading=\"lazy\" decoding=\"async\" class=\"wp-image-8633 size-full\" src=\"https:\/\/www.spky.fi\/wopr\/wp-content\/uploads\/2026\/04\/SertiLife_Irmeli_Nurminen-scaled.jpg\" alt=\"\" width=\"2560\" height=\"1338\" srcset=\"https:\/\/www.spky.fi\/wopr\/wp-content\/uploads\/2026\/04\/SertiLife_Irmeli_Nurminen-scaled.jpg 2560w, https:\/\/www.spky.fi\/wopr\/wp-content\/uploads\/2026\/04\/SertiLife_Irmeli_Nurminen-300x157.jpg 300w, https:\/\/www.spky.fi\/wopr\/wp-content\/uploads\/2026\/04\/SertiLife_Irmeli_Nurminen-1024x535.jpg 1024w, https:\/\/www.spky.fi\/wopr\/wp-content\/uploads\/2026\/04\/SertiLife_Irmeli_Nurminen-768x401.jpg 768w, https:\/\/www.spky.fi\/wopr\/wp-content\/uploads\/2026\/04\/SertiLife_Irmeli_Nurminen-1536x803.jpg 1536w, https:\/\/www.spky.fi\/wopr\/wp-content\/uploads\/2026\/04\/SertiLife_Irmeli_Nurminen-2048x1070.jpg 2048w\" sizes=\"auto, (max-width: 2560px) 100vw, 2560px\" \/><\/a><figcaption id=\"caption-attachment-8633\" class=\"wp-caption-text\">Kuva: Irmeli Nurminen<\/figcaption><\/figure>\n<p><strong><span style=\"color: #2b2b2b; font-size: 16px;\">Serti Oy on vuonna 2019 perustettu karkkilalainen lemmikkiel\u00e4inten ruokia ja hoitotuotteita valmistava yritys.<\/span><\/strong><\/p>\n<h2>SPKY Facebookissa<\/h2>\n<p>Suomen Paimenkoirayhdistys l\u00f6ytyy my\u00f6s <a href=\"https:\/\/www.facebook.com\/SuomenPaimenkoirayhdistys\" target=\"_blank\" rel=\"noopener noreferrer\"><strong>Facebookista.<\/strong><\/a><\/p>\n<p>My\u00f6s SPKY:n keskustelupalsta -ryhm\u00e4\u00e4n voi liitty\u00e4.<\/p>\n","protected":false},"excerpt":{"rendered":"<p>Jos sinulla on laidunnettavia lampaita, lypsykarjaa, lihakarjaa tai lintuja, ja olet valmis n\u00e4kem\u00e4\u00e4n vaivaa kouluttaaksesi itsellesi ty\u00f6kaverin, sinun kannattaa hankkia paimenkoira. Paimentavaa ty\u00f6koiraa ei koskaan pid\u00e4 hankkia vain seurakoiraksi. Se on energinen el\u00e4in, jolla on pakonomainen tarve saada tehd\u00e4 t\u00f6it\u00e4. Paimenkoira ty\u00f6k\u00e4ytt\u00f6\u00f6n Suomen Paimenkoirayhdistyksen rekister\u00f6im\u00e4 paimenkoira on v\u00e4hennyskelpoinen maatalousverotuksessa tiloilla, joilla pidet\u00e4\u00e4n laidunnettavaa karjaa. Yhdistyksen &hellip; <a href=\"https:\/\/www.spky.fi\/wopr\/\" class=\"more-link\">Jatka lukemista <span class=\"screen-reader-text\">Suomen Paimenkoirayhdistys ry<\/span> <span class=\"meta-nav\">&rarr;<\/span><\/a><\/p>\n","protected":false},"author":1,"featured_media":0,"parent":0,"menu_order":0,"comment_status":"closed","ping_status":"closed","template":"","meta":{"jetpack_post_was_ever_published":false,"footnotes":""},"class_list":["post-38","page","type-page","status-publish","hentry"],"yoast_head":"<!-- This site is optimized with the Yoast SEO plugin v27.5 - https:\/\/yoast.com\/product\/yoast-seo-wordpress\/ -->\n<title>Suomen paimenkoirayhdistys edist\u00e4\u00e4 paimenkoirien k\u00e4ytt\u00f6\u00e4 ja koulutusta. - Suomen Paimenkoirayhdistys ry<\/title>\n<meta name=\"description\" content=\"Suomen Paimenkoirayhdistys ry edist\u00e4\u00e4 paimentavien ty\u00f6koirien k\u00e4ytt\u00f6\u00e4 sek\u00e4 koiranomistajien ja paimenkoirien koulutusta. Yhdistyksell\u00e4 on my\u00f6s oma paimenkoirarekisteri.\" \/>\n<meta name=\"robots\" content=\"index, follow, max-snippet:-1, max-image-preview:large, max-video-preview:-1\" \/>\n<link rel=\"canonical\" href=\"https:\/\/www.spky.fi\/wopr\/\" \/>\n<meta property=\"og:locale\" content=\"fi_FI\" \/>\n<meta property=\"og:type\" content=\"article\" \/>\n<meta property=\"og:title\" content=\"Suomen paimenkoirayhdistys edist\u00e4\u00e4 paimenkoirien k\u00e4ytt\u00f6\u00e4 ja koulutusta. - Suomen Paimenkoirayhdistys ry\" \/>\n<meta property=\"og:description\" content=\"Suomen Paimenkoirayhdistys ry edist\u00e4\u00e4 paimentavien ty\u00f6koirien k\u00e4ytt\u00f6\u00e4 sek\u00e4 koiranomistajien ja paimenkoirien koulutusta. Yhdistyksell\u00e4 on my\u00f6s oma paimenkoirarekisteri.\" \/>\n<meta property=\"og:url\" content=\"https:\/\/www.spky.fi\/wopr\/\" \/>\n<meta property=\"og:site_name\" content=\"Suomen Paimenkoirayhdistys ry\" \/>\n<meta property=\"article:publisher\" content=\"https:\/\/www.facebook.com\/SuomenPaimenkoirayhdistys\" \/>\n<meta property=\"article:modified_time\" content=\"2026-04-25T10:28:20+00:00\" \/>\n<meta property=\"og:image\" content=\"https:\/\/www.spky.fi\/wopr\/wp-content\/uploads\/2025\/02\/SPKY_MUVA_PNG.png\" \/>\n\t<meta property=\"og:image:width\" content=\"3201\" \/>\n\t<meta property=\"og:image:height\" content=\"3126\" \/>\n\t<meta property=\"og:image:type\" content=\"image\/png\" \/>\n<meta name=\"twitter:card\" content=\"summary_large_image\" \/>\n<meta name=\"twitter:label1\" content=\"Arvioitu lukuaika\" \/>\n\t<meta name=\"twitter:data1\" content=\"2 minuuttia\" \/>\n<script type=\"application\/ld+json\" class=\"yoast-schema-graph\">{\"@context\":\"https:\\\/\\\/schema.org\",\"@graph\":[{\"@type\":\"WebPage\",\"@id\":\"https:\\\/\\\/www.spky.fi\\\/wopr\\\/\",\"url\":\"https:\\\/\\\/www.spky.fi\\\/wopr\\\/\",\"name\":\"Suomen paimenkoirayhdistys edist\u00e4\u00e4 paimenkoirien k\u00e4ytt\u00f6\u00e4 ja koulutusta. - Suomen Paimenkoirayhdistys ry\",\"isPartOf\":{\"@id\":\"https:\\\/\\\/www.spky.fi\\\/wopr\\\/#website\"},\"primaryImageOfPage\":{\"@id\":\"https:\\\/\\\/www.spky.fi\\\/wopr\\\/#primaryimage\"},\"image\":{\"@id\":\"https:\\\/\\\/www.spky.fi\\\/wopr\\\/#primaryimage\"},\"thumbnailUrl\":\"https:\\\/\\\/www.spky.fi\\\/wopr\\\/wp-content\\\/uploads\\\/2025\\\/02\\\/SPKY_MUVA_PNG.png\",\"datePublished\":\"2017-03-30T21:49:08+00:00\",\"dateModified\":\"2026-04-25T10:28:20+00:00\",\"description\":\"Suomen Paimenkoirayhdistys ry edist\u00e4\u00e4 paimentavien ty\u00f6koirien k\u00e4ytt\u00f6\u00e4 sek\u00e4 koiranomistajien ja paimenkoirien koulutusta. Yhdistyksell\u00e4 on my\u00f6s oma paimenkoirarekisteri.\",\"breadcrumb\":{\"@id\":\"https:\\\/\\\/www.spky.fi\\\/wopr\\\/#breadcrumb\"},\"inLanguage\":\"fi\",\"potentialAction\":[{\"@type\":\"ReadAction\",\"target\":[\"https:\\\/\\\/www.spky.fi\\\/wopr\\\/\"]}]},{\"@type\":\"ImageObject\",\"inLanguage\":\"fi\",\"@id\":\"https:\\\/\\\/www.spky.fi\\\/wopr\\\/#primaryimage\",\"url\":\"https:\\\/\\\/www.spky.fi\\\/wopr\\\/wp-content\\\/uploads\\\/2025\\\/02\\\/SPKY_MUVA_PNG.png\",\"contentUrl\":\"https:\\\/\\\/www.spky.fi\\\/wopr\\\/wp-content\\\/uploads\\\/2025\\\/02\\\/SPKY_MUVA_PNG.png\"},{\"@type\":\"BreadcrumbList\",\"@id\":\"https:\\\/\\\/www.spky.fi\\\/wopr\\\/#breadcrumb\",\"itemListElement\":[{\"@type\":\"ListItem\",\"position\":1,\"name\":\"Etusivu\",\"item\":\"https:\\\/\\\/www.spky.fi\\\/wopr\\\/\"},{\"@type\":\"ListItem\",\"position\":2,\"name\":\"Suomen Paimenkoirayhdistys ry\"}]},{\"@type\":\"WebSite\",\"@id\":\"https:\\\/\\\/www.spky.fi\\\/wopr\\\/#website\",\"url\":\"https:\\\/\\\/www.spky.fi\\\/wopr\\\/\",\"name\":\"Suomen Paimenkoirayhdistys ry\",\"description\":\"Suomen Paimenkoirayhdistys edist&auml;&auml; paimenkoirien ty&ouml;k&auml;ytt&ouml;&auml;. Yhdistys auttaa paimenkoirakurssien, harjoitusten, kilpailujen ja n&auml;yt&ouml;sten j&auml;rjest&auml;misess&auml;.\",\"publisher\":{\"@id\":\"https:\\\/\\\/www.spky.fi\\\/wopr\\\/#organization\"},\"potentialAction\":[{\"@type\":\"SearchAction\",\"target\":{\"@type\":\"EntryPoint\",\"urlTemplate\":\"https:\\\/\\\/www.spky.fi\\\/wopr\\\/?s={search_term_string}\"},\"query-input\":{\"@type\":\"PropertyValueSpecification\",\"valueRequired\":true,\"valueName\":\"search_term_string\"}}],\"inLanguage\":\"fi\"},{\"@type\":\"Organization\",\"@id\":\"https:\\\/\\\/www.spky.fi\\\/wopr\\\/#organization\",\"name\":\"Suomen Paimenkoirayhdistys ry\",\"url\":\"https:\\\/\\\/www.spky.fi\\\/wopr\\\/\",\"logo\":{\"@type\":\"ImageObject\",\"inLanguage\":\"fi\",\"@id\":\"https:\\\/\\\/www.spky.fi\\\/wopr\\\/#\\\/schema\\\/logo\\\/image\\\/\",\"url\":\"https:\\\/\\\/www.spky.fi\\\/wopr\\\/wp-content\\\/uploads\\\/2024\\\/06\\\/SPKY_MUVA_PNG.png\",\"contentUrl\":\"https:\\\/\\\/www.spky.fi\\\/wopr\\\/wp-content\\\/uploads\\\/2024\\\/06\\\/SPKY_MUVA_PNG.png\",\"width\":3201,\"height\":3126,\"caption\":\"Suomen Paimenkoirayhdistys ry\"},\"image\":{\"@id\":\"https:\\\/\\\/www.spky.fi\\\/wopr\\\/#\\\/schema\\\/logo\\\/image\\\/\"},\"sameAs\":[\"https:\\\/\\\/www.facebook.com\\\/SuomenPaimenkoirayhdistys\"]}]}<\/script>\n<!-- \/ Yoast SEO plugin. -->","yoast_head_json":{"title":"Suomen paimenkoirayhdistys edist\u00e4\u00e4 paimenkoirien k\u00e4ytt\u00f6\u00e4 ja koulutusta. - Suomen Paimenkoirayhdistys ry","description":"Suomen Paimenkoirayhdistys ry edist\u00e4\u00e4 paimentavien ty\u00f6koirien k\u00e4ytt\u00f6\u00e4 sek\u00e4 koiranomistajien ja paimenkoirien koulutusta. Yhdistyksell\u00e4 on my\u00f6s oma paimenkoirarekisteri.","robots":{"index":"index","follow":"follow","max-snippet":"max-snippet:-1","max-image-preview":"max-image-preview:large","max-video-preview":"max-video-preview:-1"},"canonical":"https:\/\/www.spky.fi\/wopr\/","og_locale":"fi_FI","og_type":"article","og_title":"Suomen paimenkoirayhdistys edist\u00e4\u00e4 paimenkoirien k\u00e4ytt\u00f6\u00e4 ja koulutusta. - Suomen Paimenkoirayhdistys ry","og_description":"Suomen Paimenkoirayhdistys ry edist\u00e4\u00e4 paimentavien ty\u00f6koirien k\u00e4ytt\u00f6\u00e4 sek\u00e4 koiranomistajien ja paimenkoirien koulutusta. Yhdistyksell\u00e4 on my\u00f6s oma paimenkoirarekisteri.","og_url":"https:\/\/www.spky.fi\/wopr\/","og_site_name":"Suomen Paimenkoirayhdistys ry","article_publisher":"https:\/\/www.facebook.com\/SuomenPaimenkoirayhdistys","article_modified_time":"2026-04-25T10:28:20+00:00","og_image":[{"width":3201,"height":3126,"url":"https:\/\/www.spky.fi\/wopr\/wp-content\/uploads\/2025\/02\/SPKY_MUVA_PNG.png","type":"image\/png"}],"twitter_card":"summary_large_image","twitter_misc":{"Arvioitu lukuaika":"2 minuuttia"},"schema":{"@context":"https:\/\/schema.org","@graph":[{"@type":"WebPage","@id":"https:\/\/www.spky.fi\/wopr\/","url":"https:\/\/www.spky.fi\/wopr\/","name":"Suomen paimenkoirayhdistys edist\u00e4\u00e4 paimenkoirien k\u00e4ytt\u00f6\u00e4 ja koulutusta. - Suomen Paimenkoirayhdistys ry","isPartOf":{"@id":"https:\/\/www.spky.fi\/wopr\/#website"},"primaryImageOfPage":{"@id":"https:\/\/www.spky.fi\/wopr\/#primaryimage"},"image":{"@id":"https:\/\/www.spky.fi\/wopr\/#primaryimage"},"thumbnailUrl":"https:\/\/www.spky.fi\/wopr\/wp-content\/uploads\/2025\/02\/SPKY_MUVA_PNG.png","datePublished":"2017-03-30T21:49:08+00:00","dateModified":"2026-04-25T10:28:20+00:00","description":"Suomen Paimenkoirayhdistys ry edist\u00e4\u00e4 paimentavien ty\u00f6koirien k\u00e4ytt\u00f6\u00e4 sek\u00e4 koiranomistajien ja paimenkoirien koulutusta. Yhdistyksell\u00e4 on my\u00f6s oma paimenkoirarekisteri.","breadcrumb":{"@id":"https:\/\/www.spky.fi\/wopr\/#breadcrumb"},"inLanguage":"fi","potentialAction":[{"@type":"ReadAction","target":["https:\/\/www.spky.fi\/wopr\/"]}]},{"@type":"ImageObject","inLanguage":"fi","@id":"https:\/\/www.spky.fi\/wopr\/#primaryimage","url":"https:\/\/www.spky.fi\/wopr\/wp-content\/uploads\/2025\/02\/SPKY_MUVA_PNG.png","contentUrl":"https:\/\/www.spky.fi\/wopr\/wp-content\/uploads\/2025\/02\/SPKY_MUVA_PNG.png"},{"@type":"BreadcrumbList","@id":"https:\/\/www.spky.fi\/wopr\/#breadcrumb","itemListElement":[{"@type":"ListItem","position":1,"name":"Etusivu","item":"https:\/\/www.spky.fi\/wopr\/"},{"@type":"ListItem","position":2,"name":"Suomen Paimenkoirayhdistys ry"}]},{"@type":"WebSite","@id":"https:\/\/www.spky.fi\/wopr\/#website","url":"https:\/\/www.spky.fi\/wopr\/","name":"Suomen Paimenkoirayhdistys ry","description":"Suomen Paimenkoirayhdistys edist&auml;&auml; paimenkoirien ty&ouml;k&auml;ytt&ouml;&auml;. Yhdistys auttaa paimenkoirakurssien, harjoitusten, kilpailujen ja n&auml;yt&ouml;sten j&auml;rjest&auml;misess&auml;.","publisher":{"@id":"https:\/\/www.spky.fi\/wopr\/#organization"},"potentialAction":[{"@type":"SearchAction","target":{"@type":"EntryPoint","urlTemplate":"https:\/\/www.spky.fi\/wopr\/?s={search_term_string}"},"query-input":{"@type":"PropertyValueSpecification","valueRequired":true,"valueName":"search_term_string"}}],"inLanguage":"fi"},{"@type":"Organization","@id":"https:\/\/www.spky.fi\/wopr\/#organization","name":"Suomen Paimenkoirayhdistys ry","url":"https:\/\/www.spky.fi\/wopr\/","logo":{"@type":"ImageObject","inLanguage":"fi","@id":"https:\/\/www.spky.fi\/wopr\/#\/schema\/logo\/image\/","url":"https:\/\/www.spky.fi\/wopr\/wp-content\/uploads\/2024\/06\/SPKY_MUVA_PNG.png","contentUrl":"https:\/\/www.spky.fi\/wopr\/wp-content\/uploads\/2024\/06\/SPKY_MUVA_PNG.png","width":3201,"height":3126,"caption":"Suomen Paimenkoirayhdistys ry"},"image":{"@id":"https:\/\/www.spky.fi\/wopr\/#\/schema\/logo\/image\/"},"sameAs":["https:\/\/www.facebook.com\/SuomenPaimenkoirayhdistys"]}]}},"jetpack_sharing_enabled":true,"jetpack_shortlink":"https:\/\/wp.me\/PaLGv4-C","_links":{"self":[{"href":"https:\/\/www.spky.fi\/wopr\/wp-json\/wp\/v2\/pages\/38","targetHints":{"allow":["GET"]}}],"collection":[{"href":"https:\/\/www.spky.fi\/wopr\/wp-json\/wp\/v2\/pages"}],"about":[{"href":"https:\/\/www.spky.fi\/wopr\/wp-json\/wp\/v2\/types\/page"}],"author":[{"embeddable":true,"href":"https:\/\/www.spky.fi\/wopr\/wp-json\/wp\/v2\/users\/1"}],"replies":[{"embeddable":true,"href":"https:\/\/www.spky.fi\/wopr\/wp-json\/wp\/v2\/comments?post=38"}],"version-history":[{"count":160,"href":"https:\/\/www.spky.fi\/wopr\/wp-json\/wp\/v2\/pages\/38\/revisions"}],"predecessor-version":[{"id":8649,"href":"https:\/\/www.spky.fi\/wopr\/wp-json\/wp\/v2\/pages\/38\/revisions\/8649"}],"wp:attachment":[{"href":"https:\/\/www.spky.fi\/wopr\/wp-json\/wp\/v2\/media?parent=38"}],"curies":[{"name":"wp","href":"https:\/\/api.w.org\/{rel}","templated":true}]}}