{"id":4238,"date":"2022-12-08T19:01:05","date_gmt":"2022-12-08T19:01:05","guid":{"rendered":"https:\/\/www.spky.fi\/wopr\/?page_id=4238"},"modified":"2025-01-12T13:52:58","modified_gmt":"2025-01-12T13:52:58","slug":"kilpailukalenteri-2023","status":"publish","type":"page","link":"https:\/\/www.spky.fi\/wopr\/kilpailu_asiat\/kilpailukalenteri-2023\/","title":{"rendered":"Kilpailukalenteri 2023"},"content":{"rendered":"\n<ul>\n<li><strong>to-su 9.-12.3. 2023 European Nursery, Belgia<\/strong><br \/>Kilpailu eurooppalaisille alle 3-vuotiaille koirille\u00a0<br \/><br \/><\/li>\n<li><strong>su- ma 7.-8.5. Halikko, Peppi Laine,<\/strong> 3-luokka, max. noin 20 koiraa\/pv. Tuomarit Petri Keski-Korpela (su) ja Kari tai Elisa Kotikoski (ma). Ilmoittautuminen alkaa su 23.4. ja p\u00e4\u00e4ttyy ti 25.4. Viitenumero <strong>8044<br \/><br \/><\/strong><\/li>\n<li><strong>su 14.5. Halikko, Peppi Laine, 1- ja 2-luokka,<\/strong> max. noin 20 koiraa\/pv. Tuomari Elisa tai Kari Kotikoski. Ilmoittautuminen alkaa su 30.4. ja p\u00e4\u00e4ttyy ti 2.5. Viitenumero <strong>8057<\/strong><br \/><br \/><\/li>\n<li><strong>pe-la 19.-20.5. Rantasalmi, Susanna Nuutinen ja Mika Westerstr\u00e5hle,<\/strong> <strong>1-, 2- ja 3-luokka,<\/strong> alustavasti noin 10-15 koiraa\/luokka, tuomari Nilla Salonen. <strong>Ilmoittautuminen alkaa ti 2.5.,<\/strong> p\u00e4\u00e4ttyy pe 5.5. Viitenumero <strong>8002<br \/><br \/><\/strong><\/li>\n<li>\n<p><strong>la-su 27.-28.5. Tammisaari, Annika Paarvio, 3-luokka,<\/strong> max. noin 25 koiraa\/pv, tuomari Riitta Talvela. <strong>Ilmoittauminen alkaa ti 9.5.,<\/strong> p\u00e4\u00e4ttyy pe 12.5. Viitenumero <strong>8015<\/strong><\/p>\n<\/li>\n<li>\n<p><strong>ma 29.5. Tammisaari, Annika Paarvio, 1 ja 2-luokka,<\/strong> iltakisa, max. Noin 25 koiraa\/pv, tuomari Riitta Talvela. <strong>Ilmoittautuminen alkaa ke 10.5.,<\/strong> p\u00e4\u00e4ttyy la 13.5. Viitenumero <strong>8028<\/strong><\/p>\n<\/li>\n<li>\n<p><strong>la-su 3.-4.6. Kitee, Minna Eronen, 3-luokka<\/strong> (mahdollisesti my\u00f6s 2-luokka), max. noin 30 koiraa\/pv<br \/><strong>Ilmoittautuminen alkaa ke 17.5.,<\/strong> p\u00e4\u00e4ttyy su 21.5. Viitenumero <strong>8031<\/strong><\/p>\n<\/li>\n<li>\n<p><strong>la-su 17.-18.6. Loviisa, Leena Jussila, 3-luokka,<\/strong> max. 20 koiraa\/pv, tuomarit la Pirjo Koivu, su Kari Kotikoski<strong>. Ilmoittautuminen alkaa to 1.6.,<\/strong> p\u00e4\u00e4ttyy su 4.6. Viitenumero <strong>8086<\/strong><\/p>\n<\/li>\n<li><strong>ma-ti 19.-20.6. Loviisa, Leena Jussila, 1- ja 2-luokka (iltakisat),<\/strong> max 21 koiraa\/pv. Tuomari Anja Lehti\u00f6. <strong>Ilmoittautuminen alkaa ti 6.6.,<\/strong> p\u00e4\u00e4ttyy to 8.6. Viitenumero <strong>8138<br \/><br \/><\/strong><\/li>\n<li>\n<p><strong>to-pe 22.-23.6. Somero, Elisa ja Kari Kotikoski, 3-luokka,<\/strong> max. 20 koiraa\/pv, tuomarit to Annika Paarvio ja pe Kari Kotikoski. <strong>Ilmoittautuminen alkaa ma 5.6.,<\/strong> p\u00e4\u00e4ttyy ke 7.6. Viitenumero <strong>8099<\/strong><\/p>\n<\/li>\n<li><strong>ma 26.6. Salo, Katja Suominen, 3-luokka,<\/strong> max. 20 koiraa, tuomari Kimmo Klossner.<strong> Ilmoittautuminen alkaa to 8.6.,<\/strong> p\u00e4\u00e4ttyy la 10.6. Viitenumero <strong>8073<\/strong><br \/><br \/><\/li>\n<li><strong>su 2.7. Simpele, Hanna Repo, 1- ja 2 luokka,<\/strong> max. noin 16 koiraa, tuomari Pirjo Koivu. <strong>Ilmoittautuminen alkaa to 15.6.,<\/strong> p\u00e4\u00e4ttyy la 17.6. Viitenumero <strong>8060<\/strong><br \/><br \/><\/li>\n<li>\n<p><strong>la- su 8.-9.7. Somero, Elisa ja Kari Kotikoski, 1- ja 2-luokka,<\/strong> max noin 15 koiraa\/pv, tuomari Kari Kotikoski. <strong>Ilmoittautuminen alkaa ti 27.6.,<\/strong> p\u00e4\u00e4ttyy to 29.6. Viitenumero <strong>8109<\/strong><\/p>\n<\/li>\n<li><strong>la-su 15.-16.7. Loviisa, Leena Jussila, 1- ja 2-luokka,<\/strong> max noin 20 koiraa\/pv. <strong>Ilmoittautuminen alkaa pe 30.6.,<\/strong> p\u00e4\u00e4ttyy ma 3.7. Viitenumero <strong>8154<br \/><br \/><\/strong><\/li>\n<li>\n<p><strong>la- su 22.-23.7. Salo, Uotilan lammastila, 3-luokka,<\/strong> osallistujam\u00e4\u00e4r\u00e4\u00e4 ei rajoitettu, jaettuna kahteen l\u00e4ht\u00f6\u00f6n (yksi l\u00e4ht\u00f6\/koira\/pv). Tuomarit Elisa ja Kari Kotikoski. <strong>Ilmoittautuminen alkaa to 6.7.<\/strong>, p\u00e4\u00e4ttyy su 9.7. Viitenumero <strong>8112<\/strong><\/p>\n<\/li>\n<li><strong>la-su 5.-6.8. Kitee, Minna Eronen, 2- ja 3-luokka,<\/strong> max 35 koiraa\/pv. <strong>Ilmoittautuminen alkaa ma 24.7.,<\/strong> p\u00e4\u00e4ttyy ke 26.7. Viitenumero <strong>8167<\/strong><br \/><br \/><\/li>\n<li><strong>la-su 12.-13.8. Tuusula, Linda Pihl, 1- ja 2-luokka,<\/strong> max noin 15 koiraa\/pv. <strong>Ilmoittautuminen alkaa ke 26.7.,<\/strong> p\u00e4\u00e4ttyy la 29.7. Viitenumero <strong>8141<\/strong><br \/><br \/><\/li>\n<li><strong>ke-to 16.-17.8. Simpele, Hanna Repo, 1- ja 2-luokka,<\/strong> max noin 14 koiraa\/pv, tuomari Pirjo Koivu. <strong>Ilmoittautuminen alkaa ma 7.8.,<\/strong> p\u00e4\u00e4ttyy ti 8.8. Viitenumero <strong>8183<\/strong><br \/><br \/><\/li>\n<li>\n<p><strong>la- su 19.-20.8. Salo, Uotilan lammastila, Maajoukkueen karsintakilpailu 3-luokka.<\/strong> Max 35 koiraa esikarsintalistan mukaan. Tuomari <strong>Pat Byrne, Irlanti.<\/strong> <strong>Ilmoittautuminen alkaa ma 31.7. <\/strong>ja\u00a0p\u00e4\u00e4ttyy ma 7.8. Viitenumero <strong>8125<\/strong><\/p>\n<\/li>\n<li><strong>to-su 24.-27.8.2023 Continental Sheepdog Championship (EM-kisat), Ruotsi. <\/strong>Suomen maajoukkueella 8 paikkaa<br \/><br \/><\/li>\n<li><strong>la-su 2.-3.9. Kitee, Minna Eronen, 2- ja 3-luokka,<\/strong> max 35 koiraa\/pv.<strong> Ilmoittautuminen alkaa pe 18.8.<\/strong>, p\u00e4\u00e4ttyy su 20.8. Viitenumero<strong> 8170 <\/strong><br \/><br \/><\/li>\n<li><strong>pe- su 8.-10.9. 2023 International Sheepdog Trial, Irlanti<br \/><br \/><\/strong><\/li>\n<li><strong style=\"font-size: revert;\">ke-la 13.-16.9.2023 World Trial, Gill Hall Estate, Dromore, Pohjois-Irlanti. <\/strong>Suomen maajoukkueella 8 paikkaa<br \/><br \/><\/li>\n<li><strong>pe-la 22.-23.9. Nautamestaruus, Juva, Muumaa, Nauta 2-luokka, <\/strong>max noin 24 koiraa. Nautamaajoukkueen 2024 karsintakisa, <a href=\"https:\/\/www.spky.fi\/wopr\/wp-content\/uploads\/2023\/08\/Nautakisojen-esikarsinta-2023-1.pdf\" target=\"_blank\" rel=\"noopener\">osallistumisoikeus esikarsintalistan mukaan,<\/a> jos vapaita paikkoja j\u00e4\u00e4, ne t\u00e4ytet\u00e4\u00e4n ilmoittautumisj\u00e4rjestyksess\u00e4. <strong>Ilmoittautuminen alkaa su 27.8. <\/strong>ja p\u00e4\u00e4ttyy ke 6.9. Viitenumero<strong> 8196<br \/><br \/><\/strong><\/li>\n<li><span style=\"font-size: revert;\"><strong>pe-su 29.9.-1.10. SM-kisat, Tammisaari, Annika Paarvio,<\/strong> <strong>maajoukkueen 2024 karsintakisa.<\/strong> <a href=\"https:\/\/drive.google.com\/file\/d\/1oIIOOM9CsYo8xyr_iYt6bU5B4jGTr37c\/view?fbclid=IwAR2Ld7jXMv1xcglVlmhps_sdCKVgozYQCsZ8ir1yORkN5HbPtGeAc9XIP7k&amp;pli=1\" target=\"_blank\" rel=\"noopener\">Osallistumisoikeus esikarsintalistan mukaan, max 35 koiraa.<\/a> Tuomari <strong>Con McGarry<\/strong> Irlannista. <strong>Ilmoittautuminen alkaa ma 4.9.<\/strong>, p\u00e4\u00e4ttyy ma 18.9. Viitenumero <strong>8206\u00a0<br \/><\/strong><\/span><strong><span style=\"font-size: revert;\"><br \/><\/span><\/strong><\/li>\n<li><strong>pe- su 6.-8.10. 2023 Nauta EM-kilpailut, Mikkeli, Suomi<br \/><\/strong>Suomen maajoukkueella 6 paikkaa<br \/><br \/><\/li>\n<li><strong>la-su 14.-15.10. Somero, Elisa ja Kari Kotikoski, 1-ja 2-luokan mestaruuskisat,<\/strong> osallistujam\u00e4\u00e4r\u00e4\u00e4 ei rajoitettu. <strong>Ilmoittautuminen alkaa ti 19.9.<\/strong> ja p\u00e4\u00e4ttyy ke 27.9. Viitenumero<strong> 8219<\/strong><br \/><strong>1-luokan mestaruuskisaan<\/strong> saa osallistua vain alle 3-vuotiaalla koiralla, joka ei ole startannut ylemm\u00e4ss\u00e4 luokassa.<br \/><strong>2-luokan mestaruuskisaan<\/strong> saa osallistua vain koiralla, joka ei ole startannut ylemm\u00e4ss\u00e4 luokassa.<br \/><br \/><\/li>\n<li><strong>la-su 21.-22.10. Suomi Nursery, Perni\u00f6, Irmeli Nurminen,<\/strong> Nursery on 3-luokan kisa vuonna 2020 ja sen j\u00e4lkeen syntyneille koirille, lis\u00e4ksi tavalliset 2- ja 3-luokka, max 20 koiraa\/pv. Tuomari Elisa Kotikoski. Ilmoittautuminen alkaa ma 2.10. ja p\u00e4\u00e4ttyy ke 5.10., etusijalla Nursery-luokkaan ilmoitettavat koirat. Viitenumero 8222<br \/><br \/><\/li>\n<li><strong>la-su 28.-29.10. Lemp\u00e4\u00e4l\u00e4, Miikku Pietil\u00e4, 1- ja 2-luokka, 3-luokka jos j\u00e4\u00e4 tilaa,<\/strong> max 25 koiraa\/pv. Tuomari Petri Keski-Korpela. Ilmoittautuminen alkaa ke 11.10., p\u00e4\u00e4ttyy ma 16.10. Viitenumero 8235<\/li>\n<\/ul>\n<p>\u00a0<\/p>\n<p>\u00a0<\/p>\n","protected":false},"excerpt":{"rendered":"<p>to-su 9.-12.3. 2023 European Nursery, BelgiaKilpailu eurooppalaisille alle 3-vuotiaille koirille\u00a0 su- ma 7.-8.5. Halikko, Peppi Laine, 3-luokka, max. noin 20 koiraa\/pv. Tuomarit Petri Keski-Korpela (su) ja Kari tai Elisa Kotikoski (ma). Ilmoittautuminen alkaa su 23.4. ja p\u00e4\u00e4ttyy ti 25.4. Viitenumero 8044 su 14.5. Halikko, Peppi Laine, 1- ja 2-luokka, max. noin 20 koiraa\/pv. Tuomari Elisa &hellip; <a href=\"https:\/\/www.spky.fi\/wopr\/kilpailu_asiat\/kilpailukalenteri-2023\/\" class=\"more-link\">Jatka lukemista <span class=\"screen-reader-text\">Kilpailukalenteri 2023<\/span> <span class=\"meta-nav\">&rarr;<\/span><\/a><\/p>\n","protected":false},"author":1,"featured_media":0,"parent":196,"menu_order":0,"comment_status":"closed","ping_status":"closed","template":"","meta":{"jetpack_post_was_ever_published":true,"footnotes":""},"class_list":["post-4238","page","type-page","status-publish","hentry"],"yoast_head":"<!-- This site is optimized with the Yoast SEO plugin v27.5 - https:\/\/yoast.com\/product\/yoast-seo-wordpress\/ -->\n<title>Kilpailukalenteri 2023 - Suomen Paimenkoirayhdistys ry<\/title>\n<meta name=\"robots\" content=\"index, follow, max-snippet:-1, max-image-preview:large, max-video-preview:-1\" \/>\n<link rel=\"canonical\" href=\"https:\/\/www.spky.fi\/wopr\/kilpailu_asiat\/kilpailukalenteri-2023\/\" \/>\n<meta property=\"og:locale\" content=\"fi_FI\" \/>\n<meta property=\"og:type\" content=\"article\" \/>\n<meta property=\"og:title\" content=\"Kilpailukalenteri 2023 - Suomen Paimenkoirayhdistys ry\" \/>\n<meta property=\"og:description\" content=\"to-su 9.-12.3. 2023 European Nursery, BelgiaKilpailu eurooppalaisille alle 3-vuotiaille koirille\u00a0 su- ma 7.-8.5. Halikko, Peppi Laine, 3-luokka, max. noin 20 koiraa\/pv. Tuomarit Petri Keski-Korpela (su) ja Kari tai Elisa Kotikoski (ma). Ilmoittautuminen alkaa su 23.4. ja p\u00e4\u00e4ttyy ti 25.4. Viitenumero 8044 su 14.5. Halikko, Peppi Laine, 1- ja 2-luokka, max. noin 20 koiraa\/pv. Tuomari Elisa &hellip; Jatka lukemista Kilpailukalenteri 2023 &rarr;\" \/>\n<meta property=\"og:url\" content=\"https:\/\/www.spky.fi\/wopr\/kilpailu_asiat\/kilpailukalenteri-2023\/\" \/>\n<meta property=\"og:site_name\" content=\"Suomen Paimenkoirayhdistys ry\" \/>\n<meta property=\"article:publisher\" content=\"https:\/\/www.facebook.com\/SuomenPaimenkoirayhdistys\" \/>\n<meta property=\"article:modified_time\" content=\"2025-01-12T13:52:58+00:00\" \/>\n<meta name=\"twitter:card\" content=\"summary_large_image\" \/>\n<meta name=\"twitter:label1\" content=\"Arvioitu lukuaika\" \/>\n\t<meta name=\"twitter:data1\" content=\"5 minuuttia\" \/>\n<script type=\"application\/ld+json\" class=\"yoast-schema-graph\">{\"@context\":\"https:\\\/\\\/schema.org\",\"@graph\":[{\"@type\":\"WebPage\",\"@id\":\"https:\\\/\\\/www.spky.fi\\\/wopr\\\/kilpailu_asiat\\\/kilpailukalenteri-2023\\\/\",\"url\":\"https:\\\/\\\/www.spky.fi\\\/wopr\\\/kilpailu_asiat\\\/kilpailukalenteri-2023\\\/\",\"name\":\"Kilpailukalenteri 2023 - Suomen Paimenkoirayhdistys ry\",\"isPartOf\":{\"@id\":\"https:\\\/\\\/www.spky.fi\\\/wopr\\\/#website\"},\"datePublished\":\"2022-12-08T19:01:05+00:00\",\"dateModified\":\"2025-01-12T13:52:58+00:00\",\"breadcrumb\":{\"@id\":\"https:\\\/\\\/www.spky.fi\\\/wopr\\\/kilpailu_asiat\\\/kilpailukalenteri-2023\\\/#breadcrumb\"},\"inLanguage\":\"fi\",\"potentialAction\":[{\"@type\":\"ReadAction\",\"target\":[\"https:\\\/\\\/www.spky.fi\\\/wopr\\\/kilpailu_asiat\\\/kilpailukalenteri-2023\\\/\"]}]},{\"@type\":\"BreadcrumbList\",\"@id\":\"https:\\\/\\\/www.spky.fi\\\/wopr\\\/kilpailu_asiat\\\/kilpailukalenteri-2023\\\/#breadcrumb\",\"itemListElement\":[{\"@type\":\"ListItem\",\"position\":1,\"name\":\"Etusivu\",\"item\":\"https:\\\/\\\/www.spky.fi\\\/wopr\\\/\"},{\"@type\":\"ListItem\",\"position\":2,\"name\":\"kilpailuasiat\",\"item\":\"https:\\\/\\\/www.spky.fi\\\/wopr\\\/kilpailu_asiat\\\/\"},{\"@type\":\"ListItem\",\"position\":3,\"name\":\"Kilpailukalenteri 2023\"}]},{\"@type\":\"WebSite\",\"@id\":\"https:\\\/\\\/www.spky.fi\\\/wopr\\\/#website\",\"url\":\"https:\\\/\\\/www.spky.fi\\\/wopr\\\/\",\"name\":\"Suomen Paimenkoirayhdistys ry\",\"description\":\"Suomen Paimenkoirayhdistys edist&auml;&auml; paimenkoirien ty&ouml;k&auml;ytt&ouml;&auml;. Yhdistys auttaa paimenkoirakurssien, harjoitusten, kilpailujen ja n&auml;yt&ouml;sten j&auml;rjest&auml;misess&auml;.\",\"publisher\":{\"@id\":\"https:\\\/\\\/www.spky.fi\\\/wopr\\\/#organization\"},\"potentialAction\":[{\"@type\":\"SearchAction\",\"target\":{\"@type\":\"EntryPoint\",\"urlTemplate\":\"https:\\\/\\\/www.spky.fi\\\/wopr\\\/?s={search_term_string}\"},\"query-input\":{\"@type\":\"PropertyValueSpecification\",\"valueRequired\":true,\"valueName\":\"search_term_string\"}}],\"inLanguage\":\"fi\"},{\"@type\":\"Organization\",\"@id\":\"https:\\\/\\\/www.spky.fi\\\/wopr\\\/#organization\",\"name\":\"Suomen Paimenkoirayhdistys ry\",\"url\":\"https:\\\/\\\/www.spky.fi\\\/wopr\\\/\",\"logo\":{\"@type\":\"ImageObject\",\"inLanguage\":\"fi\",\"@id\":\"https:\\\/\\\/www.spky.fi\\\/wopr\\\/#\\\/schema\\\/logo\\\/image\\\/\",\"url\":\"https:\\\/\\\/www.spky.fi\\\/wopr\\\/wp-content\\\/uploads\\\/2024\\\/06\\\/SPKY_MUVA_PNG.png\",\"contentUrl\":\"https:\\\/\\\/www.spky.fi\\\/wopr\\\/wp-content\\\/uploads\\\/2024\\\/06\\\/SPKY_MUVA_PNG.png\",\"width\":3201,\"height\":3126,\"caption\":\"Suomen Paimenkoirayhdistys ry\"},\"image\":{\"@id\":\"https:\\\/\\\/www.spky.fi\\\/wopr\\\/#\\\/schema\\\/logo\\\/image\\\/\"},\"sameAs\":[\"https:\\\/\\\/www.facebook.com\\\/SuomenPaimenkoirayhdistys\"]}]}<\/script>\n<!-- \/ Yoast SEO plugin. -->","yoast_head_json":{"title":"Kilpailukalenteri 2023 - Suomen Paimenkoirayhdistys ry","robots":{"index":"index","follow":"follow","max-snippet":"max-snippet:-1","max-image-preview":"max-image-preview:large","max-video-preview":"max-video-preview:-1"},"canonical":"https:\/\/www.spky.fi\/wopr\/kilpailu_asiat\/kilpailukalenteri-2023\/","og_locale":"fi_FI","og_type":"article","og_title":"Kilpailukalenteri 2023 - Suomen Paimenkoirayhdistys ry","og_description":"to-su 9.-12.3. 2023 European Nursery, BelgiaKilpailu eurooppalaisille alle 3-vuotiaille koirille\u00a0 su- ma 7.-8.5. Halikko, Peppi Laine, 3-luokka, max. noin 20 koiraa\/pv. Tuomarit Petri Keski-Korpela (su) ja Kari tai Elisa Kotikoski (ma). Ilmoittautuminen alkaa su 23.4. ja p\u00e4\u00e4ttyy ti 25.4. Viitenumero 8044 su 14.5. Halikko, Peppi Laine, 1- ja 2-luokka, max. noin 20 koiraa\/pv. Tuomari Elisa &hellip; Jatka lukemista Kilpailukalenteri 2023 &rarr;","og_url":"https:\/\/www.spky.fi\/wopr\/kilpailu_asiat\/kilpailukalenteri-2023\/","og_site_name":"Suomen Paimenkoirayhdistys ry","article_publisher":"https:\/\/www.facebook.com\/SuomenPaimenkoirayhdistys","article_modified_time":"2025-01-12T13:52:58+00:00","twitter_card":"summary_large_image","twitter_misc":{"Arvioitu lukuaika":"5 minuuttia"},"schema":{"@context":"https:\/\/schema.org","@graph":[{"@type":"WebPage","@id":"https:\/\/www.spky.fi\/wopr\/kilpailu_asiat\/kilpailukalenteri-2023\/","url":"https:\/\/www.spky.fi\/wopr\/kilpailu_asiat\/kilpailukalenteri-2023\/","name":"Kilpailukalenteri 2023 - Suomen Paimenkoirayhdistys ry","isPartOf":{"@id":"https:\/\/www.spky.fi\/wopr\/#website"},"datePublished":"2022-12-08T19:01:05+00:00","dateModified":"2025-01-12T13:52:58+00:00","breadcrumb":{"@id":"https:\/\/www.spky.fi\/wopr\/kilpailu_asiat\/kilpailukalenteri-2023\/#breadcrumb"},"inLanguage":"fi","potentialAction":[{"@type":"ReadAction","target":["https:\/\/www.spky.fi\/wopr\/kilpailu_asiat\/kilpailukalenteri-2023\/"]}]},{"@type":"BreadcrumbList","@id":"https:\/\/www.spky.fi\/wopr\/kilpailu_asiat\/kilpailukalenteri-2023\/#breadcrumb","itemListElement":[{"@type":"ListItem","position":1,"name":"Etusivu","item":"https:\/\/www.spky.fi\/wopr\/"},{"@type":"ListItem","position":2,"name":"kilpailuasiat","item":"https:\/\/www.spky.fi\/wopr\/kilpailu_asiat\/"},{"@type":"ListItem","position":3,"name":"Kilpailukalenteri 2023"}]},{"@type":"WebSite","@id":"https:\/\/www.spky.fi\/wopr\/#website","url":"https:\/\/www.spky.fi\/wopr\/","name":"Suomen Paimenkoirayhdistys ry","description":"Suomen Paimenkoirayhdistys edist&auml;&auml; paimenkoirien ty&ouml;k&auml;ytt&ouml;&auml;. Yhdistys auttaa paimenkoirakurssien, harjoitusten, kilpailujen ja n&auml;yt&ouml;sten j&auml;rjest&auml;misess&auml;.","publisher":{"@id":"https:\/\/www.spky.fi\/wopr\/#organization"},"potentialAction":[{"@type":"SearchAction","target":{"@type":"EntryPoint","urlTemplate":"https:\/\/www.spky.fi\/wopr\/?s={search_term_string}"},"query-input":{"@type":"PropertyValueSpecification","valueRequired":true,"valueName":"search_term_string"}}],"inLanguage":"fi"},{"@type":"Organization","@id":"https:\/\/www.spky.fi\/wopr\/#organization","name":"Suomen Paimenkoirayhdistys ry","url":"https:\/\/www.spky.fi\/wopr\/","logo":{"@type":"ImageObject","inLanguage":"fi","@id":"https:\/\/www.spky.fi\/wopr\/#\/schema\/logo\/image\/","url":"https:\/\/www.spky.fi\/wopr\/wp-content\/uploads\/2024\/06\/SPKY_MUVA_PNG.png","contentUrl":"https:\/\/www.spky.fi\/wopr\/wp-content\/uploads\/2024\/06\/SPKY_MUVA_PNG.png","width":3201,"height":3126,"caption":"Suomen Paimenkoirayhdistys ry"},"image":{"@id":"https:\/\/www.spky.fi\/wopr\/#\/schema\/logo\/image\/"},"sameAs":["https:\/\/www.facebook.com\/SuomenPaimenkoirayhdistys"]}]}},"jetpack_sharing_enabled":true,"jetpack_shortlink":"https:\/\/wp.me\/PaLGv4-16m","_links":{"self":[{"href":"https:\/\/www.spky.fi\/wopr\/wp-json\/wp\/v2\/pages\/4238","targetHints":{"allow":["GET"]}}],"collection":[{"href":"https:\/\/www.spky.fi\/wopr\/wp-json\/wp\/v2\/pages"}],"about":[{"href":"https:\/\/www.spky.fi\/wopr\/wp-json\/wp\/v2\/types\/page"}],"author":[{"embeddable":true,"href":"https:\/\/www.spky.fi\/wopr\/wp-json\/wp\/v2\/users\/1"}],"replies":[{"embeddable":true,"href":"https:\/\/www.spky.fi\/wopr\/wp-json\/wp\/v2\/comments?post=4238"}],"version-history":[{"count":35,"href":"https:\/\/www.spky.fi\/wopr\/wp-json\/wp\/v2\/pages\/4238\/revisions"}],"predecessor-version":[{"id":7292,"href":"https:\/\/www.spky.fi\/wopr\/wp-json\/wp\/v2\/pages\/4238\/revisions\/7292"}],"up":[{"embeddable":true,"href":"https:\/\/www.spky.fi\/wopr\/wp-json\/wp\/v2\/pages\/196"}],"wp:attachment":[{"href":"https:\/\/www.spky.fi\/wopr\/wp-json\/wp\/v2\/media?parent=4238"}],"curies":[{"name":"wp","href":"https:\/\/api.w.org\/{rel}","templated":true}]}}