{"id":432,"date":"2018-04-25T08:11:59","date_gmt":"2018-04-25T08:11:59","guid":{"rendered":"http:\/\/www.spky.fi\/wopr\/?page_id=432"},"modified":"2026-02-22T11:03:55","modified_gmt":"2026-02-22T11:03:55","slug":"kurssit","status":"publish","type":"page","link":"https:\/\/www.spky.fi\/wopr\/kurssit\/","title":{"rendered":"Kurssit"},"content":{"rendered":"<p><\/p>\r\n<h2>James McGeen kurssi 25.-27.4.2026 Simpeleell\u00e4<\/h2>\r\n<p><br \/>\r\nSimpele, la-ma 25.-27.4.2026<br \/>\r\nOsoite: N\u00e4pinm\u00e4enkatu 4, 56800 Simpele<br \/>\r\nJ\u00e4rjest\u00e4j\u00e4: Helena Pesonen p. 040-7602735<br \/>\r\nKouluttaja: James McGee, Irlanti<br \/>\r\nKurssille voi tulla mink\u00e4 ik\u00e4isen koiran kanssa vaan, eniten kurssista hy\u00f6tyv\u00e4t nuoret koirat. Koiran on oltava koulutuskyps\u00e4, ei sytytelt\u00e4vi\u00e4 pentuja. Kurssille otetaan 10 koirallista osallistujaa\/p\u00e4iv\u00e4. Alustavasti koirallisia paikkoja max 2pv per ohjaaja. Viimeksi v. 2024 kurssi oli hyvin suosittu ja tuo 2pv\/ohjaaja antaa mahdollisuuden mahdollisimman monelle. Jos tilaa j\u00e4\u00e4, niin kolmas p\u00e4iv\u00e4 mahdollinen.<br \/>\r\nKuunteluoppilaita vapaasti, ei paikka- tai p\u00e4iv\u00e4rajoituksia.<br \/>\r\nKurssilla k\u00e4yt\u00f6ss\u00e4 kaksi tarhaa, pienempi 6x6m ja isompi n. 35X25m. Kurssiel\u00e4imin\u00e4 lampaat.<br \/>\r\nKurssin hinta SPKY:n j\u00e4senille 120\u20ac + alv 25,5%, ei-j\u00e4senille 220\u20ac + alv 25,5%<br \/>\r\nKuunteluoppilaat SPKY:n j\u00e4sen 20\u20ac + alv25,5%, ei-j\u00e4sen 40\u20ac+alv 25,5%<br \/>\r\nLounas varattavissa erikseen. Kurssin hintaan sis\u00e4ltyy kahvi\/tee ja pikku purtavaa treenikent\u00e4n laidalla.<br \/>\r\nTiedustelut\/ilmoittautumiset:<br \/>\r\nIlmoittautuminen alkaa su 8.2.2026. Paikka vahvistuu kurssimaksun maksamisen j\u00e4lkeen.<br \/>\r\nIlmoittautuminen vain s\u00e4hk\u00f6postiin helemapesonen @gmail.com. Lis\u00e4tietoja voi kysy\u00e4 Helenalta 040-7602735<br \/>\r\nKoirayst\u00e4v\u00e4llinen majoituspaikka noin 4km tilalta B&amp;B Hiitolanjoki www.bbhiitolanjoki.fi<br \/>\r\nMuista puhtaat tassut ja tossut, koiran j\u00e4t\u00f6kset talteen. Koska kyseess\u00e4 maatila, koirat pidett\u00e4v\u00e4 kytkettyin\u00e4!<\/p>\r\n<h2>Lammastreenit Limingassa (Tupos) marras-huhtikuussa<\/h2>\r\n<p>Treenit torstaisin klo 10-12. Treenimaksu 37\u20ac (sis alv). Tai erikseen sovittavana aikana aikatalusi mukaisesti 45\u20ac (sis alv). Vain bc ja wk. Ilmoittautumiset treeniin: Minna Jokisaari, p. 0400 313797, minnamjokisaari(at)gmail.com<\/p>\r\n<h2>Muumaan nautatreenit Juvalla marras- huhtikuussa<\/h2>\r\n<p>Kilpolantie 88, Nuutilanm\u00e4ki\u00a0<br \/>\r\nTreenit yleens\u00e4 to ja la klo 10-14. Treenimaksu 30\u20ac + alv.<br \/>\r\nIlmot\/kyselyt Heikki Teittinen, p. 0400 752780,\u00a0 heikki.teittinen(at)muumaa.fi<br \/>\r\nPuhtaat tassut ja tossut. Koiran j\u00e4t\u00f6kset ker\u00e4tt\u00e4v\u00e4 talteen.<br \/>\r\nTervetuloa!<\/p>\r\n<div dir=\"auto\">\r\n<div><span style=\"font-size: 24px; font-weight: bold;\">Vuokraa NoShout kurssille<\/span><\/div>\r\n<\/div>\r\n<div dir=\"auto\">\r\n<div>\r\n<p>NoShout-\u00e4\u00e4niyhteyslaitetta vuokrataan yhdistyksen j\u00e4senille seuraavin ehdoin:<br \/>\r\n\u2022 Laitteiston vuokra on 15 eur \/ k\u00e4ytt\u00f6vuorokausi<br \/>\r\n\u2022 Laite tulee palauttaa viikon kuluessa, ellei ole sovittu toisin. Jos laitteen palautus viiv\u00e4styy, ylimenevist\u00e4 p\u00e4iv\u00e4ist\u00e4 veloitetaan 15 eur \/ vuorokausi. Palautus <a href=\"https:\/\/www.spky.fi\/wopr\/yhteystiedot\/\" target=\"_blank\" rel=\"noopener\">tarvikevastaava Heidi Mustoselle.<\/a><br \/>\r\n\u2022 Vuokraajalla on t\u00e4ysi korvausvastuu, mik\u00e4li laite rikkoutuu sin\u00e4 aikana, kun se on vuokraajan hallussa.<\/p>\r\n<\/div>\r\n<p><span style=\"font-size: 24px; font-weight: bold;\">Kurssituki j\u00e4rjest\u00e4jille<\/span><\/p>\r\n<\/div>\r\n\r\n\r\n<p>Kurssitukea voi hakea kurssin j\u00e4rjest\u00e4j\u00e4 joko kotimaisen kouluttajan matkakuluihin 0,20 \u20ac \/ km\/ kouluttaja \/ kurssi, max 200 \u20ac \/ kurssi tai yleist\u00e4 kurssitukea enint\u00e4\u00e4n 150 \u20ac \/ pv\u00e4 ja max 600 \u20ac \/ kurssij\u00e4rjest\u00e4j\u00e4 \/ vuosi. Tuen ehtona on kurssin ilmoitus SPKY:n julkaisukanavissa (voi olla tason mukaan kohdennettu kurssi) sek\u00e4 kurssijuttu lehdess\u00e4 kurssin j\u00e4lkeen. Kurssituki on tarkoitettu j\u00e4senille. Ei-j\u00e4senille kurssihinnan oltava v\u00e4hint\u00e4\u00e4n j\u00e4senmaksun verran (30 \u20ac) kalliimpi.<\/p>\r\n","protected":false},"excerpt":{"rendered":"<p>James McGeen kurssi 25.-27.4.2026 Simpeleell\u00e4 Simpele, la-ma 25.-27.4.2026 Osoite: N\u00e4pinm\u00e4enkatu 4, 56800 Simpele J\u00e4rjest\u00e4j\u00e4: Helena Pesonen p. 040-7602735 Kouluttaja: James McGee, Irlanti Kurssille voi tulla mink\u00e4 ik\u00e4isen koiran kanssa vaan, eniten kurssista hy\u00f6tyv\u00e4t nuoret koirat. Koiran on oltava koulutuskyps\u00e4, ei sytytelt\u00e4vi\u00e4 pentuja. Kurssille otetaan 10 koirallista osallistujaa\/p\u00e4iv\u00e4. Alustavasti koirallisia paikkoja max 2pv per ohjaaja. Viimeksi &hellip; <a href=\"https:\/\/www.spky.fi\/wopr\/kurssit\/\" class=\"more-link\">Jatka lukemista <span class=\"screen-reader-text\">Kurssit<\/span> <span class=\"meta-nav\">&rarr;<\/span><\/a><\/p>\n","protected":false},"author":1,"featured_media":0,"parent":0,"menu_order":0,"comment_status":"closed","ping_status":"open","template":"","meta":{"jetpack_post_was_ever_published":false,"footnotes":""},"class_list":["post-432","page","type-page","status-publish","hentry"],"yoast_head":"<!-- This site is optimized with the Yoast SEO plugin v27.4 - https:\/\/yoast.com\/product\/yoast-seo-wordpress\/ -->\n<title>Kurssit - Suomen Paimenkoirayhdistys ry<\/title>\n<meta name=\"description\" content=\"Suomen Paimenkoirayhdistys j\u00e4rjest\u00e4\u00e4 kursseja kokoavan paimenkoiran koulutukseen ja k\u00e4ytt\u00f6\u00f6n eri puolilla Suomea.\" \/>\n<meta name=\"robots\" content=\"index, follow, max-snippet:-1, max-image-preview:large, max-video-preview:-1\" \/>\n<link rel=\"canonical\" href=\"https:\/\/www.spky.fi\/wopr\/kurssit\/\" \/>\n<meta property=\"og:locale\" content=\"fi_FI\" \/>\n<meta property=\"og:type\" content=\"article\" \/>\n<meta property=\"og:title\" content=\"Kurssit - Suomen Paimenkoirayhdistys ry\" \/>\n<meta property=\"og:description\" content=\"Suomen Paimenkoirayhdistys j\u00e4rjest\u00e4\u00e4 kursseja kokoavan paimenkoiran koulutukseen ja k\u00e4ytt\u00f6\u00f6n eri puolilla Suomea.\" \/>\n<meta property=\"og:url\" content=\"https:\/\/www.spky.fi\/wopr\/kurssit\/\" \/>\n<meta property=\"og:site_name\" content=\"Suomen Paimenkoirayhdistys ry\" \/>\n<meta property=\"article:publisher\" content=\"https:\/\/www.facebook.com\/SuomenPaimenkoirayhdistys\" \/>\n<meta property=\"article:modified_time\" content=\"2026-02-22T11:03:55+00:00\" \/>\n<meta name=\"twitter:card\" content=\"summary_large_image\" \/>\n<meta name=\"twitter:label1\" content=\"Arvioitu lukuaika\" \/>\n\t<meta name=\"twitter:data1\" content=\"3 minuuttia\" \/>\n<script type=\"application\/ld+json\" class=\"yoast-schema-graph\">{\"@context\":\"https:\\\/\\\/schema.org\",\"@graph\":[{\"@type\":\"WebPage\",\"@id\":\"https:\\\/\\\/www.spky.fi\\\/wopr\\\/kurssit\\\/\",\"url\":\"https:\\\/\\\/www.spky.fi\\\/wopr\\\/kurssit\\\/\",\"name\":\"Kurssit - Suomen Paimenkoirayhdistys ry\",\"isPartOf\":{\"@id\":\"https:\\\/\\\/www.spky.fi\\\/wopr\\\/#website\"},\"datePublished\":\"2018-04-25T08:11:59+00:00\",\"dateModified\":\"2026-02-22T11:03:55+00:00\",\"description\":\"Suomen Paimenkoirayhdistys j\u00e4rjest\u00e4\u00e4 kursseja kokoavan paimenkoiran koulutukseen ja k\u00e4ytt\u00f6\u00f6n eri puolilla Suomea.\",\"breadcrumb\":{\"@id\":\"https:\\\/\\\/www.spky.fi\\\/wopr\\\/kurssit\\\/#breadcrumb\"},\"inLanguage\":\"fi\",\"potentialAction\":[{\"@type\":\"ReadAction\",\"target\":[\"https:\\\/\\\/www.spky.fi\\\/wopr\\\/kurssit\\\/\"]}]},{\"@type\":\"BreadcrumbList\",\"@id\":\"https:\\\/\\\/www.spky.fi\\\/wopr\\\/kurssit\\\/#breadcrumb\",\"itemListElement\":[{\"@type\":\"ListItem\",\"position\":1,\"name\":\"Etusivu\",\"item\":\"https:\\\/\\\/www.spky.fi\\\/wopr\\\/\"},{\"@type\":\"ListItem\",\"position\":2,\"name\":\"Kurssit\"}]},{\"@type\":\"WebSite\",\"@id\":\"https:\\\/\\\/www.spky.fi\\\/wopr\\\/#website\",\"url\":\"https:\\\/\\\/www.spky.fi\\\/wopr\\\/\",\"name\":\"Suomen Paimenkoirayhdistys ry\",\"description\":\"Suomen Paimenkoirayhdistys edist&auml;&auml; paimenkoirien ty&ouml;k&auml;ytt&ouml;&auml;. Yhdistys auttaa paimenkoirakurssien, harjoitusten, kilpailujen ja n&auml;yt&ouml;sten j&auml;rjest&auml;misess&auml;.\",\"publisher\":{\"@id\":\"https:\\\/\\\/www.spky.fi\\\/wopr\\\/#organization\"},\"potentialAction\":[{\"@type\":\"SearchAction\",\"target\":{\"@type\":\"EntryPoint\",\"urlTemplate\":\"https:\\\/\\\/www.spky.fi\\\/wopr\\\/?s={search_term_string}\"},\"query-input\":{\"@type\":\"PropertyValueSpecification\",\"valueRequired\":true,\"valueName\":\"search_term_string\"}}],\"inLanguage\":\"fi\"},{\"@type\":\"Organization\",\"@id\":\"https:\\\/\\\/www.spky.fi\\\/wopr\\\/#organization\",\"name\":\"Suomen Paimenkoirayhdistys ry\",\"url\":\"https:\\\/\\\/www.spky.fi\\\/wopr\\\/\",\"logo\":{\"@type\":\"ImageObject\",\"inLanguage\":\"fi\",\"@id\":\"https:\\\/\\\/www.spky.fi\\\/wopr\\\/#\\\/schema\\\/logo\\\/image\\\/\",\"url\":\"https:\\\/\\\/www.spky.fi\\\/wopr\\\/wp-content\\\/uploads\\\/2024\\\/06\\\/SPKY_MUVA_PNG.png\",\"contentUrl\":\"https:\\\/\\\/www.spky.fi\\\/wopr\\\/wp-content\\\/uploads\\\/2024\\\/06\\\/SPKY_MUVA_PNG.png\",\"width\":3201,\"height\":3126,\"caption\":\"Suomen Paimenkoirayhdistys ry\"},\"image\":{\"@id\":\"https:\\\/\\\/www.spky.fi\\\/wopr\\\/#\\\/schema\\\/logo\\\/image\\\/\"},\"sameAs\":[\"https:\\\/\\\/www.facebook.com\\\/SuomenPaimenkoirayhdistys\"]}]}<\/script>\n<!-- \/ Yoast SEO plugin. -->","yoast_head_json":{"title":"Kurssit - Suomen Paimenkoirayhdistys ry","description":"Suomen Paimenkoirayhdistys j\u00e4rjest\u00e4\u00e4 kursseja kokoavan paimenkoiran koulutukseen ja k\u00e4ytt\u00f6\u00f6n eri puolilla Suomea.","robots":{"index":"index","follow":"follow","max-snippet":"max-snippet:-1","max-image-preview":"max-image-preview:large","max-video-preview":"max-video-preview:-1"},"canonical":"https:\/\/www.spky.fi\/wopr\/kurssit\/","og_locale":"fi_FI","og_type":"article","og_title":"Kurssit - Suomen Paimenkoirayhdistys ry","og_description":"Suomen Paimenkoirayhdistys j\u00e4rjest\u00e4\u00e4 kursseja kokoavan paimenkoiran koulutukseen ja k\u00e4ytt\u00f6\u00f6n eri puolilla Suomea.","og_url":"https:\/\/www.spky.fi\/wopr\/kurssit\/","og_site_name":"Suomen Paimenkoirayhdistys ry","article_publisher":"https:\/\/www.facebook.com\/SuomenPaimenkoirayhdistys","article_modified_time":"2026-02-22T11:03:55+00:00","twitter_card":"summary_large_image","twitter_misc":{"Arvioitu lukuaika":"3 minuuttia"},"schema":{"@context":"https:\/\/schema.org","@graph":[{"@type":"WebPage","@id":"https:\/\/www.spky.fi\/wopr\/kurssit\/","url":"https:\/\/www.spky.fi\/wopr\/kurssit\/","name":"Kurssit - Suomen Paimenkoirayhdistys ry","isPartOf":{"@id":"https:\/\/www.spky.fi\/wopr\/#website"},"datePublished":"2018-04-25T08:11:59+00:00","dateModified":"2026-02-22T11:03:55+00:00","description":"Suomen Paimenkoirayhdistys j\u00e4rjest\u00e4\u00e4 kursseja kokoavan paimenkoiran koulutukseen ja k\u00e4ytt\u00f6\u00f6n eri puolilla Suomea.","breadcrumb":{"@id":"https:\/\/www.spky.fi\/wopr\/kurssit\/#breadcrumb"},"inLanguage":"fi","potentialAction":[{"@type":"ReadAction","target":["https:\/\/www.spky.fi\/wopr\/kurssit\/"]}]},{"@type":"BreadcrumbList","@id":"https:\/\/www.spky.fi\/wopr\/kurssit\/#breadcrumb","itemListElement":[{"@type":"ListItem","position":1,"name":"Etusivu","item":"https:\/\/www.spky.fi\/wopr\/"},{"@type":"ListItem","position":2,"name":"Kurssit"}]},{"@type":"WebSite","@id":"https:\/\/www.spky.fi\/wopr\/#website","url":"https:\/\/www.spky.fi\/wopr\/","name":"Suomen Paimenkoirayhdistys ry","description":"Suomen Paimenkoirayhdistys edist&auml;&auml; paimenkoirien ty&ouml;k&auml;ytt&ouml;&auml;. Yhdistys auttaa paimenkoirakurssien, harjoitusten, kilpailujen ja n&auml;yt&ouml;sten j&auml;rjest&auml;misess&auml;.","publisher":{"@id":"https:\/\/www.spky.fi\/wopr\/#organization"},"potentialAction":[{"@type":"SearchAction","target":{"@type":"EntryPoint","urlTemplate":"https:\/\/www.spky.fi\/wopr\/?s={search_term_string}"},"query-input":{"@type":"PropertyValueSpecification","valueRequired":true,"valueName":"search_term_string"}}],"inLanguage":"fi"},{"@type":"Organization","@id":"https:\/\/www.spky.fi\/wopr\/#organization","name":"Suomen Paimenkoirayhdistys ry","url":"https:\/\/www.spky.fi\/wopr\/","logo":{"@type":"ImageObject","inLanguage":"fi","@id":"https:\/\/www.spky.fi\/wopr\/#\/schema\/logo\/image\/","url":"https:\/\/www.spky.fi\/wopr\/wp-content\/uploads\/2024\/06\/SPKY_MUVA_PNG.png","contentUrl":"https:\/\/www.spky.fi\/wopr\/wp-content\/uploads\/2024\/06\/SPKY_MUVA_PNG.png","width":3201,"height":3126,"caption":"Suomen Paimenkoirayhdistys ry"},"image":{"@id":"https:\/\/www.spky.fi\/wopr\/#\/schema\/logo\/image\/"},"sameAs":["https:\/\/www.facebook.com\/SuomenPaimenkoirayhdistys"]}]}},"jetpack_sharing_enabled":true,"jetpack_shortlink":"https:\/\/wp.me\/PaLGv4-6Y","_links":{"self":[{"href":"https:\/\/www.spky.fi\/wopr\/wp-json\/wp\/v2\/pages\/432","targetHints":{"allow":["GET"]}}],"collection":[{"href":"https:\/\/www.spky.fi\/wopr\/wp-json\/wp\/v2\/pages"}],"about":[{"href":"https:\/\/www.spky.fi\/wopr\/wp-json\/wp\/v2\/types\/page"}],"author":[{"embeddable":true,"href":"https:\/\/www.spky.fi\/wopr\/wp-json\/wp\/v2\/users\/1"}],"replies":[{"embeddable":true,"href":"https:\/\/www.spky.fi\/wopr\/wp-json\/wp\/v2\/comments?post=432"}],"version-history":[{"count":188,"href":"https:\/\/www.spky.fi\/wopr\/wp-json\/wp\/v2\/pages\/432\/revisions"}],"predecessor-version":[{"id":8442,"href":"https:\/\/www.spky.fi\/wopr\/wp-json\/wp\/v2\/pages\/432\/revisions\/8442"}],"wp:attachment":[{"href":"https:\/\/www.spky.fi\/wopr\/wp-json\/wp\/v2\/media?parent=432"}],"curies":[{"name":"wp","href":"https:\/\/api.w.org\/{rel}","templated":true}]}}