{"id":4432,"date":"2023-04-22T12:57:55","date_gmt":"2023-04-22T12:57:55","guid":{"rendered":"https:\/\/www.spky.fi\/wopr\/?page_id=4432"},"modified":"2026-04-26T15:20:36","modified_gmt":"2026-04-26T15:20:36","slug":"lammaskilpailusaannot","status":"publish","type":"page","link":"https:\/\/www.spky.fi\/wopr\/lammaskilpailusaannot\/","title":{"rendered":"SPKY LAMMASKILPAILUJEN S\u00c4\u00c4NN\u00d6T"},"content":{"rendered":"<p><\/p>\r\n<p>(S\u00e4\u00e4nt\u00f6j\u00e4 p\u00e4ivitetty 26.4.2026)<\/p>\r\n<h3>Yleiset kilpailus\u00e4\u00e4nn\u00f6t <a href=\"https:\/\/www.spky.fi\/wopr\/kilpailusaannot\/\" target=\"_blank\" rel=\"noopener\">omalla sivullaan<\/a><br \/>\r\n<br \/>\r\n<\/h3>\r\n<p>Paimennuskilpailujen tavoitteena on testata koiran ja ohjaajan kyky\u00e4 yhteisty\u00f6ss\u00e4 k\u00e4sitell\u00e4 ja siirt\u00e4\u00e4 lampaita erilaisissa ty\u00f6k\u00e4ytt\u00f6\u00e4 vastaavissa tilanteissa ja olosuhteissa. Paimennuskilpailut tukevat ja edist\u00e4v\u00e4t paimenkoirien koulutusta ja jalostusta, ty\u00f6k\u00e4ytt\u00f6\u00e4 ja hyv\u00e4\u00e4 el\u00e4inten k\u00e4sittely\u00e4 Suomessa. Ohjaajan tulee kaikessa toiminnassaan, niin kilpailuissa kuin niiden ulkopuolella, huolehtia el\u00e4inten hyvinvoinnista.<br \/>\r\n<br \/>\r\nTuomari arvostelee koko kilpailun ajan huomioiden lampaiden k\u00e4ytt\u00e4ytymisen ja muut suoritukseen vaikuttavat olosuhteet.<\/p>\r\n<p>Tuomarin tulee keskeytt\u00e4\u00e4 suoritus, jos el\u00e4inten hyv\u00e4 k\u00e4sittely vaarantuu.<\/p>\r\n<p><a href=\"https:\/\/www.spky.fi\/wopr\/wp-content\/uploads\/2026\/04\/Lammaskilpailusaannot-2026.pdf\" target=\"_blank\" rel=\"noopener\">Lammaskilpailujen s\u00e4\u00e4nn\u00f6t pdf-tiedostona.<\/a><\/p>\r\n<h2>Yleiset ohjeet<\/h2>\r\n<p><strong>Lammaskilpailuissa on kolme kilpailuluokkaa:<\/strong> <br \/>\r\n<strong>Luokka 1:<\/strong> aloittelevat koirat ja ohjaajat<br \/>\r\n<strong>Luokka 2:<\/strong> harjaantuneet koirat<br \/>\r\n<strong>Luokka 3:<\/strong> pitk\u00e4lle koulutetut koirat<\/p>\r\n<p>Siirtyminen luokkien v\u00e4lill\u00e4 tapahtuu omaehtoisesti ilman ik\u00e4- tai tulosrajoja. Koira siirtyy ylemp\u00e4\u00e4n luokkaan silloin kun se on startannut SPKY:n kilpailussa ylemm\u00e4ss\u00e4 luokassa.<\/p>\r\n<p>Koiralla on oikeus siirty\u00e4 kerran kilpailu-uransa aikana yhden luokan alasp\u00e4in. Siirtyminen lasketaan aina siit\u00e4 ylimm\u00e4st\u00e4 luokasta, jossa koira on osallistunut SPKY:n kilpailuun. Ohjaaja vastaa itse siit\u00e4, ett\u00e4 ilmoittaa koiran oikeaan luokkaan. Mukaan lasketaan ainoastaan SPKY:n kilpailut \u2014 muut kotimaiset tai ulkomaiset kilpailut eiv\u00e4t vaikuta koiran kilpailuluokkaan.<\/p>\r\n<p>Koiran vaihtaessa omistajaa voi uusi omistaja siirt\u00e4\u00e4 koiran haluamaansa luokkaan. Edellytyksen\u00e4 on, ett\u00e4 omistajuus on siirtynyt pysyv\u00e4sti my\u00f6s SPKY:n tai muussa rekisteriss\u00e4 kuten Ruokavirasto. T\u00e4m\u00e4 oikeus ei koske laina- tai vuokrakoiria tai muita v\u00e4liaikaisia j\u00e4rjestelyj\u00e4.<\/p>\r\n<p>Mestaruuskilpailuihin koira osallistuu aina sen mukaan, mik\u00e4 on ylin luokka, jossa se on osallistunut SPKY:n kilpailuun. Kertaluonteinen luokan alennus ei vaikuta mestaruuskilpailuluokan m\u00e4\u00e4r\u00e4ytymiseen.<\/p>\r\n<p>Koira, joka on kilpailup\u00e4iv\u00e4n\u00e4 alle 3-vuotias, saa kilpailla sek\u00e4 kakkos- ett\u00e4 kolmosluokassa ohjaajan p\u00e4\u00e4t\u00f6ksen mukaisesti. Koiran t\u00e4ytetty\u00e4 kolme se kilpailee siin\u00e4 ylimm\u00e4ss\u00e4 luokassa, jossa se on startannut.<\/p>\r\n<p>J\u00e4rjest\u00e4m\u00e4ss\u00e4\u00e4n \/ tuomaroimassaan kilpailukokonaisuudessa j\u00e4rjest\u00e4j\u00e4lle \/ tuomarille varataan yht\u00e4 monta paikkaa, kuin kilpailijalla on mahdollisuus osallistua yhteens\u00e4 ko. kilpailukokonaisuudessa, kuitenkin enint\u00e4\u00e4n 2 koiraa \/ luokka \/ ohjaaja.<\/p>\r\n<p>Lammaskilpailut k\u00e4yd\u00e4\u00e4n kolmen &#8211; viiden lampaan ryhmill\u00e4. Karsintakilpailuissa aina viisi lammasta.<\/p>\r\n<h3>Kilpailujen osa-alueiden s\u00e4\u00e4nn\u00f6t ja suoritusohjeet:<\/h3>\r\n<p>S\u00e4\u00e4nn\u00f6t koskevat kaikkia luokkia. Luokkien 1 ja 2 poikkeukset esitetty lopussa.<\/p>\r\n<h2>Hakukaari (20 p)<\/h2>\r\n<p><br \/>\r\nHakukaaren, noston ja kuljetuksen tarkoituksena on mitata koiran kyky\u00e4 koota ja tuoda el\u00e4imet ohjaajalle. Koiran tulee olla vapaasti l\u00e4ht\u00f6tolpan l\u00e4hell\u00e4 l\u00e4hetett\u00e4ess\u00e4 hakuun. L\u00e4hd\u00f6n tulee tapahtua etuviistoon vasemmalle tai oikealle ja l\u00e4ht\u00f6suunnan tulee olla tuomarin selke\u00e4sti havaittavissa. Ohjaajan tulee j\u00e4\u00e4d\u00e4 seisomaan l\u00e4ht\u00f6tolpalle (ei koske I-luokkaa). Hyv\u00e4 hakukaari on puolikkaan p\u00e4\u00e4ryn\u00e4n muotoinen, leveimmill\u00e4\u00e4n el\u00e4inten kohdalla. Koiran ei tule pys\u00e4hty\u00e4 ennen kuin se on saavuttanut tasapainonpisteen. Tasapainopiste on piste, josta koira voi nostaa lauman suoralla linjalla kohti hakuporttia\/ohjaajaa. Mik\u00e4li lauma on liikkunut hakutolpalta sivuun tai lampailla on voimakas veto sivusuuntaan, voi tasapainopiste olla hakukaarella joko ennen tai j\u00e4lkeen hakutolpan ja hakuporttien muodostaman linjan. Hakukaaren lopussa koiran tulee joko pys\u00e4hty\u00e4 tai selke\u00e4sti hidastaa vauhtia; t\u00e4m\u00e4n tulee tapahtua riitt\u00e4v\u00e4n kaukana siten etteiv\u00e4t lampaat h\u00e4iriinny.<\/p>\r\n<p>Koiran ei tulisi tarvita ohjeita hakukaaren aikana ja lis\u00e4ohjeista v\u00e4hennet\u00e4\u00e4n pisteit\u00e4. Liikkeess\u00e4 annettu ohje on pienempi virhe, kuin koiran pys\u00e4ytt\u00e4minen ja uuden k\u00e4skyn antaminen. Lis\u00e4ohjeesta mit\u00e4 koira ei tottele v\u00e4hennet\u00e4\u00e4n enemm\u00e4n pisteit\u00e4 kuin noudatetusta. Mik\u00e4li koira leikkaa linjan lauman ja l\u00e4ht\u00f6tolpan v\u00e4lill\u00e4 (linja jatkuu my\u00f6s l\u00e4ht\u00f6tolpan taakse) v\u00e4hennet\u00e4\u00e4n pisteit\u00e4\u00a0 v\u00e4hint\u00e4\u00e4n 15.<\/p>\r\n<h2>Nosto (10 p)<\/h2>\r\n<p>Hakukaaren lopussa koiran tulee joko pys\u00e4hty\u00e4 tai selke\u00e4sti hidastaa vauhtia. Koiran tulee ottaa lampaat hallintaansa itsevarmasti ja rauhallisesti. Koiran ei tule rynn\u00e4t\u00e4 tai s\u00e4ik\u00e4ytt\u00e4\u00e4 lampaita, eik\u00e4 sen toisaalta tule nostaa liian hitaasti tai tehottomasti. Noston tulee olla hallittu ja lampaiden tulee liikkua suoraa linjaa<br \/>\r\nkohti hakuportteja \/ l\u00e4ht\u00f6tolppaa. Pisteit\u00e4 v\u00e4hennet\u00e4\u00e4n mik\u00e4li nosto suuntautuu vinoon, on tarkoituksettoman hidas tai koiraa joudutaan ohjeistamaan liikaa.<\/p>\r\n<h2>Kuljetus ohjaajalle (20 p)<\/h2>\r\n<p>Noston j\u00e4lkeen lampaiden tulee kulkea hallitulla tempolla suoraan kohti hakuporttia (leveys noin 6m) \/ ensimm\u00e4ist\u00e4 kohdetta, josta edelleen suoraa linjaa kohti l\u00e4ht\u00f6tolppaa. Mik\u00e4li lampaat poikkeavat suoralta linjalta, ne on tuotava takaisin linjalle mahdollisimman suoraan, mutta tarkoituksenmukaisella tavalla.<\/p>\r\n<p>Poikkeamilta linjalta ja hakuportin ohittaneista lampaista v\u00e4hennet\u00e4\u00e4n pisteit\u00e4, samoin lauman pys\u00e4htelyst\u00e4 tai liiallisesta vauhti vauhdista. Ohitettua hakuporttia ei saa yritt\u00e4\u00e4 uudelleen. L\u00e4ht\u00f6tolppa kierret\u00e4\u00e4n ajon suuntaisesti tiukalla k\u00e4\u00e4nn\u00f6ksell\u00e4.<\/p>\r\n<h2>Ajo (30 p)<\/h2>\r\n<p>Ajon tarkoitus on mitata koiran kyky\u00e4 kuljettaa laumaa suoria linjoja pitkin, tasaisesti hallitulla tempolla. Koiran tulee osoittaa kyky\u00e4 kuljettaa lampaita vakaasti ja tehokkaasti ilman liiallisia k\u00e4skyj\u00e4.<\/p>\r\n<p>Ajo voi olla vasen- tai oikeak\u00e4tinen ja alkaa lampaiden ylitetty\u00e4 l\u00e4ht\u00f6tolpan linjan. Ensimm\u00e4isen portin (leveys noin 6 metri\u00e4) j\u00e4lkeen lampaat on k\u00e4\u00e4nnett\u00e4v\u00e4 suoralle linjalle kohti seuraavia portteja niin tiukasti kuin k\u00e4yt\u00e4nn\u00f6llist\u00e4. Toisen portin j\u00e4lkeen lampaat on vastaavasti k\u00e4\u00e4nnett\u00e4v\u00e4 suoralle linjalle kohti jakoringin keskipistett\u00e4. Ajo loppuu kun kaikki lampaat ovat jakoringiss\u00e4.<\/p>\r\n<p>Mik\u00e4li lampaat poikkeavat linjalta, ne on tuotava takaisin linjalle mahdollisimman suoraan, mutta tarkoituksenmukaisella tavalla. Kaikki ajoportit on yritett\u00e4v\u00e4 selv\u00e4sti suorittaa. Mik\u00e4li lampaat ohittavat porttilinjan, porttia ei saa yritt\u00e4\u00e4 suorittaa uudelleen.<\/p>\r\n<p>Ajossa t\u00e4rkeit\u00e4 ovat suorat linjat, tiukat k\u00e4\u00e4nn\u00f6kset porteilla ja lampaiden hallittu ja tasainen tempo. Porttiaukon ohittaneista el\u00e4imist\u00e4, linjoilta poikkeamisesta, liian nopeasta vauhdista ja lauman pys\u00e4htelyst\u00e4 v\u00e4hennet\u00e4\u00e4n pisteit\u00e4. Koira ei tulisi ylitt\u00e4\u00e4 kuljettavaa linjaa lampaiden kulkusuuntaan n\u00e4hden edest\u00e4. Py\u00f6riminen lampaiden ymp\u00e4rill\u00e4 tai lampaiden k\u00e4\u00e4nt\u00e4minen tulosuuntaan ovat suuria virheit\u00e4. Tuomari huomioi arvostelussa ja pisteytyksess\u00e4 kilpailuun vaikuttavat olosuhteet.<\/p>\r\n<h2>Jako (10 p)<\/h2>\r\n<p>Jaon tarkoitus on testata koiran kyky\u00e4 jakaa ja pit\u00e4\u00e4 erill\u00e4\u00e4n kahta lammasta muusta laumasta. Jaon tulee tapahtua jakoringin sis\u00e4ll\u00e4, jonka j\u00e4lkeen koiran on osoitettava selv\u00e4\u00e4 kyky\u00e4 hallita erotettuja lampaita. T\u00e4m\u00e4 voi tapahtua joko ringin sis\u00e4- tai ulkopuolella. Ep\u00e4onnistuneesta yrityksest\u00e4, k\u00e4ytt\u00e4m\u00e4tt\u00e4 j\u00e4tetyst\u00e4 tilaisuudesta ja ringist\u00e4 poistuneesta lampaista v\u00e4hennet\u00e4\u00e4n pisteit\u00e4. Mik\u00e4li osa el\u00e4imist\u00e4 on merkitty, erotetaan jaossa kaksi merkitsem\u00e4t\u00f6nt\u00e4 lammasta. Jakoringin halkaisija on 36 m.<\/p>\r\n<h2>H\u00e4kki (10 p)<\/h2>\r\n<p>Koira kokoaa lampaat paikkaan, josta ne on k\u00e4yt\u00e4nn\u00f6llisint\u00e4 h\u00e4kitt\u00e4\u00e4. Ohjaaja siirtyy h\u00e4kille ja koira tuo lampaat suoraa linjaa kohti h\u00e4kin aukkoa. Portin saa avata vasta kun koira on koonnut lampaat. Ohjaaja ei saa koskea lampaisiin eik\u00e4 ty\u00f6nt\u00e4\u00e4 niit\u00e4 portilla h\u00e4kkiin. Portin k\u00f6ydest\u00e4 ei saa p\u00e4\u00e4st\u00e4\u00e4 irti h\u00e4kityksen aikana. H\u00e4kitys loppuu, kun kaikki lampaat ovat h\u00e4kiss\u00e4 ja portti on t\u00e4ysin kiinni. T\u00e4m\u00e4n j\u00e4lkeen ohjaaja p\u00e4\u00e4st\u00e4\u00e4 lampaat ulos ja sulkee portin.<\/p>\r\n<p>H\u00e4kin koko on yleens\u00e4 2400 X 2700, naru portissa 2000 mm. H\u00e4kin tilalla voi olla vaihtoehtoisesti esim. r\u00e4nni tai h\u00e4kki ilman porttia tai takasein\u00e4\u00e4. Tavoitteena on ett\u00e4 lampaat h\u00e4kitet\u00e4\u00e4n rauhallisesti suoraa linjaa pitkin. Pisteit\u00e4 v\u00e4hennet\u00e4\u00e4n esim. mik\u00e4li lampaat eiv\u00e4t kulje h\u00e4kille suoraan, osa ohittaa porttiaukon, kiert\u00e4\u00e4 h\u00e4kin tai h\u00e4kitys on tarkoituksettoman hidas.<\/p>\r\n<h2>Single (10 p)<\/h2>\r\n<p>Singlen tarkoitus on mitata koiran ja ohjaajan kyky\u00e4 erottaa yksi lammas laumasta. Koira kuljettaa lampaat suoralla linjalla jakorinkiin ohjaajan vaikuttamatta lampaisiin. Yksi lammas erotetaan laumasta jakoringin sis\u00e4puolella. Kuten jaossa, koiran (ei ohjaajan) tulee erottaa lammas, jonka j\u00e4lkeen koiran on osoitettava selv\u00e4\u00e4 kyky\u00e4 hallita erotettua el\u00e4int\u00e4 joko ringin sis\u00e4- tai ulkopuolella. Tuomarin tulee hyv\u00e4ksy\u00e4 suoritus vasta kun koira on osoittanut kykyns\u00e4 pit\u00e4\u00e4 lammas erill\u00e4\u00e4n laumasta. Ep\u00e4onnistuneesta yrityksest\u00e4, k\u00e4ytt\u00e4m\u00e4tt\u00e4 j\u00e4tetyst\u00e4 tilaisuudesta ja ringist\u00e4 poistuneesta lampaista v\u00e4hennet\u00e4\u00e4n pisteit\u00e4. Mik\u00e4li osa el\u00e4imist\u00e4 on merkitty, erotetaan merkitty lammas.<\/p>\r\n<h2>LUOKKAKOHTAISET S\u00c4\u00c4NN\u00d6T<\/h2>\r\n<h3>LUOKKA 1<\/h3>\r\n<h4>Haku &#8211; Nosto &#8211; Kuljetus (20 p &#8211; 10 p &#8211; 20 p)<\/h4>\r\n<p>Hakumatka 70-100 m. Ohjaaja saa auttaa koiraa haussa esim. siirtym\u00e4ll\u00e4 itse l\u00e4hemm\u00e4ksi lampaita. Kuljetuksessa ei ole hakuportteja. Mik\u00e4li ohjaaja on siirtynyt pois l\u00e4ht\u00f6tolpalta, tuomari v\u00e4hent\u00e4\u00e4 kuljetuksen pisteit\u00e4 suhteessa hakumatkaan.<\/p>\r\n<h4>Ajo (30 p)<\/h4>\r\n<p>Osuus 1: Poisp\u00e4in ajona, pituus mielell\u00e4\u00e4n 100 m. Koira ajaa lampaita edell\u00e4\u00e4n. Ohjaaja voi kulkea koiran rinnalla, reilusti sivulla tai takana. Mik\u00e4li ohjaaja suorittaa poisp\u00e4inajon peruskuljetuksena ohjaaja-lampaat-koira j\u00e4rjestyksess\u00e4, menett\u00e4\u00e4 h\u00e4n pisteet t\u00e4lt\u00e4 osuudelta. Tuomari arvioi tilanteen huomioiden kilpailun olosuhteet. Ensimm\u00e4isen portin j\u00e4lkeen (osuus 2) ohjaaja voi halutessaan siirty\u00e4 lampaiden eteen ja jatkaa t\u00e4st\u00e4 eteenp\u00e4in peruskuljetuksena. Tuomari voi kilpailun olosuhteet huomioiden siirt\u00e4\u00e4 poisp\u00e4inajon osuudelle 2 tai 3.<\/p>\r\n<h4>H\u00e4kki (10 p)<\/h4>\r\n<p>Ei poikkeuksia.<\/p>\r\n<h3>LUOKKA 2<\/h3>\r\n<h4>Hakukaari &#8211; Nosto &#8211; Kuljetus (20 &#8211; 10 &#8211; 20 p)<\/h4>\r\n<p><br \/>\r\nHakumatka 100-200 m. Ohjaajan tulee pysy\u00e4 l\u00e4ht\u00f6tolpalla. Kuljetuksessa voi olla hakuportti.<\/p>\r\n<h4>Ajo (30 p)<\/h4>\r\n<p>Suoritetaan poisp\u00e4in ajona kuten 3-luokassa. Osuus 1: Matka ensimm\u00e4iselle ajoportille mielell\u00e4\u00e4n 100 m. Ohjaaja seisoo l\u00e4ht\u00f6tolpalla. Mik\u00e4li ohjaaja poistuu tolpalta ennen kuin lampaat ovat ylitt\u00e4neet ensimm\u00e4isen portin linjan, voi h\u00e4n menett\u00e4\u00e4 t\u00e4m\u00e4n osuuden pisteet. Tuomari arvioi tilanteen huomioiden kilpailun<br \/>\r\nolosuhteet. Kun lampaat ovat ylitt\u00e4neet ensimm\u00e4isen portin linjan, ohjaaja voi halutessaa siirty\u00e4 ohjaamaan koiraa sen taakse tai huomattavan kauas sivulle siten, ett\u00e4 koira &#8211; ei ohjaaja &#8211; ajaa lampaita. Ohjaajan paikka ei ajon ensimm\u00e4isen osuuden j\u00e4lkeen vaikuta pisteytykseen.<\/p>\r\n<h4>Jako (10 p)<\/h4>\r\n<p>Laumassa ei ole merkittyj\u00e4 lampaita. Jako voidaan suorittaa m\u00e4\u00e4r\u00e4tyll\u00e4 alueella, mutta jakorinki ei ole m\u00e4\u00e4r\u00e4\u00e4v\u00e4 kuten kolmosluokassa.<\/p>\r\n<h4>H\u00e4kki (10 p)<\/h4>\r\n<p>Ei poikkeuksia.<\/p>\r\n<h3>LUOKKA 3<\/h3>\r\n<p>Hakumatka v\u00e4hint\u00e4\u00e4n 200 metri\u00e4. Ajon kunkin sivun pituus mielell\u00e4\u00e4n v\u00e4hint\u00e4\u00e4n 100 m. Mik\u00e4li hakumatka on minimimittainen tulisi ajon pituuden olla v\u00e4hint\u00e4\u00e4n 300 m.<\/p>\r\n<h2>1- ja 2-luokan mestaruuskilpailujen lis\u00e4s\u00e4\u00e4nn\u00f6t<\/h2>\r\n<p><strong>Luokan 1<\/strong> mestaruuskilpailussa l\u00e4hetys tapahtuu l\u00e4ht\u00f6tolpalta eik\u00e4 ohjaaja saa l\u00e4hte\u00e4 tolpalta auttamaan haussa. Ajetaan poisp\u00e4inajona ensimm\u00e4iselle ajoportille, ei saa vaihtaa peruskuljetukseen. T\u00e4m\u00e4n j\u00e4lkeen ohjaajan paikka vapaa.<\/p>\r\n<p><strong>Luokassa 2<\/strong> ohjaajan tulee pysy\u00e4 l\u00e4ht\u00f6tolpalla koko ensimm\u00e4inen ajo-osuus. T\u00e4m\u00e4n j\u00e4lkeen ajo kuten normaalissa kakkosluokassa.<\/p>\r\n<p><strong>Luokan 2<\/strong> mestaruuskilpailuun saa osallistua vain koiralla, joka ei ole startannut SPKY:n 3. luokassa.<\/p>\r\n<p>Suositus on, ett\u00e4 mestaruuskilpailuissa hakumatkan pituus on luokkakohtainen maksimimatka olosuhteiden n\u00e4in salliessa.<\/p>\r\n<h2>Suomi Nursery<\/h2>\r\n<p>Nursery on nuorille, alle 3-vuotiaille ja ko. kilpailuvuonna 3-vuotta t\u00e4ytt\u00e4ville koirille j\u00e4rjestett\u00e4v\u00e4 3-luokan kilpailu.<\/p>\r\n<p><img loading=\"lazy\" decoding=\"async\" src=\"http:\/\/www.spky.fi\/cmsms\/uploads\/images\/ratakaavio2008.jpg\" alt=\"ratakaavio\" width=\"406\" height=\"605\" \/><\/p>\r\n\r\n","protected":false},"excerpt":{"rendered":"<p>(S\u00e4\u00e4nt\u00f6j\u00e4 p\u00e4ivitetty 26.4.2026) Yleiset kilpailus\u00e4\u00e4nn\u00f6t omalla sivullaan Paimennuskilpailujen tavoitteena on testata koiran ja ohjaajan kyky\u00e4 yhteisty\u00f6ss\u00e4 k\u00e4sitell\u00e4 ja siirt\u00e4\u00e4 lampaita erilaisissa ty\u00f6k\u00e4ytt\u00f6\u00e4 vastaavissa tilanteissa ja olosuhteissa. Paimennuskilpailut tukevat ja edist\u00e4v\u00e4t paimenkoirien koulutusta ja jalostusta, ty\u00f6k\u00e4ytt\u00f6\u00e4 ja hyv\u00e4\u00e4 el\u00e4inten k\u00e4sittely\u00e4 Suomessa. Ohjaajan tulee kaikessa toiminnassaan, niin kilpailuissa kuin niiden ulkopuolella, huolehtia el\u00e4inten hyvinvoinnista. Tuomari arvostelee koko &hellip; <a href=\"https:\/\/www.spky.fi\/wopr\/lammaskilpailusaannot\/\" class=\"more-link\">Jatka lukemista <span class=\"screen-reader-text\">SPKY LAMMASKILPAILUJEN S\u00c4\u00c4NN\u00d6T<\/span> <span class=\"meta-nav\">&rarr;<\/span><\/a><\/p>\n","protected":false},"author":2,"featured_media":0,"parent":0,"menu_order":0,"comment_status":"closed","ping_status":"closed","template":"","meta":{"jetpack_post_was_ever_published":true,"footnotes":""},"class_list":["post-4432","page","type-page","status-publish","hentry"],"yoast_head":"<!-- This site is optimized with the Yoast SEO plugin v27.5 - https:\/\/yoast.com\/product\/yoast-seo-wordpress\/ -->\n<title>SPKY LAMMASKILPAILUJEN S\u00c4\u00c4NN\u00d6T - Suomen Paimenkoirayhdistys ry<\/title>\n<meta name=\"description\" content=\"Suomen Paimenkoirayhdistyksen lammaspaimennuskilpailuissa noudatettavat s\u00e4\u00e4nn\u00f6t.\" \/>\n<meta name=\"robots\" content=\"index, follow, max-snippet:-1, max-image-preview:large, max-video-preview:-1\" \/>\n<link rel=\"canonical\" href=\"https:\/\/www.spky.fi\/wopr\/lammaskilpailusaannot\/\" \/>\n<meta property=\"og:locale\" content=\"fi_FI\" \/>\n<meta property=\"og:type\" content=\"article\" \/>\n<meta property=\"og:title\" content=\"SPKY LAMMASKILPAILUJEN S\u00c4\u00c4NN\u00d6T - Suomen Paimenkoirayhdistys ry\" \/>\n<meta property=\"og:description\" content=\"Suomen Paimenkoirayhdistyksen lammaspaimennuskilpailuissa noudatettavat s\u00e4\u00e4nn\u00f6t.\" \/>\n<meta property=\"og:url\" content=\"https:\/\/www.spky.fi\/wopr\/lammaskilpailusaannot\/\" \/>\n<meta property=\"og:site_name\" content=\"Suomen Paimenkoirayhdistys ry\" \/>\n<meta property=\"article:publisher\" content=\"https:\/\/www.facebook.com\/SuomenPaimenkoirayhdistys\" \/>\n<meta property=\"article:modified_time\" content=\"2026-04-26T15:20:36+00:00\" \/>\n<meta property=\"og:image\" content=\"http:\/\/www.spky.fi\/cmsms\/uploads\/images\/ratakaavio2008.jpg\" \/>\n<meta name=\"twitter:card\" content=\"summary_large_image\" \/>\n<meta name=\"twitter:label1\" content=\"Arvioitu lukuaika\" \/>\n\t<meta name=\"twitter:data1\" content=\"9 minuuttia\" \/>\n<script type=\"application\/ld+json\" class=\"yoast-schema-graph\">{\"@context\":\"https:\\\/\\\/schema.org\",\"@graph\":[{\"@type\":\"WebPage\",\"@id\":\"https:\\\/\\\/www.spky.fi\\\/wopr\\\/lammaskilpailusaannot\\\/\",\"url\":\"https:\\\/\\\/www.spky.fi\\\/wopr\\\/lammaskilpailusaannot\\\/\",\"name\":\"SPKY LAMMASKILPAILUJEN S\u00c4\u00c4NN\u00d6T - Suomen Paimenkoirayhdistys ry\",\"isPartOf\":{\"@id\":\"https:\\\/\\\/www.spky.fi\\\/wopr\\\/#website\"},\"primaryImageOfPage\":{\"@id\":\"https:\\\/\\\/www.spky.fi\\\/wopr\\\/lammaskilpailusaannot\\\/#primaryimage\"},\"image\":{\"@id\":\"https:\\\/\\\/www.spky.fi\\\/wopr\\\/lammaskilpailusaannot\\\/#primaryimage\"},\"thumbnailUrl\":\"http:\\\/\\\/www.spky.fi\\\/cmsms\\\/uploads\\\/images\\\/ratakaavio2008.jpg\",\"datePublished\":\"2023-04-22T12:57:55+00:00\",\"dateModified\":\"2026-04-26T15:20:36+00:00\",\"description\":\"Suomen Paimenkoirayhdistyksen lammaspaimennuskilpailuissa noudatettavat s\u00e4\u00e4nn\u00f6t.\",\"breadcrumb\":{\"@id\":\"https:\\\/\\\/www.spky.fi\\\/wopr\\\/lammaskilpailusaannot\\\/#breadcrumb\"},\"inLanguage\":\"fi\",\"potentialAction\":[{\"@type\":\"ReadAction\",\"target\":[\"https:\\\/\\\/www.spky.fi\\\/wopr\\\/lammaskilpailusaannot\\\/\"]}]},{\"@type\":\"ImageObject\",\"inLanguage\":\"fi\",\"@id\":\"https:\\\/\\\/www.spky.fi\\\/wopr\\\/lammaskilpailusaannot\\\/#primaryimage\",\"url\":\"http:\\\/\\\/www.spky.fi\\\/cmsms\\\/uploads\\\/images\\\/ratakaavio2008.jpg\",\"contentUrl\":\"http:\\\/\\\/www.spky.fi\\\/cmsms\\\/uploads\\\/images\\\/ratakaavio2008.jpg\"},{\"@type\":\"BreadcrumbList\",\"@id\":\"https:\\\/\\\/www.spky.fi\\\/wopr\\\/lammaskilpailusaannot\\\/#breadcrumb\",\"itemListElement\":[{\"@type\":\"ListItem\",\"position\":1,\"name\":\"Etusivu\",\"item\":\"https:\\\/\\\/www.spky.fi\\\/wopr\\\/\"},{\"@type\":\"ListItem\",\"position\":2,\"name\":\"SPKY LAMMASKILPAILUJEN S\u00c4\u00c4NN\u00d6T\"}]},{\"@type\":\"WebSite\",\"@id\":\"https:\\\/\\\/www.spky.fi\\\/wopr\\\/#website\",\"url\":\"https:\\\/\\\/www.spky.fi\\\/wopr\\\/\",\"name\":\"Suomen Paimenkoirayhdistys ry\",\"description\":\"Suomen Paimenkoirayhdistys edist&auml;&auml; paimenkoirien ty&ouml;k&auml;ytt&ouml;&auml;. Yhdistys auttaa paimenkoirakurssien, harjoitusten, kilpailujen ja n&auml;yt&ouml;sten j&auml;rjest&auml;misess&auml;.\",\"publisher\":{\"@id\":\"https:\\\/\\\/www.spky.fi\\\/wopr\\\/#organization\"},\"potentialAction\":[{\"@type\":\"SearchAction\",\"target\":{\"@type\":\"EntryPoint\",\"urlTemplate\":\"https:\\\/\\\/www.spky.fi\\\/wopr\\\/?s={search_term_string}\"},\"query-input\":{\"@type\":\"PropertyValueSpecification\",\"valueRequired\":true,\"valueName\":\"search_term_string\"}}],\"inLanguage\":\"fi\"},{\"@type\":\"Organization\",\"@id\":\"https:\\\/\\\/www.spky.fi\\\/wopr\\\/#organization\",\"name\":\"Suomen Paimenkoirayhdistys ry\",\"url\":\"https:\\\/\\\/www.spky.fi\\\/wopr\\\/\",\"logo\":{\"@type\":\"ImageObject\",\"inLanguage\":\"fi\",\"@id\":\"https:\\\/\\\/www.spky.fi\\\/wopr\\\/#\\\/schema\\\/logo\\\/image\\\/\",\"url\":\"https:\\\/\\\/www.spky.fi\\\/wopr\\\/wp-content\\\/uploads\\\/2024\\\/06\\\/SPKY_MUVA_PNG.png\",\"contentUrl\":\"https:\\\/\\\/www.spky.fi\\\/wopr\\\/wp-content\\\/uploads\\\/2024\\\/06\\\/SPKY_MUVA_PNG.png\",\"width\":3201,\"height\":3126,\"caption\":\"Suomen Paimenkoirayhdistys ry\"},\"image\":{\"@id\":\"https:\\\/\\\/www.spky.fi\\\/wopr\\\/#\\\/schema\\\/logo\\\/image\\\/\"},\"sameAs\":[\"https:\\\/\\\/www.facebook.com\\\/SuomenPaimenkoirayhdistys\"]}]}<\/script>\n<!-- \/ Yoast SEO plugin. -->","yoast_head_json":{"title":"SPKY LAMMASKILPAILUJEN S\u00c4\u00c4NN\u00d6T - Suomen Paimenkoirayhdistys ry","description":"Suomen Paimenkoirayhdistyksen lammaspaimennuskilpailuissa noudatettavat s\u00e4\u00e4nn\u00f6t.","robots":{"index":"index","follow":"follow","max-snippet":"max-snippet:-1","max-image-preview":"max-image-preview:large","max-video-preview":"max-video-preview:-1"},"canonical":"https:\/\/www.spky.fi\/wopr\/lammaskilpailusaannot\/","og_locale":"fi_FI","og_type":"article","og_title":"SPKY LAMMASKILPAILUJEN S\u00c4\u00c4NN\u00d6T - Suomen Paimenkoirayhdistys ry","og_description":"Suomen Paimenkoirayhdistyksen lammaspaimennuskilpailuissa noudatettavat s\u00e4\u00e4nn\u00f6t.","og_url":"https:\/\/www.spky.fi\/wopr\/lammaskilpailusaannot\/","og_site_name":"Suomen Paimenkoirayhdistys ry","article_publisher":"https:\/\/www.facebook.com\/SuomenPaimenkoirayhdistys","article_modified_time":"2026-04-26T15:20:36+00:00","og_image":[{"url":"http:\/\/www.spky.fi\/cmsms\/uploads\/images\/ratakaavio2008.jpg","type":"","width":"","height":""}],"twitter_card":"summary_large_image","twitter_misc":{"Arvioitu lukuaika":"9 minuuttia"},"schema":{"@context":"https:\/\/schema.org","@graph":[{"@type":"WebPage","@id":"https:\/\/www.spky.fi\/wopr\/lammaskilpailusaannot\/","url":"https:\/\/www.spky.fi\/wopr\/lammaskilpailusaannot\/","name":"SPKY LAMMASKILPAILUJEN S\u00c4\u00c4NN\u00d6T - Suomen Paimenkoirayhdistys ry","isPartOf":{"@id":"https:\/\/www.spky.fi\/wopr\/#website"},"primaryImageOfPage":{"@id":"https:\/\/www.spky.fi\/wopr\/lammaskilpailusaannot\/#primaryimage"},"image":{"@id":"https:\/\/www.spky.fi\/wopr\/lammaskilpailusaannot\/#primaryimage"},"thumbnailUrl":"http:\/\/www.spky.fi\/cmsms\/uploads\/images\/ratakaavio2008.jpg","datePublished":"2023-04-22T12:57:55+00:00","dateModified":"2026-04-26T15:20:36+00:00","description":"Suomen Paimenkoirayhdistyksen lammaspaimennuskilpailuissa noudatettavat s\u00e4\u00e4nn\u00f6t.","breadcrumb":{"@id":"https:\/\/www.spky.fi\/wopr\/lammaskilpailusaannot\/#breadcrumb"},"inLanguage":"fi","potentialAction":[{"@type":"ReadAction","target":["https:\/\/www.spky.fi\/wopr\/lammaskilpailusaannot\/"]}]},{"@type":"ImageObject","inLanguage":"fi","@id":"https:\/\/www.spky.fi\/wopr\/lammaskilpailusaannot\/#primaryimage","url":"http:\/\/www.spky.fi\/cmsms\/uploads\/images\/ratakaavio2008.jpg","contentUrl":"http:\/\/www.spky.fi\/cmsms\/uploads\/images\/ratakaavio2008.jpg"},{"@type":"BreadcrumbList","@id":"https:\/\/www.spky.fi\/wopr\/lammaskilpailusaannot\/#breadcrumb","itemListElement":[{"@type":"ListItem","position":1,"name":"Etusivu","item":"https:\/\/www.spky.fi\/wopr\/"},{"@type":"ListItem","position":2,"name":"SPKY LAMMASKILPAILUJEN S\u00c4\u00c4NN\u00d6T"}]},{"@type":"WebSite","@id":"https:\/\/www.spky.fi\/wopr\/#website","url":"https:\/\/www.spky.fi\/wopr\/","name":"Suomen Paimenkoirayhdistys ry","description":"Suomen Paimenkoirayhdistys edist&auml;&auml; paimenkoirien ty&ouml;k&auml;ytt&ouml;&auml;. Yhdistys auttaa paimenkoirakurssien, harjoitusten, kilpailujen ja n&auml;yt&ouml;sten j&auml;rjest&auml;misess&auml;.","publisher":{"@id":"https:\/\/www.spky.fi\/wopr\/#organization"},"potentialAction":[{"@type":"SearchAction","target":{"@type":"EntryPoint","urlTemplate":"https:\/\/www.spky.fi\/wopr\/?s={search_term_string}"},"query-input":{"@type":"PropertyValueSpecification","valueRequired":true,"valueName":"search_term_string"}}],"inLanguage":"fi"},{"@type":"Organization","@id":"https:\/\/www.spky.fi\/wopr\/#organization","name":"Suomen Paimenkoirayhdistys ry","url":"https:\/\/www.spky.fi\/wopr\/","logo":{"@type":"ImageObject","inLanguage":"fi","@id":"https:\/\/www.spky.fi\/wopr\/#\/schema\/logo\/image\/","url":"https:\/\/www.spky.fi\/wopr\/wp-content\/uploads\/2024\/06\/SPKY_MUVA_PNG.png","contentUrl":"https:\/\/www.spky.fi\/wopr\/wp-content\/uploads\/2024\/06\/SPKY_MUVA_PNG.png","width":3201,"height":3126,"caption":"Suomen Paimenkoirayhdistys ry"},"image":{"@id":"https:\/\/www.spky.fi\/wopr\/#\/schema\/logo\/image\/"},"sameAs":["https:\/\/www.facebook.com\/SuomenPaimenkoirayhdistys"]}]}},"jetpack_sharing_enabled":true,"jetpack_shortlink":"https:\/\/wp.me\/PaLGv4-19u","_links":{"self":[{"href":"https:\/\/www.spky.fi\/wopr\/wp-json\/wp\/v2\/pages\/4432","targetHints":{"allow":["GET"]}}],"collection":[{"href":"https:\/\/www.spky.fi\/wopr\/wp-json\/wp\/v2\/pages"}],"about":[{"href":"https:\/\/www.spky.fi\/wopr\/wp-json\/wp\/v2\/types\/page"}],"author":[{"embeddable":true,"href":"https:\/\/www.spky.fi\/wopr\/wp-json\/wp\/v2\/users\/2"}],"replies":[{"embeddable":true,"href":"https:\/\/www.spky.fi\/wopr\/wp-json\/wp\/v2\/comments?post=4432"}],"version-history":[{"count":32,"href":"https:\/\/www.spky.fi\/wopr\/wp-json\/wp\/v2\/pages\/4432\/revisions"}],"predecessor-version":[{"id":8686,"href":"https:\/\/www.spky.fi\/wopr\/wp-json\/wp\/v2\/pages\/4432\/revisions\/8686"}],"wp:attachment":[{"href":"https:\/\/www.spky.fi\/wopr\/wp-json\/wp\/v2\/media?parent=4432"}],"curies":[{"name":"wp","href":"https:\/\/api.w.org\/{rel}","templated":true}]}}