{"id":570,"date":"2018-06-11T18:45:01","date_gmt":"2018-06-11T18:45:01","guid":{"rendered":"http:\/\/www.spky.fi\/wopr\/?page_id=570"},"modified":"2023-04-22T14:27:18","modified_gmt":"2023-04-22T14:27:18","slug":"nm-2018-pm-2018","status":"publish","type":"page","link":"https:\/\/www.spky.fi\/wopr\/nm-2018-pm-2018\/","title":{"rendered":"NM 2018 \/ PM 2018"},"content":{"rendered":"<h2><strong>We are happy to invite you to &#8221;Nordiska&#8221;! <\/strong><\/h2>\n<p>Nordic Sheepdog Championship 2018 will be organized in Eken\u00e4s (Tammisaari) southern Finland on August 10-12th. We are looking forward to having teams from Denmark, The Faroe Islands, Norway and Sweden to meet up with our Finnish team. The trial is hosted by <strong>Ms Annika Paarvio<\/strong> and her hard-working crew.<\/p>\n<p>Well respected <strong>Mr Seamus Gallagher<\/strong> from N. Ireland will be judging the trial. He as well as all the handlers, dogs and audience are warmly welcome here!<\/p>\n<p><a href=\"https:\/\/www.facebook.com\/NordicSheepdogChampionship2018Finland\/\">Facebook page Nordic Sheepdog Championship 2018 Finland<\/a> also informs you of the up-coming happenings.<\/p>\n<p><a href=\"http:\/\/www.spky.fi\/wopr\/wp-content\/uploads\/2018\/07\/PP_2_18_liite_web.pdf\">More information here.<\/a><\/p>\n<p><strong><a href=\"https:\/\/www.flickr.com\/photos\/suomenpaimenkoirayhdistys\/albums\/72157672138362448\">Photos <\/a><\/strong><a href=\"https:\/\/www.flickr.com\/photos\/suomenpaimenkoirayhdistys\/albums\/72157672138362448\">are also found\u00a0 in <\/a><strong><a href=\"https:\/\/www.flickr.com\/photos\/suomenpaimenkoirayhdistys\/albums\/72157672138362448\">Flickr.<\/a><\/strong><\/p>\n<h2><span style=\"color: #000000;\">Final<\/span><\/h2>\n<p><strong><br \/>\n<a href=\"http:\/\/www.spky.fi\/wopr\/wp-content\/uploads\/2018\/08\/Results_NM_2018-Final-1.pdf\">Results<\/a>\u00a0<\/strong><\/p>\n<p><strong><a href=\"http:\/\/www.spky.fi\/wopr\/wp-content\/uploads\/2018\/08\/Team-Competition-1.pdf\">Team competition<\/a><\/strong><\/p>\n<p><strong><a href=\"https:\/\/www.youtube.com\/watch?v=5KqXHw80J7g\">Live stream<\/a><\/strong><\/p>\n<p><strong><a href=\"http:\/\/www.spky.fi\/wopr\/wp-content\/uploads\/2018\/08\/Running-order-for-Final.pdf\">Running Order for the Final on Sunday the 12th of August 2018<\/a><\/strong><\/p>\n<p>Points are not published during the trial. It is a tradition in International trials.<\/p>\n<h3><strong>Location<\/strong><\/h3>\n<p>Trial will be held in South of Finland, rather near Helsinki (Helsingfors).<br \/>\n<strong>Trial site&#8217;s address<\/strong> is Skarsb\u00f6le G\u00e5rd, Pr\u00e4stkullav\u00e4gen 860, 10600 Eken\u00e4s (Raseborg)<br \/>\n<a href=\"https:\/\/goo.gl\/maps\/SfzsVcCzh312\">In Google<\/a><\/p>\n<h2>Results<\/h2>\n<p><a href=\"http:\/\/www.spky.fi\/wopr\/wp-content\/uploads\/2018\/08\/Results_NM_2018_Fri-1-42.pdf\">Friday the 10th August 2018<\/a><\/p>\n<p><a href=\"http:\/\/www.spky.fi\/wopr\/wp-content\/uploads\/2018\/08\/Results_NM_2018_Qualifications-FriSat.pdf\">Qualification Results<\/a><\/p>\n<h3>Running Order<\/h3>\n<p><a href=\"http:\/\/www.spky.fi\/wopr\/wp-content\/uploads\/2018\/08\/Nordiska-Starting-Order-Friday-Aug-10th-2018.pdf\">Nordiska Running Order Friday the 10th of August 2018<\/a><\/p>\n<p><a href=\"http:\/\/www.spky.fi\/wopr\/wp-content\/uploads\/2018\/08\/Starting-Order-for-Saturday.pdf\">Running Order for Saturday the 11th of August 2018<\/a><\/p>\n<p><a href=\"http:\/\/www.spky.fi\/wopr\/wp-content\/uploads\/2018\/08\/Running-order-for-Final.pdf\">Running Order for the<\/a><a href=\"http:\/\/www.spky.fi\/wopr\/wp-content\/uploads\/2018\/08\/Running-order-for-Final.pdf\"> Fin<\/a><a href=\"http:\/\/www.spky.fi\/wopr\/wp-content\/uploads\/2018\/08\/Running-order-for-Final.pdf\">al<\/a><a href=\"http:\/\/www.spky.fi\/wopr\/wp-content\/uploads\/2018\/08\/Running-order-for-Final.pdf\"> on Sunday the 12th of August 2018<\/a><\/p>\n<h3>Our Sponsors \/ Kilpailun sponsorit<\/h3>\n<p>ROBUR, Tilasiemen, Voimael\u00e4in, FysioHealing.fi, Semex, Faba, Ifor Williams, Hankkija, Putkisalon Dorset, Aniforma, Movet, J. Al\u00e9n, Uplink data<\/p>\n<h3>Teams<\/h3>\n<p><a href=\"http:\/\/www.spky.fi\/wopr\/wp-content\/uploads\/2018\/07\/Team-Denmark-2018.pdf\">Team Denmark 2018<\/a><\/p>\n<p><a href=\"http:\/\/www.spky.fi\/wopr\/wp-content\/uploads\/2018\/07\/Team-Finland.pdf\">Team Finland<\/a><\/p>\n<p><a href=\"http:\/\/www.spky.fi\/wopr\/wp-content\/uploads\/2018\/07\/Team-Norway-2018.pdf\">Team Norway 2018<\/a><\/p>\n<p><a href=\"http:\/\/www.spky.fi\/wopr\/wp-content\/uploads\/2018\/07\/Team-Sweden-2018.pdf\">Team Sweden 2018<\/a><\/p>\n<h3>How to get there<\/h3>\n<p>There are many ferries going from Stockholm to Helsinki or from Stockholm to Turku. You can also come by plane, the trial field is situated 120 kilometers away from Helsinki-Vantaa Airport.<\/p>\n<p><a href=\"http:\/\/www.vikingline.se\">www.vikingline.se<\/a><\/p>\n<p><a href=\"http:\/\/www.siljaline.se\">www.siljaline.se<\/a><\/p>\n<p>With both ferry companies you can travel either to Turku (\u00c5bo) or Helsinki (Helsingfors).\u00a0 Distances from Helsingfors and \u00c5bo are:<\/p>\n<p>Helsingfors &#8211; Raseborg \u00a0\u00a0\u00a0\u00a0 102km\u00a0 1h25min<\/p>\n<p>\u00c5bo \u2013 Raseborg\u00a0 \u00a0 \u00a0 \u00a0 \u00a0 \u00a0 \u00a0 \u00a0 \u00a0 \u00a0 \u00a0 110km\u00a0 1h30min<\/p>\n<p>Routes by GoogleMaps:<\/p>\n<p>From <a href=\"https:\/\/www.google.com\/maps\/dir\/Turku+harbour+(train+station),+Satamakatu+1,+20100+Turku\/Peter+Rehn+AB,+Pr%C3%A4stkullav%C3%A4gen+860,+10600+TAMMISAARI\/@60.3222554,22.2019525,9z\/data=!3m1!4b1!4m13!4m12!1m5!1m1!1s0x468c77a450d482cd:0xa0e16225effec62c!2m2!1d22.2234616!2d60.4347034!1m5!1m1!1s0x468d0067538876db:0x3bb602f1da96a8c0!2m2!1d23.2581789!2d59.9947109\">\u00c5bo Harbour<\/a><\/p>\n<p>From <a href=\"https:\/\/www.google.com\/maps\/dir\/South+Harbour,+Helsinki\/Peter+Rehn+AB,+Pr%C3%A4stkullav%C3%A4gen+860,+10600+TAMMISAARI\/@60.1380043,23.5491869,9z\/data=!3m1!4b1!4m13!4m12!1m5!1m1!1s0x46920bc5d06c5349:0x72fe6c0008a2607d!2m2!1d24.9582434!2d60.1647897!1m5!1m1!1s0x468d0067538876db:0x3bb602f1da96a8c0!2m2!1d23.2581789!2d59.9947109\">Helsingfors Southport:<\/a><\/p>\n<h3>Lodging<\/h3>\n<p>There has been some questions about lodging during the Nordics. Here you can find some options: <a href=\"http:\/\/www.visitraseborg.com\/fi\/majoitus\">www.visitraseborg.com\/fi\/majoitus<\/a> <a href=\"http:\/\/www.spky.fi\/wopr\/wp-content\/uploads\/2018\/07\/Team-Finland.pdf\">Team Finland<\/a>or <a href=\"http:\/\/www.visitraseborg.com\/sv\/inkvartering\">www.visitraseborg.com\/sv\/inkvartering<\/a><\/p>\n<p>Eken\u00e4s\/ Raseborg is a rather swedish speaking city, so booking should be easy.<\/p>\n<h3>More info<\/h3>\n<p>If in need of an assistance, please feel free to ask:<\/p>\n<p>annika.paarvio(at)gmail.com<\/p>\n<h3><\/h3>\n","protected":false},"excerpt":{"rendered":"<p>We are happy to invite you to &#8221;Nordiska&#8221;! Nordic Sheepdog Championship 2018 will be organized in Eken\u00e4s (Tammisaari) southern Finland on August 10-12th. We are looking forward to having teams from Denmark, The Faroe Islands, Norway and Sweden to meet up with our Finnish team. The trial is hosted by Ms Annika Paarvio and her &hellip; <a href=\"https:\/\/www.spky.fi\/wopr\/nm-2018-pm-2018\/\" class=\"more-link\">Jatka lukemista <span class=\"screen-reader-text\">NM 2018 \/ PM 2018<\/span> <span class=\"meta-nav\">&rarr;<\/span><\/a><\/p>\n","protected":false},"author":1,"featured_media":0,"parent":0,"menu_order":0,"comment_status":"closed","ping_status":"closed","template":"","meta":{"jetpack_post_was_ever_published":false,"footnotes":""},"class_list":["post-570","page","type-page","status-publish","hentry"],"yoast_head":"<!-- This site is optimized with the Yoast SEO plugin v27.5 - https:\/\/yoast.com\/product\/yoast-seo-wordpress\/ -->\n<title>NM 2018 \/ PM 2018 - Suomen Paimenkoirayhdistys ry<\/title>\n<meta name=\"robots\" content=\"index, follow, max-snippet:-1, max-image-preview:large, max-video-preview:-1\" \/>\n<link rel=\"canonical\" href=\"https:\/\/www.spky.fi\/wopr\/nm-2018-pm-2018\/\" \/>\n<meta property=\"og:locale\" content=\"fi_FI\" \/>\n<meta property=\"og:type\" content=\"article\" \/>\n<meta property=\"og:title\" content=\"NM 2018 \/ PM 2018 - Suomen Paimenkoirayhdistys ry\" \/>\n<meta property=\"og:description\" content=\"We are happy to invite you to &#8221;Nordiska&#8221;! Nordic Sheepdog Championship 2018 will be organized in Eken\u00e4s (Tammisaari) southern Finland on August 10-12th. We are looking forward to having teams from Denmark, The Faroe Islands, Norway and Sweden to meet up with our Finnish team. The trial is hosted by Ms Annika Paarvio and her &hellip; Jatka lukemista NM 2018 \/ PM 2018 &rarr;\" \/>\n<meta property=\"og:url\" content=\"https:\/\/www.spky.fi\/wopr\/nm-2018-pm-2018\/\" \/>\n<meta property=\"og:site_name\" content=\"Suomen Paimenkoirayhdistys ry\" \/>\n<meta property=\"article:publisher\" content=\"https:\/\/www.facebook.com\/SuomenPaimenkoirayhdistys\" \/>\n<meta property=\"article:modified_time\" content=\"2023-04-22T14:27:18+00:00\" \/>\n<meta name=\"twitter:card\" content=\"summary_large_image\" \/>\n<meta name=\"twitter:label1\" content=\"Arvioitu lukuaika\" \/>\n\t<meta name=\"twitter:data1\" content=\"2 minuuttia\" \/>\n<script type=\"application\/ld+json\" class=\"yoast-schema-graph\">{\"@context\":\"https:\\\/\\\/schema.org\",\"@graph\":[{\"@type\":\"WebPage\",\"@id\":\"https:\\\/\\\/www.spky.fi\\\/wopr\\\/nm-2018-pm-2018\\\/\",\"url\":\"https:\\\/\\\/www.spky.fi\\\/wopr\\\/nm-2018-pm-2018\\\/\",\"name\":\"NM 2018 \\\/ PM 2018 - Suomen Paimenkoirayhdistys ry\",\"isPartOf\":{\"@id\":\"https:\\\/\\\/www.spky.fi\\\/wopr\\\/#website\"},\"datePublished\":\"2018-06-11T18:45:01+00:00\",\"dateModified\":\"2023-04-22T14:27:18+00:00\",\"breadcrumb\":{\"@id\":\"https:\\\/\\\/www.spky.fi\\\/wopr\\\/nm-2018-pm-2018\\\/#breadcrumb\"},\"inLanguage\":\"fi\",\"potentialAction\":[{\"@type\":\"ReadAction\",\"target\":[\"https:\\\/\\\/www.spky.fi\\\/wopr\\\/nm-2018-pm-2018\\\/\"]}]},{\"@type\":\"BreadcrumbList\",\"@id\":\"https:\\\/\\\/www.spky.fi\\\/wopr\\\/nm-2018-pm-2018\\\/#breadcrumb\",\"itemListElement\":[{\"@type\":\"ListItem\",\"position\":1,\"name\":\"Etusivu\",\"item\":\"https:\\\/\\\/www.spky.fi\\\/wopr\\\/\"},{\"@type\":\"ListItem\",\"position\":2,\"name\":\"NM 2018 \\\/ PM 2018\"}]},{\"@type\":\"WebSite\",\"@id\":\"https:\\\/\\\/www.spky.fi\\\/wopr\\\/#website\",\"url\":\"https:\\\/\\\/www.spky.fi\\\/wopr\\\/\",\"name\":\"Suomen Paimenkoirayhdistys ry\",\"description\":\"Suomen Paimenkoirayhdistys edist&auml;&auml; paimenkoirien ty&ouml;k&auml;ytt&ouml;&auml;. Yhdistys auttaa paimenkoirakurssien, harjoitusten, kilpailujen ja n&auml;yt&ouml;sten j&auml;rjest&auml;misess&auml;.\",\"publisher\":{\"@id\":\"https:\\\/\\\/www.spky.fi\\\/wopr\\\/#organization\"},\"potentialAction\":[{\"@type\":\"SearchAction\",\"target\":{\"@type\":\"EntryPoint\",\"urlTemplate\":\"https:\\\/\\\/www.spky.fi\\\/wopr\\\/?s={search_term_string}\"},\"query-input\":{\"@type\":\"PropertyValueSpecification\",\"valueRequired\":true,\"valueName\":\"search_term_string\"}}],\"inLanguage\":\"fi\"},{\"@type\":\"Organization\",\"@id\":\"https:\\\/\\\/www.spky.fi\\\/wopr\\\/#organization\",\"name\":\"Suomen Paimenkoirayhdistys ry\",\"url\":\"https:\\\/\\\/www.spky.fi\\\/wopr\\\/\",\"logo\":{\"@type\":\"ImageObject\",\"inLanguage\":\"fi\",\"@id\":\"https:\\\/\\\/www.spky.fi\\\/wopr\\\/#\\\/schema\\\/logo\\\/image\\\/\",\"url\":\"https:\\\/\\\/www.spky.fi\\\/wopr\\\/wp-content\\\/uploads\\\/2024\\\/06\\\/SPKY_MUVA_PNG.png\",\"contentUrl\":\"https:\\\/\\\/www.spky.fi\\\/wopr\\\/wp-content\\\/uploads\\\/2024\\\/06\\\/SPKY_MUVA_PNG.png\",\"width\":3201,\"height\":3126,\"caption\":\"Suomen Paimenkoirayhdistys ry\"},\"image\":{\"@id\":\"https:\\\/\\\/www.spky.fi\\\/wopr\\\/#\\\/schema\\\/logo\\\/image\\\/\"},\"sameAs\":[\"https:\\\/\\\/www.facebook.com\\\/SuomenPaimenkoirayhdistys\"]}]}<\/script>\n<!-- \/ Yoast SEO plugin. -->","yoast_head_json":{"title":"NM 2018 \/ PM 2018 - Suomen Paimenkoirayhdistys ry","robots":{"index":"index","follow":"follow","max-snippet":"max-snippet:-1","max-image-preview":"max-image-preview:large","max-video-preview":"max-video-preview:-1"},"canonical":"https:\/\/www.spky.fi\/wopr\/nm-2018-pm-2018\/","og_locale":"fi_FI","og_type":"article","og_title":"NM 2018 \/ PM 2018 - Suomen Paimenkoirayhdistys ry","og_description":"We are happy to invite you to &#8221;Nordiska&#8221;! Nordic Sheepdog Championship 2018 will be organized in Eken\u00e4s (Tammisaari) southern Finland on August 10-12th. We are looking forward to having teams from Denmark, The Faroe Islands, Norway and Sweden to meet up with our Finnish team. The trial is hosted by Ms Annika Paarvio and her &hellip; Jatka lukemista NM 2018 \/ PM 2018 &rarr;","og_url":"https:\/\/www.spky.fi\/wopr\/nm-2018-pm-2018\/","og_site_name":"Suomen Paimenkoirayhdistys ry","article_publisher":"https:\/\/www.facebook.com\/SuomenPaimenkoirayhdistys","article_modified_time":"2023-04-22T14:27:18+00:00","twitter_card":"summary_large_image","twitter_misc":{"Arvioitu lukuaika":"2 minuuttia"},"schema":{"@context":"https:\/\/schema.org","@graph":[{"@type":"WebPage","@id":"https:\/\/www.spky.fi\/wopr\/nm-2018-pm-2018\/","url":"https:\/\/www.spky.fi\/wopr\/nm-2018-pm-2018\/","name":"NM 2018 \/ PM 2018 - Suomen Paimenkoirayhdistys ry","isPartOf":{"@id":"https:\/\/www.spky.fi\/wopr\/#website"},"datePublished":"2018-06-11T18:45:01+00:00","dateModified":"2023-04-22T14:27:18+00:00","breadcrumb":{"@id":"https:\/\/www.spky.fi\/wopr\/nm-2018-pm-2018\/#breadcrumb"},"inLanguage":"fi","potentialAction":[{"@type":"ReadAction","target":["https:\/\/www.spky.fi\/wopr\/nm-2018-pm-2018\/"]}]},{"@type":"BreadcrumbList","@id":"https:\/\/www.spky.fi\/wopr\/nm-2018-pm-2018\/#breadcrumb","itemListElement":[{"@type":"ListItem","position":1,"name":"Etusivu","item":"https:\/\/www.spky.fi\/wopr\/"},{"@type":"ListItem","position":2,"name":"NM 2018 \/ PM 2018"}]},{"@type":"WebSite","@id":"https:\/\/www.spky.fi\/wopr\/#website","url":"https:\/\/www.spky.fi\/wopr\/","name":"Suomen Paimenkoirayhdistys ry","description":"Suomen Paimenkoirayhdistys edist&auml;&auml; paimenkoirien ty&ouml;k&auml;ytt&ouml;&auml;. Yhdistys auttaa paimenkoirakurssien, harjoitusten, kilpailujen ja n&auml;yt&ouml;sten j&auml;rjest&auml;misess&auml;.","publisher":{"@id":"https:\/\/www.spky.fi\/wopr\/#organization"},"potentialAction":[{"@type":"SearchAction","target":{"@type":"EntryPoint","urlTemplate":"https:\/\/www.spky.fi\/wopr\/?s={search_term_string}"},"query-input":{"@type":"PropertyValueSpecification","valueRequired":true,"valueName":"search_term_string"}}],"inLanguage":"fi"},{"@type":"Organization","@id":"https:\/\/www.spky.fi\/wopr\/#organization","name":"Suomen Paimenkoirayhdistys ry","url":"https:\/\/www.spky.fi\/wopr\/","logo":{"@type":"ImageObject","inLanguage":"fi","@id":"https:\/\/www.spky.fi\/wopr\/#\/schema\/logo\/image\/","url":"https:\/\/www.spky.fi\/wopr\/wp-content\/uploads\/2024\/06\/SPKY_MUVA_PNG.png","contentUrl":"https:\/\/www.spky.fi\/wopr\/wp-content\/uploads\/2024\/06\/SPKY_MUVA_PNG.png","width":3201,"height":3126,"caption":"Suomen Paimenkoirayhdistys ry"},"image":{"@id":"https:\/\/www.spky.fi\/wopr\/#\/schema\/logo\/image\/"},"sameAs":["https:\/\/www.facebook.com\/SuomenPaimenkoirayhdistys"]}]}},"jetpack_sharing_enabled":true,"jetpack_shortlink":"https:\/\/wp.me\/PaLGv4-9c","_links":{"self":[{"href":"https:\/\/www.spky.fi\/wopr\/wp-json\/wp\/v2\/pages\/570","targetHints":{"allow":["GET"]}}],"collection":[{"href":"https:\/\/www.spky.fi\/wopr\/wp-json\/wp\/v2\/pages"}],"about":[{"href":"https:\/\/www.spky.fi\/wopr\/wp-json\/wp\/v2\/types\/page"}],"author":[{"embeddable":true,"href":"https:\/\/www.spky.fi\/wopr\/wp-json\/wp\/v2\/users\/1"}],"replies":[{"embeddable":true,"href":"https:\/\/www.spky.fi\/wopr\/wp-json\/wp\/v2\/comments?post=570"}],"version-history":[{"count":34,"href":"https:\/\/www.spky.fi\/wopr\/wp-json\/wp\/v2\/pages\/570\/revisions"}],"predecessor-version":[{"id":5893,"href":"https:\/\/www.spky.fi\/wopr\/wp-json\/wp\/v2\/pages\/570\/revisions\/5893"}],"wp:attachment":[{"href":"https:\/\/www.spky.fi\/wopr\/wp-json\/wp\/v2\/media?parent=570"}],"curies":[{"name":"wp","href":"https:\/\/api.w.org\/{rel}","templated":true}]}}