{"id":574,"date":"2018-06-11T19:02:38","date_gmt":"2018-06-11T19:02:38","guid":{"rendered":"http:\/\/www.spky.fi\/wopr\/?page_id=574"},"modified":"2025-10-13T19:16:25","modified_gmt":"2025-10-13T19:16:25","slug":"ranking-listat","status":"publish","type":"page","link":"https:\/\/www.spky.fi\/wopr\/ranking-listat\/","title":{"rendered":"Ranking listat"},"content":{"rendered":"\r\n<h2>Vuosi 2025<\/h2>\r\n<p><a href=\"https:\/\/www.spky.fi\/wopr\/wp-content\/uploads\/2025\/10\/Maajoukkue-2025-lopullinen.pdf\" target=\"_blank\" rel=\"noopener\">Maajoukkue 2025, lopullinen (p\u00e4ivitetty 13.10.2025)<\/a><\/p>\r\n<p><a href=\"https:\/\/www.spky.fi\/wopr\/wp-content\/uploads\/2025\/09\/Esikarsinta-2025-200925.pdf\" target=\"_blank\" rel=\"noopener\">Esikarsintalista 2025 (p\u00e4ivitetty 20.9.2025)<\/a><\/p>\r\n<p><a href=\"https:\/\/www.spky.fi\/wopr\/wp-content\/uploads\/2025\/09\/Nautakisojen-esikarsinta-2025.pdf\" target=\"_blank\" rel=\"noopener\">Nautakisojen esikarsintalista (p\u00e4ivitetty 22.9.2025)<\/a><\/p>\r\n<h2>Vuosi 2024<\/h2>\r\n<p><a href=\"https:\/\/www.spky.fi\/wopr\/wp-content\/uploads\/2024\/10\/Maajoukkuekarsinta-2024-final.pdf\" target=\"_blank\" rel=\"noreferrer noopener\">Maajoukkuekarsinta 2024, lopullinen<\/a><\/p>\r\n<p><a href=\"https:\/\/www.spky.fi\/wopr\/wp-content\/uploads\/2025\/03\/Nautamaajoukkue-2024.pdf\" target=\"_blank\" rel=\"noopener\">Nautamaajoukkue 2024, lopullinen<\/a><br \/>\r\n<br \/>\r\n<a href=\"https:\/\/www.spky.fi\/wopr\/wp-content\/uploads\/2024\/09\/Esikarsinta-naudat-2024.pdf\">Esikarsinta Naudat 2024<\/a><\/p>\r\n\r\n\r\n<p><a href=\"https:\/\/drive.google.com\/file\/d\/1Ir1gXRIzRfMbq45JtuUrWGBxFWewbyUR\/view?usp=sharing\">Esikarsintalista 2024<\/a> (p\u00e4ivitetty 22.9.2024)<\/p>\r\n\r\n\r\n<h2>Vuosi 2023<\/h2>\r\n\r\n\r\n<p><a href=\"https:\/\/drive.google.com\/file\/d\/1oIIOOM9CsYo8xyr_iYt6bU5B4jGTr37c\/view?usp=drivesdk\">Esikarsintalista 2023<\/a> (p\u00e4ivitetty 4.9.2023)<\/p>\r\n\r\n\r\n<p><a href=\"https:\/\/drive.google.com\/file\/d\/1X7HsOGv5jHMqi5VqKSIemXQn1K7hqbRS\/view?usp=sharing\">Maajoukkuekarsinta 2023, lopullinen <\/a>(p\u00e4ivitetty 2.10.2023)<\/p>\r\n\r\n\r\n<p><a href=\"https:\/\/drive.google.com\/file\/d\/11Wk4dXw-4Dkc16B_nwOqnu1GVGmsEQV7\/view?usp=sharing\">Nautamestaruuksien esikarsintalista 2023\u00a0<\/a><\/p>\r\n\r\n\r\n<p><a href=\"https:\/\/drive.google.com\/file\/d\/1hA23iUEkLll8V2ytyyoHUXR-tipwk_mJ\/view?usp=sharing\">Nautamaajoukkue 2023<\/a><\/p>\r\n\r\n\r\n<h2>Vuosi 2022\u00a0<\/h2>\r\n\r\n\r\n<p><a href=\"https:\/\/drive.google.com\/file\/d\/1HVJScno08cldaRx4F07cfrBvZ-SAn6ig\/view?usp=sharing\">Lopullinen maajoukkuekarsinta 2022<\/a> (p\u00e4ivitetty 09.10.2022)<\/p>\r\n\r\n\r\n<p><a href=\"https:\/\/drive.google.com\/file\/d\/1guL0L6WmWqX3ahFR8RNsCZ1wW_OXZhOs\/view?usp=sharing\">Esikarsintalista 2022<\/a> (p\u00e4ivitetty 16.8.2022)<\/p>\r\n\r\n\r\n<p><a href=\"https:\/\/drive.google.com\/file\/d\/19E9ZZUe6H-S3WJuDIKC7YOUSP7i4r_L2\/view?usp=sharing\">Nautamestaruuksien esikarsintalista 2022<\/a> (p\u00e4ivitetty 22.9.2022)<\/p>\r\n\r\n\r\n<p><a href=\"https:\/\/drive.google.com\/file\/d\/1AnXIKi-hkuYBjnzhyb9PxbPLQlqRNhLb\/view?usp=sharing\">Nautamaajoukkueen karsinta 2022<\/a><\/p>\r\n\r\n\r\n<h2>Vuosi 2021<\/h2>\r\n\r\n\r\n<p><a href=\"https:\/\/drive.google.com\/file\/d\/18YcoM8kvoZv5FXp9qM6AtWQkpUA2cu78\/view?usp=sharing\">Esikarsintalista 2021<\/a> (p\u00e4ivitetty 17.8.2021)<\/p>\r\n\r\n\r\n<p><a href=\"https:\/\/drive.google.com\/file\/d\/1WMcI4dRL_T1DQdYGgE2uaKAUa1G6efvx\/view?usp=sharing\">Maajoukkueen karsintalista<\/a> (p\u00e4ivitetty 13.9.2021)<\/p>\r\n\r\n\r\n<h2>Vuosi 2020<\/h2>\r\n\r\n\r\n<p><a href=\"https:\/\/drive.google.com\/file\/d\/1OOmOzLZRciAM3VXlSgTUMhCPW9J6l8fY\/view?usp=sharing\">Esikarsintalista 2020<\/a><\/p>\r\n\r\n\r\n<p><a href=\"https:\/\/drive.google.com\/file\/d\/16MRFyjrrvqPMveHmpQZ6well0MqH974O\/view?usp=sharing\">Maajoukkue vuodelle 2021 (EM-kilpailut) lopullinen<\/a><\/p>\r\n\r\n\r\n<p><a href=\"https:\/\/drive.google.com\/file\/d\/1gqDmJ8fcQz6yrOf7QQ3uHw-OXBTde_kI\/view?usp=sharing\">Nautamaajoukkueen karsinta vuodelle 2021 lopullinen<\/a><\/p>\r\n\r\n\r\n<h2>Aiemmat vuodet\u00a0<\/h2>\r\n\r\n\r\n<p><a href=\"http:\/\/www.spky.fi\/wopr\/wp-content\/uploads\/2018\/10\/Maajoukkuekarsinta_final.pdf\">Maajoukkue 2019<\/a><\/p>\r\n\r\n\r\n<p><a href=\"https:\/\/drive.google.com\/file\/d\/1xwO6fbRqyCsh1u9decqqe1mTKFK8nav-\/view?usp=sharing\">Lopullinen esikarsintalista Uotilan kisoihin<\/a><\/p>\r\n\r\n\r\n<p><a href=\"https:\/\/drive.google.com\/file\/d\/1m9TIgKpKIIrCLqhJLjqNXTksCb0GYgt1\/view?usp=sharing\">Maajoukkue 2020 lopullinen rankinglista<\/a><\/p>\r\n","protected":false},"excerpt":{"rendered":"<p>Vuosi 2025 Maajoukkue 2025, lopullinen (p\u00e4ivitetty 13.10.2025) Esikarsintalista 2025 (p\u00e4ivitetty 20.9.2025) Nautakisojen esikarsintalista (p\u00e4ivitetty 22.9.2025) Vuosi 2024 Maajoukkuekarsinta 2024, lopullinen Nautamaajoukkue 2024, lopullinen Esikarsinta Naudat 2024 Esikarsintalista 2024 (p\u00e4ivitetty 22.9.2024) Vuosi 2023 Esikarsintalista 2023 (p\u00e4ivitetty 4.9.2023) Maajoukkuekarsinta 2023, lopullinen (p\u00e4ivitetty 2.10.2023) Nautamestaruuksien esikarsintalista 2023\u00a0 Nautamaajoukkue 2023 Vuosi 2022\u00a0 Lopullinen maajoukkuekarsinta 2022 (p\u00e4ivitetty 09.10.2022) Esikarsintalista 2022 &hellip; <a href=\"https:\/\/www.spky.fi\/wopr\/ranking-listat\/\" class=\"more-link\">Jatka lukemista <span class=\"screen-reader-text\">Ranking listat<\/span> <span class=\"meta-nav\">&rarr;<\/span><\/a><\/p>\n","protected":false},"author":1,"featured_media":0,"parent":0,"menu_order":0,"comment_status":"closed","ping_status":"closed","template":"","meta":{"jetpack_post_was_ever_published":false,"footnotes":""},"class_list":["post-574","page","type-page","status-publish","hentry"],"yoast_head":"<!-- This site is optimized with the Yoast SEO plugin v27.4 - https:\/\/yoast.com\/product\/yoast-seo-wordpress\/ -->\n<title>Ranking listat - Suomen Paimenkoirayhdistys ry<\/title>\n<meta name=\"robots\" content=\"index, follow, max-snippet:-1, max-image-preview:large, max-video-preview:-1\" \/>\n<link rel=\"canonical\" href=\"https:\/\/www.spky.fi\/wopr\/ranking-listat\/\" \/>\n<meta property=\"og:locale\" content=\"fi_FI\" \/>\n<meta property=\"og:type\" content=\"article\" \/>\n<meta property=\"og:title\" content=\"Ranking listat - Suomen Paimenkoirayhdistys ry\" \/>\n<meta property=\"og:description\" content=\"Vuosi 2025 Maajoukkue 2025, lopullinen (p\u00e4ivitetty 13.10.2025) Esikarsintalista 2025 (p\u00e4ivitetty 20.9.2025) Nautakisojen esikarsintalista (p\u00e4ivitetty 22.9.2025) Vuosi 2024 Maajoukkuekarsinta 2024, lopullinen Nautamaajoukkue 2024, lopullinen Esikarsinta Naudat 2024 Esikarsintalista 2024 (p\u00e4ivitetty 22.9.2024) Vuosi 2023 Esikarsintalista 2023 (p\u00e4ivitetty 4.9.2023) Maajoukkuekarsinta 2023, lopullinen (p\u00e4ivitetty 2.10.2023) Nautamestaruuksien esikarsintalista 2023\u00a0 Nautamaajoukkue 2023 Vuosi 2022\u00a0 Lopullinen maajoukkuekarsinta 2022 (p\u00e4ivitetty 09.10.2022) Esikarsintalista 2022 &hellip; Jatka lukemista Ranking listat &rarr;\" \/>\n<meta property=\"og:url\" content=\"https:\/\/www.spky.fi\/wopr\/ranking-listat\/\" \/>\n<meta property=\"og:site_name\" content=\"Suomen Paimenkoirayhdistys ry\" \/>\n<meta property=\"article:publisher\" content=\"https:\/\/www.facebook.com\/SuomenPaimenkoirayhdistys\" \/>\n<meta property=\"article:modified_time\" content=\"2025-10-13T19:16:25+00:00\" \/>\n<meta name=\"twitter:card\" content=\"summary_large_image\" \/>\n<meta name=\"twitter:label1\" content=\"Arvioitu lukuaika\" \/>\n\t<meta name=\"twitter:data1\" content=\"1 minuutti\" \/>\n<script type=\"application\/ld+json\" class=\"yoast-schema-graph\">{\"@context\":\"https:\\\/\\\/schema.org\",\"@graph\":[{\"@type\":\"WebPage\",\"@id\":\"https:\\\/\\\/www.spky.fi\\\/wopr\\\/ranking-listat\\\/\",\"url\":\"https:\\\/\\\/www.spky.fi\\\/wopr\\\/ranking-listat\\\/\",\"name\":\"Ranking listat - Suomen Paimenkoirayhdistys ry\",\"isPartOf\":{\"@id\":\"https:\\\/\\\/www.spky.fi\\\/wopr\\\/#website\"},\"datePublished\":\"2018-06-11T19:02:38+00:00\",\"dateModified\":\"2025-10-13T19:16:25+00:00\",\"breadcrumb\":{\"@id\":\"https:\\\/\\\/www.spky.fi\\\/wopr\\\/ranking-listat\\\/#breadcrumb\"},\"inLanguage\":\"fi\",\"potentialAction\":[{\"@type\":\"ReadAction\",\"target\":[\"https:\\\/\\\/www.spky.fi\\\/wopr\\\/ranking-listat\\\/\"]}]},{\"@type\":\"BreadcrumbList\",\"@id\":\"https:\\\/\\\/www.spky.fi\\\/wopr\\\/ranking-listat\\\/#breadcrumb\",\"itemListElement\":[{\"@type\":\"ListItem\",\"position\":1,\"name\":\"Etusivu\",\"item\":\"https:\\\/\\\/www.spky.fi\\\/wopr\\\/\"},{\"@type\":\"ListItem\",\"position\":2,\"name\":\"Ranking listat\"}]},{\"@type\":\"WebSite\",\"@id\":\"https:\\\/\\\/www.spky.fi\\\/wopr\\\/#website\",\"url\":\"https:\\\/\\\/www.spky.fi\\\/wopr\\\/\",\"name\":\"Suomen Paimenkoirayhdistys ry\",\"description\":\"Suomen Paimenkoirayhdistys edist&auml;&auml; paimenkoirien ty&ouml;k&auml;ytt&ouml;&auml;. Yhdistys auttaa paimenkoirakurssien, harjoitusten, kilpailujen ja n&auml;yt&ouml;sten j&auml;rjest&auml;misess&auml;.\",\"publisher\":{\"@id\":\"https:\\\/\\\/www.spky.fi\\\/wopr\\\/#organization\"},\"potentialAction\":[{\"@type\":\"SearchAction\",\"target\":{\"@type\":\"EntryPoint\",\"urlTemplate\":\"https:\\\/\\\/www.spky.fi\\\/wopr\\\/?s={search_term_string}\"},\"query-input\":{\"@type\":\"PropertyValueSpecification\",\"valueRequired\":true,\"valueName\":\"search_term_string\"}}],\"inLanguage\":\"fi\"},{\"@type\":\"Organization\",\"@id\":\"https:\\\/\\\/www.spky.fi\\\/wopr\\\/#organization\",\"name\":\"Suomen Paimenkoirayhdistys ry\",\"url\":\"https:\\\/\\\/www.spky.fi\\\/wopr\\\/\",\"logo\":{\"@type\":\"ImageObject\",\"inLanguage\":\"fi\",\"@id\":\"https:\\\/\\\/www.spky.fi\\\/wopr\\\/#\\\/schema\\\/logo\\\/image\\\/\",\"url\":\"https:\\\/\\\/www.spky.fi\\\/wopr\\\/wp-content\\\/uploads\\\/2024\\\/06\\\/SPKY_MUVA_PNG.png\",\"contentUrl\":\"https:\\\/\\\/www.spky.fi\\\/wopr\\\/wp-content\\\/uploads\\\/2024\\\/06\\\/SPKY_MUVA_PNG.png\",\"width\":3201,\"height\":3126,\"caption\":\"Suomen Paimenkoirayhdistys ry\"},\"image\":{\"@id\":\"https:\\\/\\\/www.spky.fi\\\/wopr\\\/#\\\/schema\\\/logo\\\/image\\\/\"},\"sameAs\":[\"https:\\\/\\\/www.facebook.com\\\/SuomenPaimenkoirayhdistys\"]}]}<\/script>\n<!-- \/ Yoast SEO plugin. -->","yoast_head_json":{"title":"Ranking listat - Suomen Paimenkoirayhdistys ry","robots":{"index":"index","follow":"follow","max-snippet":"max-snippet:-1","max-image-preview":"max-image-preview:large","max-video-preview":"max-video-preview:-1"},"canonical":"https:\/\/www.spky.fi\/wopr\/ranking-listat\/","og_locale":"fi_FI","og_type":"article","og_title":"Ranking listat - Suomen Paimenkoirayhdistys ry","og_description":"Vuosi 2025 Maajoukkue 2025, lopullinen (p\u00e4ivitetty 13.10.2025) Esikarsintalista 2025 (p\u00e4ivitetty 20.9.2025) Nautakisojen esikarsintalista (p\u00e4ivitetty 22.9.2025) Vuosi 2024 Maajoukkuekarsinta 2024, lopullinen Nautamaajoukkue 2024, lopullinen Esikarsinta Naudat 2024 Esikarsintalista 2024 (p\u00e4ivitetty 22.9.2024) Vuosi 2023 Esikarsintalista 2023 (p\u00e4ivitetty 4.9.2023) Maajoukkuekarsinta 2023, lopullinen (p\u00e4ivitetty 2.10.2023) Nautamestaruuksien esikarsintalista 2023\u00a0 Nautamaajoukkue 2023 Vuosi 2022\u00a0 Lopullinen maajoukkuekarsinta 2022 (p\u00e4ivitetty 09.10.2022) Esikarsintalista 2022 &hellip; Jatka lukemista Ranking listat &rarr;","og_url":"https:\/\/www.spky.fi\/wopr\/ranking-listat\/","og_site_name":"Suomen Paimenkoirayhdistys ry","article_publisher":"https:\/\/www.facebook.com\/SuomenPaimenkoirayhdistys","article_modified_time":"2025-10-13T19:16:25+00:00","twitter_card":"summary_large_image","twitter_misc":{"Arvioitu lukuaika":"1 minuutti"},"schema":{"@context":"https:\/\/schema.org","@graph":[{"@type":"WebPage","@id":"https:\/\/www.spky.fi\/wopr\/ranking-listat\/","url":"https:\/\/www.spky.fi\/wopr\/ranking-listat\/","name":"Ranking listat - Suomen Paimenkoirayhdistys ry","isPartOf":{"@id":"https:\/\/www.spky.fi\/wopr\/#website"},"datePublished":"2018-06-11T19:02:38+00:00","dateModified":"2025-10-13T19:16:25+00:00","breadcrumb":{"@id":"https:\/\/www.spky.fi\/wopr\/ranking-listat\/#breadcrumb"},"inLanguage":"fi","potentialAction":[{"@type":"ReadAction","target":["https:\/\/www.spky.fi\/wopr\/ranking-listat\/"]}]},{"@type":"BreadcrumbList","@id":"https:\/\/www.spky.fi\/wopr\/ranking-listat\/#breadcrumb","itemListElement":[{"@type":"ListItem","position":1,"name":"Etusivu","item":"https:\/\/www.spky.fi\/wopr\/"},{"@type":"ListItem","position":2,"name":"Ranking listat"}]},{"@type":"WebSite","@id":"https:\/\/www.spky.fi\/wopr\/#website","url":"https:\/\/www.spky.fi\/wopr\/","name":"Suomen Paimenkoirayhdistys ry","description":"Suomen Paimenkoirayhdistys edist&auml;&auml; paimenkoirien ty&ouml;k&auml;ytt&ouml;&auml;. Yhdistys auttaa paimenkoirakurssien, harjoitusten, kilpailujen ja n&auml;yt&ouml;sten j&auml;rjest&auml;misess&auml;.","publisher":{"@id":"https:\/\/www.spky.fi\/wopr\/#organization"},"potentialAction":[{"@type":"SearchAction","target":{"@type":"EntryPoint","urlTemplate":"https:\/\/www.spky.fi\/wopr\/?s={search_term_string}"},"query-input":{"@type":"PropertyValueSpecification","valueRequired":true,"valueName":"search_term_string"}}],"inLanguage":"fi"},{"@type":"Organization","@id":"https:\/\/www.spky.fi\/wopr\/#organization","name":"Suomen Paimenkoirayhdistys ry","url":"https:\/\/www.spky.fi\/wopr\/","logo":{"@type":"ImageObject","inLanguage":"fi","@id":"https:\/\/www.spky.fi\/wopr\/#\/schema\/logo\/image\/","url":"https:\/\/www.spky.fi\/wopr\/wp-content\/uploads\/2024\/06\/SPKY_MUVA_PNG.png","contentUrl":"https:\/\/www.spky.fi\/wopr\/wp-content\/uploads\/2024\/06\/SPKY_MUVA_PNG.png","width":3201,"height":3126,"caption":"Suomen Paimenkoirayhdistys ry"},"image":{"@id":"https:\/\/www.spky.fi\/wopr\/#\/schema\/logo\/image\/"},"sameAs":["https:\/\/www.facebook.com\/SuomenPaimenkoirayhdistys"]}]}},"jetpack_sharing_enabled":true,"jetpack_shortlink":"https:\/\/wp.me\/PaLGv4-9g","_links":{"self":[{"href":"https:\/\/www.spky.fi\/wopr\/wp-json\/wp\/v2\/pages\/574","targetHints":{"allow":["GET"]}}],"collection":[{"href":"https:\/\/www.spky.fi\/wopr\/wp-json\/wp\/v2\/pages"}],"about":[{"href":"https:\/\/www.spky.fi\/wopr\/wp-json\/wp\/v2\/types\/page"}],"author":[{"embeddable":true,"href":"https:\/\/www.spky.fi\/wopr\/wp-json\/wp\/v2\/users\/1"}],"replies":[{"embeddable":true,"href":"https:\/\/www.spky.fi\/wopr\/wp-json\/wp\/v2\/comments?post=574"}],"version-history":[{"count":88,"href":"https:\/\/www.spky.fi\/wopr\/wp-json\/wp\/v2\/pages\/574\/revisions"}],"predecessor-version":[{"id":8208,"href":"https:\/\/www.spky.fi\/wopr\/wp-json\/wp\/v2\/pages\/574\/revisions\/8208"}],"wp:attachment":[{"href":"https:\/\/www.spky.fi\/wopr\/wp-json\/wp\/v2\/media?parent=574"}],"curies":[{"name":"wp","href":"https:\/\/api.w.org\/{rel}","templated":true}]}}