{"id":5824,"date":"2024-01-10T20:02:39","date_gmt":"2024-01-10T20:02:39","guid":{"rendered":"https:\/\/www.spky.fi\/wopr\/?page_id=5824"},"modified":"2024-09-30T15:38:51","modified_gmt":"2024-09-30T15:38:51","slug":"kilpailukalenteri-2024","status":"publish","type":"page","link":"https:\/\/www.spky.fi\/wopr\/kilpailukalenteri-2024\/","title":{"rendered":"Kilpailukalenteri 2024"},"content":{"rendered":"\n<h2>Kilpailuihin ilmoittautuminen<\/h2>\n<p>Ilmoittaudu kilpailuihin s\u00e4hk\u00f6postilla osoitteeseen <strong>ilmoittautumiset@spky.fi. <\/strong>Laita viestiin tieto mihin kilpailuun ilmoittaudut ja montako koiraa.\u00a0<\/p>\n<p>Vastauksena saat s\u00e4hk\u00f6postiin ilmoittautumislinkin, johon kirjaat omat ja koiran tiedot. Rajoitetuissa kilpailuissa tulee my\u00f6s tieto, mahdutko mukaan vai varasijalle. Osallistujam\u00e4\u00e4r\u00e4lt\u00e4\u00e4n rajoitetuissa kilpailussa max. 2 koiraa\/ohjaaja, saman ohjaajan seuraavat koirat voi ja kannattaa ilmoittaa varalle. Paikat varataan ilmoittautumisj\u00e4rjestyksess\u00e4.<\/p>\n<p>Kilpailumaksu maksetaan<strong> kilpailutilille kyseisen kilpailun viitteell\u00e4.<\/strong> Kilpailupaikka vahvistetaan maksamalla kilpailumaksu mahdollisimman pian, kuitenkin viimeist\u00e4\u00e4n kilpailun viimeisen\u00e4 ilmoittautumisp\u00e4iv\u00e4n\u00e4.<\/p>\n<p><span style=\"background-color: #ffff99;\"><strong>Kilpailutili on FI19 5016 0620 0402 70<\/strong><\/span><\/p>\n<p><a href=\"https:\/\/www.spky.fi\/wopr\/maksut\/\"><strong>Muistakaa maksaa j\u00e4senmaksu<\/strong><\/a> ennen kilpailuihin ilmoittautumista!<\/p>\n<h2>Kilpailukalenteri\u00a0<\/h2>\n\n\n<ul>\n<li><strong>Pe-su 15.-17.3. <a href=\"https:\/\/www.enc2024.de\/\" target=\"_blank\" rel=\"noopener\">European Nursery Championship (ENC)<\/a>, Eschweiler, Saksa<br \/><br \/><\/strong><\/li>\n<li><strong>To-pe 9-10.5. Halikko, Peppi Laine, 3-luokka<\/strong>, noin 20-22 koiraa\/pv. J\u00e4rjest\u00e4j\u00e4st\u00e4 riippumattomasta syyst\u00e4 lammasm\u00e4\u00e4r\u00e4 vahvistuu vasta 29.4. Mahdollisesti pe my\u00f6s 2-luokka mik\u00e4li tilaa j\u00e4\u00e4. To tuomari Nilla Salonen, pe Elisa Kotikoski. <strong>Ilmoittautuminen alkaa to 25.4. <\/strong>ja\u00a0p\u00e4\u00e4ttyy ti 30.4. Viitenumero <strong>4006<br \/><br \/><\/strong><\/li>\n<li><strong>La 11.5. Halikko, Peppi Laine, 1- ja 2-luokka,<\/strong> noin 20-22 koiraa\/pv. J\u00e4rjest\u00e4j\u00e4st\u00e4 riippumattomasta syyst\u00e4 lammasm\u00e4\u00e4r\u00e4 vahvistuu vasta 29.4. , tuomari Elisa Kotikoski. <strong>Ilmoittautuminen alkaa su 28.4. <\/strong>ja\u00a0p\u00e4\u00e4ttyy ti 30.4. Viitenumero <strong>4019<br \/><br \/><\/strong><\/li>\n<li><strong>La-su 18.-19.5. Rantasalmi, Putkisalo, Tiina Vuorio, la 3-luokka ja 2-luokka, su 3-luokka ja 1-luokka. <\/strong>max 30 koiraa\/pv, tuomari Petri Keski-Korpela.<strong> Ilmoittautuminen alkaa ke 1.5.,<\/strong> p\u00e4\u00e4ttyy pe 3.5. Viitenumero <strong>4022<br \/><br \/><\/strong><\/li>\n<li><strong>Su 19.5. Rantasalmi, Putkisalo, Tiina Vuorio, su my\u00f6s 2-luokka<\/strong><br \/>3-ja 1-luokkiin ilmoittautuminen p\u00e4\u00e4ttyi 3.5., tilaa j\u00e4i <br \/>2-luokan kisaan sunnuntaille. <strong>Ilmoittautuminen alkaa ma 6.5.,<\/strong> p\u00e4\u00e4ttyy ke 8.5. Viitenumero <strong>4022<br \/><br \/><\/strong><\/li>\n<li><strong>La-su 25.-26.5. Somero, Elisa ja Kari Kotikoski, 3- luokka,<\/strong> 25 koiraa\/p\u00e4iv\u00e4, jaettuna kahteen l\u00e4ht\u00f6\u00f6n. Tuomarit la ja su Kari Kotikoski, la Nilla Salonen ja su Annika Paarvio. <strong>Ilmoittautuminen alkaa su 12.5.<\/strong> ja p\u00e4\u00e4ttyy ti 14.5. Viitenumero<strong> 4064<br \/><br \/><\/strong><\/li>\n<li><strong>La-su 1.-2.6. Tammisaari, Annika Paarvio, 3-luokka,<\/strong> max noin 25-30 koiraa\/pv (tarkentuu ennen ilmoittautumisten alkua). Tuomari Riitta Talvela. <strong>Ilmoittautuminen alkaa to 16.5.,<\/strong> p\u00e4\u00e4ttyy su 19.5. Viitenumero <strong>4035<br \/><br \/><\/strong><\/li>\n<li><strong>Ma 3.6. Tammisaari, Annika Paarvio, 1- ja 2-luokka,<\/strong> iltap\u00e4iv\u00e4kisa, max 20 koiraa, tuomari Elisa Kotikoski. <strong>Ilmoittautuminen alkaa pe 17.5.<\/strong>, p\u00e4\u00e4ttyy ma 20.5. Viitenumero <strong>4048<br \/><br \/><\/strong><\/li>\n<li><strong>Pe 14.6. Salo, Katja Suominen, 1- ja 2-luokka, iltakisa,<\/strong> max 20 koiraa. Tuomari Elisa Kotikoski. <strong>Ilmoittautuminen alkaa ke 5.6.<\/strong> ja p\u00e4\u00e4ttyy pe 7.6. Viitenumero <strong>4080<br \/><br \/><\/strong><\/li>\n<li><strong>La-su 15.-16.6. Salo, Katja Suominen, 3-luokka,<\/strong> max. 26 koiraa, jaetaan kahteen l\u00e4ht\u00f6\u00f6n. Tuomarit Anja Lehti\u00f6 ja Kari Kotikoski. <strong>Ilmoittautuminen alkaa ma 3.6.,<\/strong> p\u00e4\u00e4ttyy ke 5.6. Viitenumero <strong>4051<br \/><br \/><\/strong><\/li>\n<li><strong>Pe 5.7. Salo, Katja Suominen, 1- ja 2-luokka, iltakisa<\/strong>, max 20 koiraa. Tuomarit 1-luokka Nilla Salonen ja 2-luokka Elisa tai Kari Kotikoski. <strong>Ilmoittautuminen alkaa ke 26.6.<\/strong> ja p\u00e4\u00e4ttyy to 27.6. Viitenumero <strong>4129<\/strong><\/li>\n<\/ul>\n<ul>\n<li><strong>\u00a0La-su 6.-7.7. Salo, Katja Suominen, 3-luokka,<\/strong> max. 22 koiraa. Tuomarit la Elisa Kotikoski ja Kari Kotikoski, su Annika Paarvio. <strong>Ilmoittautuminen alkaa pe 28.6.<\/strong> ja p\u00e4\u00e4ttyy la 29.6. Viitenumero <strong>4132<br \/><br \/><\/strong><\/li>\n<li><strong>La- su 6.-7.7. Simpele, Hanna Repo, 1- ja 2-luokka,<\/strong> noin 16 koiraa\/pv. Tuomari Pirjo Koivu.<strong> Ilmoittautuminen alkaa to 20.6.<\/strong> ja p\u00e4\u00e4ttyy su 23.6. Viitenumero <strong>4077<br \/><br \/><\/strong><\/li>\n<li><strong>La-su 20.-21.7. Somero, Elisa ja Kari Kotikoski, 2- ja 3-luokka,<\/strong> max 25 koiraa\/pv. Tuomari la Kari Kotikoski, su varmistuu my\u00f6hemmin. <strong>Ilmoittautuminen alkaa pe 5.7.<\/strong>, p\u00e4\u00e4ttyy ma 8.7. Viitenumero<strong> 4145.<br \/>\u00a0<\/strong><\/li>\n<li><strong style=\"font-size: revert;\">Pe-la 26.-27.7. Loviisa Open, Isn\u00e4s, Anja Lehti\u00f6, 3-luokka,<\/strong><span style=\"font-size: revert;\"> jaettuna kahteen l\u00e4ht\u00f6\u00f6n, max 24 koiraa\/pv. Tuomarit Heikki Teittinen ja Anja Lehti\u00f6. <\/span><strong style=\"font-size: revert;\">Ilmoittautuminen alkaa ti 9.7.<\/strong><span style=\"font-size: revert;\"> ja p\u00e4\u00e4ttyy pe 12.7. Viitenumero <\/span><strong style=\"font-size: revert;\">4093<\/strong><\/li>\n<\/ul>\n<ul>\n<li><strong>Su-ma 28.-29.7. Loviisa Open, Leena Jussila, 3-luokka<\/strong>, mahdollisesti jaettuna kahteen l\u00e4ht\u00f6\u00f6n. Max 24 koiraa\/pv. <strong>Ilmoittautuminen alkaa to 11.7.<\/strong> ja p\u00e4\u00e4ttyy su 14.7. Viitenumero <strong>4103<br \/><br \/><\/strong><\/li>\n<li><strong>Su 4.8. Siuntio, Tiia Gr\u00f6nholm ja Samuli Launiainen, 1- ja 2-luokka.<\/strong> Max 15 koiraa. Tuomari Kimmo Klossner.<strong> Ilmoittautuminen alkaa la 27.7.,<\/strong> p\u00e4\u00e4ttyy ma 29.7. Viitenumero <strong>4174<\/strong><\/li>\n<\/ul>\n<ul>\n<li><strong><a href=\"https:\/\/www.spky.fi\/wopr\/nordic-sheepdog-championship-2024\/\">Pe-su 9.-11.8.2024 PM-kilpailut Halikko, Suomi<\/a><br \/><br \/><\/strong><\/li>\n<li><strong>La- su 17.-18.8. Kiikala, P\u00e4ivi Nietosvaara, 3-luokka,<\/strong> max 30 koiraa\/pv. Tuomari la Petri Keski-Korpela, su Anja Lehti\u00f6 ja Heikki Teittinen. <strong>Ilmoittautuminen alkaa ti 30.7.<\/strong> ja p\u00e4\u00e4ttyy pe 2.8. Viitenumero <strong>4116<br \/><br \/><\/strong><\/li>\n<li><a href=\"https:\/\/www.cscweb.site\/2024-csc-austria\" target=\"_blank\" rel=\"noopener\"><strong>To-su 29.8.-1.9.2024 EM-kilpailut (Continental Sheepdog Championship) It\u00e4valta. <\/strong><\/a>Suomella 8 paikkaa.<br \/><br \/><\/li>\n<li><strong>Pe-su 30.8.-1.9. Posio, Mari Paju, kaikki luokat joka p\u00e4iv\u00e4. <br \/><\/strong>Koiram\u00e4\u00e4r\u00e4\u00e4 ei rajoitettu, kaikki mahtuvat mukaan! Tuomari Pirjo Koivu.<strong> Ilmoittautuminen alkaa to 15.8. <\/strong>ja p\u00e4\u00e4ttyy su 18.8. Viitenumero<strong> 4158<br \/><br \/><\/strong><\/li>\n<li><strong>\u00a0Pe 6.9. Elim\u00e4ki, Nilla Salonen, 1- ja 2-luokka. <\/strong>Tuomari P\u00e4ivi Nietosvaara. Max 20 koiraa\/pv . <strong>Ilmoittautuminen alkaa ma 19.8., <\/strong>p\u00e4\u00e4ttyy to 22.8. Viitenumero<strong> 4187<br \/><br \/><\/strong><\/li>\n<li><strong>La 7.9. Elim\u00e4ki, Nilla Salonen, 2- ja 3-luokka.<\/strong> Tuomari Pirjo Koivu. Max 20 koiraa \/ p\u00e4iv\u00e4. <strong>Ilmoittautuminen alkaa ma 19.8., <\/strong>p\u00e4\u00e4ttyy to 22.8. Viitenumero<strong> 4187<br \/><br \/><\/strong><\/li>\n<li><a href=\"https:\/\/www.isds.org.uk\/trials\/national-international-trials-information\/2024-international-sheep-dog-championships\/\" target=\"_blank\" rel=\"noopener\"><strong>To-la 12.-14.9. International Sheepdog Championships, Lanarkshire, Skotlanti\u00a0<\/strong><\/a><\/li>\n<\/ul>\n<ul>\n<li><strong>\u00a0Pe 13.9. Nautakisat, Nilsi\u00e4, Eija Huusko. 1-ja 2-luokka,<\/strong> max 16 koiraa. Tuomari Riitta Talvela. <strong>Ilmoittautuminen alkaa ma 26.8.,<\/strong> p\u00e4\u00e4ttyy to 29.8. Viitenumero <strong>4190<br \/><br \/><\/strong><\/li>\n<li><strong>La-su 14.-15.9. Loviisa, Leena Jussila, 1-ja 2-luokka,<\/strong> max 20 koiraa\/pv. Tuomari Katri Piilola. <strong>Ilmoittautuminen alkaa ke 28.8.<\/strong> ja p\u00e4\u00e4ttyy su 1.9. Viitenumero <strong>4200<br \/><br \/><\/strong><\/li>\n<li><strong>La-su 21.-22.9. Maajoukkueen karsintakilpailut, Rantasalmi, Putkisalo. Tuomari Floyd Farthing, Wales. <\/strong>Esikarsintalistan mukaan 35 koiraa.<strong> Ilmoittautuminen alkaa la 24.8.<\/strong> ja p\u00e4\u00e4ttyy ma 9.9. Viitenumero <strong>4161<br \/><br \/><\/strong><\/li>\n<li><strong>Pe-su 27.-29.9. Nauta EM-kilpailut, Vovray-en-bornes, Ranska<br \/><a href=\"https:\/\/www.facebook.com\/profile.php?id=61555722699750\" target=\"_blank\" rel=\"noopener\">Championnat Europ\u00e9en de chiens de troupeau sur bovins 2024<br \/><\/a><\/strong>Ennakkotietojen mukaan Suomella 4 paikkaan.<br \/><br \/><\/li>\n<li><strong>La 28.9.\u00a0 2-luokan mestaruuskisat, N\u00e4rpi\u00f6, Gun-Sofi Str\u00f6m ja Michaela Wikberg.<\/strong> Max 40 koiraa, tuomari Petri Keski-Korpela. <strong>Ilmoittautuminen alkaa ke 11.9.<\/strong> ja p\u00e4\u00e4ttyy ma 16.9. Viitenumero <strong>4213.<\/strong><br \/><strong>1-luokan<\/strong> mestaruuskisaan saa osallistua vain alle 3-vuotiaalla koiralla, joka ei ole startannut ylemm\u00e4ss\u00e4 luokassa.<br \/><strong>2-luokan<\/strong> mestaruuskisaan saa osallistua vain koiralla, joka ei ole startannut ylemm\u00e4ss\u00e4 luokassa.\n<ul>\n<li><strong>HOX! Osallistujapulan vuoksi Pikkumestaruuksien 1-luokka on peruttu. 2-luokan molemmat l\u00e4hd\u00f6t ajetaan lauantaina 28.9. Kilpailut alkavat klo 12.<\/strong> Kisapaikalla myynniss\u00e4 grillimakkaraa.<br \/><br \/><\/li>\n<\/ul>\n<\/li>\n<li><strong>Pe-su 4.-6.10. SM-kilpailut, Salo, Katja Suominen.<\/strong> Tuomari <strong>Petra Szarvas, Unkari.<\/strong> 35 koiraa esikarsintalistan mukaan. Maajoukkueen karsintakilpailu. <strong>Ilmoittautuminen alkaa la 7.9.<\/strong> ja p\u00e4\u00e4ttyy ma 23.9. Viitenumero <strong>4226.<br \/><br \/><\/strong><\/li>\n<li><strong>Pe-su 11.-13.10. Nautamestaruus Juva\/Mikkeli, Nauta2-luokka,<\/strong> Nautamaajoukkeen 2025 karsintakilpailu, max 26 koiraa\/pv, pe ja la karsinnat, Juva ap, Mikkeli ip. Su Juva finaali 7 parasta koirakkoa. <strong>Ilmoittautuminen alkaa to 26.9.<\/strong> ja p\u00e4\u00e4ttyy ma 30.9., viitenumero <strong>4239<br \/><br \/><\/strong><\/li>\n<li><strong>Su 13.10. Nautakisat, Mikkeli, Matti Tuhkalainen ja Ann-Mari Lintunen, 1-luokka.\u00a0 Max 13 koiraa, kilpailu alkaa iltap\u00e4iv\u00e4ll\u00e4 noin klo 14. Tuomari Katri Piilola.<\/strong> Ensisijaisesti koirat jotka eiv\u00e4t ole kisanneet mestaruuskisoissa, muut jos tilaa j\u00e4\u00e4. <strong>Ilmoittautuminen alkaa su 6.10. ja p\u00e4\u00e4ttyy ma 7.10.<\/strong> Viitenumero <strong>4239<\/strong><br \/><br \/><\/li>\n<li><strong>La-su 19.-20.10. Suomi Nursery, Tammisaari, Annika Paarvio. 3-luokan kilpailu kaikille vuonna 2021 ja my\u00f6hemmin syntyneille koirille,<\/strong> max 25 koiraa\/pv. <strong>Tuomari Elisa Kotikoski.<\/strong> <strong>Jos j\u00e4\u00e4 tilaa, lis\u00e4ksi la 3-luokka, tuomari Elisa Kotikoski,<\/strong> <strong>su 1-ja 2-luokka, tuomari Annika Paarvio. Ilmoittautuminen alkaa ti 1.10.<\/strong> ja p\u00e4\u00e4ttyy ma 7.10., viitenumero <strong>4242<\/strong><\/li>\n<\/ul>","protected":false},"excerpt":{"rendered":"<p>Kilpailuihin ilmoittautuminen Ilmoittaudu kilpailuihin s\u00e4hk\u00f6postilla osoitteeseen ilmoittautumiset@spky.fi. Laita viestiin tieto mihin kilpailuun ilmoittaudut ja montako koiraa.\u00a0 Vastauksena saat s\u00e4hk\u00f6postiin ilmoittautumislinkin, johon kirjaat omat ja koiran tiedot. Rajoitetuissa kilpailuissa tulee my\u00f6s tieto, mahdutko mukaan vai varasijalle. Osallistujam\u00e4\u00e4r\u00e4lt\u00e4\u00e4n rajoitetuissa kilpailussa max. 2 koiraa\/ohjaaja, saman ohjaajan seuraavat koirat voi ja kannattaa ilmoittaa varalle. Paikat varataan ilmoittautumisj\u00e4rjestyksess\u00e4. Kilpailumaksu maksetaan &hellip; <a href=\"https:\/\/www.spky.fi\/wopr\/kilpailukalenteri-2024\/\" class=\"more-link\">Jatka lukemista <span class=\"screen-reader-text\">Kilpailukalenteri 2024<\/span> <span class=\"meta-nav\">&rarr;<\/span><\/a><\/p>\n","protected":false},"author":2,"featured_media":0,"parent":0,"menu_order":0,"comment_status":"closed","ping_status":"closed","template":"","meta":{"jetpack_post_was_ever_published":false,"footnotes":""},"class_list":["post-5824","page","type-page","status-publish","hentry"],"yoast_head":"<!-- This site is optimized with the Yoast SEO plugin v27.5 - https:\/\/yoast.com\/product\/yoast-seo-wordpress\/ -->\n<title>Kilpailukalenteri 2024 - Suomen Paimenkoirayhdistys ry<\/title>\n<meta name=\"robots\" content=\"index, follow, max-snippet:-1, max-image-preview:large, max-video-preview:-1\" \/>\n<link rel=\"canonical\" href=\"https:\/\/www.spky.fi\/wopr\/kilpailukalenteri-2024\/\" \/>\n<meta property=\"og:locale\" content=\"fi_FI\" \/>\n<meta property=\"og:type\" content=\"article\" \/>\n<meta property=\"og:title\" content=\"Kilpailukalenteri 2024 - Suomen Paimenkoirayhdistys ry\" \/>\n<meta property=\"og:description\" content=\"Kilpailuihin ilmoittautuminen Ilmoittaudu kilpailuihin s\u00e4hk\u00f6postilla osoitteeseen ilmoittautumiset@spky.fi. Laita viestiin tieto mihin kilpailuun ilmoittaudut ja montako koiraa.\u00a0 Vastauksena saat s\u00e4hk\u00f6postiin ilmoittautumislinkin, johon kirjaat omat ja koiran tiedot. Rajoitetuissa kilpailuissa tulee my\u00f6s tieto, mahdutko mukaan vai varasijalle. Osallistujam\u00e4\u00e4r\u00e4lt\u00e4\u00e4n rajoitetuissa kilpailussa max. 2 koiraa\/ohjaaja, saman ohjaajan seuraavat koirat voi ja kannattaa ilmoittaa varalle. Paikat varataan ilmoittautumisj\u00e4rjestyksess\u00e4. Kilpailumaksu maksetaan &hellip; Jatka lukemista Kilpailukalenteri 2024 &rarr;\" \/>\n<meta property=\"og:url\" content=\"https:\/\/www.spky.fi\/wopr\/kilpailukalenteri-2024\/\" \/>\n<meta property=\"og:site_name\" content=\"Suomen Paimenkoirayhdistys ry\" \/>\n<meta property=\"article:publisher\" content=\"https:\/\/www.facebook.com\/SuomenPaimenkoirayhdistys\" \/>\n<meta property=\"article:modified_time\" content=\"2024-09-30T15:38:51+00:00\" \/>\n<meta name=\"twitter:card\" content=\"summary_large_image\" \/>\n<meta name=\"twitter:label1\" content=\"Arvioitu lukuaika\" \/>\n\t<meta name=\"twitter:data1\" content=\"7 minuuttia\" \/>\n<script type=\"application\/ld+json\" class=\"yoast-schema-graph\">{\"@context\":\"https:\\\/\\\/schema.org\",\"@graph\":[{\"@type\":\"WebPage\",\"@id\":\"https:\\\/\\\/www.spky.fi\\\/wopr\\\/kilpailukalenteri-2024\\\/\",\"url\":\"https:\\\/\\\/www.spky.fi\\\/wopr\\\/kilpailukalenteri-2024\\\/\",\"name\":\"Kilpailukalenteri 2024 - Suomen Paimenkoirayhdistys ry\",\"isPartOf\":{\"@id\":\"https:\\\/\\\/www.spky.fi\\\/wopr\\\/#website\"},\"datePublished\":\"2024-01-10T20:02:39+00:00\",\"dateModified\":\"2024-09-30T15:38:51+00:00\",\"breadcrumb\":{\"@id\":\"https:\\\/\\\/www.spky.fi\\\/wopr\\\/kilpailukalenteri-2024\\\/#breadcrumb\"},\"inLanguage\":\"fi\",\"potentialAction\":[{\"@type\":\"ReadAction\",\"target\":[\"https:\\\/\\\/www.spky.fi\\\/wopr\\\/kilpailukalenteri-2024\\\/\"]}]},{\"@type\":\"BreadcrumbList\",\"@id\":\"https:\\\/\\\/www.spky.fi\\\/wopr\\\/kilpailukalenteri-2024\\\/#breadcrumb\",\"itemListElement\":[{\"@type\":\"ListItem\",\"position\":1,\"name\":\"Etusivu\",\"item\":\"https:\\\/\\\/www.spky.fi\\\/wopr\\\/\"},{\"@type\":\"ListItem\",\"position\":2,\"name\":\"Kilpailukalenteri 2024\"}]},{\"@type\":\"WebSite\",\"@id\":\"https:\\\/\\\/www.spky.fi\\\/wopr\\\/#website\",\"url\":\"https:\\\/\\\/www.spky.fi\\\/wopr\\\/\",\"name\":\"Suomen Paimenkoirayhdistys ry\",\"description\":\"Suomen Paimenkoirayhdistys edist&auml;&auml; paimenkoirien ty&ouml;k&auml;ytt&ouml;&auml;. Yhdistys auttaa paimenkoirakurssien, harjoitusten, kilpailujen ja n&auml;yt&ouml;sten j&auml;rjest&auml;misess&auml;.\",\"publisher\":{\"@id\":\"https:\\\/\\\/www.spky.fi\\\/wopr\\\/#organization\"},\"potentialAction\":[{\"@type\":\"SearchAction\",\"target\":{\"@type\":\"EntryPoint\",\"urlTemplate\":\"https:\\\/\\\/www.spky.fi\\\/wopr\\\/?s={search_term_string}\"},\"query-input\":{\"@type\":\"PropertyValueSpecification\",\"valueRequired\":true,\"valueName\":\"search_term_string\"}}],\"inLanguage\":\"fi\"},{\"@type\":\"Organization\",\"@id\":\"https:\\\/\\\/www.spky.fi\\\/wopr\\\/#organization\",\"name\":\"Suomen Paimenkoirayhdistys ry\",\"url\":\"https:\\\/\\\/www.spky.fi\\\/wopr\\\/\",\"logo\":{\"@type\":\"ImageObject\",\"inLanguage\":\"fi\",\"@id\":\"https:\\\/\\\/www.spky.fi\\\/wopr\\\/#\\\/schema\\\/logo\\\/image\\\/\",\"url\":\"https:\\\/\\\/www.spky.fi\\\/wopr\\\/wp-content\\\/uploads\\\/2024\\\/06\\\/SPKY_MUVA_PNG.png\",\"contentUrl\":\"https:\\\/\\\/www.spky.fi\\\/wopr\\\/wp-content\\\/uploads\\\/2024\\\/06\\\/SPKY_MUVA_PNG.png\",\"width\":3201,\"height\":3126,\"caption\":\"Suomen Paimenkoirayhdistys ry\"},\"image\":{\"@id\":\"https:\\\/\\\/www.spky.fi\\\/wopr\\\/#\\\/schema\\\/logo\\\/image\\\/\"},\"sameAs\":[\"https:\\\/\\\/www.facebook.com\\\/SuomenPaimenkoirayhdistys\"]}]}<\/script>\n<!-- \/ Yoast SEO plugin. -->","yoast_head_json":{"title":"Kilpailukalenteri 2024 - Suomen Paimenkoirayhdistys ry","robots":{"index":"index","follow":"follow","max-snippet":"max-snippet:-1","max-image-preview":"max-image-preview:large","max-video-preview":"max-video-preview:-1"},"canonical":"https:\/\/www.spky.fi\/wopr\/kilpailukalenteri-2024\/","og_locale":"fi_FI","og_type":"article","og_title":"Kilpailukalenteri 2024 - Suomen Paimenkoirayhdistys ry","og_description":"Kilpailuihin ilmoittautuminen Ilmoittaudu kilpailuihin s\u00e4hk\u00f6postilla osoitteeseen ilmoittautumiset@spky.fi. Laita viestiin tieto mihin kilpailuun ilmoittaudut ja montako koiraa.\u00a0 Vastauksena saat s\u00e4hk\u00f6postiin ilmoittautumislinkin, johon kirjaat omat ja koiran tiedot. Rajoitetuissa kilpailuissa tulee my\u00f6s tieto, mahdutko mukaan vai varasijalle. Osallistujam\u00e4\u00e4r\u00e4lt\u00e4\u00e4n rajoitetuissa kilpailussa max. 2 koiraa\/ohjaaja, saman ohjaajan seuraavat koirat voi ja kannattaa ilmoittaa varalle. Paikat varataan ilmoittautumisj\u00e4rjestyksess\u00e4. Kilpailumaksu maksetaan &hellip; Jatka lukemista Kilpailukalenteri 2024 &rarr;","og_url":"https:\/\/www.spky.fi\/wopr\/kilpailukalenteri-2024\/","og_site_name":"Suomen Paimenkoirayhdistys ry","article_publisher":"https:\/\/www.facebook.com\/SuomenPaimenkoirayhdistys","article_modified_time":"2024-09-30T15:38:51+00:00","twitter_card":"summary_large_image","twitter_misc":{"Arvioitu lukuaika":"7 minuuttia"},"schema":{"@context":"https:\/\/schema.org","@graph":[{"@type":"WebPage","@id":"https:\/\/www.spky.fi\/wopr\/kilpailukalenteri-2024\/","url":"https:\/\/www.spky.fi\/wopr\/kilpailukalenteri-2024\/","name":"Kilpailukalenteri 2024 - Suomen Paimenkoirayhdistys ry","isPartOf":{"@id":"https:\/\/www.spky.fi\/wopr\/#website"},"datePublished":"2024-01-10T20:02:39+00:00","dateModified":"2024-09-30T15:38:51+00:00","breadcrumb":{"@id":"https:\/\/www.spky.fi\/wopr\/kilpailukalenteri-2024\/#breadcrumb"},"inLanguage":"fi","potentialAction":[{"@type":"ReadAction","target":["https:\/\/www.spky.fi\/wopr\/kilpailukalenteri-2024\/"]}]},{"@type":"BreadcrumbList","@id":"https:\/\/www.spky.fi\/wopr\/kilpailukalenteri-2024\/#breadcrumb","itemListElement":[{"@type":"ListItem","position":1,"name":"Etusivu","item":"https:\/\/www.spky.fi\/wopr\/"},{"@type":"ListItem","position":2,"name":"Kilpailukalenteri 2024"}]},{"@type":"WebSite","@id":"https:\/\/www.spky.fi\/wopr\/#website","url":"https:\/\/www.spky.fi\/wopr\/","name":"Suomen Paimenkoirayhdistys ry","description":"Suomen Paimenkoirayhdistys edist&auml;&auml; paimenkoirien ty&ouml;k&auml;ytt&ouml;&auml;. Yhdistys auttaa paimenkoirakurssien, harjoitusten, kilpailujen ja n&auml;yt&ouml;sten j&auml;rjest&auml;misess&auml;.","publisher":{"@id":"https:\/\/www.spky.fi\/wopr\/#organization"},"potentialAction":[{"@type":"SearchAction","target":{"@type":"EntryPoint","urlTemplate":"https:\/\/www.spky.fi\/wopr\/?s={search_term_string}"},"query-input":{"@type":"PropertyValueSpecification","valueRequired":true,"valueName":"search_term_string"}}],"inLanguage":"fi"},{"@type":"Organization","@id":"https:\/\/www.spky.fi\/wopr\/#organization","name":"Suomen Paimenkoirayhdistys ry","url":"https:\/\/www.spky.fi\/wopr\/","logo":{"@type":"ImageObject","inLanguage":"fi","@id":"https:\/\/www.spky.fi\/wopr\/#\/schema\/logo\/image\/","url":"https:\/\/www.spky.fi\/wopr\/wp-content\/uploads\/2024\/06\/SPKY_MUVA_PNG.png","contentUrl":"https:\/\/www.spky.fi\/wopr\/wp-content\/uploads\/2024\/06\/SPKY_MUVA_PNG.png","width":3201,"height":3126,"caption":"Suomen Paimenkoirayhdistys ry"},"image":{"@id":"https:\/\/www.spky.fi\/wopr\/#\/schema\/logo\/image\/"},"sameAs":["https:\/\/www.facebook.com\/SuomenPaimenkoirayhdistys"]}]}},"jetpack_sharing_enabled":true,"jetpack_shortlink":"https:\/\/wp.me\/PaLGv4-1vW","_links":{"self":[{"href":"https:\/\/www.spky.fi\/wopr\/wp-json\/wp\/v2\/pages\/5824","targetHints":{"allow":["GET"]}}],"collection":[{"href":"https:\/\/www.spky.fi\/wopr\/wp-json\/wp\/v2\/pages"}],"about":[{"href":"https:\/\/www.spky.fi\/wopr\/wp-json\/wp\/v2\/types\/page"}],"author":[{"embeddable":true,"href":"https:\/\/www.spky.fi\/wopr\/wp-json\/wp\/v2\/users\/2"}],"replies":[{"embeddable":true,"href":"https:\/\/www.spky.fi\/wopr\/wp-json\/wp\/v2\/comments?post=5824"}],"version-history":[{"count":77,"href":"https:\/\/www.spky.fi\/wopr\/wp-json\/wp\/v2\/pages\/5824\/revisions"}],"predecessor-version":[{"id":7068,"href":"https:\/\/www.spky.fi\/wopr\/wp-json\/wp\/v2\/pages\/5824\/revisions\/7068"}],"wp:attachment":[{"href":"https:\/\/www.spky.fi\/wopr\/wp-json\/wp\/v2\/media?parent=5824"}],"curies":[{"name":"wp","href":"https:\/\/api.w.org\/{rel}","templated":true}]}}