{"id":5941,"date":"2024-02-10T14:55:27","date_gmt":"2024-02-10T14:55:27","guid":{"rendered":"https:\/\/www.spky.fi\/wopr\/?page_id=5941"},"modified":"2026-03-07T12:03:11","modified_gmt":"2026-03-07T12:03:11","slug":"spkyn-kilpailut-ja-maajoukkueen-karsinta","status":"publish","type":"page","link":"https:\/\/www.spky.fi\/wopr\/spkyn-kilpailut-ja-maajoukkueen-karsinta\/","title":{"rendered":"SPKY:n arvokilpailut ja maajoukkuekarsintakilpailut"},"content":{"rendered":"<p><strong>SPKY j\u00e4rjest\u00e4\u00e4 seuraavanlaisia arvo- ja maajoukkuekarsintakilpailuja<\/strong><\/p>\n<h2>Lammaskilpailuja<\/h2>\n<ul>\n<li>1- ja 2-luokan mestaruuskilpailut<\/li>\n<li>Maajoukkuekarsintal\u00e4ht\u00f6j\u00e4 v\u00e4hint\u00e4\u00e4n 4 kpl, joista 2 kpl ovat SM-karsintal\u00e4ht\u00f6\u00e4 ja lis\u00e4ksi mahdollinen SM-kilpailujen finaali<\/li>\n<\/ul>\n<h2>Nautakilpailuja<\/h2>\n<p>1- ja 2-luokan mestaruuskilpailut<\/p>\n<h2>Osallistumisoikeus maajoukkuekarsintakilpailuihin<\/h2>\n<p>Maajoukkuekarsintakilpailuihin kilpailijat ovat oikeutettuja osallistumaan paremmuusj\u00e4rjestyksess\u00e4 esikarsintalistan mukaan.<\/p>\n<p>Kilpailija p\u00e4\u00e4see esikarsintalistalle, kun h\u00e4n on saavuttanut kahdesti v\u00e4hint\u00e4\u00e4n 65 % SPKY:n 3-luokan kilpailun maksimipistem\u00e4\u00e4r\u00e4st\u00e4 ajalla: edellisen vuoden 15.4.\u2013 kuluvan vuoden ensimm\u00e4isen maajoukkuekarsintakilpailun viimeinen ilmoittautumisp\u00e4iv\u00e4.<\/p>\n<h2>Esikarsintapisteiden m\u00e4\u00e4r\u00e4ytyminen<\/h2>\n<p>Esikarsintalistalle lasketaan kilpailijan kaksi parasta tulosta kaikista virallisista 3-luokan kilpailuista, jotka on j\u00e4rjestetty ajalla: 15.4. (edelt\u00e4v\u00e4 vuosi) \u2013 kuluvan vuoden ensimm\u00e4isen maajoukkuekarsintakilpailun viimeinen ilmoittautumisp\u00e4iv\u00e4.<\/p>\n<p>N\u00e4iden pisteiden perusteella vahvistetaan osallistujat kyseisen vuoden maajoukkuekarsintakilpailuihin.<\/p>\n<p><strong>Esimerkki:<\/strong><\/p>\n<ul>\n<li>Vuoden 2026 maajoukkuekarsintakilpailuihin huomioidaan tulokset ajalta 15.4.2025 \u2013 vuoden 2026 ensimm\u00e4isen maajoukkuekarsintakilpailun viimeinen ilmoittautumisp\u00e4iv\u00e4.<\/li>\n<li>Vuoden 2027 maajoukkuekarsintakilpailuihin huomioidaan tulokset ajalta 15.4.2026 \u2013 vuoden 2027 ensimm\u00e4isen maajoukkuekarsintakilpailun viimeinen ilmoittautumisp\u00e4iv\u00e4.\u00a0jne.<\/li>\n<\/ul>\n<h2>Maajoukkuekarsintakilpailut<\/h2>\n<p>Maajoukkuekarsintakilpailujen koko on 30\u201335 koiraa riippuen j\u00e4rjest\u00e4v\u00e4n tilan kapasiteetista. Mik\u00e4li maajoukkuekarsintakilpailuihin ei tule tarpeeksi osallistumisoikeuden t\u00e4ytt\u00e4vi\u00e4 koiria, ajetaan kilpailu pienemm\u00e4ll\u00e4 koiram\u00e4\u00e4r\u00e4ll\u00e4.<\/p>\n<p>Jos osallistujia tulee enemm\u00e4n kuin mahtuu, karsitaan koiria listan loppup\u00e4\u00e4st\u00e4. Mik\u00e4li samat pisteet, OLF jne. ratkaisee. OLF:t jne. lasketaan molemmista tuloksista yhteen.<\/p>\n<p>Mik\u00e4li maajoukkuekarsintakilpailut eiv\u00e4t tule t\u00e4yteen, maksetaan j\u00e4rjest\u00e4j\u00e4lle kuitenkin suunnitellun paikkam\u00e4\u00e4r\u00e4n mukaisesti.<\/p>\n<p>Maajoukkuekarsintakilpailuissa k\u00e4ytet\u00e4\u00e4n ensisijaisesti yht\u00e4 ulkomaista tuomaria, vaihtoehtoisesti voidaan k\u00e4ytt\u00e4\u00e4 kahta kotimaista tuomaria.<\/p>\n<p>Maajoukkuekarsintakilpailujen ilmoittautuminen alkaa min. 4 viikkoa ennen, mik\u00e4li kilpailu on ilmoitettu kisavastaavalle v\u00e4hint\u00e4\u00e4n 5 viikkoa ennen kilpailun ajankohtaa. Ilmoittautumisajan j\u00e4lkeen voi j\u00e4lki-ilmoittautua, mik\u00e4li kilpailussa on tilaa ja osallistumisoikeus maajoukkuekarsintakilpailuihin t\u00e4yttyy. Ilmoittautumisaika kilpailuihin ilmoitetaan kilpailukalenterissa.<\/p>\n<p>Mik\u00e4li ensimm\u00e4iseen maajoukkuekarsintakilpailuun menness\u00e4 ei ole riitt\u00e4v\u00e4sti osallistumisoikeuden omaavia koirakoita, koska ei ole pystytty j\u00e4rjest\u00e4m\u00e4\u00e4n tarpeeksi kilpailuja Force majeure -syyst\u00e4 (epidemia, luonnonolot, el\u00e4intaudit, tms.) katsotaan osallistumisoikeus vapaina oleville paikoille edellisen kauden listalta.<\/p>\n<h2>Maajoukkueen muodostaminen<\/h2>\n<p>Maajoukkuekarsintakilpailujen l\u00e4hd\u00f6ist\u00e4 kolme parasta tulosta lasketaan mukaan maajoukkuekarsintapisteisiin. Tulokset on oltava v\u00e4hint\u00e4\u00e4n kahdelta eri tilalta.<\/p>\n<p>Maajoukkuekarsintapisteet lasketaan suhteellisella pistelaskulla voittajan pisteist\u00e4. SM-finaali lasketaan mukaan maajoukkuekarsintatuloksiin suhteellisella pisteytyksell\u00e4, kuten muutkin karsintal\u00e4hd\u00f6t. T\u00e4m\u00e4 toimii ik\u00e4\u00e4n kuin bonuksena koirakoille, jotka p\u00e4\u00e4sev\u00e4t SM:ss\u00e4 finaaliin.<\/p>\n<p>Maajoukkuepaikkaan oikeutettujen on vahvistettava maajoukkuepaikan vastaanottaminen sitovasti 2\u20134 viikkoa ennen kilpailun viimeist\u00e4 ilmoittautumisp\u00e4iv\u00e4\u00e4, riippuen kilpailun ilmoittautumisajasta ja matkustuset\u00e4isyydest\u00e4. Sitova ilmoittautumisp\u00e4iv\u00e4 ilmoitetaan maajoukkueen j\u00e4senille.<\/p>\n<p>Maajoukkuetta voidaan poikkeustapauksessa t\u00e4ydent\u00e4\u00e4 ajantasaisimman esikarsintalistan perusteella.<\/p>\n<h2>Young Handler -kilpailun karsinta<\/h2>\n<p>Young Handler \u2013kilpailu on tarkoitettu alla 21-vuotiaille ohjaajille. Kilpailu on k\u00e4yty EM- ja MM-kisoissa omana kilpailunaan ja jokainen maa on saanut l\u00e4hett\u00e4\u00e4 kilpailuun joukkueen, joka t\u00e4ytt\u00e4\u00e4 karsintakriteerit. EM-ja MM-kisojen Young Handler-kisaajien kriteereit\u00e4 on tarkennettu, ja kansalliset kriteerit p\u00e4ivitettiin vastaamaan kansainv\u00e4lisi\u00e4 vaatimuksia. \u00a0Suurkilpailujen j\u00e4rjest\u00e4j\u00e4 ilmoittaa vuosittain, onko kilpailuissa Young Handler- kisaa mukana.<\/p>\n<p>Karsintakriteerit ovat seuraavat; Young Handler -edustaja sek\u00e4 PM-, EM- ett\u00e4 MM-kisoihin valitaan kilpailun ilmoittautumisp\u00e4iv\u00e4st\u00e4 edellisten 12 kuukauden aikana kertyneist\u00e4 erikarsintalistatuloksista (3-lk kilpailut). Tuloksista kaksi parasta lasketaan mukaan ja edustaja valitaan paremmuusj\u00e4rjestyksess\u00e4. Kilpailija itse ilmoittaa tulokset.<\/p>\n<h2>Nordic Nursery-kilpailujen karsintaj\u00e4rjestelm\u00e4<\/h2>\n<p>Osallistujat Nordic Nursery-kisaan karsitaan SPKY:n kilpailuista tulosten paremmuusj\u00e4rjestyksess\u00e4 niin, ett\u00e4 ensin huomioidaan 3-luokan tulokset, sitten 2-luokan tulokset ja viimeisen\u00e4 1-luokan tulokset. Hallitus vahvistaa joukkueen.<\/p>\n<h2>Parhaan nuoren koiran palkinto<\/h2>\n<p>Paras alle kolmivuotias koira palkitaan esikarsintalistan (3-luokka) tulosten perusteella, mukaan lasketaan tulokset, jotka on saavutettu ennen koiran kolmivuotissyntym\u00e4p\u00e4iv\u00e4\u00e4. Palkitaan vuosikokouksessa kiertopalkinnolla.<\/p>\n<h2>Maajoukkuekarsintakisojen kilpailukausi<\/h2>\n<p>Kilpailuja voidaan j\u00e4rjest\u00e4\u00e4 ymp\u00e4ri vuoden olosuhteiden niin salliessa. Kiinnitett\u00e4v\u00e4 erityist\u00e4 huomiota olosuhteisiin ja el\u00e4inten hyvinvointiin.<\/p>\n<p>Kilpailus\u00e4\u00e4nt\u00f6ihin ja maajoukkuekarsinnan perusteisiin voidaan tehd\u00e4 muutoksia talvikaudella 1.12.\u201315.4. v\u00e4lisen\u00e4 aikana. Mahdolliset muutokset astuvat voimaan 15.4. alkaen.<\/p>\n<h2>Karsinta nautamestaruuskisoihin<\/h2>\n<p>Mukaan lasketaan kaksi parasta tulosta k\u00e4ytt\u00e4en absoluuttista pistelaskentaa. Absoluuttinen tarkoittaa prosenttia kilpailun maksimipisteist\u00e4. Esikarsinta-aika 18 kk: Pisteit\u00e4 kertyy mestaruuskilpailuja edelt\u00e4v\u00e4n 18 kk aikana j\u00e4rjestetyist\u00e4 II-luokan nautakilpailuista, tarkoittaen, ett\u00e4 my\u00f6s edellisvuoden mestaruuskilpailun tulokset lasketaan mukaan seuraavan vuoden esikarsintaan. Koska kisoja on niin v\u00e4h\u00e4n, pidemm\u00e4ll\u00e4 karsinta-ajalla saadaan mukaan enemm\u00e4n tuloksia.<\/p>\n<p>Mestaruuskilpailuun p\u00e4\u00e4see listalta j\u00e4rjestyksess\u00e4 mukaan niin monta koiraa kuin ko. kilpailuun voidaan kyseisen\u00e4 vuonna ottaa. Ei siis pisteiden alaraja vaatimusta. Mik\u00e4li mestaruuskilpailussa on paikkoja enemm\u00e4n kuin listalla nimi\u00e4, vapaat paikat t\u00e4ytet\u00e4\u00e4n ilmoittautumisj\u00e4rjestyksess\u00e4. Nautamestaruuskilpailut 2025 ovat karsintakisa mahdollisiin kansainv\u00e4lisiin nautakilpailuihin vuodelle 2026.<\/p>\n<h2>Nautamaajoukkueen karsinta<\/h2>\n<p>Karsintalistalla k\u00e4ytet\u00e4\u00e4n yhden p\u00e4iv\u00e4n tulosta. Jos kahdella kilpailijalla on samat pisteet, verrataan ensisijaisesti absoluuttista tulosta. Jos n\u00e4m\u00e4kin ovat samat, verrataan OLF-pisteit\u00e4.\u00a0<\/p>\n<p>Nautamestaruuskilpailun finaalitulos lasketaan mukaan karsintatuloksiin eli finalisteille tulee yksi startti enemm\u00e4n. Finaali j\u00e4rjestet\u00e4\u00e4n j\u00e4rjest\u00e4v\u00e4n tilan mahdollisuuksien sek\u00e4 olosuhteiden mukaan.<\/p>\n","protected":false},"excerpt":{"rendered":"<p>SPKY j\u00e4rjest\u00e4\u00e4 seuraavanlaisia arvo- ja maajoukkuekarsintakilpailuja Lammaskilpailuja 1- ja 2-luokan mestaruuskilpailut Maajoukkuekarsintal\u00e4ht\u00f6j\u00e4 v\u00e4hint\u00e4\u00e4n 4 kpl, joista 2 kpl ovat SM-karsintal\u00e4ht\u00f6\u00e4 ja lis\u00e4ksi mahdollinen SM-kilpailujen finaali Nautakilpailuja 1- ja 2-luokan mestaruuskilpailut Osallistumisoikeus maajoukkuekarsintakilpailuihin Maajoukkuekarsintakilpailuihin kilpailijat ovat oikeutettuja osallistumaan paremmuusj\u00e4rjestyksess\u00e4 esikarsintalistan mukaan. Kilpailija p\u00e4\u00e4see esikarsintalistalle, kun h\u00e4n on saavuttanut kahdesti v\u00e4hint\u00e4\u00e4n 65 % SPKY:n 3-luokan kilpailun maksimipistem\u00e4\u00e4r\u00e4st\u00e4 &hellip; <a href=\"https:\/\/www.spky.fi\/wopr\/spkyn-kilpailut-ja-maajoukkueen-karsinta\/\" class=\"more-link\">Jatka lukemista <span class=\"screen-reader-text\">SPKY:n arvokilpailut ja maajoukkuekarsintakilpailut<\/span> <span class=\"meta-nav\">&rarr;<\/span><\/a><\/p>\n","protected":false},"author":2,"featured_media":0,"parent":0,"menu_order":0,"comment_status":"closed","ping_status":"closed","template":"","meta":{"jetpack_post_was_ever_published":false,"footnotes":""},"class_list":["post-5941","page","type-page","status-publish","hentry"],"yoast_head":"<!-- This site is optimized with the Yoast SEO plugin v27.4 - https:\/\/yoast.com\/product\/yoast-seo-wordpress\/ -->\n<title>SPKY:n arvokilpailut ja maajoukkuekarsintakilpailut - Suomen Paimenkoirayhdistys ry<\/title>\n<meta name=\"description\" content=\"Karsintakilpailuj\u00e4rjestelm\u00e4 SPKY:n arvokilpailuihin ja maajoukkueeseen.\" \/>\n<meta name=\"robots\" content=\"index, follow, max-snippet:-1, max-image-preview:large, max-video-preview:-1\" \/>\n<link rel=\"canonical\" href=\"https:\/\/www.spky.fi\/wopr\/spkyn-kilpailut-ja-maajoukkueen-karsinta\/\" \/>\n<meta property=\"og:locale\" content=\"fi_FI\" \/>\n<meta property=\"og:type\" content=\"article\" \/>\n<meta property=\"og:title\" content=\"SPKY:n arvokilpailut ja maajoukkuekarsintakilpailut - Suomen Paimenkoirayhdistys ry\" \/>\n<meta property=\"og:description\" content=\"Karsintakilpailuj\u00e4rjestelm\u00e4 SPKY:n arvokilpailuihin ja maajoukkueeseen.\" \/>\n<meta property=\"og:url\" content=\"https:\/\/www.spky.fi\/wopr\/spkyn-kilpailut-ja-maajoukkueen-karsinta\/\" \/>\n<meta property=\"og:site_name\" content=\"Suomen Paimenkoirayhdistys ry\" \/>\n<meta property=\"article:publisher\" content=\"https:\/\/www.facebook.com\/SuomenPaimenkoirayhdistys\" \/>\n<meta property=\"article:modified_time\" content=\"2026-03-07T12:03:11+00:00\" \/>\n<meta name=\"twitter:card\" content=\"summary_large_image\" \/>\n<meta name=\"twitter:label1\" content=\"Arvioitu lukuaika\" \/>\n\t<meta name=\"twitter:data1\" content=\"4 minuuttia\" \/>\n<script type=\"application\/ld+json\" class=\"yoast-schema-graph\">{\"@context\":\"https:\\\/\\\/schema.org\",\"@graph\":[{\"@type\":\"WebPage\",\"@id\":\"https:\\\/\\\/www.spky.fi\\\/wopr\\\/spkyn-kilpailut-ja-maajoukkueen-karsinta\\\/\",\"url\":\"https:\\\/\\\/www.spky.fi\\\/wopr\\\/spkyn-kilpailut-ja-maajoukkueen-karsinta\\\/\",\"name\":\"SPKY:n arvokilpailut ja maajoukkuekarsintakilpailut - Suomen Paimenkoirayhdistys ry\",\"isPartOf\":{\"@id\":\"https:\\\/\\\/www.spky.fi\\\/wopr\\\/#website\"},\"datePublished\":\"2024-02-10T14:55:27+00:00\",\"dateModified\":\"2026-03-07T12:03:11+00:00\",\"description\":\"Karsintakilpailuj\u00e4rjestelm\u00e4 SPKY:n arvokilpailuihin ja maajoukkueeseen.\",\"breadcrumb\":{\"@id\":\"https:\\\/\\\/www.spky.fi\\\/wopr\\\/spkyn-kilpailut-ja-maajoukkueen-karsinta\\\/#breadcrumb\"},\"inLanguage\":\"fi\",\"potentialAction\":[{\"@type\":\"ReadAction\",\"target\":[\"https:\\\/\\\/www.spky.fi\\\/wopr\\\/spkyn-kilpailut-ja-maajoukkueen-karsinta\\\/\"]}]},{\"@type\":\"BreadcrumbList\",\"@id\":\"https:\\\/\\\/www.spky.fi\\\/wopr\\\/spkyn-kilpailut-ja-maajoukkueen-karsinta\\\/#breadcrumb\",\"itemListElement\":[{\"@type\":\"ListItem\",\"position\":1,\"name\":\"Etusivu\",\"item\":\"https:\\\/\\\/www.spky.fi\\\/wopr\\\/\"},{\"@type\":\"ListItem\",\"position\":2,\"name\":\"SPKY:n arvokilpailut ja maajoukkuekarsintakilpailut\"}]},{\"@type\":\"WebSite\",\"@id\":\"https:\\\/\\\/www.spky.fi\\\/wopr\\\/#website\",\"url\":\"https:\\\/\\\/www.spky.fi\\\/wopr\\\/\",\"name\":\"Suomen Paimenkoirayhdistys ry\",\"description\":\"Suomen Paimenkoirayhdistys edist&auml;&auml; paimenkoirien ty&ouml;k&auml;ytt&ouml;&auml;. Yhdistys auttaa paimenkoirakurssien, harjoitusten, kilpailujen ja n&auml;yt&ouml;sten j&auml;rjest&auml;misess&auml;.\",\"publisher\":{\"@id\":\"https:\\\/\\\/www.spky.fi\\\/wopr\\\/#organization\"},\"potentialAction\":[{\"@type\":\"SearchAction\",\"target\":{\"@type\":\"EntryPoint\",\"urlTemplate\":\"https:\\\/\\\/www.spky.fi\\\/wopr\\\/?s={search_term_string}\"},\"query-input\":{\"@type\":\"PropertyValueSpecification\",\"valueRequired\":true,\"valueName\":\"search_term_string\"}}],\"inLanguage\":\"fi\"},{\"@type\":\"Organization\",\"@id\":\"https:\\\/\\\/www.spky.fi\\\/wopr\\\/#organization\",\"name\":\"Suomen Paimenkoirayhdistys ry\",\"url\":\"https:\\\/\\\/www.spky.fi\\\/wopr\\\/\",\"logo\":{\"@type\":\"ImageObject\",\"inLanguage\":\"fi\",\"@id\":\"https:\\\/\\\/www.spky.fi\\\/wopr\\\/#\\\/schema\\\/logo\\\/image\\\/\",\"url\":\"https:\\\/\\\/www.spky.fi\\\/wopr\\\/wp-content\\\/uploads\\\/2024\\\/06\\\/SPKY_MUVA_PNG.png\",\"contentUrl\":\"https:\\\/\\\/www.spky.fi\\\/wopr\\\/wp-content\\\/uploads\\\/2024\\\/06\\\/SPKY_MUVA_PNG.png\",\"width\":3201,\"height\":3126,\"caption\":\"Suomen Paimenkoirayhdistys ry\"},\"image\":{\"@id\":\"https:\\\/\\\/www.spky.fi\\\/wopr\\\/#\\\/schema\\\/logo\\\/image\\\/\"},\"sameAs\":[\"https:\\\/\\\/www.facebook.com\\\/SuomenPaimenkoirayhdistys\"]}]}<\/script>\n<!-- \/ Yoast SEO plugin. -->","yoast_head_json":{"title":"SPKY:n arvokilpailut ja maajoukkuekarsintakilpailut - Suomen Paimenkoirayhdistys ry","description":"Karsintakilpailuj\u00e4rjestelm\u00e4 SPKY:n arvokilpailuihin ja maajoukkueeseen.","robots":{"index":"index","follow":"follow","max-snippet":"max-snippet:-1","max-image-preview":"max-image-preview:large","max-video-preview":"max-video-preview:-1"},"canonical":"https:\/\/www.spky.fi\/wopr\/spkyn-kilpailut-ja-maajoukkueen-karsinta\/","og_locale":"fi_FI","og_type":"article","og_title":"SPKY:n arvokilpailut ja maajoukkuekarsintakilpailut - Suomen Paimenkoirayhdistys ry","og_description":"Karsintakilpailuj\u00e4rjestelm\u00e4 SPKY:n arvokilpailuihin ja maajoukkueeseen.","og_url":"https:\/\/www.spky.fi\/wopr\/spkyn-kilpailut-ja-maajoukkueen-karsinta\/","og_site_name":"Suomen Paimenkoirayhdistys ry","article_publisher":"https:\/\/www.facebook.com\/SuomenPaimenkoirayhdistys","article_modified_time":"2026-03-07T12:03:11+00:00","twitter_card":"summary_large_image","twitter_misc":{"Arvioitu lukuaika":"4 minuuttia"},"schema":{"@context":"https:\/\/schema.org","@graph":[{"@type":"WebPage","@id":"https:\/\/www.spky.fi\/wopr\/spkyn-kilpailut-ja-maajoukkueen-karsinta\/","url":"https:\/\/www.spky.fi\/wopr\/spkyn-kilpailut-ja-maajoukkueen-karsinta\/","name":"SPKY:n arvokilpailut ja maajoukkuekarsintakilpailut - Suomen Paimenkoirayhdistys ry","isPartOf":{"@id":"https:\/\/www.spky.fi\/wopr\/#website"},"datePublished":"2024-02-10T14:55:27+00:00","dateModified":"2026-03-07T12:03:11+00:00","description":"Karsintakilpailuj\u00e4rjestelm\u00e4 SPKY:n arvokilpailuihin ja maajoukkueeseen.","breadcrumb":{"@id":"https:\/\/www.spky.fi\/wopr\/spkyn-kilpailut-ja-maajoukkueen-karsinta\/#breadcrumb"},"inLanguage":"fi","potentialAction":[{"@type":"ReadAction","target":["https:\/\/www.spky.fi\/wopr\/spkyn-kilpailut-ja-maajoukkueen-karsinta\/"]}]},{"@type":"BreadcrumbList","@id":"https:\/\/www.spky.fi\/wopr\/spkyn-kilpailut-ja-maajoukkueen-karsinta\/#breadcrumb","itemListElement":[{"@type":"ListItem","position":1,"name":"Etusivu","item":"https:\/\/www.spky.fi\/wopr\/"},{"@type":"ListItem","position":2,"name":"SPKY:n arvokilpailut ja maajoukkuekarsintakilpailut"}]},{"@type":"WebSite","@id":"https:\/\/www.spky.fi\/wopr\/#website","url":"https:\/\/www.spky.fi\/wopr\/","name":"Suomen Paimenkoirayhdistys ry","description":"Suomen Paimenkoirayhdistys edist&auml;&auml; paimenkoirien ty&ouml;k&auml;ytt&ouml;&auml;. Yhdistys auttaa paimenkoirakurssien, harjoitusten, kilpailujen ja n&auml;yt&ouml;sten j&auml;rjest&auml;misess&auml;.","publisher":{"@id":"https:\/\/www.spky.fi\/wopr\/#organization"},"potentialAction":[{"@type":"SearchAction","target":{"@type":"EntryPoint","urlTemplate":"https:\/\/www.spky.fi\/wopr\/?s={search_term_string}"},"query-input":{"@type":"PropertyValueSpecification","valueRequired":true,"valueName":"search_term_string"}}],"inLanguage":"fi"},{"@type":"Organization","@id":"https:\/\/www.spky.fi\/wopr\/#organization","name":"Suomen Paimenkoirayhdistys ry","url":"https:\/\/www.spky.fi\/wopr\/","logo":{"@type":"ImageObject","inLanguage":"fi","@id":"https:\/\/www.spky.fi\/wopr\/#\/schema\/logo\/image\/","url":"https:\/\/www.spky.fi\/wopr\/wp-content\/uploads\/2024\/06\/SPKY_MUVA_PNG.png","contentUrl":"https:\/\/www.spky.fi\/wopr\/wp-content\/uploads\/2024\/06\/SPKY_MUVA_PNG.png","width":3201,"height":3126,"caption":"Suomen Paimenkoirayhdistys ry"},"image":{"@id":"https:\/\/www.spky.fi\/wopr\/#\/schema\/logo\/image\/"},"sameAs":["https:\/\/www.facebook.com\/SuomenPaimenkoirayhdistys"]}]}},"jetpack_sharing_enabled":true,"jetpack_shortlink":"https:\/\/wp.me\/PaLGv4-1xP","_links":{"self":[{"href":"https:\/\/www.spky.fi\/wopr\/wp-json\/wp\/v2\/pages\/5941","targetHints":{"allow":["GET"]}}],"collection":[{"href":"https:\/\/www.spky.fi\/wopr\/wp-json\/wp\/v2\/pages"}],"about":[{"href":"https:\/\/www.spky.fi\/wopr\/wp-json\/wp\/v2\/types\/page"}],"author":[{"embeddable":true,"href":"https:\/\/www.spky.fi\/wopr\/wp-json\/wp\/v2\/users\/2"}],"replies":[{"embeddable":true,"href":"https:\/\/www.spky.fi\/wopr\/wp-json\/wp\/v2\/comments?post=5941"}],"version-history":[{"count":26,"href":"https:\/\/www.spky.fi\/wopr\/wp-json\/wp\/v2\/pages\/5941\/revisions"}],"predecessor-version":[{"id":8499,"href":"https:\/\/www.spky.fi\/wopr\/wp-json\/wp\/v2\/pages\/5941\/revisions\/8499"}],"wp:attachment":[{"href":"https:\/\/www.spky.fi\/wopr\/wp-json\/wp\/v2\/media?parent=5941"}],"curies":[{"name":"wp","href":"https:\/\/api.w.org\/{rel}","templated":true}]}}