{"id":6242,"date":"2024-05-05T19:06:05","date_gmt":"2024-05-05T19:06:05","guid":{"rendered":"https:\/\/www.spky.fi\/wopr\/?page_id=6242"},"modified":"2025-09-27T12:44:24","modified_gmt":"2025-09-27T12:44:24","slug":"liity-jaseneksi","status":"publish","type":"page","link":"https:\/\/www.spky.fi\/wopr\/liity-jaseneksi\/","title":{"rendered":"Liity j\u00e4seneksi"},"content":{"rendered":"\r\n<h2>J\u00e4senmaksu<\/h2>\r\n<p>J\u00e4senmaksu on 35 e, perhej\u00e4sen 10 e, ainaisj\u00e4sen 350 e, ainaisperhej\u00e4sen 100 e.<\/p>\r\n<p>Maksa j\u00e4senmaksu\u00a0<strong>SPKY:n tilille FI53 5068 0620 0227 54<\/strong>\u00a0viitteell\u00e4\u00a0<strong>80004.<\/strong><\/p>\r\n<p>L\u00e4het\u00e4 osoitteesi, puhelinnumero ja s\u00e4hk\u00f6postiosoite sek\u00e4 kuitti maksusta s\u00e4hk\u00f6postitse j\u00e4sensihteerille: <strong><a href=\"mailto:jasensihteeri@spky.fi\" target=\"_blank\" rel=\"noopener\">jasensihteeri@spky.fi<\/a><\/strong>\u00a0<\/p>\r\n<p><strong>\u00c4l\u00e4 unohda osoitetietoja, jotta saamme l\u00e4hett\u00e4\u00e4 sinulle Paimenpostin ja j\u00e4senkirjeen!<\/strong><\/p>\r\n<h2 data-tadv-p=\"keep\">J\u00e4senedut<\/h2>\r\n<p><strong>Paimenposti<\/strong> on\u00a0 nelj\u00e4 kertaa vuodessa ilmestyv\u00e4 j\u00e4senlehti. Muista ilmoittaa osoitteesi muutos j\u00e4sensihteerille.<\/p>\r\n<p>Yhdistyksen j\u00e4rjest\u00e4mill\u00e4 <strong>kursseilla<\/strong> on j\u00e4senille edullisempi hinta.<\/p>\r\n<p>J\u00e4senet saavat <strong>yhden perusratasuorituksen<\/strong> maksutta, ja <strong>perusratamaksu<\/strong> on j\u00e4senille edullisempi.<\/p>\r\n<p><strong>Kilpailumaksut<\/strong> ovat j\u00e4senille edullisemmat.<\/p>\r\n<p><a href=\"https:\/\/www.spky.fi\/wopr\/wp-content\/uploads\/2025\/08\/Tietosuojaseloste.pdf\" target=\"_blank\" rel=\"noopener\">TIETOSUOJASELOSTE<\/a><\/p>\r\n<p>&nbsp;<\/p>\r\n<p>&nbsp;<\/p>\r\n","protected":false},"excerpt":{"rendered":"<p>J\u00e4senmaksu J\u00e4senmaksu on 35 e, perhej\u00e4sen 10 e, ainaisj\u00e4sen 350 e, ainaisperhej\u00e4sen 100 e. Maksa j\u00e4senmaksu\u00a0SPKY:n tilille FI53 5068 0620 0227 54\u00a0viitteell\u00e4\u00a080004. L\u00e4het\u00e4 osoitteesi, puhelinnumero ja s\u00e4hk\u00f6postiosoite sek\u00e4 kuitti maksusta s\u00e4hk\u00f6postitse j\u00e4sensihteerille: jasensihteeri@spky.fi\u00a0 \u00c4l\u00e4 unohda osoitetietoja, jotta saamme l\u00e4hett\u00e4\u00e4 sinulle Paimenpostin ja j\u00e4senkirjeen! J\u00e4senedut Paimenposti on\u00a0 nelj\u00e4 kertaa vuodessa ilmestyv\u00e4 j\u00e4senlehti. Muista ilmoittaa osoitteesi muutos &hellip; <a href=\"https:\/\/www.spky.fi\/wopr\/liity-jaseneksi\/\" class=\"more-link\">Jatka lukemista <span class=\"screen-reader-text\">Liity j\u00e4seneksi<\/span> <span class=\"meta-nav\">&rarr;<\/span><\/a><\/p>\n","protected":false},"author":2,"featured_media":0,"parent":0,"menu_order":0,"comment_status":"closed","ping_status":"closed","template":"","meta":{"jetpack_post_was_ever_published":false,"footnotes":""},"class_list":["post-6242","page","type-page","status-publish","hentry"],"yoast_head":"<!-- This site is optimized with the Yoast SEO plugin v27.5 - https:\/\/yoast.com\/product\/yoast-seo-wordpress\/ -->\n<title>Liity j\u00e4seneksi - Suomen Paimenkoirayhdistys ry<\/title>\n<meta name=\"robots\" content=\"index, follow, max-snippet:-1, max-image-preview:large, max-video-preview:-1\" \/>\n<link rel=\"canonical\" href=\"https:\/\/www.spky.fi\/wopr\/liity-jaseneksi\/\" \/>\n<meta property=\"og:locale\" content=\"fi_FI\" \/>\n<meta property=\"og:type\" content=\"article\" \/>\n<meta property=\"og:title\" content=\"Liity j\u00e4seneksi - Suomen Paimenkoirayhdistys ry\" \/>\n<meta property=\"og:description\" content=\"J\u00e4senmaksu J\u00e4senmaksu on 35 e, perhej\u00e4sen 10 e, ainaisj\u00e4sen 350 e, ainaisperhej\u00e4sen 100 e. Maksa j\u00e4senmaksu\u00a0SPKY:n tilille FI53 5068 0620 0227 54\u00a0viitteell\u00e4\u00a080004. L\u00e4het\u00e4 osoitteesi, puhelinnumero ja s\u00e4hk\u00f6postiosoite sek\u00e4 kuitti maksusta s\u00e4hk\u00f6postitse j\u00e4sensihteerille: jasensihteeri@spky.fi\u00a0 \u00c4l\u00e4 unohda osoitetietoja, jotta saamme l\u00e4hett\u00e4\u00e4 sinulle Paimenpostin ja j\u00e4senkirjeen! J\u00e4senedut Paimenposti on\u00a0 nelj\u00e4 kertaa vuodessa ilmestyv\u00e4 j\u00e4senlehti. Muista ilmoittaa osoitteesi muutos &hellip; Jatka lukemista Liity j\u00e4seneksi &rarr;\" \/>\n<meta property=\"og:url\" content=\"https:\/\/www.spky.fi\/wopr\/liity-jaseneksi\/\" \/>\n<meta property=\"og:site_name\" content=\"Suomen Paimenkoirayhdistys ry\" \/>\n<meta property=\"article:publisher\" content=\"https:\/\/www.facebook.com\/SuomenPaimenkoirayhdistys\" \/>\n<meta property=\"article:modified_time\" content=\"2025-09-27T12:44:24+00:00\" \/>\n<meta name=\"twitter:card\" content=\"summary_large_image\" \/>\n<meta name=\"twitter:label1\" content=\"Arvioitu lukuaika\" \/>\n\t<meta name=\"twitter:data1\" content=\"1 minuutti\" \/>\n<script type=\"application\/ld+json\" class=\"yoast-schema-graph\">{\"@context\":\"https:\\\/\\\/schema.org\",\"@graph\":[{\"@type\":\"WebPage\",\"@id\":\"https:\\\/\\\/www.spky.fi\\\/wopr\\\/liity-jaseneksi\\\/\",\"url\":\"https:\\\/\\\/www.spky.fi\\\/wopr\\\/liity-jaseneksi\\\/\",\"name\":\"Liity j\u00e4seneksi - Suomen Paimenkoirayhdistys ry\",\"isPartOf\":{\"@id\":\"https:\\\/\\\/www.spky.fi\\\/wopr\\\/#website\"},\"datePublished\":\"2024-05-05T19:06:05+00:00\",\"dateModified\":\"2025-09-27T12:44:24+00:00\",\"breadcrumb\":{\"@id\":\"https:\\\/\\\/www.spky.fi\\\/wopr\\\/liity-jaseneksi\\\/#breadcrumb\"},\"inLanguage\":\"fi\",\"potentialAction\":[{\"@type\":\"ReadAction\",\"target\":[\"https:\\\/\\\/www.spky.fi\\\/wopr\\\/liity-jaseneksi\\\/\"]}]},{\"@type\":\"BreadcrumbList\",\"@id\":\"https:\\\/\\\/www.spky.fi\\\/wopr\\\/liity-jaseneksi\\\/#breadcrumb\",\"itemListElement\":[{\"@type\":\"ListItem\",\"position\":1,\"name\":\"Etusivu\",\"item\":\"https:\\\/\\\/www.spky.fi\\\/wopr\\\/\"},{\"@type\":\"ListItem\",\"position\":2,\"name\":\"Liity j\u00e4seneksi\"}]},{\"@type\":\"WebSite\",\"@id\":\"https:\\\/\\\/www.spky.fi\\\/wopr\\\/#website\",\"url\":\"https:\\\/\\\/www.spky.fi\\\/wopr\\\/\",\"name\":\"Suomen Paimenkoirayhdistys ry\",\"description\":\"Suomen Paimenkoirayhdistys edist&auml;&auml; paimenkoirien ty&ouml;k&auml;ytt&ouml;&auml;. Yhdistys auttaa paimenkoirakurssien, harjoitusten, kilpailujen ja n&auml;yt&ouml;sten j&auml;rjest&auml;misess&auml;.\",\"publisher\":{\"@id\":\"https:\\\/\\\/www.spky.fi\\\/wopr\\\/#organization\"},\"potentialAction\":[{\"@type\":\"SearchAction\",\"target\":{\"@type\":\"EntryPoint\",\"urlTemplate\":\"https:\\\/\\\/www.spky.fi\\\/wopr\\\/?s={search_term_string}\"},\"query-input\":{\"@type\":\"PropertyValueSpecification\",\"valueRequired\":true,\"valueName\":\"search_term_string\"}}],\"inLanguage\":\"fi\"},{\"@type\":\"Organization\",\"@id\":\"https:\\\/\\\/www.spky.fi\\\/wopr\\\/#organization\",\"name\":\"Suomen Paimenkoirayhdistys ry\",\"url\":\"https:\\\/\\\/www.spky.fi\\\/wopr\\\/\",\"logo\":{\"@type\":\"ImageObject\",\"inLanguage\":\"fi\",\"@id\":\"https:\\\/\\\/www.spky.fi\\\/wopr\\\/#\\\/schema\\\/logo\\\/image\\\/\",\"url\":\"https:\\\/\\\/www.spky.fi\\\/wopr\\\/wp-content\\\/uploads\\\/2024\\\/06\\\/SPKY_MUVA_PNG.png\",\"contentUrl\":\"https:\\\/\\\/www.spky.fi\\\/wopr\\\/wp-content\\\/uploads\\\/2024\\\/06\\\/SPKY_MUVA_PNG.png\",\"width\":3201,\"height\":3126,\"caption\":\"Suomen Paimenkoirayhdistys ry\"},\"image\":{\"@id\":\"https:\\\/\\\/www.spky.fi\\\/wopr\\\/#\\\/schema\\\/logo\\\/image\\\/\"},\"sameAs\":[\"https:\\\/\\\/www.facebook.com\\\/SuomenPaimenkoirayhdistys\"]}]}<\/script>\n<!-- \/ Yoast SEO plugin. -->","yoast_head_json":{"title":"Liity j\u00e4seneksi - Suomen Paimenkoirayhdistys ry","robots":{"index":"index","follow":"follow","max-snippet":"max-snippet:-1","max-image-preview":"max-image-preview:large","max-video-preview":"max-video-preview:-1"},"canonical":"https:\/\/www.spky.fi\/wopr\/liity-jaseneksi\/","og_locale":"fi_FI","og_type":"article","og_title":"Liity j\u00e4seneksi - Suomen Paimenkoirayhdistys ry","og_description":"J\u00e4senmaksu J\u00e4senmaksu on 35 e, perhej\u00e4sen 10 e, ainaisj\u00e4sen 350 e, ainaisperhej\u00e4sen 100 e. Maksa j\u00e4senmaksu\u00a0SPKY:n tilille FI53 5068 0620 0227 54\u00a0viitteell\u00e4\u00a080004. L\u00e4het\u00e4 osoitteesi, puhelinnumero ja s\u00e4hk\u00f6postiosoite sek\u00e4 kuitti maksusta s\u00e4hk\u00f6postitse j\u00e4sensihteerille: jasensihteeri@spky.fi\u00a0 \u00c4l\u00e4 unohda osoitetietoja, jotta saamme l\u00e4hett\u00e4\u00e4 sinulle Paimenpostin ja j\u00e4senkirjeen! J\u00e4senedut Paimenposti on\u00a0 nelj\u00e4 kertaa vuodessa ilmestyv\u00e4 j\u00e4senlehti. Muista ilmoittaa osoitteesi muutos &hellip; Jatka lukemista Liity j\u00e4seneksi &rarr;","og_url":"https:\/\/www.spky.fi\/wopr\/liity-jaseneksi\/","og_site_name":"Suomen Paimenkoirayhdistys ry","article_publisher":"https:\/\/www.facebook.com\/SuomenPaimenkoirayhdistys","article_modified_time":"2025-09-27T12:44:24+00:00","twitter_card":"summary_large_image","twitter_misc":{"Arvioitu lukuaika":"1 minuutti"},"schema":{"@context":"https:\/\/schema.org","@graph":[{"@type":"WebPage","@id":"https:\/\/www.spky.fi\/wopr\/liity-jaseneksi\/","url":"https:\/\/www.spky.fi\/wopr\/liity-jaseneksi\/","name":"Liity j\u00e4seneksi - Suomen Paimenkoirayhdistys ry","isPartOf":{"@id":"https:\/\/www.spky.fi\/wopr\/#website"},"datePublished":"2024-05-05T19:06:05+00:00","dateModified":"2025-09-27T12:44:24+00:00","breadcrumb":{"@id":"https:\/\/www.spky.fi\/wopr\/liity-jaseneksi\/#breadcrumb"},"inLanguage":"fi","potentialAction":[{"@type":"ReadAction","target":["https:\/\/www.spky.fi\/wopr\/liity-jaseneksi\/"]}]},{"@type":"BreadcrumbList","@id":"https:\/\/www.spky.fi\/wopr\/liity-jaseneksi\/#breadcrumb","itemListElement":[{"@type":"ListItem","position":1,"name":"Etusivu","item":"https:\/\/www.spky.fi\/wopr\/"},{"@type":"ListItem","position":2,"name":"Liity j\u00e4seneksi"}]},{"@type":"WebSite","@id":"https:\/\/www.spky.fi\/wopr\/#website","url":"https:\/\/www.spky.fi\/wopr\/","name":"Suomen Paimenkoirayhdistys ry","description":"Suomen Paimenkoirayhdistys edist&auml;&auml; paimenkoirien ty&ouml;k&auml;ytt&ouml;&auml;. Yhdistys auttaa paimenkoirakurssien, harjoitusten, kilpailujen ja n&auml;yt&ouml;sten j&auml;rjest&auml;misess&auml;.","publisher":{"@id":"https:\/\/www.spky.fi\/wopr\/#organization"},"potentialAction":[{"@type":"SearchAction","target":{"@type":"EntryPoint","urlTemplate":"https:\/\/www.spky.fi\/wopr\/?s={search_term_string}"},"query-input":{"@type":"PropertyValueSpecification","valueRequired":true,"valueName":"search_term_string"}}],"inLanguage":"fi"},{"@type":"Organization","@id":"https:\/\/www.spky.fi\/wopr\/#organization","name":"Suomen Paimenkoirayhdistys ry","url":"https:\/\/www.spky.fi\/wopr\/","logo":{"@type":"ImageObject","inLanguage":"fi","@id":"https:\/\/www.spky.fi\/wopr\/#\/schema\/logo\/image\/","url":"https:\/\/www.spky.fi\/wopr\/wp-content\/uploads\/2024\/06\/SPKY_MUVA_PNG.png","contentUrl":"https:\/\/www.spky.fi\/wopr\/wp-content\/uploads\/2024\/06\/SPKY_MUVA_PNG.png","width":3201,"height":3126,"caption":"Suomen Paimenkoirayhdistys ry"},"image":{"@id":"https:\/\/www.spky.fi\/wopr\/#\/schema\/logo\/image\/"},"sameAs":["https:\/\/www.facebook.com\/SuomenPaimenkoirayhdistys"]}]}},"jetpack_sharing_enabled":true,"jetpack_shortlink":"https:\/\/wp.me\/PaLGv4-1CG","_links":{"self":[{"href":"https:\/\/www.spky.fi\/wopr\/wp-json\/wp\/v2\/pages\/6242","targetHints":{"allow":["GET"]}}],"collection":[{"href":"https:\/\/www.spky.fi\/wopr\/wp-json\/wp\/v2\/pages"}],"about":[{"href":"https:\/\/www.spky.fi\/wopr\/wp-json\/wp\/v2\/types\/page"}],"author":[{"embeddable":true,"href":"https:\/\/www.spky.fi\/wopr\/wp-json\/wp\/v2\/users\/2"}],"replies":[{"embeddable":true,"href":"https:\/\/www.spky.fi\/wopr\/wp-json\/wp\/v2\/comments?post=6242"}],"version-history":[{"count":14,"href":"https:\/\/www.spky.fi\/wopr\/wp-json\/wp\/v2\/pages\/6242\/revisions"}],"predecessor-version":[{"id":8080,"href":"https:\/\/www.spky.fi\/wopr\/wp-json\/wp\/v2\/pages\/6242\/revisions\/8080"}],"wp:attachment":[{"href":"https:\/\/www.spky.fi\/wopr\/wp-json\/wp\/v2\/media?parent=6242"}],"curies":[{"name":"wp","href":"https:\/\/api.w.org\/{rel}","templated":true}]}}