{"id":6278,"date":"2024-05-09T10:14:44","date_gmt":"2024-05-09T10:14:44","guid":{"rendered":"https:\/\/www.spky.fi\/wopr\/?page_id=6278"},"modified":"2026-03-03T19:39:40","modified_gmt":"2026-03-03T19:39:40","slug":"vuosikokous","status":"publish","type":"page","link":"https:\/\/www.spky.fi\/wopr\/vuosikokous\/","title":{"rendered":"Vuosikokous"},"content":{"rendered":"<p><\/p>\r\n<h2>2026<\/h2>\r\n<ul>\r\n\t<li><a href=\"https:\/\/www.spky.fi\/wopr\/wp-content\/uploads\/2026\/03\/Toimintakertomus-2025.pdf\" target=\"_blank\" rel=\"noopener\">Toimintakertomus 2025<\/a><\/li>\r\n\t<li><a href=\"https:\/\/www.spky.fi\/wopr\/wp-content\/uploads\/2026\/03\/SPKY-tilinpaatos-2025-Tase.pdf\" target=\"_blank\" rel=\"noopener\">Tilinp\u00e4\u00e4t\u00f6s 2025 Tase<\/a><\/li>\r\n\t<li><a href=\"https:\/\/www.spky.fi\/wopr\/wp-content\/uploads\/2026\/03\/SPKY-tilinpaatos-2025-Tuloslaskelma.pdf\" target=\"_blank\" rel=\"noopener\">Tilinp\u00e4\u00e4t\u00f6s 2025 Tuloslaskelma<\/a><\/li>\r\n\t<li>Vuosikokouksen p\u00f6yt\u00e4kirja 2026<\/li>\r\n\t<li><a href=\"https:\/\/www.spky.fi\/wopr\/wp-content\/uploads\/2026\/03\/Toimintasuunnitelma-2026.pdf\" target=\"_blank\" rel=\"noopener\">Toimintasuunnitelma 2026<\/a><\/li>\r\n\t<li><a href=\"https:\/\/www.spky.fi\/wopr\/wp-content\/uploads\/2026\/03\/SPKY-budjetti-2026.pdf\" target=\"_blank\" rel=\"noopener\">Budjetti 2026<\/a><\/li>\r\n<\/ul>\r\n<h2>2025<\/h2>\r\n<ul>\r\n\t<li><a href=\"https:\/\/www.spky.fi\/wopr\/wp-content\/uploads\/2025\/04\/Toimintakertomus-2025-LOPULLINEN.pdf\" target=\"_blank\" rel=\"noopener\">Toimintakertomus 2024<\/a><\/li>\r\n\t<li><a href=\"https:\/\/www.spky.fi\/wopr\/wp-content\/uploads\/2025\/04\/SPKY-tilinpaatos-2024-LOPULLINEN-TULOSLASKELMA.pdf\" target=\"_blank\" rel=\"noopener\">Tilinp\u00e4\u00e4t\u00f6s 2024<\/a><\/li>\r\n\t<li><a href=\"https:\/\/www.spky.fi\/wopr\/wp-content\/uploads\/2025\/04\/Poytakirja-vuosikokous-2025-LOPULLINEN.pdf\" target=\"_blank\" rel=\"noopener\">Vuosikokouksen p\u00f6yt\u00e4kirja 2025<\/a><\/li>\r\n\t<li><a href=\"https:\/\/www.spky.fi\/wopr\/wp-content\/uploads\/2025\/04\/Toimintasuunnitelma-2025-LOPULLINEN.pdf\" target=\"_blank\" rel=\"noopener\">Toimintasuunnitelma 2025<\/a><\/li>\r\n\t<li><a href=\"https:\/\/www.spky.fi\/wopr\/wp-content\/uploads\/2025\/04\/Budjetti-2025-LOPULLINEN.pdf\" target=\"_blank\" rel=\"noopener\">Budjetti 2025<\/a><\/li>\r\n<\/ul>\r\n<p><span style=\"font-size: 24px; font-weight: bold;\">2024<\/span><\/p>\r\n<ul>\r\n\t<li><a href=\"https:\/\/www.spky.fi\/wopr\/wp-content\/uploads\/2024\/05\/SPKY-Toimintakertomus-2023-_lopullinen.pdf\" target=\"_blank\" rel=\"noopener\">Toimintakertomus 2023<\/a><\/li>\r\n\t<li><a href=\"https:\/\/www.spky.fi\/wopr\/wp-content\/uploads\/2024\/05\/SPKY-tilinpaatos-2023-LOPULLINEN.pdf\" target=\"_blank\" rel=\"noopener\">Tilinp\u00e4\u00e4t\u00f6s 2023<\/a><\/li>\r\n\t<li><a href=\"https:\/\/www.spky.fi\/wopr\/wp-content\/uploads\/2024\/05\/Poytakirja-vuosikokous-2024-SPKY-LOPULLINEN.docx.pdf\" target=\"_blank\" rel=\"noopener\">Vuosikokouksen p\u00f6yt\u00e4kirja 2024<\/a><\/li>\r\n\t<li><a href=\"https:\/\/www.spky.fi\/wopr\/wp-content\/uploads\/2024\/05\/SPKY-toimintasuunnitelma-2024-_lopullinen.pdf\" target=\"_blank\" rel=\"noopener\">Toimintasuunnitelma 2024<\/a><\/li>\r\n\t<li><a href=\"https:\/\/www.spky.fi\/wopr\/wp-content\/uploads\/2024\/05\/Budjetti-2024_LOPULLINEN.pdf\" target=\"_blank\" rel=\"noopener\">Budjetti 2024<\/a><\/li>\r\n<\/ul>\r\n<p><br \/>\r\n<\/p>","protected":false},"excerpt":{"rendered":"<p>2026 Toimintakertomus 2025 Tilinp\u00e4\u00e4t\u00f6s 2025 Tase Tilinp\u00e4\u00e4t\u00f6s 2025 Tuloslaskelma Vuosikokouksen p\u00f6yt\u00e4kirja 2026 Toimintasuunnitelma 2026 Budjetti 2026 2025 Toimintakertomus 2024 Tilinp\u00e4\u00e4t\u00f6s 2024 Vuosikokouksen p\u00f6yt\u00e4kirja 2025 Toimintasuunnitelma 2025 Budjetti 2025 2024 Toimintakertomus 2023 Tilinp\u00e4\u00e4t\u00f6s 2023 Vuosikokouksen p\u00f6yt\u00e4kirja 2024 Toimintasuunnitelma 2024 Budjetti 2024<\/p>\n","protected":false},"author":2,"featured_media":0,"parent":0,"menu_order":0,"comment_status":"closed","ping_status":"closed","template":"","meta":{"jetpack_post_was_ever_published":false,"footnotes":""},"class_list":["post-6278","page","type-page","status-publish","hentry"],"yoast_head":"<!-- This site is optimized with the Yoast SEO plugin v27.4 - https:\/\/yoast.com\/product\/yoast-seo-wordpress\/ -->\n<title>Vuosikokous - Suomen Paimenkoirayhdistys ry<\/title>\n<meta name=\"robots\" content=\"index, follow, max-snippet:-1, max-image-preview:large, max-video-preview:-1\" \/>\n<link rel=\"canonical\" href=\"https:\/\/www.spky.fi\/wopr\/vuosikokous\/\" \/>\n<meta property=\"og:locale\" content=\"fi_FI\" \/>\n<meta property=\"og:type\" content=\"article\" \/>\n<meta property=\"og:title\" content=\"Vuosikokous - Suomen Paimenkoirayhdistys ry\" \/>\n<meta property=\"og:description\" content=\"2026 Toimintakertomus 2025 Tilinp\u00e4\u00e4t\u00f6s 2025 Tase Tilinp\u00e4\u00e4t\u00f6s 2025 Tuloslaskelma Vuosikokouksen p\u00f6yt\u00e4kirja 2026 Toimintasuunnitelma 2026 Budjetti 2026 2025 Toimintakertomus 2024 Tilinp\u00e4\u00e4t\u00f6s 2024 Vuosikokouksen p\u00f6yt\u00e4kirja 2025 Toimintasuunnitelma 2025 Budjetti 2025 2024 Toimintakertomus 2023 Tilinp\u00e4\u00e4t\u00f6s 2023 Vuosikokouksen p\u00f6yt\u00e4kirja 2024 Toimintasuunnitelma 2024 Budjetti 2024\" \/>\n<meta property=\"og:url\" content=\"https:\/\/www.spky.fi\/wopr\/vuosikokous\/\" \/>\n<meta property=\"og:site_name\" content=\"Suomen Paimenkoirayhdistys ry\" \/>\n<meta property=\"article:publisher\" content=\"https:\/\/www.facebook.com\/SuomenPaimenkoirayhdistys\" \/>\n<meta property=\"article:modified_time\" content=\"2026-03-03T19:39:40+00:00\" \/>\n<meta name=\"twitter:card\" content=\"summary_large_image\" \/>\n<meta name=\"twitter:label1\" content=\"Arvioitu lukuaika\" \/>\n\t<meta name=\"twitter:data1\" content=\"1 minuutti\" \/>\n<script type=\"application\/ld+json\" class=\"yoast-schema-graph\">{\"@context\":\"https:\\\/\\\/schema.org\",\"@graph\":[{\"@type\":\"WebPage\",\"@id\":\"https:\\\/\\\/www.spky.fi\\\/wopr\\\/vuosikokous\\\/\",\"url\":\"https:\\\/\\\/www.spky.fi\\\/wopr\\\/vuosikokous\\\/\",\"name\":\"Vuosikokous - Suomen Paimenkoirayhdistys ry\",\"isPartOf\":{\"@id\":\"https:\\\/\\\/www.spky.fi\\\/wopr\\\/#website\"},\"datePublished\":\"2024-05-09T10:14:44+00:00\",\"dateModified\":\"2026-03-03T19:39:40+00:00\",\"breadcrumb\":{\"@id\":\"https:\\\/\\\/www.spky.fi\\\/wopr\\\/vuosikokous\\\/#breadcrumb\"},\"inLanguage\":\"fi\",\"potentialAction\":[{\"@type\":\"ReadAction\",\"target\":[\"https:\\\/\\\/www.spky.fi\\\/wopr\\\/vuosikokous\\\/\"]}]},{\"@type\":\"BreadcrumbList\",\"@id\":\"https:\\\/\\\/www.spky.fi\\\/wopr\\\/vuosikokous\\\/#breadcrumb\",\"itemListElement\":[{\"@type\":\"ListItem\",\"position\":1,\"name\":\"Etusivu\",\"item\":\"https:\\\/\\\/www.spky.fi\\\/wopr\\\/\"},{\"@type\":\"ListItem\",\"position\":2,\"name\":\"Vuosikokous\"}]},{\"@type\":\"WebSite\",\"@id\":\"https:\\\/\\\/www.spky.fi\\\/wopr\\\/#website\",\"url\":\"https:\\\/\\\/www.spky.fi\\\/wopr\\\/\",\"name\":\"Suomen Paimenkoirayhdistys ry\",\"description\":\"Suomen Paimenkoirayhdistys edist&auml;&auml; paimenkoirien ty&ouml;k&auml;ytt&ouml;&auml;. Yhdistys auttaa paimenkoirakurssien, harjoitusten, kilpailujen ja n&auml;yt&ouml;sten j&auml;rjest&auml;misess&auml;.\",\"publisher\":{\"@id\":\"https:\\\/\\\/www.spky.fi\\\/wopr\\\/#organization\"},\"potentialAction\":[{\"@type\":\"SearchAction\",\"target\":{\"@type\":\"EntryPoint\",\"urlTemplate\":\"https:\\\/\\\/www.spky.fi\\\/wopr\\\/?s={search_term_string}\"},\"query-input\":{\"@type\":\"PropertyValueSpecification\",\"valueRequired\":true,\"valueName\":\"search_term_string\"}}],\"inLanguage\":\"fi\"},{\"@type\":\"Organization\",\"@id\":\"https:\\\/\\\/www.spky.fi\\\/wopr\\\/#organization\",\"name\":\"Suomen Paimenkoirayhdistys ry\",\"url\":\"https:\\\/\\\/www.spky.fi\\\/wopr\\\/\",\"logo\":{\"@type\":\"ImageObject\",\"inLanguage\":\"fi\",\"@id\":\"https:\\\/\\\/www.spky.fi\\\/wopr\\\/#\\\/schema\\\/logo\\\/image\\\/\",\"url\":\"https:\\\/\\\/www.spky.fi\\\/wopr\\\/wp-content\\\/uploads\\\/2024\\\/06\\\/SPKY_MUVA_PNG.png\",\"contentUrl\":\"https:\\\/\\\/www.spky.fi\\\/wopr\\\/wp-content\\\/uploads\\\/2024\\\/06\\\/SPKY_MUVA_PNG.png\",\"width\":3201,\"height\":3126,\"caption\":\"Suomen Paimenkoirayhdistys ry\"},\"image\":{\"@id\":\"https:\\\/\\\/www.spky.fi\\\/wopr\\\/#\\\/schema\\\/logo\\\/image\\\/\"},\"sameAs\":[\"https:\\\/\\\/www.facebook.com\\\/SuomenPaimenkoirayhdistys\"]}]}<\/script>\n<!-- \/ Yoast SEO plugin. -->","yoast_head_json":{"title":"Vuosikokous - Suomen Paimenkoirayhdistys ry","robots":{"index":"index","follow":"follow","max-snippet":"max-snippet:-1","max-image-preview":"max-image-preview:large","max-video-preview":"max-video-preview:-1"},"canonical":"https:\/\/www.spky.fi\/wopr\/vuosikokous\/","og_locale":"fi_FI","og_type":"article","og_title":"Vuosikokous - Suomen Paimenkoirayhdistys ry","og_description":"2026 Toimintakertomus 2025 Tilinp\u00e4\u00e4t\u00f6s 2025 Tase Tilinp\u00e4\u00e4t\u00f6s 2025 Tuloslaskelma Vuosikokouksen p\u00f6yt\u00e4kirja 2026 Toimintasuunnitelma 2026 Budjetti 2026 2025 Toimintakertomus 2024 Tilinp\u00e4\u00e4t\u00f6s 2024 Vuosikokouksen p\u00f6yt\u00e4kirja 2025 Toimintasuunnitelma 2025 Budjetti 2025 2024 Toimintakertomus 2023 Tilinp\u00e4\u00e4t\u00f6s 2023 Vuosikokouksen p\u00f6yt\u00e4kirja 2024 Toimintasuunnitelma 2024 Budjetti 2024","og_url":"https:\/\/www.spky.fi\/wopr\/vuosikokous\/","og_site_name":"Suomen Paimenkoirayhdistys ry","article_publisher":"https:\/\/www.facebook.com\/SuomenPaimenkoirayhdistys","article_modified_time":"2026-03-03T19:39:40+00:00","twitter_card":"summary_large_image","twitter_misc":{"Arvioitu lukuaika":"1 minuutti"},"schema":{"@context":"https:\/\/schema.org","@graph":[{"@type":"WebPage","@id":"https:\/\/www.spky.fi\/wopr\/vuosikokous\/","url":"https:\/\/www.spky.fi\/wopr\/vuosikokous\/","name":"Vuosikokous - Suomen Paimenkoirayhdistys ry","isPartOf":{"@id":"https:\/\/www.spky.fi\/wopr\/#website"},"datePublished":"2024-05-09T10:14:44+00:00","dateModified":"2026-03-03T19:39:40+00:00","breadcrumb":{"@id":"https:\/\/www.spky.fi\/wopr\/vuosikokous\/#breadcrumb"},"inLanguage":"fi","potentialAction":[{"@type":"ReadAction","target":["https:\/\/www.spky.fi\/wopr\/vuosikokous\/"]}]},{"@type":"BreadcrumbList","@id":"https:\/\/www.spky.fi\/wopr\/vuosikokous\/#breadcrumb","itemListElement":[{"@type":"ListItem","position":1,"name":"Etusivu","item":"https:\/\/www.spky.fi\/wopr\/"},{"@type":"ListItem","position":2,"name":"Vuosikokous"}]},{"@type":"WebSite","@id":"https:\/\/www.spky.fi\/wopr\/#website","url":"https:\/\/www.spky.fi\/wopr\/","name":"Suomen Paimenkoirayhdistys ry","description":"Suomen Paimenkoirayhdistys edist&auml;&auml; paimenkoirien ty&ouml;k&auml;ytt&ouml;&auml;. Yhdistys auttaa paimenkoirakurssien, harjoitusten, kilpailujen ja n&auml;yt&ouml;sten j&auml;rjest&auml;misess&auml;.","publisher":{"@id":"https:\/\/www.spky.fi\/wopr\/#organization"},"potentialAction":[{"@type":"SearchAction","target":{"@type":"EntryPoint","urlTemplate":"https:\/\/www.spky.fi\/wopr\/?s={search_term_string}"},"query-input":{"@type":"PropertyValueSpecification","valueRequired":true,"valueName":"search_term_string"}}],"inLanguage":"fi"},{"@type":"Organization","@id":"https:\/\/www.spky.fi\/wopr\/#organization","name":"Suomen Paimenkoirayhdistys ry","url":"https:\/\/www.spky.fi\/wopr\/","logo":{"@type":"ImageObject","inLanguage":"fi","@id":"https:\/\/www.spky.fi\/wopr\/#\/schema\/logo\/image\/","url":"https:\/\/www.spky.fi\/wopr\/wp-content\/uploads\/2024\/06\/SPKY_MUVA_PNG.png","contentUrl":"https:\/\/www.spky.fi\/wopr\/wp-content\/uploads\/2024\/06\/SPKY_MUVA_PNG.png","width":3201,"height":3126,"caption":"Suomen Paimenkoirayhdistys ry"},"image":{"@id":"https:\/\/www.spky.fi\/wopr\/#\/schema\/logo\/image\/"},"sameAs":["https:\/\/www.facebook.com\/SuomenPaimenkoirayhdistys"]}]}},"jetpack_sharing_enabled":true,"jetpack_shortlink":"https:\/\/wp.me\/PaLGv4-1Dg","_links":{"self":[{"href":"https:\/\/www.spky.fi\/wopr\/wp-json\/wp\/v2\/pages\/6278","targetHints":{"allow":["GET"]}}],"collection":[{"href":"https:\/\/www.spky.fi\/wopr\/wp-json\/wp\/v2\/pages"}],"about":[{"href":"https:\/\/www.spky.fi\/wopr\/wp-json\/wp\/v2\/types\/page"}],"author":[{"embeddable":true,"href":"https:\/\/www.spky.fi\/wopr\/wp-json\/wp\/v2\/users\/2"}],"replies":[{"embeddable":true,"href":"https:\/\/www.spky.fi\/wopr\/wp-json\/wp\/v2\/comments?post=6278"}],"version-history":[{"count":12,"href":"https:\/\/www.spky.fi\/wopr\/wp-json\/wp\/v2\/pages\/6278\/revisions"}],"predecessor-version":[{"id":8482,"href":"https:\/\/www.spky.fi\/wopr\/wp-json\/wp\/v2\/pages\/6278\/revisions\/8482"}],"wp:attachment":[{"href":"https:\/\/www.spky.fi\/wopr\/wp-json\/wp\/v2\/media?parent=6278"}],"curies":[{"name":"wp","href":"https:\/\/api.w.org\/{rel}","templated":true}]}}