{"id":6887,"date":"2024-08-28T11:53:50","date_gmt":"2024-08-28T11:53:50","guid":{"rendered":"https:\/\/www.spky.fi\/wopr\/?page_id=6887"},"modified":"2026-04-18T17:06:31","modified_gmt":"2026-04-18T17:06:31","slug":"hallituksen-kokoukset","status":"publish","type":"page","link":"https:\/\/www.spky.fi\/wopr\/hallituksen-kokoukset\/","title":{"rendered":"Hallituksen kokousten p\u00f6yt\u00e4kirjat"},"content":{"rendered":"<p><\/p>\r\n<ul>\r\n\t<li><a href=\"https:\/\/www.spky.fi\/wopr\/wp-content\/uploads\/2026\/04\/PK_7_2026_14_4_2026.pdf\" target=\"_blank\" rel=\"noopener\"><strong>Huhtikuu, 7. kokous 14.4.2026<\/strong><\/a><\/li>\r\n\t<li><a href=\"https:\/\/www.spky.fi\/wopr\/wp-content\/uploads\/2026\/03\/PK-6_2026-17_03_2026-1.pdf\" target=\"_blank\" rel=\"noopener\"><strong>Maaliskuu, 6. kokous 17.3.2026<\/strong><\/a><\/li>\r\n\t<li><a href=\"https:\/\/www.spky.fi\/wopr\/wp-content\/uploads\/2026\/02\/PTK-5-2026-25_2_2026.pdf\" target=\"_blank\" rel=\"noopener\"><strong>Helmikuu, 5. kokous 25.2.2026<\/strong><\/a><\/li>\r\n\t<li><a href=\"https:\/\/www.spky.fi\/wopr\/wp-content\/uploads\/2026\/02\/PTK-4-2026-2_2_2026.pdf\" target=\"_blank\" rel=\"noopener\"><strong>Helmikuu, 4. kokous 2.2.2026<\/strong><\/a><\/li>\r\n\t<li><a href=\"https:\/\/www.spky.fi\/wopr\/wp-content\/uploads\/2026\/02\/PTK-3-2026-20_1_2026.pdf\" target=\"_blank\" rel=\"noopener\"><strong>Tammikuu, 3. kokous 20.1.2026<\/strong><\/a><\/li>\r\n\t<li><a href=\"https:\/\/www.spky.fi\/wopr\/wp-content\/uploads\/2026\/01\/PTK-2-2026-18_1_2026.pdf\" target=\"_blank\" rel=\"noopener\"><strong>Tammikuu, 2. kokous 18.1.2026<\/strong><\/a><\/li>\r\n\t<li><a href=\"https:\/\/www.spky.fi\/wopr\/wp-content\/uploads\/2026\/01\/PTK-1-2026-6_1_2026.pdf\" target=\"_blank\" rel=\"noopener\"><strong>Tammikuu, 1. kokous 6.1.2026<\/strong><\/a><\/li>\r\n\t<li><a href=\"https:\/\/www.spky.fi\/wopr\/wp-content\/uploads\/2025\/12\/PTK-15_2025-16_12_2025-1.pdf\" target=\"_blank\" rel=\"noopener\"><strong>Joulukuu, 15. kokous 16.12.2025<\/strong><\/a><\/li>\r\n\t<li><a href=\"https:\/\/www.spky.fi\/wopr\/wp-content\/uploads\/2025\/11\/PTK-14_2025-11_10_2025.pdf\" target=\"_blank\" rel=\"noopener\"><strong>Marraskuu, 14. kokous 10.11.2025<\/strong><\/a><\/li>\r\n\t<li><a href=\"https:\/\/www.spky.fi\/wopr\/wp-content\/uploads\/2025\/11\/PTK-13_2025-14_10_2025-korjattu.pdf\" target=\"_blank\" rel=\"noopener\"><strong>Lokakuu, 13. kokous 14.10.2025<\/strong><\/a><\/li>\r\n\t<li><a href=\"https:\/\/www.spky.fi\/wopr\/wp-content\/uploads\/2025\/09\/PTK-12_2025-16_09_2025.pdf\" target=\"_blank\" rel=\"noopener\"><strong>Syyskuu, 12. kokous 16.9.2025<\/strong><\/a><\/li>\r\n\t<li><strong><a href=\"https:\/\/www.spky.fi\/wopr\/wp-content\/uploads\/2025\/09\/Hallituksen-ylimaarainen-kokous-11-2025-04092025.pdf\" target=\"_blank\" rel=\"noopener\">Ylim\u00e4\u00e4r\u00e4inen 11. kokous 4.9.2025<\/a><\/strong><\/li>\r\n\t<li><a href=\"https:\/\/www.spky.fi\/wopr\/wp-content\/uploads\/2025\/09\/PTK-10_2025-18_09_2025.pdf\" target=\"_blank\" rel=\"noopener\"><strong>Elokuu, 10. kokous 19.8.2025<\/strong><\/a><\/li>\r\n\t<li><a href=\"https:\/\/www.spky.fi\/wopr\/wp-content\/uploads\/2025\/08\/PTK-9_2025-15_08_2025.pdf\" target=\"_blank\" rel=\"noopener\"><strong>Hein\u00e4kuu, 9. kokous 15.7.2025<\/strong><\/a><\/li>\r\n\t<li><a href=\"https:\/\/www.spky.fi\/wopr\/wp-content\/uploads\/2025\/07\/PTK-8_2025-27_06_2025.pdf\" target=\"_blank\" rel=\"noopener\"><strong>Kes\u00e4kuu, 8. kokous 27.6.2025<\/strong><\/a><\/li>\r\n\t<li><a href=\"https:\/\/www.spky.fi\/wopr\/wp-content\/uploads\/2025\/07\/PTK-7_2025-17_06_2025.pdf\" target=\"_blank\" rel=\"noopener\"><strong>Kes\u00e4kuu, 7. kokous 17.6.2025<\/strong><\/a><\/li>\r\n\t<li><a href=\"https:\/\/www.spky.fi\/wopr\/wp-content\/uploads\/2025\/06\/PTK-6_2025-08_05_2025.pdf\" target=\"_blank\" rel=\"noopener\"><strong>Toukokuu, 6. kokous 8.5.2025<\/strong><\/a><\/li>\r\n\t<li><a href=\"https:\/\/www.spky.fi\/wopr\/wp-content\/uploads\/2025\/05\/PTK-5_2025-06_04_2025.pdf\" target=\"_blank\" rel=\"noopener\"><strong>Huhtikuu, 5. kokous 6.4.2025<\/strong><\/a><\/li>\r\n\t<li><a href=\"https:\/\/www.spky.fi\/wopr\/wp-content\/uploads\/2025\/05\/PK-4_2025-09_3_2025.pdf\" target=\"_blank\" rel=\"noopener\"><strong>Maaliskuu, 4. kokous 9.3.2025<\/strong><\/a><\/li>\r\n\t<li><strong><a href=\"https:\/\/www.spky.fi\/wopr\/wp-content\/uploads\/2025\/04\/PK-3_2025-15_2_2025.pdf\" target=\"_blank\" rel=\"noopener\">Helmikuu, 3. kokous 15.2.2025<\/a><\/strong><\/li>\r\n\t<li><a href=\"https:\/\/www.spky.fi\/wopr\/hallituksen-kokous-2-2025\/\" target=\"_blank\" rel=\"noopener\"><strong>Tammikuu, 2. kokous 18.1.2025<\/strong><\/a><\/li>\r\n\t<li><strong><a href=\"https:\/\/www.spky.fi\/wopr\/wp-content\/uploads\/2025\/01\/PK-1_2025-06_01_2025-Korjattu.pdf\" target=\"_blank\" rel=\"noopener\">Tammikuu, 1. kokous 6.1.2025<\/a><\/strong><\/li>\r\n\t<li><a href=\"https:\/\/www.spky.fi\/wopr\/wp-content\/uploads\/2025\/01\/POYTAKIRJA-Hallituksen-kokous-14_2024-07-12-KORJATTU.pdf\" target=\"_blank\" rel=\"noopener\"><strong>Joulukuu, 14. kokous 7.12.2024<\/strong><\/a><\/li>\r\n\t<li><a href=\"https:\/\/www.spky.fi\/wopr\/wp-content\/uploads\/2024\/12\/POYTAKIRJA-Hallituksen-kokous-13_2024-09112024.pdf\" target=\"_blank\" rel=\"noopener\"><strong>Marraskuu,\u00a0 13. kokous 9.11.2024<\/strong><\/a><\/li>\r\n\t<li><a href=\"https:\/\/www.spky.fi\/wopr\/wp-content\/uploads\/2024\/11\/POYTAKIRJA-Hallituksen-kokous-12_2024.pdf\" target=\"_blank\" rel=\"noopener\"><strong>Lokakuu, 12. kokous 17.10.2024<\/strong><\/a><\/li>\r\n\t<li><a href=\"https:\/\/www.spky.fi\/wopr\/wp-content\/uploads\/2024\/11\/POYTAKIRJA-Hallituksen-kokous-11_2024-19092024.pdf\" target=\"_blank\" rel=\"noopener\"><strong>Syyskuu, 11. kokous 19.9.2024<\/strong><\/a><\/li>\r\n\t<li><a href=\"https:\/\/www.spky.fi\/wopr\/wp-content\/uploads\/2024\/11\/POYTAKIRJA-Hallituksen-kokous-10_2024-12092024.pdf\" target=\"_blank\" rel=\"noopener\"><strong>Syyskuu, 10. kokous 12.9.2024<\/strong><\/a><\/li>\r\n\t<li><strong><a href=\"https:\/\/www.spky.fi\/wopr\/wp-content\/uploads\/2024\/08\/POYTAKIRJA-Hallituksen-kokous-9-_-2024-08-08.pdf\" target=\"_blank\" rel=\"noopener\">Elokuu, 9. kokous 8.8.2024<\/a><\/strong><\/li>\r\n<\/ul>\r\n<p><\/p>","protected":false},"excerpt":{"rendered":"<p>Huhtikuu, 7. kokous 14.4.2026 Maaliskuu, 6. kokous 17.3.2026 Helmikuu, 5. kokous 25.2.2026 Helmikuu, 4. kokous 2.2.2026 Tammikuu, 3. kokous 20.1.2026 Tammikuu, 2. kokous 18.1.2026 Tammikuu, 1. kokous 6.1.2026 Joulukuu, 15. kokous 16.12.2025 Marraskuu, 14. kokous 10.11.2025 Lokakuu, 13. kokous 14.10.2025 Syyskuu, 12. kokous 16.9.2025 Ylim\u00e4\u00e4r\u00e4inen 11. kokous 4.9.2025 Elokuu, 10. kokous 19.8.2025 Hein\u00e4kuu, 9. kokous &hellip; <a href=\"https:\/\/www.spky.fi\/wopr\/hallituksen-kokoukset\/\" class=\"more-link\">Jatka lukemista <span class=\"screen-reader-text\">Hallituksen kokousten p\u00f6yt\u00e4kirjat<\/span> <span class=\"meta-nav\">&rarr;<\/span><\/a><\/p>\n","protected":false},"author":2,"featured_media":0,"parent":0,"menu_order":0,"comment_status":"closed","ping_status":"closed","template":"","meta":{"jetpack_post_was_ever_published":false,"footnotes":""},"class_list":["post-6887","page","type-page","status-publish","hentry"],"yoast_head":"<!-- This site is optimized with the Yoast SEO plugin v27.5 - https:\/\/yoast.com\/product\/yoast-seo-wordpress\/ -->\n<title>Hallituksen kokousten p\u00f6yt\u00e4kirjat - Suomen Paimenkoirayhdistys ry<\/title>\n<meta name=\"description\" content=\"Suomen Paimenkoirayhdistyksen hallituksen kokousten p\u00f6yt\u00e4kirjat l\u00f6ytyv\u00e4t t\u00e4\u00e4lt\u00e4.\" \/>\n<meta name=\"robots\" content=\"index, follow, max-snippet:-1, max-image-preview:large, max-video-preview:-1\" \/>\n<link rel=\"canonical\" href=\"https:\/\/www.spky.fi\/wopr\/hallituksen-kokoukset\/\" \/>\n<meta property=\"og:locale\" content=\"fi_FI\" \/>\n<meta property=\"og:type\" content=\"article\" \/>\n<meta property=\"og:title\" content=\"Hallituksen kokousten p\u00f6yt\u00e4kirjat - Suomen Paimenkoirayhdistys ry\" \/>\n<meta property=\"og:description\" content=\"Suomen Paimenkoirayhdistyksen hallituksen kokousten p\u00f6yt\u00e4kirjat l\u00f6ytyv\u00e4t t\u00e4\u00e4lt\u00e4.\" \/>\n<meta property=\"og:url\" content=\"https:\/\/www.spky.fi\/wopr\/hallituksen-kokoukset\/\" \/>\n<meta property=\"og:site_name\" content=\"Suomen Paimenkoirayhdistys ry\" \/>\n<meta property=\"article:publisher\" content=\"https:\/\/www.facebook.com\/SuomenPaimenkoirayhdistys\" \/>\n<meta property=\"article:modified_time\" content=\"2026-04-18T17:06:31+00:00\" \/>\n<meta name=\"twitter:card\" content=\"summary_large_image\" \/>\n<meta name=\"twitter:label1\" content=\"Arvioitu lukuaika\" \/>\n\t<meta name=\"twitter:data1\" content=\"1 minuutti\" \/>\n<script type=\"application\/ld+json\" class=\"yoast-schema-graph\">{\"@context\":\"https:\\\/\\\/schema.org\",\"@graph\":[{\"@type\":\"WebPage\",\"@id\":\"https:\\\/\\\/www.spky.fi\\\/wopr\\\/hallituksen-kokoukset\\\/\",\"url\":\"https:\\\/\\\/www.spky.fi\\\/wopr\\\/hallituksen-kokoukset\\\/\",\"name\":\"Hallituksen kokousten p\u00f6yt\u00e4kirjat - Suomen Paimenkoirayhdistys ry\",\"isPartOf\":{\"@id\":\"https:\\\/\\\/www.spky.fi\\\/wopr\\\/#website\"},\"datePublished\":\"2024-08-28T11:53:50+00:00\",\"dateModified\":\"2026-04-18T17:06:31+00:00\",\"description\":\"Suomen Paimenkoirayhdistyksen hallituksen kokousten p\u00f6yt\u00e4kirjat l\u00f6ytyv\u00e4t t\u00e4\u00e4lt\u00e4.\",\"breadcrumb\":{\"@id\":\"https:\\\/\\\/www.spky.fi\\\/wopr\\\/hallituksen-kokoukset\\\/#breadcrumb\"},\"inLanguage\":\"fi\",\"potentialAction\":[{\"@type\":\"ReadAction\",\"target\":[\"https:\\\/\\\/www.spky.fi\\\/wopr\\\/hallituksen-kokoukset\\\/\"]}]},{\"@type\":\"BreadcrumbList\",\"@id\":\"https:\\\/\\\/www.spky.fi\\\/wopr\\\/hallituksen-kokoukset\\\/#breadcrumb\",\"itemListElement\":[{\"@type\":\"ListItem\",\"position\":1,\"name\":\"Etusivu\",\"item\":\"https:\\\/\\\/www.spky.fi\\\/wopr\\\/\"},{\"@type\":\"ListItem\",\"position\":2,\"name\":\"Hallituksen kokousten p\u00f6yt\u00e4kirjat\"}]},{\"@type\":\"WebSite\",\"@id\":\"https:\\\/\\\/www.spky.fi\\\/wopr\\\/#website\",\"url\":\"https:\\\/\\\/www.spky.fi\\\/wopr\\\/\",\"name\":\"Suomen Paimenkoirayhdistys ry\",\"description\":\"Suomen Paimenkoirayhdistys edist&auml;&auml; paimenkoirien ty&ouml;k&auml;ytt&ouml;&auml;. Yhdistys auttaa paimenkoirakurssien, harjoitusten, kilpailujen ja n&auml;yt&ouml;sten j&auml;rjest&auml;misess&auml;.\",\"publisher\":{\"@id\":\"https:\\\/\\\/www.spky.fi\\\/wopr\\\/#organization\"},\"potentialAction\":[{\"@type\":\"SearchAction\",\"target\":{\"@type\":\"EntryPoint\",\"urlTemplate\":\"https:\\\/\\\/www.spky.fi\\\/wopr\\\/?s={search_term_string}\"},\"query-input\":{\"@type\":\"PropertyValueSpecification\",\"valueRequired\":true,\"valueName\":\"search_term_string\"}}],\"inLanguage\":\"fi\"},{\"@type\":\"Organization\",\"@id\":\"https:\\\/\\\/www.spky.fi\\\/wopr\\\/#organization\",\"name\":\"Suomen Paimenkoirayhdistys ry\",\"url\":\"https:\\\/\\\/www.spky.fi\\\/wopr\\\/\",\"logo\":{\"@type\":\"ImageObject\",\"inLanguage\":\"fi\",\"@id\":\"https:\\\/\\\/www.spky.fi\\\/wopr\\\/#\\\/schema\\\/logo\\\/image\\\/\",\"url\":\"https:\\\/\\\/www.spky.fi\\\/wopr\\\/wp-content\\\/uploads\\\/2024\\\/06\\\/SPKY_MUVA_PNG.png\",\"contentUrl\":\"https:\\\/\\\/www.spky.fi\\\/wopr\\\/wp-content\\\/uploads\\\/2024\\\/06\\\/SPKY_MUVA_PNG.png\",\"width\":3201,\"height\":3126,\"caption\":\"Suomen Paimenkoirayhdistys ry\"},\"image\":{\"@id\":\"https:\\\/\\\/www.spky.fi\\\/wopr\\\/#\\\/schema\\\/logo\\\/image\\\/\"},\"sameAs\":[\"https:\\\/\\\/www.facebook.com\\\/SuomenPaimenkoirayhdistys\"]}]}<\/script>\n<!-- \/ Yoast SEO plugin. -->","yoast_head_json":{"title":"Hallituksen kokousten p\u00f6yt\u00e4kirjat - Suomen Paimenkoirayhdistys ry","description":"Suomen Paimenkoirayhdistyksen hallituksen kokousten p\u00f6yt\u00e4kirjat l\u00f6ytyv\u00e4t t\u00e4\u00e4lt\u00e4.","robots":{"index":"index","follow":"follow","max-snippet":"max-snippet:-1","max-image-preview":"max-image-preview:large","max-video-preview":"max-video-preview:-1"},"canonical":"https:\/\/www.spky.fi\/wopr\/hallituksen-kokoukset\/","og_locale":"fi_FI","og_type":"article","og_title":"Hallituksen kokousten p\u00f6yt\u00e4kirjat - Suomen Paimenkoirayhdistys ry","og_description":"Suomen Paimenkoirayhdistyksen hallituksen kokousten p\u00f6yt\u00e4kirjat l\u00f6ytyv\u00e4t t\u00e4\u00e4lt\u00e4.","og_url":"https:\/\/www.spky.fi\/wopr\/hallituksen-kokoukset\/","og_site_name":"Suomen Paimenkoirayhdistys ry","article_publisher":"https:\/\/www.facebook.com\/SuomenPaimenkoirayhdistys","article_modified_time":"2026-04-18T17:06:31+00:00","twitter_card":"summary_large_image","twitter_misc":{"Arvioitu lukuaika":"1 minuutti"},"schema":{"@context":"https:\/\/schema.org","@graph":[{"@type":"WebPage","@id":"https:\/\/www.spky.fi\/wopr\/hallituksen-kokoukset\/","url":"https:\/\/www.spky.fi\/wopr\/hallituksen-kokoukset\/","name":"Hallituksen kokousten p\u00f6yt\u00e4kirjat - Suomen Paimenkoirayhdistys ry","isPartOf":{"@id":"https:\/\/www.spky.fi\/wopr\/#website"},"datePublished":"2024-08-28T11:53:50+00:00","dateModified":"2026-04-18T17:06:31+00:00","description":"Suomen Paimenkoirayhdistyksen hallituksen kokousten p\u00f6yt\u00e4kirjat l\u00f6ytyv\u00e4t t\u00e4\u00e4lt\u00e4.","breadcrumb":{"@id":"https:\/\/www.spky.fi\/wopr\/hallituksen-kokoukset\/#breadcrumb"},"inLanguage":"fi","potentialAction":[{"@type":"ReadAction","target":["https:\/\/www.spky.fi\/wopr\/hallituksen-kokoukset\/"]}]},{"@type":"BreadcrumbList","@id":"https:\/\/www.spky.fi\/wopr\/hallituksen-kokoukset\/#breadcrumb","itemListElement":[{"@type":"ListItem","position":1,"name":"Etusivu","item":"https:\/\/www.spky.fi\/wopr\/"},{"@type":"ListItem","position":2,"name":"Hallituksen kokousten p\u00f6yt\u00e4kirjat"}]},{"@type":"WebSite","@id":"https:\/\/www.spky.fi\/wopr\/#website","url":"https:\/\/www.spky.fi\/wopr\/","name":"Suomen Paimenkoirayhdistys ry","description":"Suomen Paimenkoirayhdistys edist&auml;&auml; paimenkoirien ty&ouml;k&auml;ytt&ouml;&auml;. Yhdistys auttaa paimenkoirakurssien, harjoitusten, kilpailujen ja n&auml;yt&ouml;sten j&auml;rjest&auml;misess&auml;.","publisher":{"@id":"https:\/\/www.spky.fi\/wopr\/#organization"},"potentialAction":[{"@type":"SearchAction","target":{"@type":"EntryPoint","urlTemplate":"https:\/\/www.spky.fi\/wopr\/?s={search_term_string}"},"query-input":{"@type":"PropertyValueSpecification","valueRequired":true,"valueName":"search_term_string"}}],"inLanguage":"fi"},{"@type":"Organization","@id":"https:\/\/www.spky.fi\/wopr\/#organization","name":"Suomen Paimenkoirayhdistys ry","url":"https:\/\/www.spky.fi\/wopr\/","logo":{"@type":"ImageObject","inLanguage":"fi","@id":"https:\/\/www.spky.fi\/wopr\/#\/schema\/logo\/image\/","url":"https:\/\/www.spky.fi\/wopr\/wp-content\/uploads\/2024\/06\/SPKY_MUVA_PNG.png","contentUrl":"https:\/\/www.spky.fi\/wopr\/wp-content\/uploads\/2024\/06\/SPKY_MUVA_PNG.png","width":3201,"height":3126,"caption":"Suomen Paimenkoirayhdistys ry"},"image":{"@id":"https:\/\/www.spky.fi\/wopr\/#\/schema\/logo\/image\/"},"sameAs":["https:\/\/www.facebook.com\/SuomenPaimenkoirayhdistys"]}]}},"jetpack_sharing_enabled":true,"jetpack_shortlink":"https:\/\/wp.me\/PaLGv4-1N5","_links":{"self":[{"href":"https:\/\/www.spky.fi\/wopr\/wp-json\/wp\/v2\/pages\/6887","targetHints":{"allow":["GET"]}}],"collection":[{"href":"https:\/\/www.spky.fi\/wopr\/wp-json\/wp\/v2\/pages"}],"about":[{"href":"https:\/\/www.spky.fi\/wopr\/wp-json\/wp\/v2\/types\/page"}],"author":[{"embeddable":true,"href":"https:\/\/www.spky.fi\/wopr\/wp-json\/wp\/v2\/users\/2"}],"replies":[{"embeddable":true,"href":"https:\/\/www.spky.fi\/wopr\/wp-json\/wp\/v2\/comments?post=6887"}],"version-history":[{"count":37,"href":"https:\/\/www.spky.fi\/wopr\/wp-json\/wp\/v2\/pages\/6887\/revisions"}],"predecessor-version":[{"id":8571,"href":"https:\/\/www.spky.fi\/wopr\/wp-json\/wp\/v2\/pages\/6887\/revisions\/8571"}],"wp:attachment":[{"href":"https:\/\/www.spky.fi\/wopr\/wp-json\/wp\/v2\/media?parent=6887"}],"curies":[{"name":"wp","href":"https:\/\/api.w.org\/{rel}","templated":true}]}}