{"id":7284,"date":"2025-01-12T13:36:52","date_gmt":"2025-01-12T13:36:52","guid":{"rendered":"https:\/\/www.spky.fi\/wopr\/?page_id=7284"},"modified":"2025-11-04T19:36:18","modified_gmt":"2025-11-04T19:36:18","slug":"kilpailukalenteri-2025","status":"publish","type":"page","link":"https:\/\/www.spky.fi\/wopr\/kilpailukalenteri-2025\/","title":{"rendered":"Kilpailukalenteri 2025"},"content":{"rendered":"<p><\/p>\r\n<h2>Kilpailuihin ilmoittautuminen<\/h2>\r\n<p><br \/>\r\nIlmoittaudu kilpailuihin s\u00e4hk\u00f6postilla osoitteeseen <strong>ilmoittautumiset@spky.fi.<\/strong> Laita viestiin tieto mihin kilpailuun ilmoittaudut ja montako koiraa.<\/p>\r\n<p>Vastauksena saat s\u00e4hk\u00f6postiin ilmoittautumislinkin, johon kirjaat omat ja koiran tiedot. Rajoitetuissa kilpailuissa tulee my\u00f6s tieto, mahdutko mukaan vai varasijalle. Paikat varataan ilmoittautumisj\u00e4rjestyksess\u00e4 <a href=\"https:\/\/www.spky.fi\/wopr\/hallitus-tiedottaa-kilpailuihin-ilmoittautumisista\/\" target=\"_blank\" rel=\"noopener\">hallituksen tiedotteen (10.6.2025) mukaisesti<\/a>. Kilpailunj\u00e4rjest\u00e4jille ja tuomareille voidaan varata paikkoja max. 2 koiraa\/ohjaaja\/luokka.<\/p>\r\n<p>Kilpailumaksu maksetaan kilpailutilille kyseisen kilpailun viitteell\u00e4. Kilpailupaikka vahvistetaan maksamalla kilpailumaksu mahdollisimman pian, kuitenkin viimeist\u00e4\u00e4n kilpailun viimeisen\u00e4 ilmoittautumisp\u00e4iv\u00e4n\u00e4.<\/p>\r\n<p><strong>Kilpailutili on FI19 5016 0620 0402 70<\/strong><\/p>\r\n<p><a href=\"https:\/\/www.spky.fi\/wopr\/maksut\/\" target=\"_blank\" rel=\"noopener\">Muistakaa maksaa j\u00e4senmaksu<\/a> ennen kilpailuihin ilmoittautumista!<br \/>\r\nMuista my\u00f6s, ett\u00e4 rokotustodistukset on aina oltava mukana, kun koiran kanssa osallistutaan yhdistyksen tapahtumiin.<br \/>\r\n<br \/>\r\n<\/p>\r\n<h2>Kilpailukalenteri<\/h2>\r\n<p><\/p>\r\n<ul>\r\n\t<li><span style=\"font-weight: 400;\"><strong>Pe \u2013 Su 21. \u2013 23.3.2025<\/strong> <strong>European Nursery Championship,<\/strong> Ysselsteyn, Alankomaat.\u00a0<\/span> <a href=\"http:\/\/www.nurserychampionship.eu\"><span style=\"font-weight: 400;\">www.nurserychampionship.eu<\/span><\/a><\/li>\r\n\t<li><b>Pe \u2013 Su 2. \u2013 4.5.2025 Halikko, Peppi Laine<\/b>\r\n<ul>\r\n\t<li><b>pe 2.5. 3lk ja 2lk<\/b><\/li>\r\n\t<li><b>la 3.5. 3lk ja 1lk<\/b><\/li>\r\n\t<li><b>su 4.5. 3lk ja 2lk, <\/b>r<span style=\"font-weight: 400;\">ajoitus noin 20-25 koiraa per p\u00e4iv\u00e4. Tuomarit alustavasti Petri Keski-Korpela, P\u00e4ivi Nietosvaara ja Nilla Salonen. <\/span><b>Ilmoittautuminen alkaa ke 23.4.<\/b><span style=\"font-weight: 400;\"> ja p\u00e4\u00e4ttyy la 26.4. Viitenumero <\/span><b>5005.<\/b><\/li>\r\n<\/ul>\r\n<\/li>\r\n\t<li><strong>Pe \u2013 Su 16. \u2013 18.5.2025 Rantasalmi, Tiina Vuorio<br \/>\r\npe 16.5. 3lk, la 17.5. aamu 3lk, su 18.5. ilta 1lk ja 2lk,<\/strong> rajoitus 20 koiraa per p\u00e4iv\u00e4. Tuomarit P\u00e4ivi Nietosvaara ja Heikki Teittinen. Ilmoittautuminen alkaa to 1.5 ja p\u00e4\u00e4ttyy to 8.5. Viitenumero <strong>5018<\/strong><\/li>\r\n\t<li><strong>La &#8211; Su 17. &#8211; 18.5.2025 Rantasalmi, Tiina Vuorio<br \/>\r\nLa ilta 2lk,<\/strong> rajoitus 10 koiraa\/kilpailu, tuomari P\u00e4ivi Nietosvaara.<br \/>\r\n<strong>Su aamu 3lk,<\/strong> rajoitus 20 koiraa\/kilpailu. Tuomari Heikki Teittinen. Ilmoittautuminen alkaa su 11.5. ja p\u00e4\u00e4ttyy 13.5. Viitenumero <strong>5018.<\/strong><\/li>\r\n\t<li><b>La \u2013 Su 17. \u2013 18.5.2025 Kitee, Minna Eronen, 3-luokka (<\/b><b>PERUTTU)\u00a0<\/b>\r\n<ul>\r\n\t<li><b> lauantaina iltakisa ja sunnuntaina aamukisa.<br \/>\r\n<\/b>Rajoitus 20 koiraa per p\u00e4iv\u00e4. <b>Ilmoittautuminen alkaa to 1.5.<\/b> ja p\u00e4\u00e4ttyy to 8.5. Viitenumero <b>5021.<\/b><\/li>\r\n<\/ul>\r\n<\/li>\r\n\t<li><strong>La &#8211; Su 31.5. &#8211; 1.6.2025, Perni\u00f6, Reine Rinne, lauantaina 1lk, 2lk. Ilmoittautuminen alkaa 16.5. <\/strong>ja p\u00e4\u00e4ttyy 23.5. Viitenumero <strong>5047.<\/strong>\r\n<ul>\r\n\t<li><strong> Perni\u00f6 la 31.5 3-luokka: Ilmoittautuminen alkaa 22.5. ja p\u00e4\u00e4ttyy 24.5.<\/strong> Paikkoja on jaossa se m\u00e4\u00e4r\u00e4 mit\u00e4 alemmilta luokilta j\u00e4\u00e4nyt j\u00e4ljelle, kuitenkin v\u00e4hint\u00e4\u00e4n kolme, jotta luokka voidaan ajaa. Viitenumero <strong>5047.<\/strong><\/li>\r\n\t<li><strong>Sunnuntaina 3lk.<\/strong> Rajoitus 15 koiraa\/p\u00e4iv\u00e4. Tuomari P\u00e4ivi Nietosvaara.<strong> Ilmoittautuminen alkaa 16.5.<\/strong> ja p\u00e4\u00e4ttyy 23.5. Viitenumero <strong>5047.<\/strong><\/li>\r\n<\/ul>\r\n<\/li>\r\n\t<li><strong>La \u2013 Su 7. \u2013 8.6.2025 Salo, Katja Suominen,<\/strong> 1lk ja 2 lk molempina p\u00e4ivin\u00e4. Rajoitus 20 koiraa \/p\u00e4iv\u00e4. Tuomari Kari Kotikoski. <strong>Ilmoittautuminen alkaa la 17.5.<\/strong> ja p\u00e4\u00e4ttyy ma 26.5. Viitenumero <strong>5034.<\/strong><\/li>\r\n\t<li><strong>Pe &#8211; Su 20. &#8211; 22.6.2025, Loviisa, Leena Jussila.<\/strong> <strong>Pe 1lk ja 2 lk,<\/strong> rajoitus 28 koiraa\/p\u00e4iv\u00e4. <strong>La ja su 3lk,<\/strong> rajoitus 20 koiraa\/p\u00e4iv\u00e4. <strong>Ilmoittautuminen alkaa ma 9.6.<\/strong> ja p\u00e4\u00e4ttyy 13.6. Viitenumero <strong>5050.<\/strong><\/li>\r\n\t<li><strong>Pe-La 4.-5.7.2025, Salo, Katja Suominen. 3lk molempina p\u00e4ivin\u00e4, jaettuna kahteen l\u00e4ht\u00f6\u00f6n.<\/strong> Rajoitus 20 koiraa\/pv\u00e4. Tuomarit Elisa ja Kari Kotikoski. <strong>Ilmoittautuminen alkaa ma 23.6.<\/strong> ja p\u00e4\u00e4ttyy pe 27.6. Viitenumero <strong>5076.<\/strong><\/li>\r\n\t<li><strong>Ti 22.7.2025, Somero, Marika Klossner. Luokat 1-3,<\/strong> rajoitus 35 koiraa. Tuomari Kimmo Klossner. <strong>Ilmoittautuminen alkaa ma 7.7.<\/strong> ja p\u00e4\u00e4ttyy pe 11.7. Viitenumero <strong>5089.<\/strong><\/li>\r\n\t<li><strong>Pe-Su 25.-27.7.2025. Posio, Mari Paju.<\/strong> <strong>Kaikki luokat joka p\u00e4iv\u00e4, ei rajoituksia. <\/strong>Tuomarit Anja Maria Lehti\u00f6 ja Heikki Teittinen. <strong>Ilmoittautuminen alkaa 15.7.<\/strong> ja p\u00e4\u00e4ttyy 18.7. Viitenumero <strong>5115.<\/strong>\u00a0<br \/>\r\n<strong>Huom! Perjantaina 25.7. mahdollisuus my\u00f6s perusrataan.<\/strong><\/li>\r\n\t<li><strong>La-Su 26.-27.7.2025, Loviisa, Leena Jussila. 3lk<\/strong> molempina p\u00e4ivin\u00e4, tuomarit La Jonas Gustafsson, Ruotsi, ja Su Katri Piilola. Max 25 koiraa\/p\u00e4iv\u00e4.<strong> Ilmoittautuminen alkaa 14.7.<\/strong> ja p\u00e4\u00e4ttyy 18.7. Viitenumero <strong>5102.<\/strong><\/li>\r\n\t<li><strong>La-Su 2.-3.8.2025, Somero, Elisa ja Kari Kotikoski. 3lk molempina p\u00e4ivin\u00e4 jaettuna kahteen l\u00e4ht\u00f6\u00f6n.<\/strong> Noin 20 koiraa\/p\u00e4iv\u00e4, tarkentuu l\u00e4hemp\u00e4n\u00e4. Tuomarit P\u00e4ivi Nietosvaara, Elisa Kotikoski ja Kari Kotikoski. <strong>Ilmoittautuminen alkaa 22.7.<\/strong> ja p\u00e4\u00e4ttyy 25.7. Viitenumero <strong>5092.<\/strong><\/li>\r\n\t<li><strong>Pe \u2013 Su 8. \u2013 10.8.2025 Nauta PM-kilpailut, Karlskoga, Ruotsi<\/strong>\r\n<ul>\r\n\t<li><a href=\"https:\/\/www.facebook.com\/profile.php?id=61572239117660\" target=\"_blank\" rel=\"noopener\">Nauta PM:n sivu Facebookissa<\/a><\/li>\r\n<\/ul>\r\n<\/li>\r\n\t<li><strong>La \u2013 Su 16. \u2013 17.8.2025 Maajoukkueen karsintakilpailu, <b>P\u00e4ivi Nietosvaara, Kiikala<\/b><span style=\"font-weight: 400;\">. <\/span><span style=\"font-weight: 400;\">3lk molempina p\u00e4ivin\u00e4. Tuomari <strong>Finn Petersen,<\/strong> Tanska.<\/span> Ilmoittautuminen alkaa ma 21.7. <\/strong>ja p\u00e4\u00e4ttyy 4.8. Viitenumero<strong> 5063.<\/strong><\/li>\r\n\t<li><b>La-Su 23.-24.8.2025, Loviisa, Leena Jussila. 1lk ja 2lk. <\/b><span style=\"font-weight: 400;\">Molempina p\u00e4ivin\u00e4,<\/span> n<span style=\"font-weight: 400;\">. 25 koiraa\/p\u00e4iv\u00e4, Tuomari Pirjo Koivu.<\/span><b> Ilmoittautuminen alkaa 11.8.<\/b><span style=\"font-weight: 400;\"> ja p\u00e4\u00e4ttyy 14.8. Viitenumero <\/span><b>5128. <\/b><\/li>\r\n\t<li><b>Ke 27.8.2025, Somero, Marika Klossner. Kaikki luokat, <\/b><span style=\"font-weight: 400;\">rajoitus max. 30 koiraa, kilpailut alkavat iltap\u00e4iv\u00e4ll\u00e4, starttij\u00e4rjestys 3-2-1 (aikataulu voi muuttua, jos luvassa hellett\u00e4). Tuomari Kimmo Klossner.<\/span><b> Ilmoittautuminen alkaa 12.8. <\/b><span style=\"font-weight: 400;\">ja p\u00e4\u00e4ttyy 15.8.<\/span> <span style=\"font-weight: 400;\">Viitenumero<\/span><b> 5131.<\/b><\/li>\r\n\t<li><strong>PM-kilpailut 29.-31.8.2025, S\u00f8r-Tr\u00f8ndelag, Norja<\/strong><br \/>\r\n<a href=\"https:\/\/www.nsg.no\/gjeterhund\/gjeterhundprover\/nordisk-mesterskap\/\" target=\"_blank\" rel=\"noopener\">Kilpailun kotisivut (nsg.no)<\/a><\/li>\r\n\t<li><strong>Pe &#8211; La 5. &#8211; 6.9. 2025 Simpele, Helena Pesonen, 3-luokka molempina p\u00e4ivin\u00e4. <\/strong>Max 26 koiraa\/pv. Tuomari Pirjo Koivu. <strong>Ilmoittautuminen alkaa 25.8.<\/strong> ja p\u00e4\u00e4ttyy 28.8. Viitenumero<strong> 5157.<\/strong><\/li>\r\n\t<li><strong>Pe 12.9.2025, Nautakilpailu, Juva, Heikki Teittinen. 1lk ja 2lk (2lk etusijalla).<\/strong> Rajoitus 15 koiraa. Tuomari Heikki Teittinen. Aloitus klo 12:00. <strong>Ilmoittautuminen alkaa ti 2.9.<\/strong> ja p\u00e4\u00e4ttyy 5.9. Viitenumero <strong>5160.<\/strong><\/li>\r\n\t<li><strong>La-Su 13.-14.9.2025 Perni\u00f6, Irmeli Nurminen. La 1-2lk, Su 3lk.<\/strong> Rajoitus 20 koiraa\/pv. Tuomari Petri Keski-Korpela. <strong>Ilmoittautuminen alkaa 1.9.<\/strong> ja p\u00e4\u00e4ttyy 4.9. Viitenumero <strong>5144.<\/strong><\/li>\r\n\t<li><strong>Pe 19.9.2025, Nautakilpailu, Haluna, Eija Huusko. 2lk,<\/strong> rajoitus 12 koiraa. Jos kilpailu j\u00e4\u00e4 vajaaksi, voidaan t\u00e4ytt\u00e4\u00e4 1lk kilpailijoista. Tuomari Riitta Talvela. <strong>Ilmoittautuminen alkaa ma 8.9.<\/strong> ja p\u00e4\u00e4ttyy 11.9. Viitenumero <strong>5173.<\/strong><\/li>\r\n\t<li><strong>Pe-La 19.-20.9.2025, Salo, Katja Suominen. Pe 19.9 1lk ja 3lk, aloitus klo 9. Tuomari Kimmo Klossner. La 2lk ja 3lk. Tuomari Kari Kotikoski.<\/strong> Rajoitus 20 koiraa\/pv. <strong>Ilmoittautuminen alkaa pe 12.9.<\/strong> ja p\u00e4\u00e4ttyy su 14.9. Viitenumero <strong>5225.<\/strong><\/li>\r\n\t<li><strong>To \u2013 Su 18. \u2013 21.9.2025 EM-kilpailut, Tsekki<\/strong><\/li>\r\n\t<li><strong>La &#8211; Su 27.-28.9.2025. Loviisa, Leena Jussila. 1-ja 2-luokan mestaruuskisat.<\/strong> Rajoitus 28 koiraa\/pv. Tuomari Katri Piilola. <strong>Ilmoittautuminen alkaa ti 9.9.<\/strong> ja p\u00e4\u00e4ttyy 12.9. Viitenumero <strong>5186.<\/strong><br \/>\r\n<strong>1-luokan<\/strong> mestaruuskisaan saa osallistua vain alle 3-vuotiaalla koiralla, joka ei ole startannut ylemm\u00e4ss\u00e4 luokassa.<br \/>\r\n<strong>2-luokan<\/strong> mestaruuskisaan saa osallistua vain koiralla, joka ei ole startannut ylemm\u00e4ss\u00e4 luokassa.<\/li>\r\n\t<li><strong>La \u2013 Su 4. \u2013 5.10.2025 Nautamestaruuskilpailut, 2-luokka Juvan Muumaa. <\/strong>15 koiraa ranking-listan perusteella. HUOM! Sama koira ei voi osallistua sek\u00e4 2-luokan kisaan (Juva) ett\u00e4 1-luokan kisaan (Nilsi\u00e4). Kilpailu on maajoukkuekarsinta. <strong>Ilmoittautuminen alkaa ke 10.9.<\/strong> ja p\u00e4\u00e4ttyy 21.9. Viitenumero <strong>5209.\u00a0<\/strong><\/li>\r\n\t<li><strong>Pe \u2013 Su 10. \u2013 12.10.2025 SM-kilpailut, Putkisalo.<\/strong> 3lk, kilpailu on samalla maajoukkueen karsintakilpailu. Tuomari <strong>Anthony Boggy Warmington.<\/strong> Rajoitus 30 koiraa. <strong>Ilmoittautuminen alkaa pe 12.9.<\/strong> ja p\u00e4\u00e4ttyy 26.9. Viitenumero<strong> 5199.<\/strong><\/li>\r\n\t<li><strong>Ma 13.10.2025 Brace-karsintal\u00e4ht\u00f6, Putkisalo. Tuomari Anthony Boggy Warmington.<\/strong> Osallistumismaksu <strong>75e\/koirakko.<\/strong> <strong>Ilmoittautuminen alkaa pe 12.9.<\/strong> ja p\u00e4\u00e4ttyy 26.9. Viitenumero <strong>5238.<\/strong><\/li>\r\n\t<li><strong>La \u2013 Su 18. \u2013 19.10.2025 1-luokan Nautamestaruuskilpailu, Nilsi\u00e4, Eija Huusko.<\/strong> Rajoitus 15 koiraa. T\u00e4ytteen\u00e4 mahdollisesti kakkosluokka. HUOM! Sama koira ei voi osallistua sek\u00e4 2-luokan kisaan (Juva) ett\u00e4 1-luokan kisaan (Nilsi\u00e4). <strong>Ilmoittautuminen alkaa ma 29.9.<\/strong> ja loppuu 2.10. Viitenumero <strong>5212.<\/strong><\/li>\r\n\t<li>\r\n<p><strong>La-Su 1.-2.11.2025 Lammaskilpailu 3lk ja 2lk, Juva, Heikki Teittinen.<\/strong> Rajoitus 12 koiraa\/pv. Lauantaina 3\/2lk etusija 3-lk, su 2\/3lk, etusija 2lk. Haku maks 350 m, ajo, h\u00e4kki, single. Kisa 3 lampaalla, liikkuvia treeniuuhia, kaikkia rotuja. Lopputy\u00f6t saattaa olla hankalia. Pelto hieno kumpupelto, saareke keskell\u00e4. Huom. kelivaraus. <strong>Tuomari Heikki Teittinen. Ilmoittautuminen alkaa ma 20.10.<\/strong>\u00a0ja p\u00e4\u00e4ttyy to 23.10. Viitenumero <strong>5241.\u00a0<\/strong><\/p>\r\n<\/li>\r\n\t<li>\r\n<p><strong>La 8.11.2025 Suomi Nursery, Halikko Peppi Laine. 3-luokan kilpailu vuonna 2022 ja my\u00f6hemmin syntyneille koirille.<\/strong> Ensisijaisesti max 12 koiraa ja ajetaan kaksi starttia per\u00e4kk\u00e4in. <strong>Jos halukkaita on enemm\u00e4n kuin 12, ajetaan vain yksi startti ja silloin max 24 koiraa. Molemmissa tapauksissa mahdolliset ylij\u00e4\u00e4v\u00e4t paikat ovat avoinna muille kolmosluokan koirille. Jos olet kiinnostunut ylij\u00e4\u00e4m\u00e4paikasta, ilmoittaudu ajan alkaessa ja laita viestiin selke\u00e4sti tieto ett\u00e4 yli-ik\u00e4inen koira.<\/strong> Jos kaksi starttia niin kisamaksu x 2, koska ajetaan kaksi l\u00e4ht\u00f6\u00e4. <strong>Vahvistusviestit l\u00e4htee ja maksut suoritetaan poikkeuksellisti vasta ilmoittautumisajan p\u00e4\u00e4tytty\u00e4, kun tiedet\u00e4\u00e4n osallistujam\u00e4\u00e4r\u00e4. Tuomari Robert Ellis. Ilmoittautuminen alkaa ma 27.10 ja p\u00e4\u00e4ttyy ti 28.10. Viitenumero 6004<\/strong><\/p>\r\n<\/li>\r\n<\/ul>\r\n<p>Tulokset julkaistaan kilpailun j\u00e4lkeen kuvana\u00a0<strong><a href=\"https:\/\/www.facebook.com\/groups\/250780659345021\" target=\"_blank\" rel=\"noopener\">SPKY:n Facebook-ryhm\u00e4ss\u00e4\u00a0<\/a><\/strong>sek\u00e4 my\u00f6hemmin <a href=\"https:\/\/www.spky.fi\/wopr\/lahtolistat-ja-tulokset-2025\/\" target=\"_blank\" rel=\"noopener\">nettisivulla.<\/a>\u00a0<\/p>","protected":false},"excerpt":{"rendered":"<p>Kilpailuihin ilmoittautuminen Ilmoittaudu kilpailuihin s\u00e4hk\u00f6postilla osoitteeseen ilmoittautumiset@spky.fi. Laita viestiin tieto mihin kilpailuun ilmoittaudut ja montako koiraa. Vastauksena saat s\u00e4hk\u00f6postiin ilmoittautumislinkin, johon kirjaat omat ja koiran tiedot. Rajoitetuissa kilpailuissa tulee my\u00f6s tieto, mahdutko mukaan vai varasijalle. Paikat varataan ilmoittautumisj\u00e4rjestyksess\u00e4 hallituksen tiedotteen (10.6.2025) mukaisesti. Kilpailunj\u00e4rjest\u00e4jille ja tuomareille voidaan varata paikkoja max. 2 koiraa\/ohjaaja\/luokka. Kilpailumaksu maksetaan kilpailutilille kyseisen &hellip; <a href=\"https:\/\/www.spky.fi\/wopr\/kilpailukalenteri-2025\/\" class=\"more-link\">Jatka lukemista <span class=\"screen-reader-text\">Kilpailukalenteri 2025<\/span> <span class=\"meta-nav\">&rarr;<\/span><\/a><\/p>\n","protected":false},"author":2,"featured_media":0,"parent":0,"menu_order":0,"comment_status":"closed","ping_status":"closed","template":"","meta":{"jetpack_post_was_ever_published":false,"footnotes":""},"class_list":["post-7284","page","type-page","status-publish","hentry"],"yoast_head":"<!-- This site is optimized with the Yoast SEO plugin v27.5 - https:\/\/yoast.com\/product\/yoast-seo-wordpress\/ -->\n<title>Kilpailukalenteri 2025 - Suomen Paimenkoirayhdistys ry<\/title>\n<meta name=\"robots\" content=\"index, follow, max-snippet:-1, max-image-preview:large, max-video-preview:-1\" \/>\n<link rel=\"canonical\" href=\"https:\/\/www.spky.fi\/wopr\/kilpailukalenteri-2025\/\" \/>\n<meta property=\"og:locale\" content=\"fi_FI\" \/>\n<meta property=\"og:type\" content=\"article\" \/>\n<meta property=\"og:title\" content=\"Kilpailukalenteri 2025 - Suomen Paimenkoirayhdistys ry\" \/>\n<meta property=\"og:description\" content=\"Kilpailuihin ilmoittautuminen Ilmoittaudu kilpailuihin s\u00e4hk\u00f6postilla osoitteeseen ilmoittautumiset@spky.fi. Laita viestiin tieto mihin kilpailuun ilmoittaudut ja montako koiraa. Vastauksena saat s\u00e4hk\u00f6postiin ilmoittautumislinkin, johon kirjaat omat ja koiran tiedot. Rajoitetuissa kilpailuissa tulee my\u00f6s tieto, mahdutko mukaan vai varasijalle. Paikat varataan ilmoittautumisj\u00e4rjestyksess\u00e4 hallituksen tiedotteen (10.6.2025) mukaisesti. Kilpailunj\u00e4rjest\u00e4jille ja tuomareille voidaan varata paikkoja max. 2 koiraa\/ohjaaja\/luokka. Kilpailumaksu maksetaan kilpailutilille kyseisen &hellip; Jatka lukemista Kilpailukalenteri 2025 &rarr;\" \/>\n<meta property=\"og:url\" content=\"https:\/\/www.spky.fi\/wopr\/kilpailukalenteri-2025\/\" \/>\n<meta property=\"og:site_name\" content=\"Suomen Paimenkoirayhdistys ry\" \/>\n<meta property=\"article:publisher\" content=\"https:\/\/www.facebook.com\/SuomenPaimenkoirayhdistys\" \/>\n<meta property=\"article:modified_time\" content=\"2025-11-04T19:36:18+00:00\" \/>\n<meta name=\"twitter:card\" content=\"summary_large_image\" \/>\n<meta name=\"twitter:label1\" content=\"Arvioitu lukuaika\" \/>\n\t<meta name=\"twitter:data1\" content=\"7 minuuttia\" \/>\n<script type=\"application\/ld+json\" class=\"yoast-schema-graph\">{\"@context\":\"https:\\\/\\\/schema.org\",\"@graph\":[{\"@type\":\"WebPage\",\"@id\":\"https:\\\/\\\/www.spky.fi\\\/wopr\\\/kilpailukalenteri-2025\\\/\",\"url\":\"https:\\\/\\\/www.spky.fi\\\/wopr\\\/kilpailukalenteri-2025\\\/\",\"name\":\"Kilpailukalenteri 2025 - Suomen Paimenkoirayhdistys ry\",\"isPartOf\":{\"@id\":\"https:\\\/\\\/www.spky.fi\\\/wopr\\\/#website\"},\"datePublished\":\"2025-01-12T13:36:52+00:00\",\"dateModified\":\"2025-11-04T19:36:18+00:00\",\"breadcrumb\":{\"@id\":\"https:\\\/\\\/www.spky.fi\\\/wopr\\\/kilpailukalenteri-2025\\\/#breadcrumb\"},\"inLanguage\":\"fi\",\"potentialAction\":[{\"@type\":\"ReadAction\",\"target\":[\"https:\\\/\\\/www.spky.fi\\\/wopr\\\/kilpailukalenteri-2025\\\/\"]}]},{\"@type\":\"BreadcrumbList\",\"@id\":\"https:\\\/\\\/www.spky.fi\\\/wopr\\\/kilpailukalenteri-2025\\\/#breadcrumb\",\"itemListElement\":[{\"@type\":\"ListItem\",\"position\":1,\"name\":\"Etusivu\",\"item\":\"https:\\\/\\\/www.spky.fi\\\/wopr\\\/\"},{\"@type\":\"ListItem\",\"position\":2,\"name\":\"Kilpailukalenteri 2025\"}]},{\"@type\":\"WebSite\",\"@id\":\"https:\\\/\\\/www.spky.fi\\\/wopr\\\/#website\",\"url\":\"https:\\\/\\\/www.spky.fi\\\/wopr\\\/\",\"name\":\"Suomen Paimenkoirayhdistys ry\",\"description\":\"Suomen Paimenkoirayhdistys edist&auml;&auml; paimenkoirien ty&ouml;k&auml;ytt&ouml;&auml;. Yhdistys auttaa paimenkoirakurssien, harjoitusten, kilpailujen ja n&auml;yt&ouml;sten j&auml;rjest&auml;misess&auml;.\",\"publisher\":{\"@id\":\"https:\\\/\\\/www.spky.fi\\\/wopr\\\/#organization\"},\"potentialAction\":[{\"@type\":\"SearchAction\",\"target\":{\"@type\":\"EntryPoint\",\"urlTemplate\":\"https:\\\/\\\/www.spky.fi\\\/wopr\\\/?s={search_term_string}\"},\"query-input\":{\"@type\":\"PropertyValueSpecification\",\"valueRequired\":true,\"valueName\":\"search_term_string\"}}],\"inLanguage\":\"fi\"},{\"@type\":\"Organization\",\"@id\":\"https:\\\/\\\/www.spky.fi\\\/wopr\\\/#organization\",\"name\":\"Suomen Paimenkoirayhdistys ry\",\"url\":\"https:\\\/\\\/www.spky.fi\\\/wopr\\\/\",\"logo\":{\"@type\":\"ImageObject\",\"inLanguage\":\"fi\",\"@id\":\"https:\\\/\\\/www.spky.fi\\\/wopr\\\/#\\\/schema\\\/logo\\\/image\\\/\",\"url\":\"https:\\\/\\\/www.spky.fi\\\/wopr\\\/wp-content\\\/uploads\\\/2024\\\/06\\\/SPKY_MUVA_PNG.png\",\"contentUrl\":\"https:\\\/\\\/www.spky.fi\\\/wopr\\\/wp-content\\\/uploads\\\/2024\\\/06\\\/SPKY_MUVA_PNG.png\",\"width\":3201,\"height\":3126,\"caption\":\"Suomen Paimenkoirayhdistys ry\"},\"image\":{\"@id\":\"https:\\\/\\\/www.spky.fi\\\/wopr\\\/#\\\/schema\\\/logo\\\/image\\\/\"},\"sameAs\":[\"https:\\\/\\\/www.facebook.com\\\/SuomenPaimenkoirayhdistys\"]}]}<\/script>\n<!-- \/ Yoast SEO plugin. -->","yoast_head_json":{"title":"Kilpailukalenteri 2025 - Suomen Paimenkoirayhdistys ry","robots":{"index":"index","follow":"follow","max-snippet":"max-snippet:-1","max-image-preview":"max-image-preview:large","max-video-preview":"max-video-preview:-1"},"canonical":"https:\/\/www.spky.fi\/wopr\/kilpailukalenteri-2025\/","og_locale":"fi_FI","og_type":"article","og_title":"Kilpailukalenteri 2025 - Suomen Paimenkoirayhdistys ry","og_description":"Kilpailuihin ilmoittautuminen Ilmoittaudu kilpailuihin s\u00e4hk\u00f6postilla osoitteeseen ilmoittautumiset@spky.fi. Laita viestiin tieto mihin kilpailuun ilmoittaudut ja montako koiraa. Vastauksena saat s\u00e4hk\u00f6postiin ilmoittautumislinkin, johon kirjaat omat ja koiran tiedot. Rajoitetuissa kilpailuissa tulee my\u00f6s tieto, mahdutko mukaan vai varasijalle. Paikat varataan ilmoittautumisj\u00e4rjestyksess\u00e4 hallituksen tiedotteen (10.6.2025) mukaisesti. Kilpailunj\u00e4rjest\u00e4jille ja tuomareille voidaan varata paikkoja max. 2 koiraa\/ohjaaja\/luokka. Kilpailumaksu maksetaan kilpailutilille kyseisen &hellip; Jatka lukemista Kilpailukalenteri 2025 &rarr;","og_url":"https:\/\/www.spky.fi\/wopr\/kilpailukalenteri-2025\/","og_site_name":"Suomen Paimenkoirayhdistys ry","article_publisher":"https:\/\/www.facebook.com\/SuomenPaimenkoirayhdistys","article_modified_time":"2025-11-04T19:36:18+00:00","twitter_card":"summary_large_image","twitter_misc":{"Arvioitu lukuaika":"7 minuuttia"},"schema":{"@context":"https:\/\/schema.org","@graph":[{"@type":"WebPage","@id":"https:\/\/www.spky.fi\/wopr\/kilpailukalenteri-2025\/","url":"https:\/\/www.spky.fi\/wopr\/kilpailukalenteri-2025\/","name":"Kilpailukalenteri 2025 - Suomen Paimenkoirayhdistys ry","isPartOf":{"@id":"https:\/\/www.spky.fi\/wopr\/#website"},"datePublished":"2025-01-12T13:36:52+00:00","dateModified":"2025-11-04T19:36:18+00:00","breadcrumb":{"@id":"https:\/\/www.spky.fi\/wopr\/kilpailukalenteri-2025\/#breadcrumb"},"inLanguage":"fi","potentialAction":[{"@type":"ReadAction","target":["https:\/\/www.spky.fi\/wopr\/kilpailukalenteri-2025\/"]}]},{"@type":"BreadcrumbList","@id":"https:\/\/www.spky.fi\/wopr\/kilpailukalenteri-2025\/#breadcrumb","itemListElement":[{"@type":"ListItem","position":1,"name":"Etusivu","item":"https:\/\/www.spky.fi\/wopr\/"},{"@type":"ListItem","position":2,"name":"Kilpailukalenteri 2025"}]},{"@type":"WebSite","@id":"https:\/\/www.spky.fi\/wopr\/#website","url":"https:\/\/www.spky.fi\/wopr\/","name":"Suomen Paimenkoirayhdistys ry","description":"Suomen Paimenkoirayhdistys edist&auml;&auml; paimenkoirien ty&ouml;k&auml;ytt&ouml;&auml;. Yhdistys auttaa paimenkoirakurssien, harjoitusten, kilpailujen ja n&auml;yt&ouml;sten j&auml;rjest&auml;misess&auml;.","publisher":{"@id":"https:\/\/www.spky.fi\/wopr\/#organization"},"potentialAction":[{"@type":"SearchAction","target":{"@type":"EntryPoint","urlTemplate":"https:\/\/www.spky.fi\/wopr\/?s={search_term_string}"},"query-input":{"@type":"PropertyValueSpecification","valueRequired":true,"valueName":"search_term_string"}}],"inLanguage":"fi"},{"@type":"Organization","@id":"https:\/\/www.spky.fi\/wopr\/#organization","name":"Suomen Paimenkoirayhdistys ry","url":"https:\/\/www.spky.fi\/wopr\/","logo":{"@type":"ImageObject","inLanguage":"fi","@id":"https:\/\/www.spky.fi\/wopr\/#\/schema\/logo\/image\/","url":"https:\/\/www.spky.fi\/wopr\/wp-content\/uploads\/2024\/06\/SPKY_MUVA_PNG.png","contentUrl":"https:\/\/www.spky.fi\/wopr\/wp-content\/uploads\/2024\/06\/SPKY_MUVA_PNG.png","width":3201,"height":3126,"caption":"Suomen Paimenkoirayhdistys ry"},"image":{"@id":"https:\/\/www.spky.fi\/wopr\/#\/schema\/logo\/image\/"},"sameAs":["https:\/\/www.facebook.com\/SuomenPaimenkoirayhdistys"]}]}},"jetpack_sharing_enabled":true,"jetpack_shortlink":"https:\/\/wp.me\/PaLGv4-1Tu","_links":{"self":[{"href":"https:\/\/www.spky.fi\/wopr\/wp-json\/wp\/v2\/pages\/7284","targetHints":{"allow":["GET"]}}],"collection":[{"href":"https:\/\/www.spky.fi\/wopr\/wp-json\/wp\/v2\/pages"}],"about":[{"href":"https:\/\/www.spky.fi\/wopr\/wp-json\/wp\/v2\/types\/page"}],"author":[{"embeddable":true,"href":"https:\/\/www.spky.fi\/wopr\/wp-json\/wp\/v2\/users\/2"}],"replies":[{"embeddable":true,"href":"https:\/\/www.spky.fi\/wopr\/wp-json\/wp\/v2\/comments?post=7284"}],"version-history":[{"count":63,"href":"https:\/\/www.spky.fi\/wopr\/wp-json\/wp\/v2\/pages\/7284\/revisions"}],"predecessor-version":[{"id":8215,"href":"https:\/\/www.spky.fi\/wopr\/wp-json\/wp\/v2\/pages\/7284\/revisions\/8215"}],"wp:attachment":[{"href":"https:\/\/www.spky.fi\/wopr\/wp-json\/wp\/v2\/media?parent=7284"}],"curies":[{"name":"wp","href":"https:\/\/api.w.org\/{rel}","templated":true}]}}