{"id":7508,"date":"2025-03-26T19:46:40","date_gmt":"2025-03-26T19:46:40","guid":{"rendered":"https:\/\/www.spky.fi\/wopr\/?page_id=7508"},"modified":"2025-03-27T20:31:27","modified_gmt":"2025-03-27T20:31:27","slug":"hae-kurssitukea","status":"publish","type":"page","link":"https:\/\/www.spky.fi\/wopr\/hae-kurssitukea\/","title":{"rendered":"Hae kurssitukea"},"content":{"rendered":"<p>Yhdistys on vuosikausia pyrkinyt tukemaan kotimaassa j\u00e4rjestett\u00e4vi\u00e4 paimennuskursseja.<br \/>\nKurssituen tarkoitus on madaltaa kurssien j\u00e4rjest\u00e4miskynnyst\u00e4, tarjota j\u00e4senist\u00f6lle tasapuolisia<br \/>\nja kohtuuhintaisia koulutustilaisuuksia sek\u00e4 m\u00e4\u00e4ritell\u00e4 ja edist\u00e4\u00e4 yhdistyksen tavoitteiden<br \/>\nmukaista koulutusta.<\/p>\n<p>Kurssitukea kurssin j\u00e4rjest\u00e4j\u00e4 voi hakea joko kotimaisen kouluttajan matkakuluihin 0,20 \u20ac \/ km\/ kouluttaja \/ kurssi, max 200 \u20ac \/ kurssi<br \/>\ntai yleist\u00e4 kurssitukea enint\u00e4\u00e4n 150 \u20ac \/ pv\u00e4 ja max 600 \u20ac \/ kurssij\u00e4rjest\u00e4j\u00e4 \/ vuosi.<br \/>\nKurssituki on tarkoitettu j\u00e4senille. Ei-j\u00e4senille kurssihinnan oltava v\u00e4hint\u00e4\u00e4n j\u00e4senmaksun verran (35 \u20ac) kalliimpi.<\/p>\n<p>SPKY:n tukemien kurssien tulee l\u00e4ht\u00f6kohtaisesti olla avoimia yhdistyksen j\u00e4senille. Niist\u00e4 on ilmoitettava hyviss\u00e4 ajoin ennen ilmoittautumisajan alkamista yhdistyksen kotisivuilla ja somessa. Ilmoitukset Paimenpostissa ovat my\u00f6s toivottavia, mik\u00e4li ne ovat ajoituksen puolesta mahdollista.<\/p>\n<p>Koirien ja ohjaajien osaamistason mukaiset osallistumisrajoitukset ovat mahdollisia. Mik\u00e4li kurssi on (ulkomaalaisen) tuomarin pit\u00e4m\u00e4, ja se j\u00e4rjestet\u00e4\u00e4n ennen maajoukkueen karsintakilpailua, jossa kurssittaja\/tuomari tuomaroi, eiv\u00e4t kilpailuun osallistuvat ohjaajat voi osallistua kurssille.<\/p>\n<p>Kurssien minimiosallistuja m\u00e4\u00e4r\u00e4 on kuusi koiraa per p\u00e4iv\u00e4, joista v\u00e4hint\u00e4\u00e4n viiden tulee olla j\u00e4rjest\u00e4v\u00e4n tilan ulkopuolisia koiria. Viime hetken perumisten takia kurssitukea ei v\u00e4ltt\u00e4m\u00e4tt\u00e4 ev\u00e4t\u00e4.<\/p>\n<p>J\u00e4rjest\u00e4j\u00e4n ja kouluttajan tulee tutustua ja sitoutua yhdistyksen eettisiin ohjeisiin: <a href=\"https:\/\/www.spky.fi\/wopr\/hyva-tapa-toimia-paimennuksessa\/\" target=\"_blank\" rel=\"noopener\">Hyv\u00e4 tapa toimia paimennuksessa.<\/a> Ulkomaalaisille kouluttajille l\u00f6ytyy<a href=\"https:\/\/www.spky.fi\/wopr\/guide-to-good-practice-in-sheep-and-cattle-herding\/\" target=\"_blank\" rel=\"noopener\"> lyhennetty englanninkielinen versio.<\/a><\/p>\n<p>Mahdollisista (hyvinvointiin liittyvist\u00e4) poikkeamista kurssin aikana tulee raportoida eettiselle toimikunnalle. Kurssista t\u00e4ytet\u00e4\u00e4n sen toteuduttua my\u00f6s <a href=\"https:\/\/www.spky.fi\/wopr\/wp-content\/uploads\/2025\/03\/OMAVALVONTASUUNNITELMA-SPKY.pdf\" target=\"_blank\" rel=\"noopener\">yhdistyksen Omavalvontalomake,<\/a> joka palautetaan Harjoitus- ja kurssitoimikunnalle.<\/p>\n<p>Kurssituetuista kursseista tulee tehd\u00e4 juttu Paimenpostiin. Jutuissa p\u00e4\u00e4asiassa saisivat olla erityisesti kurssin koulutukselliseen antiin liittyv\u00e4t asiat. Kurssitukihakemus tulee tehd\u00e4 viimeist\u00e4\u00e4n kurssia edelt\u00e4v\u00e4n t\u00e4yden kuukauden 1. p\u00e4iv\u00e4n\u00e4. Se toimitetaan silloin harjoitus- ja kurssitoimikunnalle.<\/p>\n<p>Kurssi-ilmoituksen saa julkaista vasta, kun kurssituki on hallituksessa hyv\u00e4ksytty. Yleens\u00e4 hallituksen kuukausittaiset kokoukset pidet\u00e4\u00e4n kuun puoliv\u00e4liin menness\u00e4. <a href=\"https:\/\/www.spky.fi\/wopr\/wp-content\/uploads\/2025\/03\/Kurssitukihakemuspohja-SPKY-2024.xlsx\" target=\"_blank\" rel=\"noopener\">Kurssituen hakemista varten on saatavilla budjettipohja, jonka voi tulostaa t\u00e4st\u00e4 (excel)<\/a> tai pyyt\u00e4\u00e4 Harjoitus- ja kurssitoimikunnalta (anne.konsti@gmail.com).<\/p>\n<p>Hakemuksesta tulee v\u00e4hint\u00e4\u00e4n ilmet\u00e4:<\/p>\n<ul>\n<li>kurssin ajankohta, kouluttaja, j\u00e4rjest\u00e4j\u00e4 ja paikka sek\u00e4 mill\u00e4 el\u00e4imill\u00e4 kurssi j\u00e4rjestet\u00e4\u00e4n\u00a0<\/li>\n<li>montako osallistujaa otetaan kurssille, kurssin hinta j\u00e4senille ja ei-j\u00e4senille<\/li>\n<li>ilmoittautumisohjeet ja -aikataulu<\/li>\n<li>kurssin j\u00e4rjest\u00e4j\u00e4n tilinumero ja yhteystiedot<\/li>\n<li>teksti yhdistyksen eri kanaviin, jolla kurssista ilmoitetaan<\/li>\n<\/ul>\n<p>Ota huomioon, ett\u00e4 kurssituki on alv 0%, samoin kuin alv-velvollisenkin j\u00e4rjest\u00e4j\u00e4n tilavuokra (voi sis\u00e4lt\u00e4\u00e4 niin tilat kuin el\u00e4imet).<\/p>\n<h2>Ohjeet osallistujille<\/h2>\n<p>Suosittelemme l\u00e4hett\u00e4m\u00e4\u00e4n kurssilaisille etuk\u00e4teen <a href=\"https:\/\/www.spky.fi\/wopr\/kurssikirjeen-malli\/\" target=\"_blank\" rel=\"noopener\">kurssikirjeen, jossa kerrotaan kurssiin liittyv\u00e4t k\u00e4yt\u00e4nn\u00f6n asiat<\/a> ja ohjeet sek\u00e4 kunkin vastuut kurssin aikana.<\/p>\n<h4>Muista kurssitukea hakiessasi<\/h4>\n<ul>\n<li>\u00a0ole ajoissa ja tutustu kurssituen ehtoihin<\/li>\n<li>ota yhteytt\u00e4 Harjoitus- ja kurssitoimikunnan Anne Konstiin, 040-6696300, anne.konsti@gmail.com \u2013 saat kurssituen budjettipohjan<\/li>\n<li>tee hakemus huolellisesti<\/li>\n<li>perehdyt\u00e4 kurssittaja ja kurssilaiset hyvin etuk\u00e4teen<\/li>\n<li>ota kuvia ja tee juttu Paimenpostiin kurssin j\u00e4lkeen<\/li>\n<\/ul>\n","protected":false},"excerpt":{"rendered":"<p>Yhdistys on vuosikausia pyrkinyt tukemaan kotimaassa j\u00e4rjestett\u00e4vi\u00e4 paimennuskursseja. Kurssituen tarkoitus on madaltaa kurssien j\u00e4rjest\u00e4miskynnyst\u00e4, tarjota j\u00e4senist\u00f6lle tasapuolisia ja kohtuuhintaisia koulutustilaisuuksia sek\u00e4 m\u00e4\u00e4ritell\u00e4 ja edist\u00e4\u00e4 yhdistyksen tavoitteiden mukaista koulutusta. Kurssitukea kurssin j\u00e4rjest\u00e4j\u00e4 voi hakea joko kotimaisen kouluttajan matkakuluihin 0,20 \u20ac \/ km\/ kouluttaja \/ kurssi, max 200 \u20ac \/ kurssi tai yleist\u00e4 kurssitukea enint\u00e4\u00e4n 150 \u20ac &hellip; <a href=\"https:\/\/www.spky.fi\/wopr\/hae-kurssitukea\/\" class=\"more-link\">Jatka lukemista <span class=\"screen-reader-text\">Hae kurssitukea<\/span> <span class=\"meta-nav\">&rarr;<\/span><\/a><\/p>\n","protected":false},"author":2,"featured_media":0,"parent":0,"menu_order":0,"comment_status":"closed","ping_status":"closed","template":"","meta":{"jetpack_post_was_ever_published":false,"footnotes":""},"class_list":["post-7508","page","type-page","status-publish","hentry"],"yoast_head":"<!-- This site is optimized with the Yoast SEO plugin v27.4 - https:\/\/yoast.com\/product\/yoast-seo-wordpress\/ -->\n<title>Hae kurssitukea - Suomen Paimenkoirayhdistys ry<\/title>\n<meta name=\"robots\" content=\"index, follow, max-snippet:-1, max-image-preview:large, max-video-preview:-1\" \/>\n<link rel=\"canonical\" href=\"https:\/\/www.spky.fi\/wopr\/hae-kurssitukea\/\" \/>\n<meta property=\"og:locale\" content=\"fi_FI\" \/>\n<meta property=\"og:type\" content=\"article\" \/>\n<meta property=\"og:title\" content=\"Hae kurssitukea - Suomen Paimenkoirayhdistys ry\" \/>\n<meta property=\"og:description\" content=\"Yhdistys on vuosikausia pyrkinyt tukemaan kotimaassa j\u00e4rjestett\u00e4vi\u00e4 paimennuskursseja. Kurssituen tarkoitus on madaltaa kurssien j\u00e4rjest\u00e4miskynnyst\u00e4, tarjota j\u00e4senist\u00f6lle tasapuolisia ja kohtuuhintaisia koulutustilaisuuksia sek\u00e4 m\u00e4\u00e4ritell\u00e4 ja edist\u00e4\u00e4 yhdistyksen tavoitteiden mukaista koulutusta. Kurssitukea kurssin j\u00e4rjest\u00e4j\u00e4 voi hakea joko kotimaisen kouluttajan matkakuluihin 0,20 \u20ac \/ km\/ kouluttaja \/ kurssi, max 200 \u20ac \/ kurssi tai yleist\u00e4 kurssitukea enint\u00e4\u00e4n 150 \u20ac &hellip; Jatka lukemista Hae kurssitukea &rarr;\" \/>\n<meta property=\"og:url\" content=\"https:\/\/www.spky.fi\/wopr\/hae-kurssitukea\/\" \/>\n<meta property=\"og:site_name\" content=\"Suomen Paimenkoirayhdistys ry\" \/>\n<meta property=\"article:publisher\" content=\"https:\/\/www.facebook.com\/SuomenPaimenkoirayhdistys\" \/>\n<meta property=\"article:modified_time\" content=\"2025-03-27T20:31:27+00:00\" \/>\n<meta name=\"twitter:card\" content=\"summary_large_image\" \/>\n<meta name=\"twitter:label1\" content=\"Arvioitu lukuaika\" \/>\n\t<meta name=\"twitter:data1\" content=\"3 minuuttia\" \/>\n<script type=\"application\/ld+json\" class=\"yoast-schema-graph\">{\"@context\":\"https:\\\/\\\/schema.org\",\"@graph\":[{\"@type\":\"WebPage\",\"@id\":\"https:\\\/\\\/www.spky.fi\\\/wopr\\\/hae-kurssitukea\\\/\",\"url\":\"https:\\\/\\\/www.spky.fi\\\/wopr\\\/hae-kurssitukea\\\/\",\"name\":\"Hae kurssitukea - Suomen Paimenkoirayhdistys ry\",\"isPartOf\":{\"@id\":\"https:\\\/\\\/www.spky.fi\\\/wopr\\\/#website\"},\"datePublished\":\"2025-03-26T19:46:40+00:00\",\"dateModified\":\"2025-03-27T20:31:27+00:00\",\"breadcrumb\":{\"@id\":\"https:\\\/\\\/www.spky.fi\\\/wopr\\\/hae-kurssitukea\\\/#breadcrumb\"},\"inLanguage\":\"fi\",\"potentialAction\":[{\"@type\":\"ReadAction\",\"target\":[\"https:\\\/\\\/www.spky.fi\\\/wopr\\\/hae-kurssitukea\\\/\"]}]},{\"@type\":\"BreadcrumbList\",\"@id\":\"https:\\\/\\\/www.spky.fi\\\/wopr\\\/hae-kurssitukea\\\/#breadcrumb\",\"itemListElement\":[{\"@type\":\"ListItem\",\"position\":1,\"name\":\"Etusivu\",\"item\":\"https:\\\/\\\/www.spky.fi\\\/wopr\\\/\"},{\"@type\":\"ListItem\",\"position\":2,\"name\":\"Hae kurssitukea\"}]},{\"@type\":\"WebSite\",\"@id\":\"https:\\\/\\\/www.spky.fi\\\/wopr\\\/#website\",\"url\":\"https:\\\/\\\/www.spky.fi\\\/wopr\\\/\",\"name\":\"Suomen Paimenkoirayhdistys ry\",\"description\":\"Suomen Paimenkoirayhdistys edist&auml;&auml; paimenkoirien ty&ouml;k&auml;ytt&ouml;&auml;. Yhdistys auttaa paimenkoirakurssien, harjoitusten, kilpailujen ja n&auml;yt&ouml;sten j&auml;rjest&auml;misess&auml;.\",\"publisher\":{\"@id\":\"https:\\\/\\\/www.spky.fi\\\/wopr\\\/#organization\"},\"potentialAction\":[{\"@type\":\"SearchAction\",\"target\":{\"@type\":\"EntryPoint\",\"urlTemplate\":\"https:\\\/\\\/www.spky.fi\\\/wopr\\\/?s={search_term_string}\"},\"query-input\":{\"@type\":\"PropertyValueSpecification\",\"valueRequired\":true,\"valueName\":\"search_term_string\"}}],\"inLanguage\":\"fi\"},{\"@type\":\"Organization\",\"@id\":\"https:\\\/\\\/www.spky.fi\\\/wopr\\\/#organization\",\"name\":\"Suomen Paimenkoirayhdistys ry\",\"url\":\"https:\\\/\\\/www.spky.fi\\\/wopr\\\/\",\"logo\":{\"@type\":\"ImageObject\",\"inLanguage\":\"fi\",\"@id\":\"https:\\\/\\\/www.spky.fi\\\/wopr\\\/#\\\/schema\\\/logo\\\/image\\\/\",\"url\":\"https:\\\/\\\/www.spky.fi\\\/wopr\\\/wp-content\\\/uploads\\\/2024\\\/06\\\/SPKY_MUVA_PNG.png\",\"contentUrl\":\"https:\\\/\\\/www.spky.fi\\\/wopr\\\/wp-content\\\/uploads\\\/2024\\\/06\\\/SPKY_MUVA_PNG.png\",\"width\":3201,\"height\":3126,\"caption\":\"Suomen Paimenkoirayhdistys ry\"},\"image\":{\"@id\":\"https:\\\/\\\/www.spky.fi\\\/wopr\\\/#\\\/schema\\\/logo\\\/image\\\/\"},\"sameAs\":[\"https:\\\/\\\/www.facebook.com\\\/SuomenPaimenkoirayhdistys\"]}]}<\/script>\n<!-- \/ Yoast SEO plugin. -->","yoast_head_json":{"title":"Hae kurssitukea - Suomen Paimenkoirayhdistys ry","robots":{"index":"index","follow":"follow","max-snippet":"max-snippet:-1","max-image-preview":"max-image-preview:large","max-video-preview":"max-video-preview:-1"},"canonical":"https:\/\/www.spky.fi\/wopr\/hae-kurssitukea\/","og_locale":"fi_FI","og_type":"article","og_title":"Hae kurssitukea - Suomen Paimenkoirayhdistys ry","og_description":"Yhdistys on vuosikausia pyrkinyt tukemaan kotimaassa j\u00e4rjestett\u00e4vi\u00e4 paimennuskursseja. Kurssituen tarkoitus on madaltaa kurssien j\u00e4rjest\u00e4miskynnyst\u00e4, tarjota j\u00e4senist\u00f6lle tasapuolisia ja kohtuuhintaisia koulutustilaisuuksia sek\u00e4 m\u00e4\u00e4ritell\u00e4 ja edist\u00e4\u00e4 yhdistyksen tavoitteiden mukaista koulutusta. Kurssitukea kurssin j\u00e4rjest\u00e4j\u00e4 voi hakea joko kotimaisen kouluttajan matkakuluihin 0,20 \u20ac \/ km\/ kouluttaja \/ kurssi, max 200 \u20ac \/ kurssi tai yleist\u00e4 kurssitukea enint\u00e4\u00e4n 150 \u20ac &hellip; Jatka lukemista Hae kurssitukea &rarr;","og_url":"https:\/\/www.spky.fi\/wopr\/hae-kurssitukea\/","og_site_name":"Suomen Paimenkoirayhdistys ry","article_publisher":"https:\/\/www.facebook.com\/SuomenPaimenkoirayhdistys","article_modified_time":"2025-03-27T20:31:27+00:00","twitter_card":"summary_large_image","twitter_misc":{"Arvioitu lukuaika":"3 minuuttia"},"schema":{"@context":"https:\/\/schema.org","@graph":[{"@type":"WebPage","@id":"https:\/\/www.spky.fi\/wopr\/hae-kurssitukea\/","url":"https:\/\/www.spky.fi\/wopr\/hae-kurssitukea\/","name":"Hae kurssitukea - Suomen Paimenkoirayhdistys ry","isPartOf":{"@id":"https:\/\/www.spky.fi\/wopr\/#website"},"datePublished":"2025-03-26T19:46:40+00:00","dateModified":"2025-03-27T20:31:27+00:00","breadcrumb":{"@id":"https:\/\/www.spky.fi\/wopr\/hae-kurssitukea\/#breadcrumb"},"inLanguage":"fi","potentialAction":[{"@type":"ReadAction","target":["https:\/\/www.spky.fi\/wopr\/hae-kurssitukea\/"]}]},{"@type":"BreadcrumbList","@id":"https:\/\/www.spky.fi\/wopr\/hae-kurssitukea\/#breadcrumb","itemListElement":[{"@type":"ListItem","position":1,"name":"Etusivu","item":"https:\/\/www.spky.fi\/wopr\/"},{"@type":"ListItem","position":2,"name":"Hae kurssitukea"}]},{"@type":"WebSite","@id":"https:\/\/www.spky.fi\/wopr\/#website","url":"https:\/\/www.spky.fi\/wopr\/","name":"Suomen Paimenkoirayhdistys ry","description":"Suomen Paimenkoirayhdistys edist&auml;&auml; paimenkoirien ty&ouml;k&auml;ytt&ouml;&auml;. Yhdistys auttaa paimenkoirakurssien, harjoitusten, kilpailujen ja n&auml;yt&ouml;sten j&auml;rjest&auml;misess&auml;.","publisher":{"@id":"https:\/\/www.spky.fi\/wopr\/#organization"},"potentialAction":[{"@type":"SearchAction","target":{"@type":"EntryPoint","urlTemplate":"https:\/\/www.spky.fi\/wopr\/?s={search_term_string}"},"query-input":{"@type":"PropertyValueSpecification","valueRequired":true,"valueName":"search_term_string"}}],"inLanguage":"fi"},{"@type":"Organization","@id":"https:\/\/www.spky.fi\/wopr\/#organization","name":"Suomen Paimenkoirayhdistys ry","url":"https:\/\/www.spky.fi\/wopr\/","logo":{"@type":"ImageObject","inLanguage":"fi","@id":"https:\/\/www.spky.fi\/wopr\/#\/schema\/logo\/image\/","url":"https:\/\/www.spky.fi\/wopr\/wp-content\/uploads\/2024\/06\/SPKY_MUVA_PNG.png","contentUrl":"https:\/\/www.spky.fi\/wopr\/wp-content\/uploads\/2024\/06\/SPKY_MUVA_PNG.png","width":3201,"height":3126,"caption":"Suomen Paimenkoirayhdistys ry"},"image":{"@id":"https:\/\/www.spky.fi\/wopr\/#\/schema\/logo\/image\/"},"sameAs":["https:\/\/www.facebook.com\/SuomenPaimenkoirayhdistys"]}]}},"jetpack_sharing_enabled":true,"jetpack_shortlink":"https:\/\/wp.me\/PaLGv4-1X6","_links":{"self":[{"href":"https:\/\/www.spky.fi\/wopr\/wp-json\/wp\/v2\/pages\/7508","targetHints":{"allow":["GET"]}}],"collection":[{"href":"https:\/\/www.spky.fi\/wopr\/wp-json\/wp\/v2\/pages"}],"about":[{"href":"https:\/\/www.spky.fi\/wopr\/wp-json\/wp\/v2\/types\/page"}],"author":[{"embeddable":true,"href":"https:\/\/www.spky.fi\/wopr\/wp-json\/wp\/v2\/users\/2"}],"replies":[{"embeddable":true,"href":"https:\/\/www.spky.fi\/wopr\/wp-json\/wp\/v2\/comments?post=7508"}],"version-history":[{"count":8,"href":"https:\/\/www.spky.fi\/wopr\/wp-json\/wp\/v2\/pages\/7508\/revisions"}],"predecessor-version":[{"id":7534,"href":"https:\/\/www.spky.fi\/wopr\/wp-json\/wp\/v2\/pages\/7508\/revisions\/7534"}],"wp:attachment":[{"href":"https:\/\/www.spky.fi\/wopr\/wp-json\/wp\/v2\/media?parent=7508"}],"curies":[{"name":"wp","href":"https:\/\/api.w.org\/{rel}","templated":true}]}}