{"id":77,"date":"2018-01-04T11:52:57","date_gmt":"2018-01-04T11:52:57","guid":{"rendered":"http:\/\/www.spky.fi\/wopr\/?page_id=77"},"modified":"2025-03-01T09:48:25","modified_gmt":"2025-03-01T09:48:25","slug":"jalostusurokset-wk","status":"publish","type":"page","link":"https:\/\/www.spky.fi\/wopr\/jalostusurokset-wk\/","title":{"rendered":"Jalostusurokset WK"},"content":{"rendered":"<p><a href=\"http:\/\/www.spky.fi\/wopr\/jalostus\/kantakirjaohjesaanto\/\"><strong>Kun suunnittelet pentuetta, tutustu kantakirjaohjes\u00e4\u00e4nt\u00f6\u00f6n t\u00e4\u00e4ll\u00e4.\u00a0<\/strong><\/a>Tarkista my\u00f6s, ett\u00e4 narttu ja nartun vanhemmat t\u00e4ytt\u00e4v\u00e4t kantakirjaohjes\u00e4\u00e4nn\u00f6n jalostusvaatimukset.<\/p>\n<p>Alla listatuilla uroksilla on hyv\u00e4ksytty paimennuksen perusrata sek\u00e4 terveet (A tai B) lonkat.\u00a01.7.2015 j\u00e4lkeen lonkkakuvatuilta koirilta vaaditaan my\u00f6s sel\u00e4n LTV -kuvaustulos.<\/p>\n<p>Mik\u00e4li haluat koirasi n\u00e4kyv\u00e4n n\u00e4ill\u00e4 sivuilla ota ensin yhteytt\u00e4 jalostusneuvojaan. Tiedot jalostusuroksista tulevat sivuille n\u00e4kyviin sit\u00e4 mukaan saamme tiedot uusista jalostusuroksista. Mik\u00e4li havaitset t\u00e4m\u00e4n sivun tiedoissa virheit\u00e4, haluat saada tarkemmat yhteystietosi n\u00e4kyviin tai l\u00e4hett\u00e4\u00e4 uroksesi kuvan sivuille niin ota yhteytt\u00e4 yll\u00e4pitoon.<\/p>\n<p>Narttujen omistajat, kysyk\u00e4\u00e4 neuvoa my\u00f6s jalostustoimikunnan j\u00e4senilt\u00e4. <a href=\"https:\/\/www.spky.fi\/wopr\/yhteystiedot\/\" target=\"_blank\" rel=\"noopener\">Yhteystiedot l\u00f6ytyv\u00e4t t\u00e4\u00e4lt\u00e4.<\/a><\/p>\n<p>Klikkaa kuvaa, niin n\u00e4et sen suurempana.<\/p>\n<table border=\"0\" cellspacing=\"1\" cellpadding=\"10\" bgcolor=\"#ffffff\">\n<tbody>\n<tr>\n<td style=\"width: 50%; background-color: #e6e6fa;\"><span style=\"color: #2b2b2b;\"><span style=\"font-size: 16px;\"><span style=\"color: #2b2b2b;\"><span style=\"font-size: 16px;\"><span style=\"font-size: 16px;\"><a href=\"https:\/\/www.spky.fi\/wopr\/wp-content\/uploads\/2023\/07\/FOX2-scaled.jpg\" target=\"_blank\" rel=\"noopener\"><img loading=\"lazy\" decoding=\"async\" class=\" wp-image-4966 alignright\" src=\"https:\/\/www.spky.fi\/wopr\/wp-content\/uploads\/2023\/07\/FOX2-scaled.jpg\" alt=\"\" width=\"189\" height=\"116\" srcset=\"https:\/\/www.spky.fi\/wopr\/wp-content\/uploads\/2023\/07\/FOX2-scaled.jpg 2560w, https:\/\/www.spky.fi\/wopr\/wp-content\/uploads\/2023\/07\/FOX2-300x184.jpg 300w, https:\/\/www.spky.fi\/wopr\/wp-content\/uploads\/2023\/07\/FOX2-1024x630.jpg 1024w, https:\/\/www.spky.fi\/wopr\/wp-content\/uploads\/2023\/07\/FOX2-768x472.jpg 768w, https:\/\/www.spky.fi\/wopr\/wp-content\/uploads\/2023\/07\/FOX2-1536x944.jpg 1536w, https:\/\/www.spky.fi\/wopr\/wp-content\/uploads\/2023\/07\/FOX2-2048x1259.jpg 2048w\" sizes=\"auto, (max-width: 189px) 100vw, 189px\" \/><\/a><strong>Fox<\/strong><a href=\"https:\/\/rekisteri.spky.fi\/register\/38515\" target=\"_blank\" rel=\"noopener\"> JK\/317\/21u,<\/a> ER34761\/21<br \/>\nLonkat A\/A<br \/>\nSelk\u00e4 LTV0, VAO, SP0, kyyn\u00e4r\u00e4t 0\/0, olat terve\/terve<br \/>\nIs\u00e4: CC Chocolaku<br \/>\nEm\u00e4: Island Finley<br \/>\nTied. Hanna Repo, Simpele, puh. 050 4051808<\/span><\/span><\/span><\/span><\/span><\/td>\n<\/tr>\n<tr style=\"height: 137px;\">\n<td style=\"width: 50%; background-color: #ffff; height: 137px;\"><span style=\"color: #2b2b2b;\"><span style=\"color: #2b2b2b;\"><span style=\"font-size: 16px;\"><span style=\"color: #2b2b2b;\"><span style=\"font-size: medium;\"><span style=\"font-size: medium;\"><span style=\"font-size: medium;\"><strong><a href=\"https:\/\/www.spky.fi\/wopr\/wp-content\/uploads\/2021\/11\/TaaviPoseeraus.jpg\" target=\"_blank\" rel=\"noopener\"><img loading=\"lazy\" decoding=\"async\" class=\" wp-image-3283 alignright\" src=\"https:\/\/www.spky.fi\/wopr\/wp-content\/uploads\/2021\/11\/TaaviPoseeraus.jpg\" alt=\"\" width=\"174\" height=\"129\" \/><\/a>Kelmi Hiippo<\/strong> <a href=\"https:\/\/rekisteri.spky.fi\/register\/38437\" target=\"_blank\" rel=\"noopener\">JK\/254\/17u<\/a><br \/>\nLonkat A\/A, selk\u00e4 LTV0, kyyn\u00e4r\u00e4t 0\/0<br \/>\nSilm\u00e4t ok 1.10.2020, syd\u00e4n ok.<br \/>\nIs\u00e4: Kelmi Djanga, JK7156\/13u<br \/>\nEm\u00e4: Heta JK\/187\/14n<br \/>\nom. Sanna V\u00e4h\u00e4-Pietil\u00e4-Kurppa, Matku<br \/>\nTied. Kivist\u00f6n tila, puh. 040 777 4840,<br \/>\nsposti: kivistontila@gmail.com<\/span><\/span><\/span><\/span><\/span><\/span><\/span><\/td>\n<\/tr>\n<tr style=\"height: 137px;\">\n<td style=\"width: 50%; background-color: #e6e6fa; height: 137px;\"><span style=\"color: #2b2b2b;\"><span style=\"color: #2b2b2b;\"><span style=\"font-size: 16px;\"><span style=\"color: #2b2b2b;\"><span style=\"font-size: medium;\"><span style=\"font-size: medium;\"><span style=\"font-size: medium;\"><strong><a href=\"https:\/\/www.spky.fi\/wopr\/wp-content\/uploads\/2023\/02\/MASA.jpeg\" target=\"_blank\" rel=\"noopener\"><img loading=\"lazy\" decoding=\"async\" class=\"alignright wp-image-4416\" src=\"https:\/\/www.spky.fi\/wopr\/wp-content\/uploads\/2023\/02\/MASA.jpeg\" alt=\"\" width=\"166\" height=\"147\" srcset=\"https:\/\/www.spky.fi\/wopr\/wp-content\/uploads\/2023\/02\/MASA.jpeg 719w, https:\/\/www.spky.fi\/wopr\/wp-content\/uploads\/2023\/02\/MASA-300x267.jpeg 300w\" sizes=\"auto, (max-width: 166px) 100vw, 166px\" \/><\/a>Kelmi Maahinen<\/strong> <a href=\"https:\/\/rekisteri.spky.fi\/register\/38527\" target=\"_blank\" rel=\"noopener\">JK\/329\/23u,<\/a> ER12303\/20, A4M-36910-19 (WKC)<br \/>\nLonkat A\/A, selk\u00e4 LTV0, kyyn\u00e4r\u00e4t 0\/0<br \/>\nSilm\u00e4t ok, CA lingo3 ja vmp neg-neg.<br \/>\nIs\u00e4: Whites Jimmy III (AUS) WKC59409<br \/>\nEm\u00e4: Kelmi Fiacra ER37978\/16<br \/>\nTied. Kaisa Hilska, Paattinen, puh. 050 550 1470<\/span><\/span><\/span><\/span><\/span><\/span><\/span><\/td>\n<\/tr>\n<tr>\n<td style=\"width: 50%; background-color: #ffff; height: 137px;\"><span style=\"color: #2b2b2b;\"><span style=\"color: #2b2b2b;\"><span style=\"font-size: 16px;\"><span style=\"color: #2b2b2b;\"><span style=\"font-size: medium;\"><span style=\"font-size: medium;\"><span style=\"font-size: medium;\"><strong><a href=\"https:\/\/www.spky.fi\/wopr\/wp-content\/uploads\/2023\/12\/Kelmi-Kullervo-scaled.jpg\" target=\"_blank\" rel=\"noopener\"><img loading=\"lazy\" decoding=\"async\" class=\"wp-image-5738 alignright\" src=\"https:\/\/www.spky.fi\/wopr\/wp-content\/uploads\/2023\/12\/Kelmi-Kullervo-scaled.jpg\" alt=\"\" width=\"166\" height=\"136\" srcset=\"https:\/\/www.spky.fi\/wopr\/wp-content\/uploads\/2023\/12\/Kelmi-Kullervo-scaled.jpg 2560w, https:\/\/www.spky.fi\/wopr\/wp-content\/uploads\/2023\/12\/Kelmi-Kullervo-300x245.jpg 300w, https:\/\/www.spky.fi\/wopr\/wp-content\/uploads\/2023\/12\/Kelmi-Kullervo-1024x835.jpg 1024w, https:\/\/www.spky.fi\/wopr\/wp-content\/uploads\/2023\/12\/Kelmi-Kullervo-768x627.jpg 768w, https:\/\/www.spky.fi\/wopr\/wp-content\/uploads\/2023\/12\/Kelmi-Kullervo-1536x1253.jpg 1536w, https:\/\/www.spky.fi\/wopr\/wp-content\/uploads\/2023\/12\/Kelmi-Kullervo-2048x1671.jpg 2048w\" sizes=\"auto, (max-width: 166px) 100vw, 166px\" \/><\/a>Kelmi Kullervo<\/strong> <a href=\"https:\/\/rekisteri.spky.fi\/register\/38459\" target=\"_blank\" rel=\"noopener\">JK\/272\/19u<\/a><br \/>\nLonkat\u00a0 A\/A, selk\u00e4 LTV0<br \/>\nIs\u00e4: Whites Fella II 52225 JW2B<br \/>\nEm\u00e4: Kelmi Gudrun JK\/241\/17n<br \/>\nTied. Yrj\u00f6l\u00e4n marjatila\/ Tiina Harrinkari, Mahnala, puh.\u00a0 040 700 1597<span style=\"color: #2b2b2b;\"><span style=\"color: #2b2b2b;\"><span style=\"font-size: 16px;\"><span style=\"color: #2b2b2b;\"><span style=\"font-size: medium;\"><span style=\"font-size: medium;\"><span style=\"font-size: medium;\"><strong><br \/>\n<\/strong><\/span><\/span><\/span><\/span><\/span><\/span><\/span><\/span><\/span><\/span><\/span><\/span><\/span><\/span><\/td>\n<\/tr>\n<tr>\n<td style=\"width: 50%; background-color: #e6e6fa; height: 137px;\"><span style=\"color: #2b2b2b;\"><span style=\"color: #2b2b2b;\"><span style=\"font-size: 16px;\"><span style=\"color: #2b2b2b;\"><span style=\"font-size: medium;\"><span style=\"font-size: medium;\"><span style=\"font-size: medium;\"><strong><a href=\"https:\/\/www.spky.fi\/wopr\/wp-content\/uploads\/2025\/03\/Rambo-scaled.jpg\" target=\"_blank\" rel=\"noopener\"><img loading=\"lazy\" decoding=\"async\" class=\"alignright wp-image-7391\" src=\"https:\/\/www.spky.fi\/wopr\/wp-content\/uploads\/2025\/03\/Rambo-scaled.jpg\" alt=\"\" width=\"170\" height=\"106\" srcset=\"https:\/\/www.spky.fi\/wopr\/wp-content\/uploads\/2025\/03\/Rambo-scaled.jpg 2560w, https:\/\/www.spky.fi\/wopr\/wp-content\/uploads\/2025\/03\/Rambo-300x187.jpg 300w, https:\/\/www.spky.fi\/wopr\/wp-content\/uploads\/2025\/03\/Rambo-1024x638.jpg 1024w, https:\/\/www.spky.fi\/wopr\/wp-content\/uploads\/2025\/03\/Rambo-768x479.jpg 768w, https:\/\/www.spky.fi\/wopr\/wp-content\/uploads\/2025\/03\/Rambo-1536x957.jpg 1536w, https:\/\/www.spky.fi\/wopr\/wp-content\/uploads\/2025\/03\/Rambo-2048x1277.jpg 2048w\" sizes=\"auto, (max-width: 170px) 100vw, 170px\" \/><\/a>Rambo\u00a0<\/strong><a href=\"https:\/\/rekisteri.spky.fi\/register\/38444\" target=\"_blank\" rel=\"noopener\">K\/261\/18u<\/a><\/span><\/span><\/span><\/span><\/span><\/span><\/span><\/p>\n<div dir=\"auto\">Luusto: B\/B, 0\/0, LTV0, VA0, SP0<\/div>\n<div dir=\"auto\">Em\u00e4: Spinifex Sammi<\/div>\n<div dir=\"auto\">Is\u00e4: Shepherds (ND) Roo<\/div>\n<div dir=\"auto\">K\u00e4ytett\u00e4viss\u00e4 yhteen pentueeseen jalostusehdot t\u00e4ytt\u00e4v\u00e4n nartun kanssa.\u00a0<\/div>\n<div dir=\"auto\">Tied. Terhi K\u00e4lk\u00e4j\u00e4 044-3264826<\/div>\n<\/td>\n<\/tr>\n<\/tbody>\n<\/table>\n","protected":false},"excerpt":{"rendered":"<p>Kun suunnittelet pentuetta, tutustu kantakirjaohjes\u00e4\u00e4nt\u00f6\u00f6n t\u00e4\u00e4ll\u00e4.\u00a0Tarkista my\u00f6s, ett\u00e4 narttu ja nartun vanhemmat t\u00e4ytt\u00e4v\u00e4t kantakirjaohjes\u00e4\u00e4nn\u00f6n jalostusvaatimukset. Alla listatuilla uroksilla on hyv\u00e4ksytty paimennuksen perusrata sek\u00e4 terveet (A tai B) lonkat.\u00a01.7.2015 j\u00e4lkeen lonkkakuvatuilta koirilta vaaditaan my\u00f6s sel\u00e4n LTV -kuvaustulos. Mik\u00e4li haluat koirasi n\u00e4kyv\u00e4n n\u00e4ill\u00e4 sivuilla ota ensin yhteytt\u00e4 jalostusneuvojaan. Tiedot jalostusuroksista tulevat sivuille n\u00e4kyviin sit\u00e4 mukaan saamme tiedot &hellip; <a href=\"https:\/\/www.spky.fi\/wopr\/jalostusurokset-wk\/\" class=\"more-link\">Jatka lukemista <span class=\"screen-reader-text\">Jalostusurokset WK<\/span> <span class=\"meta-nav\">&rarr;<\/span><\/a><\/p>\n","protected":false},"author":1,"featured_media":0,"parent":0,"menu_order":0,"comment_status":"closed","ping_status":"closed","template":"","meta":{"jetpack_post_was_ever_published":false,"footnotes":""},"class_list":["post-77","page","type-page","status-publish","hentry"],"yoast_head":"<!-- This site is optimized with the Yoast SEO plugin v27.5 - https:\/\/yoast.com\/product\/yoast-seo-wordpress\/ -->\n<title>Jalostusurokset WK - Suomen Paimenkoirayhdistys ry<\/title>\n<meta name=\"robots\" content=\"index, follow, max-snippet:-1, max-image-preview:large, max-video-preview:-1\" \/>\n<link rel=\"canonical\" href=\"https:\/\/www.spky.fi\/wopr\/jalostusurokset-wk\/\" \/>\n<meta property=\"og:locale\" content=\"fi_FI\" \/>\n<meta property=\"og:type\" content=\"article\" \/>\n<meta property=\"og:title\" content=\"Jalostusurokset WK - Suomen Paimenkoirayhdistys ry\" \/>\n<meta property=\"og:description\" content=\"Kun suunnittelet pentuetta, tutustu kantakirjaohjes\u00e4\u00e4nt\u00f6\u00f6n t\u00e4\u00e4ll\u00e4.\u00a0Tarkista my\u00f6s, ett\u00e4 narttu ja nartun vanhemmat t\u00e4ytt\u00e4v\u00e4t kantakirjaohjes\u00e4\u00e4nn\u00f6n jalostusvaatimukset. Alla listatuilla uroksilla on hyv\u00e4ksytty paimennuksen perusrata sek\u00e4 terveet (A tai B) lonkat.\u00a01.7.2015 j\u00e4lkeen lonkkakuvatuilta koirilta vaaditaan my\u00f6s sel\u00e4n LTV -kuvaustulos. Mik\u00e4li haluat koirasi n\u00e4kyv\u00e4n n\u00e4ill\u00e4 sivuilla ota ensin yhteytt\u00e4 jalostusneuvojaan. Tiedot jalostusuroksista tulevat sivuille n\u00e4kyviin sit\u00e4 mukaan saamme tiedot &hellip; Jatka lukemista Jalostusurokset WK &rarr;\" \/>\n<meta property=\"og:url\" content=\"https:\/\/www.spky.fi\/wopr\/jalostusurokset-wk\/\" \/>\n<meta property=\"og:site_name\" content=\"Suomen Paimenkoirayhdistys ry\" \/>\n<meta property=\"article:publisher\" content=\"https:\/\/www.facebook.com\/SuomenPaimenkoirayhdistys\" \/>\n<meta property=\"article:modified_time\" content=\"2025-03-01T09:48:25+00:00\" \/>\n<meta property=\"og:image\" content=\"https:\/\/www.spky.fi\/wopr\/wp-content\/uploads\/2023\/07\/FOX2-scaled.jpg\" \/>\n<meta name=\"twitter:card\" content=\"summary_large_image\" \/>\n<meta name=\"twitter:label1\" content=\"Arvioitu lukuaika\" \/>\n\t<meta name=\"twitter:data1\" content=\"3 minuuttia\" \/>\n<script type=\"application\/ld+json\" class=\"yoast-schema-graph\">{\"@context\":\"https:\\\/\\\/schema.org\",\"@graph\":[{\"@type\":\"WebPage\",\"@id\":\"https:\\\/\\\/www.spky.fi\\\/wopr\\\/jalostusurokset-wk\\\/\",\"url\":\"https:\\\/\\\/www.spky.fi\\\/wopr\\\/jalostusurokset-wk\\\/\",\"name\":\"Jalostusurokset WK - Suomen Paimenkoirayhdistys ry\",\"isPartOf\":{\"@id\":\"https:\\\/\\\/www.spky.fi\\\/wopr\\\/#website\"},\"primaryImageOfPage\":{\"@id\":\"https:\\\/\\\/www.spky.fi\\\/wopr\\\/jalostusurokset-wk\\\/#primaryimage\"},\"image\":{\"@id\":\"https:\\\/\\\/www.spky.fi\\\/wopr\\\/jalostusurokset-wk\\\/#primaryimage\"},\"thumbnailUrl\":\"https:\\\/\\\/www.spky.fi\\\/wopr\\\/wp-content\\\/uploads\\\/2023\\\/07\\\/FOX2-scaled.jpg\",\"datePublished\":\"2018-01-04T11:52:57+00:00\",\"dateModified\":\"2025-03-01T09:48:25+00:00\",\"breadcrumb\":{\"@id\":\"https:\\\/\\\/www.spky.fi\\\/wopr\\\/jalostusurokset-wk\\\/#breadcrumb\"},\"inLanguage\":\"fi\",\"potentialAction\":[{\"@type\":\"ReadAction\",\"target\":[\"https:\\\/\\\/www.spky.fi\\\/wopr\\\/jalostusurokset-wk\\\/\"]}]},{\"@type\":\"ImageObject\",\"inLanguage\":\"fi\",\"@id\":\"https:\\\/\\\/www.spky.fi\\\/wopr\\\/jalostusurokset-wk\\\/#primaryimage\",\"url\":\"https:\\\/\\\/www.spky.fi\\\/wopr\\\/wp-content\\\/uploads\\\/2023\\\/07\\\/FOX2-scaled.jpg\",\"contentUrl\":\"https:\\\/\\\/www.spky.fi\\\/wopr\\\/wp-content\\\/uploads\\\/2023\\\/07\\\/FOX2-scaled.jpg\"},{\"@type\":\"BreadcrumbList\",\"@id\":\"https:\\\/\\\/www.spky.fi\\\/wopr\\\/jalostusurokset-wk\\\/#breadcrumb\",\"itemListElement\":[{\"@type\":\"ListItem\",\"position\":1,\"name\":\"Etusivu\",\"item\":\"https:\\\/\\\/www.spky.fi\\\/wopr\\\/\"},{\"@type\":\"ListItem\",\"position\":2,\"name\":\"Jalostusurokset WK\"}]},{\"@type\":\"WebSite\",\"@id\":\"https:\\\/\\\/www.spky.fi\\\/wopr\\\/#website\",\"url\":\"https:\\\/\\\/www.spky.fi\\\/wopr\\\/\",\"name\":\"Suomen Paimenkoirayhdistys ry\",\"description\":\"Suomen Paimenkoirayhdistys edist&auml;&auml; paimenkoirien ty&ouml;k&auml;ytt&ouml;&auml;. Yhdistys auttaa paimenkoirakurssien, harjoitusten, kilpailujen ja n&auml;yt&ouml;sten j&auml;rjest&auml;misess&auml;.\",\"publisher\":{\"@id\":\"https:\\\/\\\/www.spky.fi\\\/wopr\\\/#organization\"},\"potentialAction\":[{\"@type\":\"SearchAction\",\"target\":{\"@type\":\"EntryPoint\",\"urlTemplate\":\"https:\\\/\\\/www.spky.fi\\\/wopr\\\/?s={search_term_string}\"},\"query-input\":{\"@type\":\"PropertyValueSpecification\",\"valueRequired\":true,\"valueName\":\"search_term_string\"}}],\"inLanguage\":\"fi\"},{\"@type\":\"Organization\",\"@id\":\"https:\\\/\\\/www.spky.fi\\\/wopr\\\/#organization\",\"name\":\"Suomen Paimenkoirayhdistys ry\",\"url\":\"https:\\\/\\\/www.spky.fi\\\/wopr\\\/\",\"logo\":{\"@type\":\"ImageObject\",\"inLanguage\":\"fi\",\"@id\":\"https:\\\/\\\/www.spky.fi\\\/wopr\\\/#\\\/schema\\\/logo\\\/image\\\/\",\"url\":\"https:\\\/\\\/www.spky.fi\\\/wopr\\\/wp-content\\\/uploads\\\/2024\\\/06\\\/SPKY_MUVA_PNG.png\",\"contentUrl\":\"https:\\\/\\\/www.spky.fi\\\/wopr\\\/wp-content\\\/uploads\\\/2024\\\/06\\\/SPKY_MUVA_PNG.png\",\"width\":3201,\"height\":3126,\"caption\":\"Suomen Paimenkoirayhdistys ry\"},\"image\":{\"@id\":\"https:\\\/\\\/www.spky.fi\\\/wopr\\\/#\\\/schema\\\/logo\\\/image\\\/\"},\"sameAs\":[\"https:\\\/\\\/www.facebook.com\\\/SuomenPaimenkoirayhdistys\"]}]}<\/script>\n<!-- \/ Yoast SEO plugin. -->","yoast_head_json":{"title":"Jalostusurokset WK - Suomen Paimenkoirayhdistys ry","robots":{"index":"index","follow":"follow","max-snippet":"max-snippet:-1","max-image-preview":"max-image-preview:large","max-video-preview":"max-video-preview:-1"},"canonical":"https:\/\/www.spky.fi\/wopr\/jalostusurokset-wk\/","og_locale":"fi_FI","og_type":"article","og_title":"Jalostusurokset WK - Suomen Paimenkoirayhdistys ry","og_description":"Kun suunnittelet pentuetta, tutustu kantakirjaohjes\u00e4\u00e4nt\u00f6\u00f6n t\u00e4\u00e4ll\u00e4.\u00a0Tarkista my\u00f6s, ett\u00e4 narttu ja nartun vanhemmat t\u00e4ytt\u00e4v\u00e4t kantakirjaohjes\u00e4\u00e4nn\u00f6n jalostusvaatimukset. Alla listatuilla uroksilla on hyv\u00e4ksytty paimennuksen perusrata sek\u00e4 terveet (A tai B) lonkat.\u00a01.7.2015 j\u00e4lkeen lonkkakuvatuilta koirilta vaaditaan my\u00f6s sel\u00e4n LTV -kuvaustulos. Mik\u00e4li haluat koirasi n\u00e4kyv\u00e4n n\u00e4ill\u00e4 sivuilla ota ensin yhteytt\u00e4 jalostusneuvojaan. Tiedot jalostusuroksista tulevat sivuille n\u00e4kyviin sit\u00e4 mukaan saamme tiedot &hellip; Jatka lukemista Jalostusurokset WK &rarr;","og_url":"https:\/\/www.spky.fi\/wopr\/jalostusurokset-wk\/","og_site_name":"Suomen Paimenkoirayhdistys ry","article_publisher":"https:\/\/www.facebook.com\/SuomenPaimenkoirayhdistys","article_modified_time":"2025-03-01T09:48:25+00:00","og_image":[{"url":"https:\/\/www.spky.fi\/wopr\/wp-content\/uploads\/2023\/07\/FOX2-scaled.jpg","type":"","width":"","height":""}],"twitter_card":"summary_large_image","twitter_misc":{"Arvioitu lukuaika":"3 minuuttia"},"schema":{"@context":"https:\/\/schema.org","@graph":[{"@type":"WebPage","@id":"https:\/\/www.spky.fi\/wopr\/jalostusurokset-wk\/","url":"https:\/\/www.spky.fi\/wopr\/jalostusurokset-wk\/","name":"Jalostusurokset WK - Suomen Paimenkoirayhdistys ry","isPartOf":{"@id":"https:\/\/www.spky.fi\/wopr\/#website"},"primaryImageOfPage":{"@id":"https:\/\/www.spky.fi\/wopr\/jalostusurokset-wk\/#primaryimage"},"image":{"@id":"https:\/\/www.spky.fi\/wopr\/jalostusurokset-wk\/#primaryimage"},"thumbnailUrl":"https:\/\/www.spky.fi\/wopr\/wp-content\/uploads\/2023\/07\/FOX2-scaled.jpg","datePublished":"2018-01-04T11:52:57+00:00","dateModified":"2025-03-01T09:48:25+00:00","breadcrumb":{"@id":"https:\/\/www.spky.fi\/wopr\/jalostusurokset-wk\/#breadcrumb"},"inLanguage":"fi","potentialAction":[{"@type":"ReadAction","target":["https:\/\/www.spky.fi\/wopr\/jalostusurokset-wk\/"]}]},{"@type":"ImageObject","inLanguage":"fi","@id":"https:\/\/www.spky.fi\/wopr\/jalostusurokset-wk\/#primaryimage","url":"https:\/\/www.spky.fi\/wopr\/wp-content\/uploads\/2023\/07\/FOX2-scaled.jpg","contentUrl":"https:\/\/www.spky.fi\/wopr\/wp-content\/uploads\/2023\/07\/FOX2-scaled.jpg"},{"@type":"BreadcrumbList","@id":"https:\/\/www.spky.fi\/wopr\/jalostusurokset-wk\/#breadcrumb","itemListElement":[{"@type":"ListItem","position":1,"name":"Etusivu","item":"https:\/\/www.spky.fi\/wopr\/"},{"@type":"ListItem","position":2,"name":"Jalostusurokset WK"}]},{"@type":"WebSite","@id":"https:\/\/www.spky.fi\/wopr\/#website","url":"https:\/\/www.spky.fi\/wopr\/","name":"Suomen Paimenkoirayhdistys ry","description":"Suomen Paimenkoirayhdistys edist&auml;&auml; paimenkoirien ty&ouml;k&auml;ytt&ouml;&auml;. Yhdistys auttaa paimenkoirakurssien, harjoitusten, kilpailujen ja n&auml;yt&ouml;sten j&auml;rjest&auml;misess&auml;.","publisher":{"@id":"https:\/\/www.spky.fi\/wopr\/#organization"},"potentialAction":[{"@type":"SearchAction","target":{"@type":"EntryPoint","urlTemplate":"https:\/\/www.spky.fi\/wopr\/?s={search_term_string}"},"query-input":{"@type":"PropertyValueSpecification","valueRequired":true,"valueName":"search_term_string"}}],"inLanguage":"fi"},{"@type":"Organization","@id":"https:\/\/www.spky.fi\/wopr\/#organization","name":"Suomen Paimenkoirayhdistys ry","url":"https:\/\/www.spky.fi\/wopr\/","logo":{"@type":"ImageObject","inLanguage":"fi","@id":"https:\/\/www.spky.fi\/wopr\/#\/schema\/logo\/image\/","url":"https:\/\/www.spky.fi\/wopr\/wp-content\/uploads\/2024\/06\/SPKY_MUVA_PNG.png","contentUrl":"https:\/\/www.spky.fi\/wopr\/wp-content\/uploads\/2024\/06\/SPKY_MUVA_PNG.png","width":3201,"height":3126,"caption":"Suomen Paimenkoirayhdistys ry"},"image":{"@id":"https:\/\/www.spky.fi\/wopr\/#\/schema\/logo\/image\/"},"sameAs":["https:\/\/www.facebook.com\/SuomenPaimenkoirayhdistys"]}]}},"jetpack_sharing_enabled":true,"jetpack_shortlink":"https:\/\/wp.me\/PaLGv4-1f","_links":{"self":[{"href":"https:\/\/www.spky.fi\/wopr\/wp-json\/wp\/v2\/pages\/77","targetHints":{"allow":["GET"]}}],"collection":[{"href":"https:\/\/www.spky.fi\/wopr\/wp-json\/wp\/v2\/pages"}],"about":[{"href":"https:\/\/www.spky.fi\/wopr\/wp-json\/wp\/v2\/types\/page"}],"author":[{"embeddable":true,"href":"https:\/\/www.spky.fi\/wopr\/wp-json\/wp\/v2\/users\/1"}],"replies":[{"embeddable":true,"href":"https:\/\/www.spky.fi\/wopr\/wp-json\/wp\/v2\/comments?post=77"}],"version-history":[{"count":62,"href":"https:\/\/www.spky.fi\/wopr\/wp-json\/wp\/v2\/pages\/77\/revisions"}],"predecessor-version":[{"id":7408,"href":"https:\/\/www.spky.fi\/wopr\/wp-json\/wp\/v2\/pages\/77\/revisions\/7408"}],"wp:attachment":[{"href":"https:\/\/www.spky.fi\/wopr\/wp-json\/wp\/v2\/media?parent=77"}],"curies":[{"name":"wp","href":"https:\/\/api.w.org\/{rel}","templated":true}]}}