{"id":8339,"date":"2026-01-05T19:35:55","date_gmt":"2026-01-05T19:35:55","guid":{"rendered":"https:\/\/www.spky.fi\/wopr\/?page_id=8339"},"modified":"2026-01-05T19:35:55","modified_gmt":"2026-01-05T19:35:55","slug":"arvokisojen-haku-2026","status":"publish","type":"page","link":"https:\/\/www.spky.fi\/wopr\/arvokisojen-haku-2026\/","title":{"rendered":"Arvokisojen haku 2026"},"content":{"rendered":"<p>T\u00e4ll\u00e4 lomakkeella voit ilmoittaa halukkuutesi j\u00e4rjest\u00e4\u00e4 vuoden 2026 SPKY:n arvokisoja. Tavoitteena on, ett\u00e4 SPKY pystyisi julkaisemaan kisakalenterissa olevat arvokisat heti varsinaisen kisakauden alussa (viimeist\u00e4\u00e4n huhtikuussa) ja t\u00e4ydent\u00e4m\u00e4\u00e4n kalenteria peruskisoilla kauden aikana.<\/p>\n<h2>T\u00e4yt\u00e4 lomake<\/h2>\n<p><a href=\"https:\/\/forms.gle\/3erxpRJxpwmPhomP9\" target=\"_blank\" rel=\"noopener\">https:\/\/forms.gle\/3erxpRJxpwmPhomP9<\/a><\/p>\n<figure id=\"attachment_8055\" aria-describedby=\"caption-attachment-8055\" style=\"width: 2048px\" class=\"wp-caption aligncenter\"><a href=\"https:\/\/www.spky.fi\/wopr\/wp-content\/uploads\/2025\/09\/PM-joukkue-Minna-Jokisaari.jpeg\"><img loading=\"lazy\" decoding=\"async\" class=\"size-full wp-image-8055\" src=\"https:\/\/www.spky.fi\/wopr\/wp-content\/uploads\/2025\/09\/PM-joukkue-Minna-Jokisaari.jpeg\" alt=\"\" width=\"2048\" height=\"1152\" srcset=\"https:\/\/www.spky.fi\/wopr\/wp-content\/uploads\/2025\/09\/PM-joukkue-Minna-Jokisaari.jpeg 2048w, https:\/\/www.spky.fi\/wopr\/wp-content\/uploads\/2025\/09\/PM-joukkue-Minna-Jokisaari-300x169.jpeg 300w, https:\/\/www.spky.fi\/wopr\/wp-content\/uploads\/2025\/09\/PM-joukkue-Minna-Jokisaari-1024x576.jpeg 1024w, https:\/\/www.spky.fi\/wopr\/wp-content\/uploads\/2025\/09\/PM-joukkue-Minna-Jokisaari-768x432.jpeg 768w, https:\/\/www.spky.fi\/wopr\/wp-content\/uploads\/2025\/09\/PM-joukkue-Minna-Jokisaari-1536x864.jpeg 1536w\" sizes=\"auto, (max-width: 2048px) 100vw, 2048px\" \/><\/a><figcaption id=\"caption-attachment-8055\" class=\"wp-caption-text\">PM- joukkue 2025. Kuva: Minna Jokisaari<\/figcaption><\/figure>\n<p>&nbsp;<\/p>\n<p>&nbsp;<\/p>\n","protected":false},"excerpt":{"rendered":"<p>T\u00e4ll\u00e4 lomakkeella voit ilmoittaa halukkuutesi j\u00e4rjest\u00e4\u00e4 vuoden 2026 SPKY:n arvokisoja. Tavoitteena on, ett\u00e4 SPKY pystyisi julkaisemaan kisakalenterissa olevat arvokisat heti varsinaisen kisakauden alussa (viimeist\u00e4\u00e4n huhtikuussa) ja t\u00e4ydent\u00e4m\u00e4\u00e4n kalenteria peruskisoilla kauden aikana. T\u00e4yt\u00e4 lomake https:\/\/forms.gle\/3erxpRJxpwmPhomP9 &nbsp; &nbsp;<\/p>\n","protected":false},"author":2,"featured_media":0,"parent":0,"menu_order":0,"comment_status":"closed","ping_status":"closed","template":"","meta":{"jetpack_post_was_ever_published":false,"footnotes":""},"class_list":["post-8339","page","type-page","status-publish","hentry"],"yoast_head":"<!-- This site is optimized with the Yoast SEO plugin v27.5 - https:\/\/yoast.com\/product\/yoast-seo-wordpress\/ -->\n<title>Arvokisojen haku 2026 - Suomen Paimenkoirayhdistys ry<\/title>\n<meta name=\"description\" content=\"J\u00e4rjest\u00e4isitk\u00f6 mestaruuskisat kaudella 2026? T\u00e4yt\u00e4 lomake!\" \/>\n<meta name=\"robots\" content=\"index, follow, max-snippet:-1, max-image-preview:large, max-video-preview:-1\" \/>\n<link rel=\"canonical\" href=\"https:\/\/www.spky.fi\/wopr\/arvokisojen-haku-2026\/\" \/>\n<meta property=\"og:locale\" content=\"fi_FI\" \/>\n<meta property=\"og:type\" content=\"article\" \/>\n<meta property=\"og:title\" content=\"Arvokisojen haku 2026 - Suomen Paimenkoirayhdistys ry\" \/>\n<meta property=\"og:description\" content=\"J\u00e4rjest\u00e4isitk\u00f6 mestaruuskisat kaudella 2026? T\u00e4yt\u00e4 lomake!\" \/>\n<meta property=\"og:url\" content=\"https:\/\/www.spky.fi\/wopr\/arvokisojen-haku-2026\/\" \/>\n<meta property=\"og:site_name\" content=\"Suomen Paimenkoirayhdistys ry\" \/>\n<meta property=\"article:publisher\" content=\"https:\/\/www.facebook.com\/SuomenPaimenkoirayhdistys\" \/>\n<meta property=\"og:image\" content=\"https:\/\/www.spky.fi\/wopr\/wp-content\/uploads\/2025\/09\/PM-joukkue-Minna-Jokisaari.jpeg\" \/>\n\t<meta property=\"og:image:width\" content=\"2048\" \/>\n\t<meta property=\"og:image:height\" content=\"1152\" \/>\n\t<meta property=\"og:image:type\" content=\"image\/jpeg\" \/>\n<meta name=\"twitter:card\" content=\"summary_large_image\" \/>\n<meta name=\"twitter:label1\" content=\"Arvioitu lukuaika\" \/>\n\t<meta name=\"twitter:data1\" content=\"1 minuutti\" \/>\n<script type=\"application\/ld+json\" class=\"yoast-schema-graph\">{\"@context\":\"https:\\\/\\\/schema.org\",\"@graph\":[{\"@type\":\"WebPage\",\"@id\":\"https:\\\/\\\/www.spky.fi\\\/wopr\\\/arvokisojen-haku-2026\\\/\",\"url\":\"https:\\\/\\\/www.spky.fi\\\/wopr\\\/arvokisojen-haku-2026\\\/\",\"name\":\"Arvokisojen haku 2026 - Suomen Paimenkoirayhdistys ry\",\"isPartOf\":{\"@id\":\"https:\\\/\\\/www.spky.fi\\\/wopr\\\/#website\"},\"primaryImageOfPage\":{\"@id\":\"https:\\\/\\\/www.spky.fi\\\/wopr\\\/arvokisojen-haku-2026\\\/#primaryimage\"},\"image\":{\"@id\":\"https:\\\/\\\/www.spky.fi\\\/wopr\\\/arvokisojen-haku-2026\\\/#primaryimage\"},\"thumbnailUrl\":\"https:\\\/\\\/www.spky.fi\\\/wopr\\\/wp-content\\\/uploads\\\/2025\\\/09\\\/PM-joukkue-Minna-Jokisaari.jpeg\",\"datePublished\":\"2026-01-05T19:35:55+00:00\",\"description\":\"J\u00e4rjest\u00e4isitk\u00f6 mestaruuskisat kaudella 2026? T\u00e4yt\u00e4 lomake!\",\"breadcrumb\":{\"@id\":\"https:\\\/\\\/www.spky.fi\\\/wopr\\\/arvokisojen-haku-2026\\\/#breadcrumb\"},\"inLanguage\":\"fi\",\"potentialAction\":[{\"@type\":\"ReadAction\",\"target\":[\"https:\\\/\\\/www.spky.fi\\\/wopr\\\/arvokisojen-haku-2026\\\/\"]}]},{\"@type\":\"ImageObject\",\"inLanguage\":\"fi\",\"@id\":\"https:\\\/\\\/www.spky.fi\\\/wopr\\\/arvokisojen-haku-2026\\\/#primaryimage\",\"url\":\"https:\\\/\\\/www.spky.fi\\\/wopr\\\/wp-content\\\/uploads\\\/2025\\\/09\\\/PM-joukkue-Minna-Jokisaari.jpeg\",\"contentUrl\":\"https:\\\/\\\/www.spky.fi\\\/wopr\\\/wp-content\\\/uploads\\\/2025\\\/09\\\/PM-joukkue-Minna-Jokisaari.jpeg\"},{\"@type\":\"BreadcrumbList\",\"@id\":\"https:\\\/\\\/www.spky.fi\\\/wopr\\\/arvokisojen-haku-2026\\\/#breadcrumb\",\"itemListElement\":[{\"@type\":\"ListItem\",\"position\":1,\"name\":\"Etusivu\",\"item\":\"https:\\\/\\\/www.spky.fi\\\/wopr\\\/\"},{\"@type\":\"ListItem\",\"position\":2,\"name\":\"Arvokisojen haku 2026\"}]},{\"@type\":\"WebSite\",\"@id\":\"https:\\\/\\\/www.spky.fi\\\/wopr\\\/#website\",\"url\":\"https:\\\/\\\/www.spky.fi\\\/wopr\\\/\",\"name\":\"Suomen Paimenkoirayhdistys ry\",\"description\":\"Suomen Paimenkoirayhdistys edist&auml;&auml; paimenkoirien ty&ouml;k&auml;ytt&ouml;&auml;. Yhdistys auttaa paimenkoirakurssien, harjoitusten, kilpailujen ja n&auml;yt&ouml;sten j&auml;rjest&auml;misess&auml;.\",\"publisher\":{\"@id\":\"https:\\\/\\\/www.spky.fi\\\/wopr\\\/#organization\"},\"potentialAction\":[{\"@type\":\"SearchAction\",\"target\":{\"@type\":\"EntryPoint\",\"urlTemplate\":\"https:\\\/\\\/www.spky.fi\\\/wopr\\\/?s={search_term_string}\"},\"query-input\":{\"@type\":\"PropertyValueSpecification\",\"valueRequired\":true,\"valueName\":\"search_term_string\"}}],\"inLanguage\":\"fi\"},{\"@type\":\"Organization\",\"@id\":\"https:\\\/\\\/www.spky.fi\\\/wopr\\\/#organization\",\"name\":\"Suomen Paimenkoirayhdistys ry\",\"url\":\"https:\\\/\\\/www.spky.fi\\\/wopr\\\/\",\"logo\":{\"@type\":\"ImageObject\",\"inLanguage\":\"fi\",\"@id\":\"https:\\\/\\\/www.spky.fi\\\/wopr\\\/#\\\/schema\\\/logo\\\/image\\\/\",\"url\":\"https:\\\/\\\/www.spky.fi\\\/wopr\\\/wp-content\\\/uploads\\\/2024\\\/06\\\/SPKY_MUVA_PNG.png\",\"contentUrl\":\"https:\\\/\\\/www.spky.fi\\\/wopr\\\/wp-content\\\/uploads\\\/2024\\\/06\\\/SPKY_MUVA_PNG.png\",\"width\":3201,\"height\":3126,\"caption\":\"Suomen Paimenkoirayhdistys ry\"},\"image\":{\"@id\":\"https:\\\/\\\/www.spky.fi\\\/wopr\\\/#\\\/schema\\\/logo\\\/image\\\/\"},\"sameAs\":[\"https:\\\/\\\/www.facebook.com\\\/SuomenPaimenkoirayhdistys\"]}]}<\/script>\n<!-- \/ Yoast SEO plugin. -->","yoast_head_json":{"title":"Arvokisojen haku 2026 - Suomen Paimenkoirayhdistys ry","description":"J\u00e4rjest\u00e4isitk\u00f6 mestaruuskisat kaudella 2026? T\u00e4yt\u00e4 lomake!","robots":{"index":"index","follow":"follow","max-snippet":"max-snippet:-1","max-image-preview":"max-image-preview:large","max-video-preview":"max-video-preview:-1"},"canonical":"https:\/\/www.spky.fi\/wopr\/arvokisojen-haku-2026\/","og_locale":"fi_FI","og_type":"article","og_title":"Arvokisojen haku 2026 - Suomen Paimenkoirayhdistys ry","og_description":"J\u00e4rjest\u00e4isitk\u00f6 mestaruuskisat kaudella 2026? T\u00e4yt\u00e4 lomake!","og_url":"https:\/\/www.spky.fi\/wopr\/arvokisojen-haku-2026\/","og_site_name":"Suomen Paimenkoirayhdistys ry","article_publisher":"https:\/\/www.facebook.com\/SuomenPaimenkoirayhdistys","og_image":[{"width":2048,"height":1152,"url":"https:\/\/www.spky.fi\/wopr\/wp-content\/uploads\/2025\/09\/PM-joukkue-Minna-Jokisaari.jpeg","type":"image\/jpeg"}],"twitter_card":"summary_large_image","twitter_misc":{"Arvioitu lukuaika":"1 minuutti"},"schema":{"@context":"https:\/\/schema.org","@graph":[{"@type":"WebPage","@id":"https:\/\/www.spky.fi\/wopr\/arvokisojen-haku-2026\/","url":"https:\/\/www.spky.fi\/wopr\/arvokisojen-haku-2026\/","name":"Arvokisojen haku 2026 - Suomen Paimenkoirayhdistys ry","isPartOf":{"@id":"https:\/\/www.spky.fi\/wopr\/#website"},"primaryImageOfPage":{"@id":"https:\/\/www.spky.fi\/wopr\/arvokisojen-haku-2026\/#primaryimage"},"image":{"@id":"https:\/\/www.spky.fi\/wopr\/arvokisojen-haku-2026\/#primaryimage"},"thumbnailUrl":"https:\/\/www.spky.fi\/wopr\/wp-content\/uploads\/2025\/09\/PM-joukkue-Minna-Jokisaari.jpeg","datePublished":"2026-01-05T19:35:55+00:00","description":"J\u00e4rjest\u00e4isitk\u00f6 mestaruuskisat kaudella 2026? T\u00e4yt\u00e4 lomake!","breadcrumb":{"@id":"https:\/\/www.spky.fi\/wopr\/arvokisojen-haku-2026\/#breadcrumb"},"inLanguage":"fi","potentialAction":[{"@type":"ReadAction","target":["https:\/\/www.spky.fi\/wopr\/arvokisojen-haku-2026\/"]}]},{"@type":"ImageObject","inLanguage":"fi","@id":"https:\/\/www.spky.fi\/wopr\/arvokisojen-haku-2026\/#primaryimage","url":"https:\/\/www.spky.fi\/wopr\/wp-content\/uploads\/2025\/09\/PM-joukkue-Minna-Jokisaari.jpeg","contentUrl":"https:\/\/www.spky.fi\/wopr\/wp-content\/uploads\/2025\/09\/PM-joukkue-Minna-Jokisaari.jpeg"},{"@type":"BreadcrumbList","@id":"https:\/\/www.spky.fi\/wopr\/arvokisojen-haku-2026\/#breadcrumb","itemListElement":[{"@type":"ListItem","position":1,"name":"Etusivu","item":"https:\/\/www.spky.fi\/wopr\/"},{"@type":"ListItem","position":2,"name":"Arvokisojen haku 2026"}]},{"@type":"WebSite","@id":"https:\/\/www.spky.fi\/wopr\/#website","url":"https:\/\/www.spky.fi\/wopr\/","name":"Suomen Paimenkoirayhdistys ry","description":"Suomen Paimenkoirayhdistys edist&auml;&auml; paimenkoirien ty&ouml;k&auml;ytt&ouml;&auml;. Yhdistys auttaa paimenkoirakurssien, harjoitusten, kilpailujen ja n&auml;yt&ouml;sten j&auml;rjest&auml;misess&auml;.","publisher":{"@id":"https:\/\/www.spky.fi\/wopr\/#organization"},"potentialAction":[{"@type":"SearchAction","target":{"@type":"EntryPoint","urlTemplate":"https:\/\/www.spky.fi\/wopr\/?s={search_term_string}"},"query-input":{"@type":"PropertyValueSpecification","valueRequired":true,"valueName":"search_term_string"}}],"inLanguage":"fi"},{"@type":"Organization","@id":"https:\/\/www.spky.fi\/wopr\/#organization","name":"Suomen Paimenkoirayhdistys ry","url":"https:\/\/www.spky.fi\/wopr\/","logo":{"@type":"ImageObject","inLanguage":"fi","@id":"https:\/\/www.spky.fi\/wopr\/#\/schema\/logo\/image\/","url":"https:\/\/www.spky.fi\/wopr\/wp-content\/uploads\/2024\/06\/SPKY_MUVA_PNG.png","contentUrl":"https:\/\/www.spky.fi\/wopr\/wp-content\/uploads\/2024\/06\/SPKY_MUVA_PNG.png","width":3201,"height":3126,"caption":"Suomen Paimenkoirayhdistys ry"},"image":{"@id":"https:\/\/www.spky.fi\/wopr\/#\/schema\/logo\/image\/"},"sameAs":["https:\/\/www.facebook.com\/SuomenPaimenkoirayhdistys"]}]}},"jetpack_sharing_enabled":true,"jetpack_shortlink":"https:\/\/wp.me\/PaLGv4-2av","_links":{"self":[{"href":"https:\/\/www.spky.fi\/wopr\/wp-json\/wp\/v2\/pages\/8339","targetHints":{"allow":["GET"]}}],"collection":[{"href":"https:\/\/www.spky.fi\/wopr\/wp-json\/wp\/v2\/pages"}],"about":[{"href":"https:\/\/www.spky.fi\/wopr\/wp-json\/wp\/v2\/types\/page"}],"author":[{"embeddable":true,"href":"https:\/\/www.spky.fi\/wopr\/wp-json\/wp\/v2\/users\/2"}],"replies":[{"embeddable":true,"href":"https:\/\/www.spky.fi\/wopr\/wp-json\/wp\/v2\/comments?post=8339"}],"version-history":[{"count":2,"href":"https:\/\/www.spky.fi\/wopr\/wp-json\/wp\/v2\/pages\/8339\/revisions"}],"predecessor-version":[{"id":8341,"href":"https:\/\/www.spky.fi\/wopr\/wp-json\/wp\/v2\/pages\/8339\/revisions\/8341"}],"wp:attachment":[{"href":"https:\/\/www.spky.fi\/wopr\/wp-json\/wp\/v2\/media?parent=8339"}],"curies":[{"name":"wp","href":"https:\/\/api.w.org\/{rel}","templated":true}]}}